{"id":59354,"date":"2026-01-27T14:53:23","date_gmt":"2026-01-27T14:53:23","guid":{"rendered":"https:\/\/testwebsite.citygame.com\/games\/unknown-location\/secrets-of-darmstadt\/"},"modified":"2026-04-08T03:52:46","modified_gmt":"2026-04-08T03:52:46","slug":"secrets-of-darmstadt","status":"publish","type":"product","link":"https:\/\/testwebsite.citygame.com\/cs\/games\/darmstadt\/secrets-of-darmstadt\/","title":{"rendered":"Secrets of Darmstadt"},"content":{"rendered":"<p>City Game Darmstadt je samo\u0159\u00edzen\u00e1 hra zalo\u017een\u00e1 na GPS, kter\u00e1 se odehr\u00e1v\u00e1 v centru m\u011bsta Darmstadt. Pomoc\u00ed smartphonu se budete pohybovat po oblasti a \u0159e\u0161it h\u00e1danky, r\u00e9busy a fotografick\u00e9 v\u00fdzvy, kter\u00e9 odhaluj\u00ed zaj\u00edmav\u00e1 fakta o historii, kultu\u0159e a m\u00e9n\u011b zn\u00e1m\u00fdch detailech m\u011bsta. Tato pr\u016fzkumn\u00e1 hra v\u00e1m umo\u017en\u00ed za\u017e\u00edt Darmstadt poutav\u00fdm a interaktivn\u00edm zp\u016fsobem, ide\u00e1ln\u00ed pro objevov\u00e1n\u00ed nov\u00fdch poznatk\u016f, a\u0165 u\u017e jste n\u00e1v\u0161t\u011bvn\u00edk nebo m\u00edstn\u00ed. Tato samo\u0159\u00edzen\u00e1 m\u011bstsk\u00e1 hra je navr\u017eena tak, aby vyhovovala jednotlivc\u016fm, p\u00e1r\u016fm, rodin\u00e1m nebo skupin\u00e1m p\u0159\u00e1tel hledaj\u00edc\u00edch kreativn\u00ed m\u011bstsk\u00e9 dobrodru\u017estv\u00ed. Hra zalo\u017een\u00e1 na GPS kombinuje z\u00e1bavu a u\u010den\u00ed, zat\u00edmco odhalujete jedine\u010dn\u00fd charakter Darmstadtu.<\/p>\n","protected":false},"excerpt":{"rendered":"<p>Objevte dynamickou dualitu Darmstadtu! Projd\u011bte se m\u011bstem, kde se inovace prol\u00edn\u00e1 s histori\u00ed, od jeho proslul\u00fdch v\u011bdeck\u00fdch instituc\u00ed po stalet\u00e9 pal\u00e1ce. Rozlu\u0161t\u011bte h\u00e1danky, zat\u00edmco proch\u00e1z\u00edte jeho \u017eiv\u00fdm j\u00e1drem, a\u0165 u\u017e jste m\u00edstn\u00ed nebo nov\u00e1\u010dek, Darmstadt v\u00e1s zaru\u010den\u011b p\u0159ekvap\u00ed na ka\u017ed\u00e9m rohu!<\/p>\n","protected":false},"featured_media":5079,"template":"","meta":{"_acf_changed":false,"_yoast_wpseo_focuskw":"Secrets of Darmstadt","_yoast_wpseo_metadesc":"Secrets of Darmstadt. Zahrajte si samo\u0159\u00edzenou m\u011bstskou hru a prozkoumejte m\u011bsto prost\u0159ednictv\u00edm h\u00e1danek, r\u00e9bus\u016f a v\u00fdzev. Hrajte vlastn\u00edm tempem a objevujte jako m\u00edstn\u00ed!","_kad_blocks_custom_css":"","_kad_blocks_head_custom_js":"","_kad_blocks_body_custom_js":"","_kad_blocks_footer_custom_js":"","ghostkit_customizer_options":"","ghostkit_custom_css":"","ghostkit_custom_js_head":"","ghostkit_custom_js_foot":"","ghostkit_typography":"","_kad_post_transparent":"","_kad_post_title":"","_kad_post_layout":"","_kad_post_sidebar_id":"","_kad_post_content_style":"","_kad_post_vertical_padding":"","_kad_post_feature":"","_kad_post_feature_position":"","_kad_post_header":false,"_kad_post_footer":false,"_kad_post_classname":"","_links_to":"","_links_to_target":""},"game-concept":[707],"location":[136],"product_brand":[],"product_cat":[27],"product_tag":[],"class_list":{"0":"post-59354","1":"product","2":"type-product","3":"status-publish","4":"has-post-thumbnail","6":"game-concept-secrets","7":"location-darmstadt","8":"product_cat-geen-categorie","10":"first","11":"instock","12":"shipping-taxable","13":"purchasable","14":"product-type-simple","15":"entry","16":"content-bg","17":"loop-entry"},"acf":{"full_bokun_product_name":"Self-Guided Secrets of Darmstadt Exploration Game","location_name":"Darmstadt","bokun_calendar_widget_code":"<script type=\"text\/javascript\" src=\"https:\/\/widgets.bokun.io\/assets\/javascripts\/apps\/build\/BokunWidgetsLoader.js?bookingChannelUUID=a1e93e96-5232-4734-a595-28405f4b5a31\" async><\/script>\n     \n    <div class=\"bokunWidget\" data-src=\"https:\/\/widgets.bokun.io\/online-sales\/a1e93e96-5232-4734-a595-28405f4b5a31\/experience-calendar\/827835\"><\/div>\n    <noscript>Please enable javascript in your browser to book<\/noscript>","bokun_button_widget_code":"<script type=\"text\/javascript\" src=\"https:\/\/widgets.bokun.io\/assets\/javascripts\/apps\/build\/BokunWidgetsLoader.js?bookingChannelUUID=a1e93e96-5232-4734-a595-28405f4b5a31\" async><\/script>\n      <style> #bokun_ed001e45_5927_4f62_b470_ca766338d083 { display: inline-block; padding: .4em 1em; background: #47b82e; border-radius: 999999px; box-shadow: none; font-weight: 600; font-size: 24px; text-decoration: none; text-align: center; color: #FFFFFF; border:none; cursor: pointer; transition: background .2s ease; } #bokun_ed001e45_5927_4f62_b470_ca766338d083:hover{ background: #2f7b1f; } #bokun_ed001e45_5927_4f62_b470_ca766338d083:active{ background: #378f24; } <\/style> <button class=\"bokunButton\" disabled id=bokun_ed001e45_5927_4f62_b470_ca766338d083 data-src=\"https:\/\/widgets.bokun.io\/online-sales\/a1e93e96-5232-4734-a595-28405f4b5a31\/experience-calendar\/827835?partialView=1\" data-testid=\"widget-book-button\" > Book now <\/button> ","what_you\u2019ll_experience_during_the_game":"B\u011bhem hry 'Secrets of Darmstadt City Game' prozkoum\u00e1te m\u011bsto prost\u0159ednictv\u00edm kombinace prohl\u00eddek pam\u00e1tek, vypr\u00e1v\u011bn\u00ed p\u0159\u00edb\u011bh\u016f a interaktivn\u00edho objevov\u00e1n\u00ed. Jak budete sledovat rozv\u00edjej\u00edc\u00ed se p\u0159\u00edb\u011bh, budete vedeni k ikonick\u00fdm i skryt\u00fdm m\u00edst\u016fm nap\u0159\u00ed\u010d Darmstadtem, p\u0159i\u010dem\u017e ka\u017ed\u00e9 m\u00edsto propoj\u00edte s prvky hry. Cestou se m\u016f\u017eete ocitnout na historicky v\u00fdznamn\u00fdch m\u00edstech, jako je Luisenplatz, obdivovat architekturu Hochzeitsturm nebo nas\u00e1vat atmosf\u00e9ru kolem um\u011bleck\u00e9 kolonie Mathildenh\u00f6he. Ka\u017ed\u00e1 lokalita p\u0159isp\u00edv\u00e1 k rozv\u00edjej\u00edc\u00ed se atmosf\u00e9\u0159e a nab\u00edz\u00ed pohledy do kulturn\u00edch vrstev m\u011bsta a m\u00edstn\u00edho charakteru.\n\nB\u011bhem City Game budete \u0159e\u0161it r\u016fzn\u00e9 h\u00e1danky, r\u00e9busy a kreativn\u00ed fotografick\u00e9 v\u00fdzvy navr\u017een\u00e9 tak, aby prohloubily va\u0161e spojen\u00ed s Darmstadtem a z\u00e1rove\u0148 dodaly hrav\u00fd smysl pro \u00fa\u010del. Ka\u017ed\u00fd vy\u0159e\u0161en\u00fd \u00fakol z\u00edsk\u00e1v\u00e1 body a pom\u00e1h\u00e1 odemykat n\u00e1pov\u011bdy, \u010d\u00edm\u017e se bl\u00ed\u017e\u00edte k rozlu\u0161t\u011bn\u00ed z\u00e1v\u011bre\u010dn\u00e9 z\u00e1hady za p\u0159\u00edb\u011bhem prohl\u00eddky. M\u016f\u017eete si d\u011blat p\u0159est\u00e1vky, kdykoli budete cht\u00edt, a pokra\u010dovat ve h\u0159e vlastn\u00edm tempem. Pro ty, kte\u0159\u00ed se c\u00edt\u00ed sout\u011b\u017eiv\u011b, p\u0159id\u00e1v\u00e1 \u0161ance na vy\u0161plh\u00e1n\u00ed se na \u017eeb\u0159\u00ed\u010dek dal\u0161\u00ed \u00farove\u0148 zapojen\u00ed do t\u00e9to pr\u016fzkumn\u00e9 hry zasazen\u00e9 do Darmstadtu.","how_to_play":"Zarezervujte si Pr\u016fzkumnou hru, zkontrolujte e-mail, kter\u00fd v\u00e1m za\u0161leme s jednoduch\u00fdmi pokyny, st\u00e1hn\u011bte si aplikaci Loquiz, p\u0159istupte k Pr\u016fzkumn\u00e9 h\u0159e a jste p\u0159ipraveni za\u010d\u00edt sv\u016fj hern\u00ed z\u00e1\u017eitek!","start_location":"Darmstadt, Marktplatz","available_languages":["en"],"players_per_group":"1-4","duration":"1.5-2 hours","image_overlay_color_image":"https:\/\/testwebsite.citygame.com\/wp-content\/blogs.dir\/1\/files\/sites\/62\/2026\/01\/SecretsColor.svg","image_overlay_game_logo":"https:\/\/testwebsite.citygame.com\/wp-content\/blogs.dir\/1\/files\/sites\/62\/2026\/01\/SecretsLogo.png","city_page":5069,"woocommerce_general_content":null},"yoast_head":"<!-- This site is optimized with the Yoast SEO Premium plugin v26.2 (Yoast SEO v26.3) - https:\/\/yoast.com\/wordpress\/plugins\/seo\/ -->\n<title>Secrets of Darmstadt - City Game<\/title>\n<meta name=\"description\" content=\"Secrets of Darmstadt. Zahrajte si samo\u0159\u00edzenou m\u011bstskou hru a prozkoumejte m\u011bsto prost\u0159ednictv\u00edm h\u00e1danek, r\u00e9bus\u016f a v\u00fdzev. Hrajte vlastn\u00edm tempem a objevujte jako m\u00edstn\u00ed!\" \/>\n<meta name=\"robots\" content=\"noindex, follow, max-snippet:-1, max-image-preview:large, max-video-preview:-1\" \/>\n<meta property=\"og:locale\" content=\"cs_CZ\" \/>\n<meta property=\"og:type\" content=\"article\" \/>\n<meta property=\"og:title\" content=\"Secrets of Darmstadt\" \/>\n<meta property=\"og:description\" content=\"Secrets of Darmstadt. Zahrajte si samo\u0159\u00edzenou m\u011bstskou hru a prozkoumejte m\u011bsto prost\u0159ednictv\u00edm h\u00e1danek, r\u00e9bus\u016f a v\u00fdzev. Hrajte vlastn\u00edm tempem a objevujte jako m\u00edstn\u00ed!\" \/>\n<meta property=\"og:url\" content=\"https:\/\/testwebsite.citygame.com\/cs\/games\/darmstadt\/secrets-of-darmstadt\/\" \/>\n<meta property=\"og:site_name\" content=\"City Game\" \/>\n<meta property=\"article:publisher\" content=\"https:\/\/www.facebook.com\/profile.php?id=100086426226253\" \/>\n<meta property=\"article:modified_time\" content=\"2026-04-08T03:52:46+00:00\" \/>\n<meta property=\"og:image\" content=\"https:\/\/testwebsite.citygame.com\/wp-content\/blogs.dir\/1\/files\/sites\/62\/2026\/01\/darmstadt-ludwigsplatz-burgerstolz-fountain-player.jpg\" \/>\n\t<meta property=\"og:image:width\" content=\"1184\" \/>\n\t<meta property=\"og:image:height\" content=\"864\" \/>\n\t<meta property=\"og:image:type\" content=\"image\/jpeg\" \/>\n<meta name=\"twitter:card\" content=\"summary_large_image\" \/>\n<meta name=\"twitter:label1\" content=\"Odhadovan\u00e1 doba \u010dten\u00ed\" \/>\n\t<meta name=\"twitter:data1\" content=\"1 minuta\" \/>\n<script type=\"application\/ld+json\" class=\"yoast-schema-graph\">{\"@context\":\"https:\/\/schema.org\",\"@graph\":[{\"@type\":\"WebPage\",\"@id\":\"https:\/\/testwebsite.citygame.com\/cs\/games\/darmstadt\/secrets-of-darmstadt\/\",\"url\":\"https:\/\/testwebsite.citygame.com\/cs\/games\/darmstadt\/secrets-of-darmstadt\/\",\"name\":\"Secrets of Darmstadt - City Game\",\"isPartOf\":{\"@id\":\"https:\/\/testwebsite.upevents.nl\/#website\"},\"primaryImageOfPage\":{\"@id\":\"https:\/\/testwebsite.citygame.com\/cs\/games\/darmstadt\/secrets-of-darmstadt\/#primaryimage\"},\"image\":{\"@id\":\"https:\/\/testwebsite.citygame.com\/cs\/games\/darmstadt\/secrets-of-darmstadt\/#primaryimage\"},\"thumbnailUrl\":\"https:\/\/testwebsite.citygame.com\/wp-content\/blogs.dir\/1\/files\/sites\/62\/2026\/01\/darmstadt-ludwigsplatz-burgerstolz-fountain-player.jpg\",\"datePublished\":\"2026-01-27T14:53:23+00:00\",\"dateModified\":\"2026-04-08T03:52:46+00:00\",\"description\":\"Secrets of Darmstadt. Zahrajte si samo\u0159\u00edzenou m\u011bstskou hru a prozkoumejte m\u011bsto prost\u0159ednictv\u00edm h\u00e1danek, r\u00e9bus\u016f a v\u00fdzev. Hrajte vlastn\u00edm tempem a objevujte jako m\u00edstn\u00ed!\",\"breadcrumb\":{\"@id\":\"https:\/\/testwebsite.citygame.com\/cs\/games\/darmstadt\/secrets-of-darmstadt\/#breadcrumb\"},\"inLanguage\":\"cs\",\"potentialAction\":[{\"@type\":\"ReadAction\",\"target\":[\"https:\/\/testwebsite.citygame.com\/cs\/games\/darmstadt\/secrets-of-darmstadt\/\"]}]},{\"@type\":\"ImageObject\",\"inLanguage\":\"cs\",\"@id\":\"https:\/\/testwebsite.citygame.com\/cs\/games\/darmstadt\/secrets-of-darmstadt\/#primaryimage\",\"url\":\"https:\/\/testwebsite.citygame.com\/wp-content\/blogs.dir\/1\/files\/sites\/62\/2026\/01\/darmstadt-ludwigsplatz-burgerstolz-fountain-player.jpg\",\"contentUrl\":\"https:\/\/testwebsite.citygame.com\/wp-content\/blogs.dir\/1\/files\/sites\/62\/2026\/01\/darmstadt-ludwigsplatz-burgerstolz-fountain-player.jpg\",\"width\":1184,\"height\":864,\"caption\":\"A man uses a smartphone app while visiting the B\u00fcrgerstolz Fountain in Darmstadt.\"},{\"@type\":\"BreadcrumbList\",\"@id\":\"https:\/\/testwebsite.citygame.com\/cs\/games\/darmstadt\/secrets-of-darmstadt\/#breadcrumb\",\"itemListElement\":[{\"@type\":\"ListItem\",\"position\":1,\"name\":\"Home\",\"item\":\"https:\/\/testwebsite.citygame.com\/cs\/\"},{\"@type\":\"ListItem\",\"position\":2,\"name\":\"Shop\",\"item\":\"https:\/\/testwebsite.citygame.com\/shop\/\"},{\"@type\":\"ListItem\",\"position\":3,\"name\":\"Secrets of Darmstadt\"}]},{\"@type\":\"WebSite\",\"@id\":\"https:\/\/testwebsite.upevents.nl\/#website\",\"url\":\"https:\/\/testwebsite.upevents.nl\/\",\"name\":\"City Game\",\"description\":\"\",\"publisher\":{\"@id\":\"https:\/\/testwebsite.upevents.nl\/#organization\"},\"alternateName\":\"citygame.com\",\"potentialAction\":[{\"@type\":\"SearchAction\",\"target\":{\"@type\":\"EntryPoint\",\"urlTemplate\":\"https:\/\/testwebsite.upevents.nl\/?s={search_term_string}\"},\"query-input\":{\"@type\":\"PropertyValueSpecification\",\"valueRequired\":true,\"valueName\":\"search_term_string\"}}],\"inLanguage\":\"cs\"},{\"@type\":[\"Organization\",\"Place\"],\"@id\":\"https:\/\/testwebsite.upevents.nl\/#organization\",\"name\":\"City Game\",\"alternateName\":\"citygame.com\",\"url\":\"https:\/\/testwebsite.upevents.nl\/\",\"logo\":{\"@id\":\"https:\/\/testwebsite.citygame.com\/cs\/games\/darmstadt\/secrets-of-darmstadt\/#local-main-organization-logo\"},\"image\":{\"@id\":\"https:\/\/testwebsite.citygame.com\/cs\/games\/darmstadt\/secrets-of-darmstadt\/#local-main-organization-logo\"},\"sameAs\":[\"https:\/\/www.facebook.com\/profile.php?id=100086426226253\",\"https:\/\/www.instagram.com\/citygame_com\",\"https:\/\/www.tiktok.com\/@citygamecom\/\",\"https:\/\/www.linkedin.com\/company\/citygame-com\"],\"description\":\"Turn any city into a playground with our interactive City Games and self-guided tours. Fun, flexible, and ideal for groups and team building.\",\"telephone\":[],\"openingHoursSpecification\":[{\"@type\":\"OpeningHoursSpecification\",\"dayOfWeek\":[\"Monday\",\"Tuesday\",\"Wednesday\",\"Thursday\",\"Friday\",\"Saturday\",\"Sunday\"],\"opens\":\"09:00\",\"closes\":\"17:00\"}]},{\"@type\":\"ImageObject\",\"inLanguage\":\"cs\",\"@id\":\"https:\/\/testwebsite.citygame.com\/cs\/games\/darmstadt\/secrets-of-darmstadt\/#local-main-organization-logo\",\"url\":\"https:\/\/testwebsite.citygame.com\/wp-content\/blogs.dir\/1\/files\/sites\/62\/2025\/10\/CG_LOGO-City-Game.png\",\"contentUrl\":\"https:\/\/testwebsite.citygame.com\/wp-content\/blogs.dir\/1\/files\/sites\/62\/2025\/10\/CG_LOGO-City-Game.png\",\"width\":351,\"height\":377,\"caption\":\"City Game\"}]}<\/script>\n<!-- \/ Yoast SEO Premium plugin. -->","yoast_head_json":{"title":"Secrets of Darmstadt - City Game","description":"Secrets of Darmstadt. Zahrajte si samo\u0159\u00edzenou m\u011bstskou hru a prozkoumejte m\u011bsto prost\u0159ednictv\u00edm h\u00e1danek, r\u00e9bus\u016f a v\u00fdzev. Hrajte vlastn\u00edm tempem a objevujte jako m\u00edstn\u00ed!","robots":{"index":"noindex","follow":"follow","max-snippet":"max-snippet:-1","max-image-preview":"max-image-preview:large","max-video-preview":"max-video-preview:-1"},"og_locale":"cs_CZ","og_type":"article","og_title":"Secrets of Darmstadt","og_description":"Secrets of Darmstadt. Zahrajte si samo\u0159\u00edzenou m\u011bstskou hru a prozkoumejte m\u011bsto prost\u0159ednictv\u00edm h\u00e1danek, r\u00e9bus\u016f a v\u00fdzev. Hrajte vlastn\u00edm tempem a objevujte jako m\u00edstn\u00ed!","og_url":"https:\/\/testwebsite.citygame.com\/cs\/games\/darmstadt\/secrets-of-darmstadt\/","og_site_name":"City Game","article_publisher":"https:\/\/www.facebook.com\/profile.php?id=100086426226253","article_modified_time":"2026-04-08T03:52:46+00:00","og_image":[{"width":1184,"height":864,"url":"https:\/\/testwebsite.citygame.com\/wp-content\/blogs.dir\/1\/files\/sites\/62\/2026\/01\/darmstadt-ludwigsplatz-burgerstolz-fountain-player.jpg","type":"image\/jpeg"}],"twitter_card":"summary_large_image","twitter_misc":{"Odhadovan\u00e1 doba \u010dten\u00ed":"1 minuta"},"schema":{"@context":"https:\/\/schema.org","@graph":[{"@type":"WebPage","@id":"https:\/\/testwebsite.citygame.com\/cs\/games\/darmstadt\/secrets-of-darmstadt\/","url":"https:\/\/testwebsite.citygame.com\/cs\/games\/darmstadt\/secrets-of-darmstadt\/","name":"Secrets of Darmstadt - City Game","isPartOf":{"@id":"https:\/\/testwebsite.upevents.nl\/#website"},"primaryImageOfPage":{"@id":"https:\/\/testwebsite.citygame.com\/cs\/games\/darmstadt\/secrets-of-darmstadt\/#primaryimage"},"image":{"@id":"https:\/\/testwebsite.citygame.com\/cs\/games\/darmstadt\/secrets-of-darmstadt\/#primaryimage"},"thumbnailUrl":"https:\/\/testwebsite.citygame.com\/wp-content\/blogs.dir\/1\/files\/sites\/62\/2026\/01\/darmstadt-ludwigsplatz-burgerstolz-fountain-player.jpg","datePublished":"2026-01-27T14:53:23+00:00","dateModified":"2026-04-08T03:52:46+00:00","description":"Secrets of Darmstadt. Zahrajte si samo\u0159\u00edzenou m\u011bstskou hru a prozkoumejte m\u011bsto prost\u0159ednictv\u00edm h\u00e1danek, r\u00e9bus\u016f a v\u00fdzev. Hrajte vlastn\u00edm tempem a objevujte jako m\u00edstn\u00ed!","breadcrumb":{"@id":"https:\/\/testwebsite.citygame.com\/cs\/games\/darmstadt\/secrets-of-darmstadt\/#breadcrumb"},"inLanguage":"cs","potentialAction":[{"@type":"ReadAction","target":["https:\/\/testwebsite.citygame.com\/cs\/games\/darmstadt\/secrets-of-darmstadt\/"]}]},{"@type":"ImageObject","inLanguage":"cs","@id":"https:\/\/testwebsite.citygame.com\/cs\/games\/darmstadt\/secrets-of-darmstadt\/#primaryimage","url":"https:\/\/testwebsite.citygame.com\/wp-content\/blogs.dir\/1\/files\/sites\/62\/2026\/01\/darmstadt-ludwigsplatz-burgerstolz-fountain-player.jpg","contentUrl":"https:\/\/testwebsite.citygame.com\/wp-content\/blogs.dir\/1\/files\/sites\/62\/2026\/01\/darmstadt-ludwigsplatz-burgerstolz-fountain-player.jpg","width":1184,"height":864,"caption":"A man uses a smartphone app while visiting the B\u00fcrgerstolz Fountain in Darmstadt."},{"@type":"BreadcrumbList","@id":"https:\/\/testwebsite.citygame.com\/cs\/games\/darmstadt\/secrets-of-darmstadt\/#breadcrumb","itemListElement":[{"@type":"ListItem","position":1,"name":"Home","item":"https:\/\/testwebsite.citygame.com\/cs\/"},{"@type":"ListItem","position":2,"name":"Shop","item":"https:\/\/testwebsite.citygame.com\/shop\/"},{"@type":"ListItem","position":3,"name":"Secrets of Darmstadt"}]},{"@type":"WebSite","@id":"https:\/\/testwebsite.upevents.nl\/#website","url":"https:\/\/testwebsite.upevents.nl\/","name":"City Game","description":"","publisher":{"@id":"https:\/\/testwebsite.upevents.nl\/#organization"},"alternateName":"citygame.com","potentialAction":[{"@type":"SearchAction","target":{"@type":"EntryPoint","urlTemplate":"https:\/\/testwebsite.upevents.nl\/?s={search_term_string}"},"query-input":{"@type":"PropertyValueSpecification","valueRequired":true,"valueName":"search_term_string"}}],"inLanguage":"cs"},{"@type":["Organization","Place"],"@id":"https:\/\/testwebsite.upevents.nl\/#organization","name":"City Game","alternateName":"citygame.com","url":"https:\/\/testwebsite.upevents.nl\/","logo":{"@id":"https:\/\/testwebsite.citygame.com\/cs\/games\/darmstadt\/secrets-of-darmstadt\/#local-main-organization-logo"},"image":{"@id":"https:\/\/testwebsite.citygame.com\/cs\/games\/darmstadt\/secrets-of-darmstadt\/#local-main-organization-logo"},"sameAs":["https:\/\/www.facebook.com\/profile.php?id=100086426226253","https:\/\/www.instagram.com\/citygame_com","https:\/\/www.tiktok.com\/@citygamecom\/","https:\/\/www.linkedin.com\/company\/citygame-com"],"description":"Turn any city into a playground with our interactive City Games and self-guided tours. Fun, flexible, and ideal for groups and team building.","telephone":[],"openingHoursSpecification":[{"@type":"OpeningHoursSpecification","dayOfWeek":["Monday","Tuesday","Wednesday","Thursday","Friday","Saturday","Sunday"],"opens":"09:00","closes":"17:00"}]},{"@type":"ImageObject","inLanguage":"cs","@id":"https:\/\/testwebsite.citygame.com\/cs\/games\/darmstadt\/secrets-of-darmstadt\/#local-main-organization-logo","url":"https:\/\/testwebsite.citygame.com\/wp-content\/blogs.dir\/1\/files\/sites\/62\/2025\/10\/CG_LOGO-City-Game.png","contentUrl":"https:\/\/testwebsite.citygame.com\/wp-content\/blogs.dir\/1\/files\/sites\/62\/2025\/10\/CG_LOGO-City-Game.png","width":351,"height":377,"caption":"City Game"}]}},"taxonomy_info":{"game-concept":[{"value":707,"label":"Secrets"}],"location":[{"value":136,"label":"Darmstadt"}],"product_cat":[{"value":27,"label":"Geen categorie"}]},"featured_image_src_large":["https:\/\/testwebsite.citygame.com\/wp-content\/blogs.dir\/1\/files\/sites\/62\/2026\/01\/darmstadt-ludwigsplatz-burgerstolz-fountain-player-1024x747.jpg",1024,747,true],"author_info":[],"comment_info":"","_links":{"self":[{"href":"https:\/\/testwebsite.citygame.com\/cs\/wp-json\/wp\/v2\/product\/59354","targetHints":{"allow":["GET"]}}],"collection":[{"href":"https:\/\/testwebsite.citygame.com\/cs\/wp-json\/wp\/v2\/product"}],"about":[{"href":"https:\/\/testwebsite.citygame.com\/cs\/wp-json\/wp\/v2\/types\/product"}],"acf:post":[{"embeddable":true,"href":"https:\/\/testwebsite.citygame.com\/cs\/wp-json\/wp\/v2\/pages\/5069"}],"wp:featuredmedia":[{"embeddable":true,"href":"https:\/\/testwebsite.citygame.com\/cs\/wp-json\/wp\/v2\/media\/5079"}],"wp:attachment":[{"href":"https:\/\/testwebsite.citygame.com\/cs\/wp-json\/wp\/v2\/media?parent=59354"}],"wp:term":[{"taxonomy":"game-concept","embeddable":true,"href":"https:\/\/testwebsite.citygame.com\/cs\/wp-json\/wp\/v2\/game-concept?post=59354"},{"taxonomy":"location","embeddable":true,"href":"https:\/\/testwebsite.citygame.com\/cs\/wp-json\/wp\/v2\/location?post=59354"},{"taxonomy":"product_brand","embeddable":true,"href":"https:\/\/testwebsite.citygame.com\/cs\/wp-json\/wp\/v2\/product_brand?post=59354"},{"taxonomy":"product_cat","embeddable":true,"href":"https:\/\/testwebsite.citygame.com\/cs\/wp-json\/wp\/v2\/product_cat?post=59354"},{"taxonomy":"product_tag","embeddable":true,"href":"https:\/\/testwebsite.citygame.com\/cs\/wp-json\/wp\/v2\/product_tag?post=59354"}],"curies":[{"name":"wp","href":"https:\/\/api.w.org\/{rel}","templated":true}]}}