{"id":59155,"date":"2026-02-11T07:50:59","date_gmt":"2026-02-11T07:50:59","guid":{"rendered":"https:\/\/testwebsite.citygame.com\/games\/unknown-location\/sherlock-holmes-terneuzen\/"},"modified":"2026-04-08T03:32:29","modified_gmt":"2026-04-08T03:32:29","slug":"sherlock-holmes-terneuzen","status":"publish","type":"product","link":"https:\/\/testwebsite.citygame.com\/cs\/games\/terneuzen\/sherlock-holmes-terneuzen\/","title":{"rendered":"Sherlock Holmes Terneuzen"},"content":{"rendered":"<p>Vstupte do sv\u011bta Sherlocka Holmese v centru m\u011bsta Terneuzen, kde na v\u00e1s \u010dek\u00e1 samostatn\u00e1, p\u0159\u00edb\u011bhov\u00e1 detektivn\u00ed z\u00e1hada vra\u017edy. Klidn\u00e9 ticho Liberty Festivalu je naru\u0161eno neo\u010dek\u00e1van\u00fdm zlo\u010dinem a vy se ujmete role detektiva, proplouv\u00e1te ulicemi a sledujete rozv\u00edjej\u00edc\u00ed se vy\u0161et\u0159ov\u00e1n\u00ed. Sb\u00edrejte stopy, \u0159e\u0161te slo\u017eit\u00e9 h\u00e1danky a vysl\u00fdch\u00e1te digit\u00e1ln\u00ed podez\u0159el\u00e9 sv\u00fdm vlastn\u00edm tempem, to v\u0161e zat\u00edmco se pono\u0159\u00edte do strhuj\u00edc\u00edho p\u0159\u00edpadu hodn\u00e9ho samotn\u00e9ho Holmese.<\/p>\n","protected":false},"excerpt":{"rendered":"<p>V\u017eijte se do fascinuj\u00edc\u00ed role Sherlocka Holmese v t\u00e9to samostatn\u00e9 detektivn\u00ed h\u0159e s vra\u017edou, kter\u00e1 se odehr\u00e1v\u00e1 v Terneuzenu. \u0158e\u0161en\u00edm h\u00e1danek, hled\u00e1n\u00edm stop a t\u00fdmovou prac\u00ed rychle odhal\u00edte znepokojivou pravdu a prom\u011bn\u00edte ka\u017ed\u00e9 tik\u00e1n\u00ed hodin ve vzru\u0161uj\u00edc\u00ed honbu za d\u016fvtipem a moudrost\u00ed!<\/p>\n","protected":false},"featured_media":12334,"template":"","meta":{"_acf_changed":false,"_yoast_wpseo_focuskw":"Sherlock Holmes Terneuzen","_yoast_wpseo_metadesc":"Sherlock Holmes Terneuzen. Zahrajte si samostatnou detektivn\u00ed hru s vra\u017edou City Game, \u0159e\u0161te h\u00e1danky, sledujte stopy a odhalte vraha sv\u00fdm vlastn\u00edm tempem!","_kad_blocks_custom_css":"","_kad_blocks_head_custom_js":"","_kad_blocks_body_custom_js":"","_kad_blocks_footer_custom_js":"","ghostkit_customizer_options":"","ghostkit_custom_css":"","ghostkit_custom_js_head":"","ghostkit_custom_js_foot":"","ghostkit_typography":"","_kad_post_transparent":"","_kad_post_title":"","_kad_post_layout":"","_kad_post_sidebar_id":"","_kad_post_content_style":"","_kad_post_vertical_padding":"","_kad_post_feature":"","_kad_post_feature_position":"","_kad_post_header":false,"_kad_post_footer":false,"_kad_post_classname":"","_links_to":"","_links_to_target":""},"game-concept":[768],"location":[389],"product_brand":[],"product_cat":[27],"product_tag":[],"class_list":{"0":"post-59155","1":"product","2":"type-product","3":"status-publish","4":"has-post-thumbnail","6":"game-concept-sherlock","7":"location-terneuzen","8":"product_cat-geen-categorie","10":"first","11":"instock","12":"shipping-taxable","13":"purchasable","14":"product-type-simple","15":"entry","16":"content-bg","17":"loop-entry"},"acf":{"full_bokun_product_name":"Terneuzen Self-Guided Sherlock Holmes Murder Mystery Game","location_name":"Terneuzen","bokun_calendar_widget_code":"<script type=\"text\/javascript\" src=\"https:\/\/widgets.bokun.io\/assets\/javascripts\/apps\/build\/BokunWidgetsLoader.js?bookingChannelUUID=a1e93e96-5232-4734-a595-28405f4b5a31\" async><\/script>\n     \n    <div class=\"bokunWidget\" data-src=\"https:\/\/widgets.bokun.io\/online-sales\/a1e93e96-5232-4734-a595-28405f4b5a31\/experience-calendar\/771764\"><\/div>\n    <noscript>Please enable javascript in your browser to book<\/noscript>","bokun_button_widget_code":"<script type=\"text\/javascript\" src=\"https:\/\/widgets.bokun.io\/assets\/javascripts\/apps\/build\/BokunWidgetsLoader.js?bookingChannelUUID=a1e93e96-5232-4734-a595-28405f4b5a31\" async><\/script>\n      <style> #bokun_ed001e45_5927_4f62_b470_ca766338d083 { display: inline-block; padding: .4em 1em; background: #47b82e; border-radius: 999999px; box-shadow: none; font-weight: 600; font-size: 24px; text-decoration: none; text-align: center; color: #FFFFFF; border:none; cursor: pointer; transition: background .2s ease; } #bokun_ed001e45_5927_4f62_b470_ca766338d083:hover{ background: #2f7b1f; } #bokun_ed001e45_5927_4f62_b470_ca766338d083:active{ background: #378f24; } <\/style> <button class=\"bokunButton\" disabled id=bokun_ed001e45_5927_4f62_b470_ca766338d083 data-src=\"https:\/\/widgets.bokun.io\/online-sales\/a1e93e96-5232-4734-a595-28405f4b5a31\/experience-calendar\/771764?partialView=1\" data-testid=\"widget-book-button\" > Book now <\/button> ","what_you\u2019ll_experience_during_the_game":"Vstoup\u00edte do nap\u00ednav\u00e9ho detektivn\u00edho p\u0159\u00edb\u011bhu zasazen\u00e9ho do Terneuzenu, kde z\u00e1hadn\u00e1 vra\u017eda b\u011bhem Liberty Festivalu ot\u0159\u00e1sla m\u011bstem. Jak se vy\u0161et\u0159ov\u00e1n\u00ed rozv\u00edj\u00ed, pohybujete se ulicemi a sledujete stopu d\u016fkaz\u016f, kter\u00e1 vyz\u00fdv\u00e1 va\u0161i mysl a byst\u0159\u00ed va\u0161e instinkty. Ka\u017ed\u00e9 m\u00edsto odhaluje nov\u00e9 kousky skl\u00e1da\u010dky a vtahuje v\u00e1s hloub\u011bji do s\u00edt\u011b tajemstv\u00ed, skryt\u00fdch motiv\u016f a neo\u010dek\u00e1van\u00fdch zvrat\u016f. Budete vysl\u00fdchat digit\u00e1ln\u00ed podez\u0159el\u00e9, analyzovat protich\u016fdn\u00e1 alibi a hledat nesrovnalosti, kter\u00e9 by mohly p\u0159\u00edpad zcela objasnit.\n\nTato pln\u011b p\u0159\u00edb\u011bhov\u00e1 zku\u0161enost prov\u011b\u0159\u00ed va\u0161e pozorov\u00e1n\u00ed, dedukci a kritick\u00e9 my\u0161len\u00ed na ka\u017ed\u00e9m kroku. Stopy v\u00e1m nikdy nejsou p\u0159ed\u00e1ny a pravda mus\u00ed b\u00fdt odhalena pe\u010dlivou anal\u00fdzou a chytr\u00fdmi rozhodnut\u00edmi. Tempo ovl\u00e1d\u00e1te vy, vyb\u00edr\u00e1te si, kdy si ud\u011blat pauzu nebo pokra\u010dovat, co\u017e umo\u017e\u0148uje p\u0159izp\u016fsobenou a promy\u0161lenou cestu. A\u0165 u\u017e \u0159e\u0161\u00edte sami, nebo z\u00e1vod\u00edte s jin\u00fdmi t\u00fdmy o nejost\u0159ej\u0161\u00ed mysl, va\u0161e role v z\u00e1had\u011b je z\u00e1sadn\u00ed. V Terneuzenu je hranice mezi fikc\u00ed a vy\u0161et\u0159ov\u00e1n\u00edm na v\u00e1s, abyste ji p\u0159ekro\u010dili.","how_to_play":"Pracujte sami nebo s p\u0159\u00e1teli, rodinou \u010di kolegy v t\u00fdmech a\u017e \u010dty\u0159 osob na jedno za\u0159\u00edzen\u00ed. Po rezervaci obdr\u017e\u00edte e-mail s pokyny se v\u0161\u00edm, co pot\u0159ebujete.","start_location":"Stadhuis Terneuzen","available_languages":["en","es","fr","de","it","nl"],"players_per_group":"1-4","duration":"1.5-2 hours","image_overlay_color_image":"https:\/\/testwebsite.citygame.com\/wp-content\/blogs.dir\/1\/files\/sites\/62\/2026\/01\/SherlockColor.svg","image_overlay_game_logo":"https:\/\/testwebsite.citygame.com\/wp-content\/blogs.dir\/1\/files\/sites\/62\/2026\/01\/SherlockLogo.png","city_page":4551,"woocommerce_general_content":null},"yoast_head":"<!-- This site is optimized with the Yoast SEO Premium plugin v26.2 (Yoast SEO v26.3) - https:\/\/yoast.com\/wordpress\/plugins\/seo\/ -->\n<title>Sherlock Holmes Terneuzen - City Game<\/title>\n<meta name=\"description\" content=\"Sherlock Holmes Terneuzen. Zahrajte si samostatnou detektivn\u00ed hru s vra\u017edou City Game, \u0159e\u0161te h\u00e1danky, sledujte stopy a odhalte vraha sv\u00fdm vlastn\u00edm tempem!\" \/>\n<meta name=\"robots\" content=\"noindex, follow, max-snippet:-1, max-image-preview:large, max-video-preview:-1\" \/>\n<meta property=\"og:locale\" content=\"cs_CZ\" \/>\n<meta property=\"og:type\" content=\"article\" \/>\n<meta property=\"og:title\" content=\"Sherlock Holmes Terneuzen\" \/>\n<meta property=\"og:description\" content=\"Sherlock Holmes Terneuzen. Zahrajte si samostatnou detektivn\u00ed hru s vra\u017edou City Game, \u0159e\u0161te h\u00e1danky, sledujte stopy a odhalte vraha sv\u00fdm vlastn\u00edm tempem!\" \/>\n<meta property=\"og:url\" content=\"https:\/\/testwebsite.citygame.com\/cs\/games\/terneuzen\/sherlock-holmes-terneuzen\/\" \/>\n<meta property=\"og:site_name\" content=\"City Game\" \/>\n<meta property=\"article:publisher\" content=\"https:\/\/www.facebook.com\/profile.php?id=100086426226253\" \/>\n<meta property=\"article:modified_time\" content=\"2026-04-08T03:32:29+00:00\" \/>\n<meta property=\"og:image\" content=\"https:\/\/testwebsite.citygame.com\/wp-content\/blogs.dir\/1\/files\/sites\/62\/2026\/02\/group-of-friends-playing-city-game-on-phone-terneuzen.jpg\" \/>\n\t<meta property=\"og:image:width\" content=\"1344\" \/>\n\t<meta property=\"og:image:height\" content=\"768\" \/>\n\t<meta property=\"og:image:type\" content=\"image\/jpeg\" \/>\n<meta name=\"twitter:card\" content=\"summary_large_image\" \/>\n<script type=\"application\/ld+json\" class=\"yoast-schema-graph\">{\"@context\":\"https:\/\/schema.org\",\"@graph\":[{\"@type\":\"WebPage\",\"@id\":\"https:\/\/testwebsite.citygame.com\/cs\/games\/terneuzen\/sherlock-holmes-terneuzen\/\",\"url\":\"https:\/\/testwebsite.citygame.com\/cs\/games\/terneuzen\/sherlock-holmes-terneuzen\/\",\"name\":\"Sherlock Holmes Terneuzen - City Game\",\"isPartOf\":{\"@id\":\"https:\/\/testwebsite.upevents.nl\/#website\"},\"primaryImageOfPage\":{\"@id\":\"https:\/\/testwebsite.citygame.com\/cs\/games\/terneuzen\/sherlock-holmes-terneuzen\/#primaryimage\"},\"image\":{\"@id\":\"https:\/\/testwebsite.citygame.com\/cs\/games\/terneuzen\/sherlock-holmes-terneuzen\/#primaryimage\"},\"thumbnailUrl\":\"https:\/\/testwebsite.citygame.com\/wp-content\/blogs.dir\/1\/files\/sites\/62\/2026\/02\/group-of-friends-playing-city-game-on-phone-terneuzen.jpg\",\"datePublished\":\"2026-02-11T07:50:59+00:00\",\"dateModified\":\"2026-04-08T03:32:29+00:00\",\"description\":\"Sherlock Holmes Terneuzen. Zahrajte si samostatnou detektivn\u00ed hru s vra\u017edou City Game, \u0159e\u0161te h\u00e1danky, sledujte stopy a odhalte vraha sv\u00fdm vlastn\u00edm tempem!\",\"breadcrumb\":{\"@id\":\"https:\/\/testwebsite.citygame.com\/cs\/games\/terneuzen\/sherlock-holmes-terneuzen\/#breadcrumb\"},\"inLanguage\":\"cs\",\"potentialAction\":[{\"@type\":\"ReadAction\",\"target\":[\"https:\/\/testwebsite.citygame.com\/cs\/games\/terneuzen\/sherlock-holmes-terneuzen\/\"]}]},{\"@type\":\"ImageObject\",\"inLanguage\":\"cs\",\"@id\":\"https:\/\/testwebsite.citygame.com\/cs\/games\/terneuzen\/sherlock-holmes-terneuzen\/#primaryimage\",\"url\":\"https:\/\/testwebsite.citygame.com\/wp-content\/blogs.dir\/1\/files\/sites\/62\/2026\/02\/group-of-friends-playing-city-game-on-phone-terneuzen.jpg\",\"contentUrl\":\"https:\/\/testwebsite.citygame.com\/wp-content\/blogs.dir\/1\/files\/sites\/62\/2026\/02\/group-of-friends-playing-city-game-on-phone-terneuzen.jpg\",\"width\":1344,\"height\":768,\"caption\":\"A group of friends gathered together on a city street, looking at a game on a phone.\"},{\"@type\":\"BreadcrumbList\",\"@id\":\"https:\/\/testwebsite.citygame.com\/cs\/games\/terneuzen\/sherlock-holmes-terneuzen\/#breadcrumb\",\"itemListElement\":[{\"@type\":\"ListItem\",\"position\":1,\"name\":\"Home\",\"item\":\"https:\/\/testwebsite.citygame.com\/cs\/\"},{\"@type\":\"ListItem\",\"position\":2,\"name\":\"Shop\",\"item\":\"https:\/\/testwebsite.citygame.com\/shop\/\"},{\"@type\":\"ListItem\",\"position\":3,\"name\":\"Sherlock Holmes Terneuzen\"}]},{\"@type\":\"WebSite\",\"@id\":\"https:\/\/testwebsite.upevents.nl\/#website\",\"url\":\"https:\/\/testwebsite.upevents.nl\/\",\"name\":\"City Game\",\"description\":\"\",\"publisher\":{\"@id\":\"https:\/\/testwebsite.upevents.nl\/#organization\"},\"alternateName\":\"citygame.com\",\"potentialAction\":[{\"@type\":\"SearchAction\",\"target\":{\"@type\":\"EntryPoint\",\"urlTemplate\":\"https:\/\/testwebsite.upevents.nl\/?s={search_term_string}\"},\"query-input\":{\"@type\":\"PropertyValueSpecification\",\"valueRequired\":true,\"valueName\":\"search_term_string\"}}],\"inLanguage\":\"cs\"},{\"@type\":[\"Organization\",\"Place\"],\"@id\":\"https:\/\/testwebsite.upevents.nl\/#organization\",\"name\":\"City Game\",\"alternateName\":\"citygame.com\",\"url\":\"https:\/\/testwebsite.upevents.nl\/\",\"logo\":{\"@id\":\"https:\/\/testwebsite.citygame.com\/cs\/games\/terneuzen\/sherlock-holmes-terneuzen\/#local-main-organization-logo\"},\"image\":{\"@id\":\"https:\/\/testwebsite.citygame.com\/cs\/games\/terneuzen\/sherlock-holmes-terneuzen\/#local-main-organization-logo\"},\"sameAs\":[\"https:\/\/www.facebook.com\/profile.php?id=100086426226253\",\"https:\/\/www.instagram.com\/citygame_com\",\"https:\/\/www.tiktok.com\/@citygamecom\/\",\"https:\/\/www.linkedin.com\/company\/citygame-com\"],\"description\":\"Turn any city into a playground with our interactive City Games and self-guided tours. Fun, flexible, and ideal for groups and team building.\",\"telephone\":[],\"openingHoursSpecification\":[{\"@type\":\"OpeningHoursSpecification\",\"dayOfWeek\":[\"Monday\",\"Tuesday\",\"Wednesday\",\"Thursday\",\"Friday\",\"Saturday\",\"Sunday\"],\"opens\":\"09:00\",\"closes\":\"17:00\"}]},{\"@type\":\"ImageObject\",\"inLanguage\":\"cs\",\"@id\":\"https:\/\/testwebsite.citygame.com\/cs\/games\/terneuzen\/sherlock-holmes-terneuzen\/#local-main-organization-logo\",\"url\":\"https:\/\/testwebsite.citygame.com\/wp-content\/blogs.dir\/1\/files\/sites\/62\/2025\/10\/CG_LOGO-City-Game.png\",\"contentUrl\":\"https:\/\/testwebsite.citygame.com\/wp-content\/blogs.dir\/1\/files\/sites\/62\/2025\/10\/CG_LOGO-City-Game.png\",\"width\":351,\"height\":377,\"caption\":\"City Game\"}]}<\/script>\n<!-- \/ Yoast SEO Premium plugin. -->","yoast_head_json":{"title":"Sherlock Holmes Terneuzen - City Game","description":"Sherlock Holmes Terneuzen. Zahrajte si samostatnou detektivn\u00ed hru s vra\u017edou City Game, \u0159e\u0161te h\u00e1danky, sledujte stopy a odhalte vraha sv\u00fdm vlastn\u00edm tempem!","robots":{"index":"noindex","follow":"follow","max-snippet":"max-snippet:-1","max-image-preview":"max-image-preview:large","max-video-preview":"max-video-preview:-1"},"og_locale":"cs_CZ","og_type":"article","og_title":"Sherlock Holmes Terneuzen","og_description":"Sherlock Holmes Terneuzen. Zahrajte si samostatnou detektivn\u00ed hru s vra\u017edou City Game, \u0159e\u0161te h\u00e1danky, sledujte stopy a odhalte vraha sv\u00fdm vlastn\u00edm tempem!","og_url":"https:\/\/testwebsite.citygame.com\/cs\/games\/terneuzen\/sherlock-holmes-terneuzen\/","og_site_name":"City Game","article_publisher":"https:\/\/www.facebook.com\/profile.php?id=100086426226253","article_modified_time":"2026-04-08T03:32:29+00:00","og_image":[{"width":1344,"height":768,"url":"https:\/\/testwebsite.citygame.com\/wp-content\/blogs.dir\/1\/files\/sites\/62\/2026\/02\/group-of-friends-playing-city-game-on-phone-terneuzen.jpg","type":"image\/jpeg"}],"twitter_card":"summary_large_image","schema":{"@context":"https:\/\/schema.org","@graph":[{"@type":"WebPage","@id":"https:\/\/testwebsite.citygame.com\/cs\/games\/terneuzen\/sherlock-holmes-terneuzen\/","url":"https:\/\/testwebsite.citygame.com\/cs\/games\/terneuzen\/sherlock-holmes-terneuzen\/","name":"Sherlock Holmes Terneuzen - City Game","isPartOf":{"@id":"https:\/\/testwebsite.upevents.nl\/#website"},"primaryImageOfPage":{"@id":"https:\/\/testwebsite.citygame.com\/cs\/games\/terneuzen\/sherlock-holmes-terneuzen\/#primaryimage"},"image":{"@id":"https:\/\/testwebsite.citygame.com\/cs\/games\/terneuzen\/sherlock-holmes-terneuzen\/#primaryimage"},"thumbnailUrl":"https:\/\/testwebsite.citygame.com\/wp-content\/blogs.dir\/1\/files\/sites\/62\/2026\/02\/group-of-friends-playing-city-game-on-phone-terneuzen.jpg","datePublished":"2026-02-11T07:50:59+00:00","dateModified":"2026-04-08T03:32:29+00:00","description":"Sherlock Holmes Terneuzen. Zahrajte si samostatnou detektivn\u00ed hru s vra\u017edou City Game, \u0159e\u0161te h\u00e1danky, sledujte stopy a odhalte vraha sv\u00fdm vlastn\u00edm tempem!","breadcrumb":{"@id":"https:\/\/testwebsite.citygame.com\/cs\/games\/terneuzen\/sherlock-holmes-terneuzen\/#breadcrumb"},"inLanguage":"cs","potentialAction":[{"@type":"ReadAction","target":["https:\/\/testwebsite.citygame.com\/cs\/games\/terneuzen\/sherlock-holmes-terneuzen\/"]}]},{"@type":"ImageObject","inLanguage":"cs","@id":"https:\/\/testwebsite.citygame.com\/cs\/games\/terneuzen\/sherlock-holmes-terneuzen\/#primaryimage","url":"https:\/\/testwebsite.citygame.com\/wp-content\/blogs.dir\/1\/files\/sites\/62\/2026\/02\/group-of-friends-playing-city-game-on-phone-terneuzen.jpg","contentUrl":"https:\/\/testwebsite.citygame.com\/wp-content\/blogs.dir\/1\/files\/sites\/62\/2026\/02\/group-of-friends-playing-city-game-on-phone-terneuzen.jpg","width":1344,"height":768,"caption":"A group of friends gathered together on a city street, looking at a game on a phone."},{"@type":"BreadcrumbList","@id":"https:\/\/testwebsite.citygame.com\/cs\/games\/terneuzen\/sherlock-holmes-terneuzen\/#breadcrumb","itemListElement":[{"@type":"ListItem","position":1,"name":"Home","item":"https:\/\/testwebsite.citygame.com\/cs\/"},{"@type":"ListItem","position":2,"name":"Shop","item":"https:\/\/testwebsite.citygame.com\/shop\/"},{"@type":"ListItem","position":3,"name":"Sherlock Holmes Terneuzen"}]},{"@type":"WebSite","@id":"https:\/\/testwebsite.upevents.nl\/#website","url":"https:\/\/testwebsite.upevents.nl\/","name":"City Game","description":"","publisher":{"@id":"https:\/\/testwebsite.upevents.nl\/#organization"},"alternateName":"citygame.com","potentialAction":[{"@type":"SearchAction","target":{"@type":"EntryPoint","urlTemplate":"https:\/\/testwebsite.upevents.nl\/?s={search_term_string}"},"query-input":{"@type":"PropertyValueSpecification","valueRequired":true,"valueName":"search_term_string"}}],"inLanguage":"cs"},{"@type":["Organization","Place"],"@id":"https:\/\/testwebsite.upevents.nl\/#organization","name":"City Game","alternateName":"citygame.com","url":"https:\/\/testwebsite.upevents.nl\/","logo":{"@id":"https:\/\/testwebsite.citygame.com\/cs\/games\/terneuzen\/sherlock-holmes-terneuzen\/#local-main-organization-logo"},"image":{"@id":"https:\/\/testwebsite.citygame.com\/cs\/games\/terneuzen\/sherlock-holmes-terneuzen\/#local-main-organization-logo"},"sameAs":["https:\/\/www.facebook.com\/profile.php?id=100086426226253","https:\/\/www.instagram.com\/citygame_com","https:\/\/www.tiktok.com\/@citygamecom\/","https:\/\/www.linkedin.com\/company\/citygame-com"],"description":"Turn any city into a playground with our interactive City Games and self-guided tours. Fun, flexible, and ideal for groups and team building.","telephone":[],"openingHoursSpecification":[{"@type":"OpeningHoursSpecification","dayOfWeek":["Monday","Tuesday","Wednesday","Thursday","Friday","Saturday","Sunday"],"opens":"09:00","closes":"17:00"}]},{"@type":"ImageObject","inLanguage":"cs","@id":"https:\/\/testwebsite.citygame.com\/cs\/games\/terneuzen\/sherlock-holmes-terneuzen\/#local-main-organization-logo","url":"https:\/\/testwebsite.citygame.com\/wp-content\/blogs.dir\/1\/files\/sites\/62\/2025\/10\/CG_LOGO-City-Game.png","contentUrl":"https:\/\/testwebsite.citygame.com\/wp-content\/blogs.dir\/1\/files\/sites\/62\/2025\/10\/CG_LOGO-City-Game.png","width":351,"height":377,"caption":"City Game"}]}},"taxonomy_info":{"game-concept":[{"value":768,"label":"Sherlock"}],"location":[{"value":389,"label":"Terneuzen"}],"product_cat":[{"value":27,"label":"Geen categorie"}]},"featured_image_src_large":["https:\/\/testwebsite.citygame.com\/wp-content\/blogs.dir\/1\/files\/sites\/62\/2026\/02\/group-of-friends-playing-city-game-on-phone-terneuzen-1024x585.jpg",1024,585,true],"author_info":[],"comment_info":"","_links":{"self":[{"href":"https:\/\/testwebsite.citygame.com\/cs\/wp-json\/wp\/v2\/product\/59155","targetHints":{"allow":["GET"]}}],"collection":[{"href":"https:\/\/testwebsite.citygame.com\/cs\/wp-json\/wp\/v2\/product"}],"about":[{"href":"https:\/\/testwebsite.citygame.com\/cs\/wp-json\/wp\/v2\/types\/product"}],"acf:post":[{"embeddable":true,"href":"https:\/\/testwebsite.citygame.com\/cs\/wp-json\/wp\/v2\/pages\/4551"}],"wp:featuredmedia":[{"embeddable":true,"href":"https:\/\/testwebsite.citygame.com\/cs\/wp-json\/wp\/v2\/media\/12334"}],"wp:attachment":[{"href":"https:\/\/testwebsite.citygame.com\/cs\/wp-json\/wp\/v2\/media?parent=59155"}],"wp:term":[{"taxonomy":"game-concept","embeddable":true,"href":"https:\/\/testwebsite.citygame.com\/cs\/wp-json\/wp\/v2\/game-concept?post=59155"},{"taxonomy":"location","embeddable":true,"href":"https:\/\/testwebsite.citygame.com\/cs\/wp-json\/wp\/v2\/location?post=59155"},{"taxonomy":"product_brand","embeddable":true,"href":"https:\/\/testwebsite.citygame.com\/cs\/wp-json\/wp\/v2\/product_brand?post=59155"},{"taxonomy":"product_cat","embeddable":true,"href":"https:\/\/testwebsite.citygame.com\/cs\/wp-json\/wp\/v2\/product_cat?post=59155"},{"taxonomy":"product_tag","embeddable":true,"href":"https:\/\/testwebsite.citygame.com\/cs\/wp-json\/wp\/v2\/product_tag?post=59155"}],"curies":[{"name":"wp","href":"https:\/\/api.w.org\/{rel}","templated":true}]}}