{"id":58700,"date":"2026-02-11T06:18:55","date_gmt":"2026-02-11T06:18:55","guid":{"rendered":"https:\/\/testwebsite.citygame.com\/games\/unknown-location\/sherlock-holmes-strasbourg\/"},"modified":"2026-04-08T02:42:04","modified_gmt":"2026-04-08T02:42:04","slug":"sherlock-holmes-strasbourg","status":"publish","type":"product","link":"https:\/\/testwebsite.citygame.com\/cs\/games\/strasbourg\/sherlock-holmes-strasbourg\/","title":{"rendered":"Sherlock Holmes Strasbourg"},"content":{"rendered":"<p>Vstupte do sv\u011bta Sherlocka Holmese s touto samostatn\u011b hranou, p\u0159\u00edb\u011bhovou detektivn\u00ed hrou s vra\u017edou (City Game) zasazenou do historick\u00e9ho centra \u0160trasburku. M\u011bsto se stane kulisami va\u0161eho vy\u0161et\u0159ov\u00e1n\u00ed a vy budete sledovat strhuj\u00edc\u00ed p\u0159\u00edb\u011bh, kter\u00fd se rozv\u00edj\u00ed s ka\u017ed\u00fdm krokem, a odhal\u00edte z\u00e1hadu vra\u017edy b\u011bhem Festivalu svobody. Sb\u00edrejte stopy, \u0159e\u0161te h\u00e1danky a vysl\u00fdchejte digit\u00e1ln\u00ed podez\u0159el\u00e9 sv\u00fdm vlastn\u00edm tempem, pln\u011b se pono\u0159te do role detektiva v p\u0159\u00edpadu, kter\u00fd prov\u011b\u0159\u00ed v\u00e1\u0161 d\u016fvtip a intuici.<\/p>\n","protected":false},"excerpt":{"rendered":"<p>V\u017eijte se do role Sherlocka Holmese ve strhuj\u00edc\u00ed, samostatn\u011b hran\u00e9 detektivn\u00ed h\u0159e s vra\u017edou zasazen\u00e9 do \u0160trasburku. Sledujte z\u00e1hadn\u00e9 stopy, rozlu\u0161t\u011bte z\u00e1ludn\u00e9 h\u00e1danky, bezprobl\u00e9mov\u011b spolupracujte se sv\u00fdm t\u00fdmem a z\u00e1vodte s \u010dasem, abyste odhalili pravdu, kter\u00e1 \u010d\u00edh\u00e1 ve st\u00ednech, ne\u017e vypr\u0161\u00ed \u010das!<\/p>\n","protected":false},"featured_media":12278,"template":"","meta":{"_acf_changed":false,"_yoast_wpseo_focuskw":"Sherlock Holmes Strasbourg","_yoast_wpseo_metadesc":"Sherlock Holmes Strasbourg. Zahrajte si samostatnou detektivn\u00ed hru s vra\u017edou (City Game), \u0159e\u0161te h\u00e1danky, sledujte stopy a odhalte vraha sv\u00fdm vlastn\u00edm tempem!","_kad_blocks_custom_css":"","_kad_blocks_head_custom_js":"","_kad_blocks_body_custom_js":"","_kad_blocks_footer_custom_js":"","ghostkit_customizer_options":"","ghostkit_custom_css":"","ghostkit_custom_js_head":"","ghostkit_custom_js_foot":"","ghostkit_typography":"","_kad_post_transparent":"","_kad_post_title":"","_kad_post_layout":"","_kad_post_sidebar_id":"","_kad_post_content_style":"","_kad_post_vertical_padding":"","_kad_post_feature":"","_kad_post_feature_position":"","_kad_post_header":false,"_kad_post_footer":false,"_kad_post_classname":"","_links_to":"","_links_to_target":""},"game-concept":[768],"location":[381],"product_brand":[],"product_cat":[27],"product_tag":[],"class_list":{"0":"post-58700","1":"product","2":"type-product","3":"status-publish","4":"has-post-thumbnail","6":"game-concept-sherlock","7":"location-strasbourg","8":"product_cat-geen-categorie","10":"first","11":"instock","12":"shipping-taxable","13":"purchasable","14":"product-type-simple","15":"entry","16":"content-bg","17":"loop-entry"},"acf":{"full_bokun_product_name":"Strasbourg Self-Guided Sherlock Holmes Murder Mystery Game","location_name":"Strasbourg","bokun_calendar_widget_code":"<script type=\"text\/javascript\" src=\"https:\/\/widgets.bokun.io\/assets\/javascripts\/apps\/build\/BokunWidgetsLoader.js?bookingChannelUUID=a1e93e96-5232-4734-a595-28405f4b5a31\" async><\/script>\n     \n    <div class=\"bokunWidget\" data-src=\"https:\/\/widgets.bokun.io\/online-sales\/a1e93e96-5232-4734-a595-28405f4b5a31\/experience-calendar\/771722\"><\/div>\n    <noscript>Please enable javascript in your browser to book<\/noscript>","bokun_button_widget_code":"<script type=\"text\/javascript\" src=\"https:\/\/widgets.bokun.io\/assets\/javascripts\/apps\/build\/BokunWidgetsLoader.js?bookingChannelUUID=a1e93e96-5232-4734-a595-28405f4b5a31\" async><\/script>\n      <style> #bokun_ed001e45_5927_4f62_b470_ca766338d083 { display: inline-block; padding: .4em 1em; background: #47b82e; border-radius: 999999px; box-shadow: none; font-weight: 600; font-size: 24px; text-decoration: none; text-align: center; color: #FFFFFF; border:none; cursor: pointer; transition: background .2s ease; } #bokun_ed001e45_5927_4f62_b470_ca766338d083:hover{ background: #2f7b1f; } #bokun_ed001e45_5927_4f62_b470_ca766338d083:active{ background: #378f24; } <\/style> <button class=\"bokunButton\" disabled id=bokun_ed001e45_5927_4f62_b470_ca766338d083 data-src=\"https:\/\/widgets.bokun.io\/online-sales\/a1e93e96-5232-4734-a595-28405f4b5a31\/experience-calendar\/771722?partialView=1\" data-testid=\"widget-book-button\" > Book now <\/button> ","what_you\u2019ll_experience_during_the_game":"Vstupujete do strhuj\u00edc\u00edho detektivn\u00edho p\u0159\u00edb\u011bhu zasazen\u00e9ho do srdce \u0160trasburku, kde z\u00e1hadn\u00e1 vra\u017eda vrhla st\u00edn na Festival svobody. Jak se pohybujete ulicemi m\u011bsta, vy\u0161et\u0159ov\u00e1n\u00ed se kolem v\u00e1s rozv\u00edj\u00ed kousek po kousku. Stopy se skr\u00fdvaj\u00ed na ne\u010dekan\u00fdch m\u00edstech, h\u00e1danky prov\u011b\u0159\u00ed va\u0161e uva\u017eov\u00e1n\u00ed a ka\u017ed\u00e9 nov\u00e9 m\u00edsto odhal\u00ed dal\u0161\u00ed vrstvu p\u0159\u00edpadu. Zvraty se objevuj\u00ed bez varov\u00e1n\u00ed a nut\u00ed v\u00e1s vysl\u00fdchat podez\u0159el\u00e9, analyzovat alibi a odhalovat rozpory, jak se no\u0159\u00edte hloub\u011bji do pravdy.\n\nZ\u00e1\u017eitek je pln\u011b p\u0159\u00edb\u011bhov\u00fd, navr\u017een\u00fd tak, aby probudil va\u0161i zv\u011bdavost a zbyst\u0159il va\u0161e kritick\u00e9 my\u0161len\u00ed. Pozorov\u00e1n\u00ed a dedukce jsou va\u0161imi nejcenn\u011bj\u0161\u00edmi n\u00e1stroji, kter\u00e9 v\u00e1s provedou slo\u017eitou s\u00edt\u00ed motiv\u016f a l\u017e\u00ed. Hr\u00e1t m\u016f\u017eete zcela sv\u00fdm vlastn\u00edm tempem, s mo\u017enost\u00ed kdykoliv hru pozastavit a pokra\u010dovat. A\u0165 u\u017e pracujete sami, nebo \u0159e\u0161\u00edte z\u00e1hadu jako t\u00fdm, poc\u00edt\u00edte vzru\u0161en\u00ed skute\u010dn\u00e9ho vy\u0161et\u0159ov\u00e1n\u00ed, zat\u00edmco budete ve \u0160trasburku hledat odpov\u011bdi.","how_to_play":"Hrajte sami nebo s p\u0159\u00e1teli, rodinou \u010di kolegy v t\u00fdmech a\u017e \u010dty\u0159 hr\u00e1\u010d\u016f na jedno za\u0159\u00edzen\u00ed. Po rezervaci obdr\u017e\u00edte e-mail s instrukcemi a v\u0161\u00edm pot\u0159ebn\u00fdm.","start_location":"Place Kl\u00e9ber","available_languages":["en","es","fr","de","it","nl"],"players_per_group":"1-4","duration":"1.5-2 hours","image_overlay_color_image":"https:\/\/testwebsite.citygame.com\/wp-content\/blogs.dir\/1\/files\/sites\/62\/2026\/01\/SherlockColor.svg","image_overlay_game_logo":"https:\/\/testwebsite.citygame.com\/wp-content\/blogs.dir\/1\/files\/sites\/62\/2026\/01\/SherlockLogo.png","city_page":9007,"woocommerce_general_content":null},"yoast_head":"<!-- This site is optimized with the Yoast SEO Premium plugin v26.2 (Yoast SEO v26.3) - https:\/\/yoast.com\/wordpress\/plugins\/seo\/ -->\n<title>Sherlock Holmes Strasbourg - City Game<\/title>\n<meta name=\"description\" content=\"Sherlock Holmes Strasbourg. Zahrajte si samostatnou detektivn\u00ed hru s vra\u017edou (City Game), \u0159e\u0161te h\u00e1danky, sledujte stopy a odhalte vraha sv\u00fdm vlastn\u00edm tempem!\" \/>\n<meta name=\"robots\" content=\"noindex, follow, max-snippet:-1, max-image-preview:large, max-video-preview:-1\" \/>\n<meta property=\"og:locale\" content=\"cs_CZ\" \/>\n<meta property=\"og:type\" content=\"article\" \/>\n<meta property=\"og:title\" content=\"Sherlock Holmes Strasbourg\" \/>\n<meta property=\"og:description\" content=\"Sherlock Holmes Strasbourg. Zahrajte si samostatnou detektivn\u00ed hru s vra\u017edou (City Game), \u0159e\u0161te h\u00e1danky, sledujte stopy a odhalte vraha sv\u00fdm vlastn\u00edm tempem!\" \/>\n<meta property=\"og:url\" content=\"https:\/\/testwebsite.citygame.com\/cs\/games\/strasbourg\/sherlock-holmes-strasbourg\/\" \/>\n<meta property=\"og:site_name\" content=\"City Game\" \/>\n<meta property=\"article:publisher\" content=\"https:\/\/www.facebook.com\/profile.php?id=100086426226253\" \/>\n<meta property=\"article:modified_time\" content=\"2026-04-08T02:42:04+00:00\" \/>\n<meta property=\"og:image\" content=\"https:\/\/testwebsite.citygame.com\/wp-content\/blogs.dir\/1\/files\/sites\/62\/2026\/02\/strasbourg-sherlock-city-game-player-phone-street.jpg\" \/>\n\t<meta property=\"og:image:width\" content=\"1344\" \/>\n\t<meta property=\"og:image:height\" content=\"768\" \/>\n\t<meta property=\"og:image:type\" content=\"image\/jpeg\" \/>\n<meta name=\"twitter:card\" content=\"summary_large_image\" \/>\n<meta name=\"twitter:label1\" content=\"Odhadovan\u00e1 doba \u010dten\u00ed\" \/>\n\t<meta name=\"twitter:data1\" content=\"1 minuta\" \/>\n<script type=\"application\/ld+json\" class=\"yoast-schema-graph\">{\"@context\":\"https:\/\/schema.org\",\"@graph\":[{\"@type\":\"WebPage\",\"@id\":\"https:\/\/testwebsite.citygame.com\/cs\/games\/strasbourg\/sherlock-holmes-strasbourg\/\",\"url\":\"https:\/\/testwebsite.citygame.com\/cs\/games\/strasbourg\/sherlock-holmes-strasbourg\/\",\"name\":\"Sherlock Holmes Strasbourg - City Game\",\"isPartOf\":{\"@id\":\"https:\/\/testwebsite.upevents.nl\/#website\"},\"primaryImageOfPage\":{\"@id\":\"https:\/\/testwebsite.citygame.com\/cs\/games\/strasbourg\/sherlock-holmes-strasbourg\/#primaryimage\"},\"image\":{\"@id\":\"https:\/\/testwebsite.citygame.com\/cs\/games\/strasbourg\/sherlock-holmes-strasbourg\/#primaryimage\"},\"thumbnailUrl\":\"https:\/\/testwebsite.citygame.com\/wp-content\/blogs.dir\/1\/files\/sites\/62\/2026\/02\/strasbourg-sherlock-city-game-player-phone-street.jpg\",\"datePublished\":\"2026-02-11T06:18:55+00:00\",\"dateModified\":\"2026-04-08T02:42:04+00:00\",\"description\":\"Sherlock Holmes Strasbourg. Zahrajte si samostatnou detektivn\u00ed hru s vra\u017edou (City Game), \u0159e\u0161te h\u00e1danky, sledujte stopy a odhalte vraha sv\u00fdm vlastn\u00edm tempem!\",\"breadcrumb\":{\"@id\":\"https:\/\/testwebsite.citygame.com\/cs\/games\/strasbourg\/sherlock-holmes-strasbourg\/#breadcrumb\"},\"inLanguage\":\"cs\",\"potentialAction\":[{\"@type\":\"ReadAction\",\"target\":[\"https:\/\/testwebsite.citygame.com\/cs\/games\/strasbourg\/sherlock-holmes-strasbourg\/\"]}]},{\"@type\":\"ImageObject\",\"inLanguage\":\"cs\",\"@id\":\"https:\/\/testwebsite.citygame.com\/cs\/games\/strasbourg\/sherlock-holmes-strasbourg\/#primaryimage\",\"url\":\"https:\/\/testwebsite.citygame.com\/wp-content\/blogs.dir\/1\/files\/sites\/62\/2026\/02\/strasbourg-sherlock-city-game-player-phone-street.jpg\",\"contentUrl\":\"https:\/\/testwebsite.citygame.com\/wp-content\/blogs.dir\/1\/files\/sites\/62\/2026\/02\/strasbourg-sherlock-city-game-player-phone-street.jpg\",\"width\":1344,\"height\":768,\"caption\":\"A player explores a historic street in Strasbourg while playing a Sherlock-themed city game.\"},{\"@type\":\"BreadcrumbList\",\"@id\":\"https:\/\/testwebsite.citygame.com\/cs\/games\/strasbourg\/sherlock-holmes-strasbourg\/#breadcrumb\",\"itemListElement\":[{\"@type\":\"ListItem\",\"position\":1,\"name\":\"Home\",\"item\":\"https:\/\/testwebsite.citygame.com\/cs\/\"},{\"@type\":\"ListItem\",\"position\":2,\"name\":\"Shop\",\"item\":\"https:\/\/testwebsite.citygame.com\/shop\/\"},{\"@type\":\"ListItem\",\"position\":3,\"name\":\"Sherlock Holmes Strasbourg\"}]},{\"@type\":\"WebSite\",\"@id\":\"https:\/\/testwebsite.upevents.nl\/#website\",\"url\":\"https:\/\/testwebsite.upevents.nl\/\",\"name\":\"City Game\",\"description\":\"\",\"publisher\":{\"@id\":\"https:\/\/testwebsite.upevents.nl\/#organization\"},\"alternateName\":\"citygame.com\",\"potentialAction\":[{\"@type\":\"SearchAction\",\"target\":{\"@type\":\"EntryPoint\",\"urlTemplate\":\"https:\/\/testwebsite.upevents.nl\/?s={search_term_string}\"},\"query-input\":{\"@type\":\"PropertyValueSpecification\",\"valueRequired\":true,\"valueName\":\"search_term_string\"}}],\"inLanguage\":\"cs\"},{\"@type\":[\"Organization\",\"Place\"],\"@id\":\"https:\/\/testwebsite.upevents.nl\/#organization\",\"name\":\"City Game\",\"alternateName\":\"citygame.com\",\"url\":\"https:\/\/testwebsite.upevents.nl\/\",\"logo\":{\"@id\":\"https:\/\/testwebsite.citygame.com\/cs\/games\/strasbourg\/sherlock-holmes-strasbourg\/#local-main-organization-logo\"},\"image\":{\"@id\":\"https:\/\/testwebsite.citygame.com\/cs\/games\/strasbourg\/sherlock-holmes-strasbourg\/#local-main-organization-logo\"},\"sameAs\":[\"https:\/\/www.facebook.com\/profile.php?id=100086426226253\",\"https:\/\/www.instagram.com\/citygame_com\",\"https:\/\/www.tiktok.com\/@citygamecom\/\",\"https:\/\/www.linkedin.com\/company\/citygame-com\"],\"description\":\"Turn any city into a playground with our interactive City Games and self-guided tours. Fun, flexible, and ideal for groups and team building.\",\"telephone\":[],\"openingHoursSpecification\":[{\"@type\":\"OpeningHoursSpecification\",\"dayOfWeek\":[\"Monday\",\"Tuesday\",\"Wednesday\",\"Thursday\",\"Friday\",\"Saturday\",\"Sunday\"],\"opens\":\"09:00\",\"closes\":\"17:00\"}]},{\"@type\":\"ImageObject\",\"inLanguage\":\"cs\",\"@id\":\"https:\/\/testwebsite.citygame.com\/cs\/games\/strasbourg\/sherlock-holmes-strasbourg\/#local-main-organization-logo\",\"url\":\"https:\/\/testwebsite.citygame.com\/wp-content\/blogs.dir\/1\/files\/sites\/62\/2025\/10\/CG_LOGO-City-Game.png\",\"contentUrl\":\"https:\/\/testwebsite.citygame.com\/wp-content\/blogs.dir\/1\/files\/sites\/62\/2025\/10\/CG_LOGO-City-Game.png\",\"width\":351,\"height\":377,\"caption\":\"City Game\"}]}<\/script>\n<!-- \/ Yoast SEO Premium plugin. -->","yoast_head_json":{"title":"Sherlock Holmes Strasbourg - City Game","description":"Sherlock Holmes Strasbourg. Zahrajte si samostatnou detektivn\u00ed hru s vra\u017edou (City Game), \u0159e\u0161te h\u00e1danky, sledujte stopy a odhalte vraha sv\u00fdm vlastn\u00edm tempem!","robots":{"index":"noindex","follow":"follow","max-snippet":"max-snippet:-1","max-image-preview":"max-image-preview:large","max-video-preview":"max-video-preview:-1"},"og_locale":"cs_CZ","og_type":"article","og_title":"Sherlock Holmes Strasbourg","og_description":"Sherlock Holmes Strasbourg. Zahrajte si samostatnou detektivn\u00ed hru s vra\u017edou (City Game), \u0159e\u0161te h\u00e1danky, sledujte stopy a odhalte vraha sv\u00fdm vlastn\u00edm tempem!","og_url":"https:\/\/testwebsite.citygame.com\/cs\/games\/strasbourg\/sherlock-holmes-strasbourg\/","og_site_name":"City Game","article_publisher":"https:\/\/www.facebook.com\/profile.php?id=100086426226253","article_modified_time":"2026-04-08T02:42:04+00:00","og_image":[{"width":1344,"height":768,"url":"https:\/\/testwebsite.citygame.com\/wp-content\/blogs.dir\/1\/files\/sites\/62\/2026\/02\/strasbourg-sherlock-city-game-player-phone-street.jpg","type":"image\/jpeg"}],"twitter_card":"summary_large_image","twitter_misc":{"Odhadovan\u00e1 doba \u010dten\u00ed":"1 minuta"},"schema":{"@context":"https:\/\/schema.org","@graph":[{"@type":"WebPage","@id":"https:\/\/testwebsite.citygame.com\/cs\/games\/strasbourg\/sherlock-holmes-strasbourg\/","url":"https:\/\/testwebsite.citygame.com\/cs\/games\/strasbourg\/sherlock-holmes-strasbourg\/","name":"Sherlock Holmes Strasbourg - City Game","isPartOf":{"@id":"https:\/\/testwebsite.upevents.nl\/#website"},"primaryImageOfPage":{"@id":"https:\/\/testwebsite.citygame.com\/cs\/games\/strasbourg\/sherlock-holmes-strasbourg\/#primaryimage"},"image":{"@id":"https:\/\/testwebsite.citygame.com\/cs\/games\/strasbourg\/sherlock-holmes-strasbourg\/#primaryimage"},"thumbnailUrl":"https:\/\/testwebsite.citygame.com\/wp-content\/blogs.dir\/1\/files\/sites\/62\/2026\/02\/strasbourg-sherlock-city-game-player-phone-street.jpg","datePublished":"2026-02-11T06:18:55+00:00","dateModified":"2026-04-08T02:42:04+00:00","description":"Sherlock Holmes Strasbourg. Zahrajte si samostatnou detektivn\u00ed hru s vra\u017edou (City Game), \u0159e\u0161te h\u00e1danky, sledujte stopy a odhalte vraha sv\u00fdm vlastn\u00edm tempem!","breadcrumb":{"@id":"https:\/\/testwebsite.citygame.com\/cs\/games\/strasbourg\/sherlock-holmes-strasbourg\/#breadcrumb"},"inLanguage":"cs","potentialAction":[{"@type":"ReadAction","target":["https:\/\/testwebsite.citygame.com\/cs\/games\/strasbourg\/sherlock-holmes-strasbourg\/"]}]},{"@type":"ImageObject","inLanguage":"cs","@id":"https:\/\/testwebsite.citygame.com\/cs\/games\/strasbourg\/sherlock-holmes-strasbourg\/#primaryimage","url":"https:\/\/testwebsite.citygame.com\/wp-content\/blogs.dir\/1\/files\/sites\/62\/2026\/02\/strasbourg-sherlock-city-game-player-phone-street.jpg","contentUrl":"https:\/\/testwebsite.citygame.com\/wp-content\/blogs.dir\/1\/files\/sites\/62\/2026\/02\/strasbourg-sherlock-city-game-player-phone-street.jpg","width":1344,"height":768,"caption":"A player explores a historic street in Strasbourg while playing a Sherlock-themed city game."},{"@type":"BreadcrumbList","@id":"https:\/\/testwebsite.citygame.com\/cs\/games\/strasbourg\/sherlock-holmes-strasbourg\/#breadcrumb","itemListElement":[{"@type":"ListItem","position":1,"name":"Home","item":"https:\/\/testwebsite.citygame.com\/cs\/"},{"@type":"ListItem","position":2,"name":"Shop","item":"https:\/\/testwebsite.citygame.com\/shop\/"},{"@type":"ListItem","position":3,"name":"Sherlock Holmes Strasbourg"}]},{"@type":"WebSite","@id":"https:\/\/testwebsite.upevents.nl\/#website","url":"https:\/\/testwebsite.upevents.nl\/","name":"City Game","description":"","publisher":{"@id":"https:\/\/testwebsite.upevents.nl\/#organization"},"alternateName":"citygame.com","potentialAction":[{"@type":"SearchAction","target":{"@type":"EntryPoint","urlTemplate":"https:\/\/testwebsite.upevents.nl\/?s={search_term_string}"},"query-input":{"@type":"PropertyValueSpecification","valueRequired":true,"valueName":"search_term_string"}}],"inLanguage":"cs"},{"@type":["Organization","Place"],"@id":"https:\/\/testwebsite.upevents.nl\/#organization","name":"City Game","alternateName":"citygame.com","url":"https:\/\/testwebsite.upevents.nl\/","logo":{"@id":"https:\/\/testwebsite.citygame.com\/cs\/games\/strasbourg\/sherlock-holmes-strasbourg\/#local-main-organization-logo"},"image":{"@id":"https:\/\/testwebsite.citygame.com\/cs\/games\/strasbourg\/sherlock-holmes-strasbourg\/#local-main-organization-logo"},"sameAs":["https:\/\/www.facebook.com\/profile.php?id=100086426226253","https:\/\/www.instagram.com\/citygame_com","https:\/\/www.tiktok.com\/@citygamecom\/","https:\/\/www.linkedin.com\/company\/citygame-com"],"description":"Turn any city into a playground with our interactive City Games and self-guided tours. Fun, flexible, and ideal for groups and team building.","telephone":[],"openingHoursSpecification":[{"@type":"OpeningHoursSpecification","dayOfWeek":["Monday","Tuesday","Wednesday","Thursday","Friday","Saturday","Sunday"],"opens":"09:00","closes":"17:00"}]},{"@type":"ImageObject","inLanguage":"cs","@id":"https:\/\/testwebsite.citygame.com\/cs\/games\/strasbourg\/sherlock-holmes-strasbourg\/#local-main-organization-logo","url":"https:\/\/testwebsite.citygame.com\/wp-content\/blogs.dir\/1\/files\/sites\/62\/2025\/10\/CG_LOGO-City-Game.png","contentUrl":"https:\/\/testwebsite.citygame.com\/wp-content\/blogs.dir\/1\/files\/sites\/62\/2025\/10\/CG_LOGO-City-Game.png","width":351,"height":377,"caption":"City Game"}]}},"taxonomy_info":{"game-concept":[{"value":768,"label":"Sherlock"}],"location":[{"value":381,"label":"Strasbourg"}],"product_cat":[{"value":27,"label":"Geen categorie"}]},"featured_image_src_large":["https:\/\/testwebsite.citygame.com\/wp-content\/blogs.dir\/1\/files\/sites\/62\/2026\/02\/strasbourg-sherlock-city-game-player-phone-street-1024x585.jpg",1024,585,true],"author_info":[],"comment_info":"","_links":{"self":[{"href":"https:\/\/testwebsite.citygame.com\/cs\/wp-json\/wp\/v2\/product\/58700","targetHints":{"allow":["GET"]}}],"collection":[{"href":"https:\/\/testwebsite.citygame.com\/cs\/wp-json\/wp\/v2\/product"}],"about":[{"href":"https:\/\/testwebsite.citygame.com\/cs\/wp-json\/wp\/v2\/types\/product"}],"acf:post":[{"embeddable":true,"href":"https:\/\/testwebsite.citygame.com\/cs\/wp-json\/wp\/v2\/pages\/9007"}],"wp:featuredmedia":[{"embeddable":true,"href":"https:\/\/testwebsite.citygame.com\/cs\/wp-json\/wp\/v2\/media\/12278"}],"wp:attachment":[{"href":"https:\/\/testwebsite.citygame.com\/cs\/wp-json\/wp\/v2\/media?parent=58700"}],"wp:term":[{"taxonomy":"game-concept","embeddable":true,"href":"https:\/\/testwebsite.citygame.com\/cs\/wp-json\/wp\/v2\/game-concept?post=58700"},{"taxonomy":"location","embeddable":true,"href":"https:\/\/testwebsite.citygame.com\/cs\/wp-json\/wp\/v2\/location?post=58700"},{"taxonomy":"product_brand","embeddable":true,"href":"https:\/\/testwebsite.citygame.com\/cs\/wp-json\/wp\/v2\/product_brand?post=58700"},{"taxonomy":"product_cat","embeddable":true,"href":"https:\/\/testwebsite.citygame.com\/cs\/wp-json\/wp\/v2\/product_cat?post=58700"},{"taxonomy":"product_tag","embeddable":true,"href":"https:\/\/testwebsite.citygame.com\/cs\/wp-json\/wp\/v2\/product_tag?post=58700"}],"curies":[{"name":"wp","href":"https:\/\/api.w.org\/{rel}","templated":true}]}}