{"id":58327,"date":"2026-01-27T10:59:53","date_gmt":"2026-01-27T10:59:53","guid":{"rendered":"https:\/\/testwebsite.citygame.com\/games\/unknown-location\/secrets-of-nijmegen\/"},"modified":"2026-04-08T02:02:50","modified_gmt":"2026-04-08T02:02:50","slug":"secrets-of-nijmegen","status":"publish","type":"product","link":"https:\/\/testwebsite.citygame.com\/cs\/games\/nijmegen\/secrets-of-nijmegen\/","title":{"rendered":"Secrets of Nijmegen"},"content":{"rendered":"<p>City Game Nijmegen je samostatn\u00e1 m\u011bstsk\u00e1 hra, kter\u00e1 se odehr\u00e1v\u00e1 v historick\u00e9m centru Nijmegen. Tato hra zalo\u017een\u00e1 na GPS zve hr\u00e1\u010de k prozkoum\u00e1n\u00ed m\u011bsta pomoc\u00ed chytr\u00e9ho telefonu a z\u00e1rove\u0148 k \u0159e\u0161en\u00ed r\u016fzn\u00fdch h\u00e1danek, r\u00e9bus\u016f a fotografick\u00fdch v\u00fdzev. B\u011bhem cesty \u00fa\u010dastn\u00edci odhal\u00ed podrobnosti o historii, kultu\u0159e a skryt\u00fdch z\u00e1kout\u00edch Nijmegen, co\u017e z n\u00ed \u010din\u00ed poutavou pr\u016fzkumnou hru pro zv\u00eddav\u00e9 mysli. Je navr\u017eena tak, aby byla flexibiln\u00ed, a hod\u00ed se pro s\u00f3lo dobrodruhy i pro p\u00e1ry, rodiny a skupiny p\u0159\u00e1tel. A\u0165 u\u017e jste n\u00e1v\u0161t\u011bvn\u00edk nebo m\u00edstn\u00ed, City Game Nijmegen nab\u00edz\u00ed jedine\u010dn\u00fd a interaktivn\u00ed zp\u016fsob, jak za\u017e\u00edt m\u011bsto.<\/p>\n","protected":false},"excerpt":{"rendered":"<p>Objevte nostalgii a nuance Nijmegen! Pono\u0159te se do m\u011bsta, kde se starov\u011bk\u00e1 \u0159\u00edmsk\u00e1 historie prol\u00edn\u00e1 se sou\u010dasnou holandskou kulturou, od star\u00fdch pevnost\u00ed po \u017eiv\u00e9 n\u00e1kupn\u00ed ulice. Slo\u017ete si puzzle, zat\u00edmco budete proch\u00e1zet jeho odu\u0161evn\u011bl\u00fdm j\u00e1drem, Nijmegen se hem\u017e\u00ed ne\u010dekan\u00fdmi radostmi na ka\u017ed\u00e9m kroku!<\/p>\n","protected":false},"featured_media":4572,"template":"","meta":{"_acf_changed":false,"_yoast_wpseo_focuskw":"Secrets of Nijmegen","_yoast_wpseo_metadesc":"Secrets of Nijmegen. Zahrajte si samostatnou m\u011bstskou hru a prozkoumejte m\u011bsto prost\u0159ednictv\u00edm h\u00e1danek, r\u00e9bus\u016f a v\u00fdzev. Hrajte sv\u00fdm vlastn\u00edm tempem a objevujte jako m\u00edstn\u00ed!","_kad_blocks_custom_css":"","_kad_blocks_head_custom_js":"","_kad_blocks_body_custom_js":"","_kad_blocks_footer_custom_js":"","ghostkit_customizer_options":"","ghostkit_custom_css":"","ghostkit_custom_js_head":"","ghostkit_custom_js_foot":"","ghostkit_typography":"","_kad_post_transparent":"","_kad_post_title":"","_kad_post_layout":"","_kad_post_sidebar_id":"","_kad_post_content_style":"","_kad_post_vertical_padding":"","_kad_post_feature":"","_kad_post_feature_position":"","_kad_post_header":false,"_kad_post_footer":false,"_kad_post_classname":"","_links_to":"","_links_to_target":""},"game-concept":[707],"location":[299],"product_brand":[],"product_cat":[27],"product_tag":[],"class_list":{"0":"post-58327","1":"product","2":"type-product","3":"status-publish","4":"has-post-thumbnail","6":"game-concept-secrets","7":"location-nijmegen","8":"product_cat-geen-categorie","10":"first","11":"instock","12":"shipping-taxable","13":"purchasable","14":"product-type-simple","15":"entry","16":"content-bg","17":"loop-entry"},"acf":{"full_bokun_product_name":"Self-Guided Secrets of Nijmegen Exploration Game","location_name":"Nijmegen","bokun_calendar_widget_code":"<script type=\"text\/javascript\" src=\"https:\/\/widgets.bokun.io\/assets\/javascripts\/apps\/build\/BokunWidgetsLoader.js?bookingChannelUUID=a1e93e96-5232-4734-a595-28405f4b5a31\" async><\/script>\n     \n    <div class=\"bokunWidget\" data-src=\"https:\/\/widgets.bokun.io\/online-sales\/a1e93e96-5232-4734-a595-28405f4b5a31\/experience-calendar\/796266\"><\/div>\n    <noscript>Please enable javascript in your browser to book<\/noscript>","bokun_button_widget_code":"<script type=\"text\/javascript\" src=\"https:\/\/widgets.bokun.io\/assets\/javascripts\/apps\/build\/BokunWidgetsLoader.js?bookingChannelUUID=a1e93e96-5232-4734-a595-28405f4b5a31\" async><\/script>\n      <style> #bokun_ed001e45_5927_4f62_b470_ca766338d083 { display: inline-block; padding: .4em 1em; background: #47b82e; border-radius: 999999px; box-shadow: none; font-weight: 600; font-size: 24px; text-decoration: none; text-align: center; color: #FFFFFF; border:none; cursor: pointer; transition: background .2s ease; } #bokun_ed001e45_5927_4f62_b470_ca766338d083:hover{ background: #2f7b1f; } #bokun_ed001e45_5927_4f62_b470_ca766338d083:active{ background: #378f24; } <\/style> <button class=\"bokunButton\" disabled id=bokun_ed001e45_5927_4f62_b470_ca766338d083 data-src=\"https:\/\/widgets.bokun.io\/online-sales\/a1e93e96-5232-4734-a595-28405f4b5a31\/experience-calendar\/796266?partialView=1\" data-testid=\"widget-book-button\" > Book now <\/button> ","what_you\u2019ll_experience_during_the_game":"Ve h\u0159e Secrets of Nijmegen City Game budete objevovat m\u011bsto prost\u0159ednictv\u00edm p\u0159\u00edb\u011bhu, kter\u00fd spojuje prohl\u00eddku pam\u00e1tek s interaktivn\u00edmi v\u00fdzvami. P\u0159i p\u0159esunu mezi lokacemi objev\u00edte jak ikonick\u00e9 pam\u00e1tky, tak ti\u0161\u0161\u00ed, m\u00e9n\u011b zn\u00e1m\u00e1 z\u00e1kout\u00ed Nijmegen. B\u011bhem cesty minete v\u00fdznamn\u00e1 m\u00edsta, jako je Valkhofpark s historick\u00fdmi z\u0159\u00edceninami, charakteristick\u00fd Stevenskerk a \u017eiv\u00fd Grote Markt. Tato sm\u011bs historie a ka\u017edodenn\u00edho \u017eivota vytv\u00e1\u0159\u00ed \u017eiv\u00e9 pozad\u00ed, zat\u00edmco m\u011bsto odhaluje sv\u00e9 p\u0159\u00edb\u011bhy.\n\nB\u011bhem hry budete \u0159e\u0161it \u0159adu h\u00e1danek, r\u00e9bus\u016f a kreativn\u00edch fotografick\u00fdch v\u00fdzev, kter\u00e9 v\u00e1s povedou vp\u0159ed a odhal\u00ed z\u00e1v\u011bre\u010dnou z\u00e1hadu. Dokon\u010den\u00ed v\u00fdzev v\u00e1m vynese body a odemkne n\u00e1pov\u011bdy, co\u017e d\u00e1v\u00e1 jak p\u0159\u00edle\u017eitostn\u00fdm pr\u016fzkumn\u00edk\u016fm, tak sout\u011b\u017eiv\u00fdm hr\u00e1\u010d\u016fm c\u00edl, na kter\u00e9m mohou pracovat. Hru lze kdykoli pozastavit, co\u017e v\u00e1m umo\u017en\u00ed prozkoumat Nijmegen vlastn\u00edm tempem. Pokud hrajete v t\u00fdmech nebo si u\u017e\u00edv\u00e1te trochu sout\u011b\u017een\u00ed, m\u016f\u017eete se tak\u00e9 pokusit o m\u00edsto v \u017eeb\u0159\u00ed\u010dku.","how_to_play":"Zarezervujte si Hru objevov\u00e1n\u00ed, zkontrolujte e-mail, kter\u00fd v\u00e1m po\u0161leme s jednoduch\u00fdmi instrukcemi, st\u00e1hn\u011bte si aplikaci Loquiz, p\u0159istupte ke H\u0159e objevov\u00e1n\u00ed a jste p\u0159ipraveni za\u010d\u00edt sv\u016fj hern\u00ed z\u00e1\u017eitek!","start_location":"Nijmegen, Grote Markt","available_languages":["en"],"players_per_group":"1-4","duration":"1.5-2 hours","image_overlay_color_image":"https:\/\/testwebsite.citygame.com\/wp-content\/blogs.dir\/1\/files\/sites\/62\/2026\/01\/SecretsColor.svg","image_overlay_game_logo":"https:\/\/testwebsite.citygame.com\/wp-content\/blogs.dir\/1\/files\/sites\/62\/2026\/01\/SecretsLogo.png","city_page":4556,"woocommerce_general_content":null},"yoast_head":"<!-- This site is optimized with the Yoast SEO Premium plugin v26.2 (Yoast SEO v26.3) - https:\/\/yoast.com\/wordpress\/plugins\/seo\/ -->\n<title>Secrets of Nijmegen - City Game<\/title>\n<meta name=\"description\" content=\"Secrets of Nijmegen. Zahrajte si samostatnou m\u011bstskou hru a prozkoumejte m\u011bsto prost\u0159ednictv\u00edm h\u00e1danek, r\u00e9bus\u016f a v\u00fdzev. Hrajte sv\u00fdm vlastn\u00edm tempem a objevujte jako m\u00edstn\u00ed!\" \/>\n<meta name=\"robots\" content=\"noindex, follow, max-snippet:-1, max-image-preview:large, max-video-preview:-1\" \/>\n<meta property=\"og:locale\" content=\"cs_CZ\" \/>\n<meta property=\"og:type\" content=\"article\" \/>\n<meta property=\"og:title\" content=\"Secrets of Nijmegen\" \/>\n<meta property=\"og:description\" content=\"Secrets of Nijmegen. Zahrajte si samostatnou m\u011bstskou hru a prozkoumejte m\u011bsto prost\u0159ednictv\u00edm h\u00e1danek, r\u00e9bus\u016f a v\u00fdzev. Hrajte sv\u00fdm vlastn\u00edm tempem a objevujte jako m\u00edstn\u00ed!\" \/>\n<meta property=\"og:url\" content=\"https:\/\/testwebsite.citygame.com\/cs\/games\/nijmegen\/secrets-of-nijmegen\/\" \/>\n<meta property=\"og:site_name\" content=\"City Game\" \/>\n<meta property=\"article:publisher\" content=\"https:\/\/www.facebook.com\/profile.php?id=100086426226253\" \/>\n<meta property=\"article:modified_time\" content=\"2026-04-08T02:02:50+00:00\" \/>\n<meta property=\"og:image\" content=\"https:\/\/testwebsite.citygame.com\/wp-content\/blogs.dir\/1\/files\/sites\/62\/2026\/01\/secrets-of-nijmegen-player-phone-cobblestone-street.jpg\" \/>\n\t<meta property=\"og:image:width\" content=\"704\" \/>\n\t<meta property=\"og:image:height\" content=\"1472\" \/>\n\t<meta property=\"og:image:type\" content=\"image\/jpeg\" \/>\n<meta name=\"twitter:card\" content=\"summary_large_image\" \/>\n<meta name=\"twitter:label1\" content=\"Odhadovan\u00e1 doba \u010dten\u00ed\" \/>\n\t<meta name=\"twitter:data1\" content=\"1 minuta\" \/>\n<script type=\"application\/ld+json\" class=\"yoast-schema-graph\">{\"@context\":\"https:\/\/schema.org\",\"@graph\":[{\"@type\":\"WebPage\",\"@id\":\"https:\/\/testwebsite.citygame.com\/cs\/games\/nijmegen\/secrets-of-nijmegen\/\",\"url\":\"https:\/\/testwebsite.citygame.com\/cs\/games\/nijmegen\/secrets-of-nijmegen\/\",\"name\":\"Secrets of Nijmegen - City Game\",\"isPartOf\":{\"@id\":\"https:\/\/testwebsite.upevents.nl\/#website\"},\"primaryImageOfPage\":{\"@id\":\"https:\/\/testwebsite.citygame.com\/cs\/games\/nijmegen\/secrets-of-nijmegen\/#primaryimage\"},\"image\":{\"@id\":\"https:\/\/testwebsite.citygame.com\/cs\/games\/nijmegen\/secrets-of-nijmegen\/#primaryimage\"},\"thumbnailUrl\":\"https:\/\/testwebsite.citygame.com\/wp-content\/blogs.dir\/1\/files\/sites\/62\/2026\/01\/secrets-of-nijmegen-player-phone-cobblestone-street.jpg\",\"datePublished\":\"2026-01-27T10:59:53+00:00\",\"dateModified\":\"2026-04-08T02:02:50+00:00\",\"description\":\"Secrets of Nijmegen. Zahrajte si samostatnou m\u011bstskou hru a prozkoumejte m\u011bsto prost\u0159ednictv\u00edm h\u00e1danek, r\u00e9bus\u016f a v\u00fdzev. Hrajte sv\u00fdm vlastn\u00edm tempem a objevujte jako m\u00edstn\u00ed!\",\"breadcrumb\":{\"@id\":\"https:\/\/testwebsite.citygame.com\/cs\/games\/nijmegen\/secrets-of-nijmegen\/#breadcrumb\"},\"inLanguage\":\"cs\",\"potentialAction\":[{\"@type\":\"ReadAction\",\"target\":[\"https:\/\/testwebsite.citygame.com\/cs\/games\/nijmegen\/secrets-of-nijmegen\/\"]}]},{\"@type\":\"ImageObject\",\"inLanguage\":\"cs\",\"@id\":\"https:\/\/testwebsite.citygame.com\/cs\/games\/nijmegen\/secrets-of-nijmegen\/#primaryimage\",\"url\":\"https:\/\/testwebsite.citygame.com\/wp-content\/blogs.dir\/1\/files\/sites\/62\/2026\/01\/secrets-of-nijmegen-player-phone-cobblestone-street.jpg\",\"contentUrl\":\"https:\/\/testwebsite.citygame.com\/wp-content\/blogs.dir\/1\/files\/sites\/62\/2026\/01\/secrets-of-nijmegen-player-phone-cobblestone-street.jpg\",\"width\":704,\"height\":1472,\"caption\":\"A player navigates the historic, narrow cobblestone streets of Nijmegen using a smartphone app.\"},{\"@type\":\"BreadcrumbList\",\"@id\":\"https:\/\/testwebsite.citygame.com\/cs\/games\/nijmegen\/secrets-of-nijmegen\/#breadcrumb\",\"itemListElement\":[{\"@type\":\"ListItem\",\"position\":1,\"name\":\"Home\",\"item\":\"https:\/\/testwebsite.citygame.com\/cs\/\"},{\"@type\":\"ListItem\",\"position\":2,\"name\":\"Shop\",\"item\":\"https:\/\/testwebsite.citygame.com\/shop\/\"},{\"@type\":\"ListItem\",\"position\":3,\"name\":\"Secrets of Nijmegen\"}]},{\"@type\":\"WebSite\",\"@id\":\"https:\/\/testwebsite.upevents.nl\/#website\",\"url\":\"https:\/\/testwebsite.upevents.nl\/\",\"name\":\"City Game\",\"description\":\"\",\"publisher\":{\"@id\":\"https:\/\/testwebsite.upevents.nl\/#organization\"},\"alternateName\":\"citygame.com\",\"potentialAction\":[{\"@type\":\"SearchAction\",\"target\":{\"@type\":\"EntryPoint\",\"urlTemplate\":\"https:\/\/testwebsite.upevents.nl\/?s={search_term_string}\"},\"query-input\":{\"@type\":\"PropertyValueSpecification\",\"valueRequired\":true,\"valueName\":\"search_term_string\"}}],\"inLanguage\":\"cs\"},{\"@type\":[\"Organization\",\"Place\"],\"@id\":\"https:\/\/testwebsite.upevents.nl\/#organization\",\"name\":\"City Game\",\"alternateName\":\"citygame.com\",\"url\":\"https:\/\/testwebsite.upevents.nl\/\",\"logo\":{\"@id\":\"https:\/\/testwebsite.citygame.com\/cs\/games\/nijmegen\/secrets-of-nijmegen\/#local-main-organization-logo\"},\"image\":{\"@id\":\"https:\/\/testwebsite.citygame.com\/cs\/games\/nijmegen\/secrets-of-nijmegen\/#local-main-organization-logo\"},\"sameAs\":[\"https:\/\/www.facebook.com\/profile.php?id=100086426226253\",\"https:\/\/www.instagram.com\/citygame_com\",\"https:\/\/www.tiktok.com\/@citygamecom\/\",\"https:\/\/www.linkedin.com\/company\/citygame-com\"],\"description\":\"Turn any city into a playground with our interactive City Games and self-guided tours. Fun, flexible, and ideal for groups and team building.\",\"telephone\":[],\"openingHoursSpecification\":[{\"@type\":\"OpeningHoursSpecification\",\"dayOfWeek\":[\"Monday\",\"Tuesday\",\"Wednesday\",\"Thursday\",\"Friday\",\"Saturday\",\"Sunday\"],\"opens\":\"09:00\",\"closes\":\"17:00\"}]},{\"@type\":\"ImageObject\",\"inLanguage\":\"cs\",\"@id\":\"https:\/\/testwebsite.citygame.com\/cs\/games\/nijmegen\/secrets-of-nijmegen\/#local-main-organization-logo\",\"url\":\"https:\/\/testwebsite.citygame.com\/wp-content\/blogs.dir\/1\/files\/sites\/62\/2025\/10\/CG_LOGO-City-Game.png\",\"contentUrl\":\"https:\/\/testwebsite.citygame.com\/wp-content\/blogs.dir\/1\/files\/sites\/62\/2025\/10\/CG_LOGO-City-Game.png\",\"width\":351,\"height\":377,\"caption\":\"City Game\"}]}<\/script>\n<!-- \/ Yoast SEO Premium plugin. -->","yoast_head_json":{"title":"Secrets of Nijmegen - City Game","description":"Secrets of Nijmegen. Zahrajte si samostatnou m\u011bstskou hru a prozkoumejte m\u011bsto prost\u0159ednictv\u00edm h\u00e1danek, r\u00e9bus\u016f a v\u00fdzev. Hrajte sv\u00fdm vlastn\u00edm tempem a objevujte jako m\u00edstn\u00ed!","robots":{"index":"noindex","follow":"follow","max-snippet":"max-snippet:-1","max-image-preview":"max-image-preview:large","max-video-preview":"max-video-preview:-1"},"og_locale":"cs_CZ","og_type":"article","og_title":"Secrets of Nijmegen","og_description":"Secrets of Nijmegen. Zahrajte si samostatnou m\u011bstskou hru a prozkoumejte m\u011bsto prost\u0159ednictv\u00edm h\u00e1danek, r\u00e9bus\u016f a v\u00fdzev. Hrajte sv\u00fdm vlastn\u00edm tempem a objevujte jako m\u00edstn\u00ed!","og_url":"https:\/\/testwebsite.citygame.com\/cs\/games\/nijmegen\/secrets-of-nijmegen\/","og_site_name":"City Game","article_publisher":"https:\/\/www.facebook.com\/profile.php?id=100086426226253","article_modified_time":"2026-04-08T02:02:50+00:00","og_image":[{"width":704,"height":1472,"url":"https:\/\/testwebsite.citygame.com\/wp-content\/blogs.dir\/1\/files\/sites\/62\/2026\/01\/secrets-of-nijmegen-player-phone-cobblestone-street.jpg","type":"image\/jpeg"}],"twitter_card":"summary_large_image","twitter_misc":{"Odhadovan\u00e1 doba \u010dten\u00ed":"1 minuta"},"schema":{"@context":"https:\/\/schema.org","@graph":[{"@type":"WebPage","@id":"https:\/\/testwebsite.citygame.com\/cs\/games\/nijmegen\/secrets-of-nijmegen\/","url":"https:\/\/testwebsite.citygame.com\/cs\/games\/nijmegen\/secrets-of-nijmegen\/","name":"Secrets of Nijmegen - City Game","isPartOf":{"@id":"https:\/\/testwebsite.upevents.nl\/#website"},"primaryImageOfPage":{"@id":"https:\/\/testwebsite.citygame.com\/cs\/games\/nijmegen\/secrets-of-nijmegen\/#primaryimage"},"image":{"@id":"https:\/\/testwebsite.citygame.com\/cs\/games\/nijmegen\/secrets-of-nijmegen\/#primaryimage"},"thumbnailUrl":"https:\/\/testwebsite.citygame.com\/wp-content\/blogs.dir\/1\/files\/sites\/62\/2026\/01\/secrets-of-nijmegen-player-phone-cobblestone-street.jpg","datePublished":"2026-01-27T10:59:53+00:00","dateModified":"2026-04-08T02:02:50+00:00","description":"Secrets of Nijmegen. Zahrajte si samostatnou m\u011bstskou hru a prozkoumejte m\u011bsto prost\u0159ednictv\u00edm h\u00e1danek, r\u00e9bus\u016f a v\u00fdzev. Hrajte sv\u00fdm vlastn\u00edm tempem a objevujte jako m\u00edstn\u00ed!","breadcrumb":{"@id":"https:\/\/testwebsite.citygame.com\/cs\/games\/nijmegen\/secrets-of-nijmegen\/#breadcrumb"},"inLanguage":"cs","potentialAction":[{"@type":"ReadAction","target":["https:\/\/testwebsite.citygame.com\/cs\/games\/nijmegen\/secrets-of-nijmegen\/"]}]},{"@type":"ImageObject","inLanguage":"cs","@id":"https:\/\/testwebsite.citygame.com\/cs\/games\/nijmegen\/secrets-of-nijmegen\/#primaryimage","url":"https:\/\/testwebsite.citygame.com\/wp-content\/blogs.dir\/1\/files\/sites\/62\/2026\/01\/secrets-of-nijmegen-player-phone-cobblestone-street.jpg","contentUrl":"https:\/\/testwebsite.citygame.com\/wp-content\/blogs.dir\/1\/files\/sites\/62\/2026\/01\/secrets-of-nijmegen-player-phone-cobblestone-street.jpg","width":704,"height":1472,"caption":"A player navigates the historic, narrow cobblestone streets of Nijmegen using a smartphone app."},{"@type":"BreadcrumbList","@id":"https:\/\/testwebsite.citygame.com\/cs\/games\/nijmegen\/secrets-of-nijmegen\/#breadcrumb","itemListElement":[{"@type":"ListItem","position":1,"name":"Home","item":"https:\/\/testwebsite.citygame.com\/cs\/"},{"@type":"ListItem","position":2,"name":"Shop","item":"https:\/\/testwebsite.citygame.com\/shop\/"},{"@type":"ListItem","position":3,"name":"Secrets of Nijmegen"}]},{"@type":"WebSite","@id":"https:\/\/testwebsite.upevents.nl\/#website","url":"https:\/\/testwebsite.upevents.nl\/","name":"City Game","description":"","publisher":{"@id":"https:\/\/testwebsite.upevents.nl\/#organization"},"alternateName":"citygame.com","potentialAction":[{"@type":"SearchAction","target":{"@type":"EntryPoint","urlTemplate":"https:\/\/testwebsite.upevents.nl\/?s={search_term_string}"},"query-input":{"@type":"PropertyValueSpecification","valueRequired":true,"valueName":"search_term_string"}}],"inLanguage":"cs"},{"@type":["Organization","Place"],"@id":"https:\/\/testwebsite.upevents.nl\/#organization","name":"City Game","alternateName":"citygame.com","url":"https:\/\/testwebsite.upevents.nl\/","logo":{"@id":"https:\/\/testwebsite.citygame.com\/cs\/games\/nijmegen\/secrets-of-nijmegen\/#local-main-organization-logo"},"image":{"@id":"https:\/\/testwebsite.citygame.com\/cs\/games\/nijmegen\/secrets-of-nijmegen\/#local-main-organization-logo"},"sameAs":["https:\/\/www.facebook.com\/profile.php?id=100086426226253","https:\/\/www.instagram.com\/citygame_com","https:\/\/www.tiktok.com\/@citygamecom\/","https:\/\/www.linkedin.com\/company\/citygame-com"],"description":"Turn any city into a playground with our interactive City Games and self-guided tours. Fun, flexible, and ideal for groups and team building.","telephone":[],"openingHoursSpecification":[{"@type":"OpeningHoursSpecification","dayOfWeek":["Monday","Tuesday","Wednesday","Thursday","Friday","Saturday","Sunday"],"opens":"09:00","closes":"17:00"}]},{"@type":"ImageObject","inLanguage":"cs","@id":"https:\/\/testwebsite.citygame.com\/cs\/games\/nijmegen\/secrets-of-nijmegen\/#local-main-organization-logo","url":"https:\/\/testwebsite.citygame.com\/wp-content\/blogs.dir\/1\/files\/sites\/62\/2025\/10\/CG_LOGO-City-Game.png","contentUrl":"https:\/\/testwebsite.citygame.com\/wp-content\/blogs.dir\/1\/files\/sites\/62\/2025\/10\/CG_LOGO-City-Game.png","width":351,"height":377,"caption":"City Game"}]}},"taxonomy_info":{"game-concept":[{"value":707,"label":"Secrets"}],"location":[{"value":299,"label":"Nijmegen"}],"product_cat":[{"value":27,"label":"Geen categorie"}]},"featured_image_src_large":["https:\/\/testwebsite.citygame.com\/wp-content\/blogs.dir\/1\/files\/sites\/62\/2026\/01\/secrets-of-nijmegen-player-phone-cobblestone-street-490x1024.jpg",490,1024,true],"author_info":[],"comment_info":"","_links":{"self":[{"href":"https:\/\/testwebsite.citygame.com\/cs\/wp-json\/wp\/v2\/product\/58327","targetHints":{"allow":["GET"]}}],"collection":[{"href":"https:\/\/testwebsite.citygame.com\/cs\/wp-json\/wp\/v2\/product"}],"about":[{"href":"https:\/\/testwebsite.citygame.com\/cs\/wp-json\/wp\/v2\/types\/product"}],"acf:post":[{"embeddable":true,"href":"https:\/\/testwebsite.citygame.com\/cs\/wp-json\/wp\/v2\/pages\/4556"}],"wp:featuredmedia":[{"embeddable":true,"href":"https:\/\/testwebsite.citygame.com\/cs\/wp-json\/wp\/v2\/media\/4572"}],"wp:attachment":[{"href":"https:\/\/testwebsite.citygame.com\/cs\/wp-json\/wp\/v2\/media?parent=58327"}],"wp:term":[{"taxonomy":"game-concept","embeddable":true,"href":"https:\/\/testwebsite.citygame.com\/cs\/wp-json\/wp\/v2\/game-concept?post=58327"},{"taxonomy":"location","embeddable":true,"href":"https:\/\/testwebsite.citygame.com\/cs\/wp-json\/wp\/v2\/location?post=58327"},{"taxonomy":"product_brand","embeddable":true,"href":"https:\/\/testwebsite.citygame.com\/cs\/wp-json\/wp\/v2\/product_brand?post=58327"},{"taxonomy":"product_cat","embeddable":true,"href":"https:\/\/testwebsite.citygame.com\/cs\/wp-json\/wp\/v2\/product_cat?post=58327"},{"taxonomy":"product_tag","embeddable":true,"href":"https:\/\/testwebsite.citygame.com\/cs\/wp-json\/wp\/v2\/product_tag?post=58327"}],"curies":[{"name":"wp","href":"https:\/\/api.w.org\/{rel}","templated":true}]}}