{"id":57410,"date":"2026-02-04T16:43:20","date_gmt":"2026-02-04T16:43:20","guid":{"rendered":"https:\/\/testwebsite.citygame.com\/games\/unknown-location\/sherlock-holmes-ciudad-juarez\/"},"modified":"2026-04-08T00:25:46","modified_gmt":"2026-04-08T00:25:46","slug":"sherlock-holmes-ciudad-juarez","status":"publish","type":"product","link":"https:\/\/testwebsite.citygame.com\/cs\/games\/ciudad-juarez\/sherlock-holmes-ciudad-juarez\/","title":{"rendered":"Sherlock Holmes Ciudad Juarez"},"content":{"rendered":"<p>Vstupte do sv\u011bta Sherlocka Holmese s touto samostatn\u011b vedenou, p\u0159\u00edb\u011bhovou detektivn\u00ed hrou na t\u00e9ma vra\u017edy, zasazenou do centra m\u011bsta Ciudad Juarez. Jak se budete pohybovat ulicemi, m\u011bsto se stane kulisou pro va\u0161e rozv\u00edjej\u00edc\u00ed se vy\u0161et\u0159ov\u00e1n\u00ed \u0161okuj\u00edc\u00ed vra\u017edy, kter\u00e1 se odehr\u00e1la b\u011bhem Liberty Festivalu. Sledov\u00e1n\u00edm stop, \u0159e\u0161en\u00edm h\u00e1danek a vysl\u00fdch\u00e1n\u00edm digit\u00e1ln\u00edch podez\u0159el\u00fdch sv\u00fdm vlastn\u00edm tempem poskl\u00e1d\u00e1te pravdu v pohlcuj\u00edc\u00edm detektivn\u00edm z\u00e1\u017eitku inspirovan\u00e9m legend\u00e1rn\u00edm Holmesem.<\/p>\n","protected":false},"excerpt":{"rendered":"<p>Pono\u0159te se do dynamick\u00e9 role Sherlocka Holmese v t\u00e9to strhuj\u00edc\u00ed, samostatn\u011b veden\u00e9 z\u00e1had\u011b vra\u017edy, kter\u00e1 se odehr\u00e1v\u00e1 v ulic\u00edch Ciudad Juarez. V z\u00e1vodu s \u010dasem budete vy a v\u00e1\u0161 t\u00fdm sledovat nepolapiteln\u00e9 stopy, rozlu\u0161tit slo\u017eit\u00e9 h\u00e1danky a sna\u017eit se odhalit nezkreslenou pravdu navzdory v\u0161em p\u0159ek\u00e1\u017ek\u00e1m!<\/p>\n","protected":false},"featured_media":10378,"template":"","meta":{"_acf_changed":false,"_yoast_wpseo_focuskw":"Sherlock Holmes Ciudad Juarez","_yoast_wpseo_metadesc":"Sherlock Holmes Ciudad Juarez. Zahrajte si samostatn\u011b vedenou detektivn\u00ed hru na t\u00e9ma vra\u017edy, \u0159e\u0161te h\u00e1danky, sledujte stopy a odhalte vraha sv\u00fdm vlastn\u00edm tempem!","_kad_blocks_custom_css":"","_kad_blocks_head_custom_js":"","_kad_blocks_body_custom_js":"","_kad_blocks_footer_custom_js":"","ghostkit_customizer_options":"","ghostkit_custom_css":"","ghostkit_custom_js_head":"","ghostkit_custom_js_foot":"","ghostkit_typography":"","_kad_post_transparent":"","_kad_post_title":"","_kad_post_layout":"","_kad_post_sidebar_id":"","_kad_post_content_style":"","_kad_post_vertical_padding":"","_kad_post_feature":"","_kad_post_feature_position":"","_kad_post_header":false,"_kad_post_footer":false,"_kad_post_classname":"","_links_to":"","_links_to_target":""},"game-concept":[768],"location":[123],"product_brand":[],"product_cat":[27],"product_tag":[],"class_list":{"0":"post-57410","1":"product","2":"type-product","3":"status-publish","4":"has-post-thumbnail","6":"game-concept-sherlock","7":"location-ciudad-juarez","8":"product_cat-geen-categorie","10":"first","11":"instock","12":"shipping-taxable","13":"purchasable","14":"product-type-simple","15":"entry","16":"content-bg","17":"loop-entry"},"acf":{"full_bokun_product_name":"Ciudad Juarez Self-Guided Sherlock Holmes Murder Mystery Game","location_name":"Ciudad Juarez","bokun_calendar_widget_code":"<script type=\"text\/javascript\" src=\"https:\/\/widgets.bokun.io\/assets\/javascripts\/apps\/build\/BokunWidgetsLoader.js?bookingChannelUUID=a1e93e96-5232-4734-a595-28405f4b5a31\" async><\/script>\n     \n    <div class=\"bokunWidget\" data-src=\"https:\/\/widgets.bokun.io\/online-sales\/a1e93e96-5232-4734-a595-28405f4b5a31\/experience-calendar\/731108\"><\/div>\n    <noscript>Please enable javascript in your browser to book<\/noscript>","bokun_button_widget_code":"<script type=\"text\/javascript\" src=\"https:\/\/widgets.bokun.io\/assets\/javascripts\/apps\/build\/BokunWidgetsLoader.js?bookingChannelUUID=a1e93e96-5232-4734-a595-28405f4b5a31\" async><\/script>\n      <style> #bokun_ed001e45_5927_4f62_b470_ca766338d083 { display: inline-block; padding: .4em 1em; background: #47b82e; border-radius: 999999px; box-shadow: none; font-weight: 600; font-size: 24px; text-decoration: none; text-align: center; color: #FFFFFF; border:none; cursor: pointer; transition: background .2s ease; } #bokun_ed001e45_5927_4f62_b470_ca766338d083:hover{ background: #2f7b1f; } #bokun_ed001e45_5927_4f62_b470_ca766338d083:active{ background: #378f24; } <\/style> <button class=\"bokunButton\" disabled id=bokun_ed001e45_5927_4f62_b470_ca766338d083 data-src=\"https:\/\/widgets.bokun.io\/online-sales\/a1e93e96-5232-4734-a595-28405f4b5a31\/experience-calendar\/731108?partialView=1\" data-testid=\"widget-book-button\" > Book now <\/button> ","what_you\u2019ll_experience_during_the_game":"Vstoup\u00edte do poutav\u00e9ho detektivn\u00edho p\u0159\u00edb\u011bhu zasazen\u00e9ho do srdce Ciudad Juarez, kde v\u00e1s ka\u017ed\u00e9 rozhodnut\u00ed a objev p\u0159ibl\u00ed\u017e\u00ed k pravd\u011b. Jak se budete pohybovat m\u011bstem, z\u00e1hada se rozpl\u00e9t\u00e1 kousek po kousku a vtahuje v\u00e1s hloub\u011bji do vy\u0161et\u0159ov\u00e1n\u00ed vra\u017edy, kter\u00e1 \u0161okovala v\u0161echny b\u011bhem Liberty Festivalu. Budete sledovat stopy skryt\u00e9 na o\u010d\u00edch, \u0159e\u0161it vrstven\u00e9 h\u00e1danky a \u010delit neo\u010dek\u00e1van\u00fdm zvrat\u016fm, kter\u00e9 zpochybn\u00ed ka\u017ed\u00fd v\u00e1\u0161 p\u0159edpoklad.\n\nPo cest\u011b budete vysl\u00fdchat digit\u00e1ln\u00ed podez\u0159el\u00e9, k\u0159\u00ed\u017eov\u011b ov\u011b\u0159ovat alibi a odhalovat rozpory v jejich p\u0159\u00edb\u011bz\u00edch. Va\u0161e pozorov\u00e1n\u00ed, dedukce a kritick\u00e9 my\u0161len\u00ed jsou nezbytn\u00e9, proto\u017ee ka\u017ed\u00e1 interakce dod\u00e1v\u00e1 hloubku rozv\u00edjej\u00edc\u00edmu se vypr\u00e1v\u011bn\u00ed. Z\u00e1\u017eitek je pln\u011b \u0159\u00edzen p\u0159\u00edb\u011bhem, co\u017e v\u00e1m umo\u017e\u0148uje pono\u0159it se do p\u0159\u00edpadu sv\u00fdm vlastn\u00edm tempem \u2014 m\u016f\u017eete si kdykoli ud\u011blat p\u0159est\u00e1vku, zamyslet se a pokra\u010dovat, kdykoli si vyberete. A\u0165 u\u017e pracujete sami nebo porovn\u00e1v\u00e1te pokrok s jin\u00fdmi t\u00fdmy, ka\u017ed\u00fd krok je sou\u010d\u00e1st\u00ed va\u0161\u00ed cesty k odhalen\u00ed toho, co se t\u00e9 noci v Ciudad Juarez skute\u010dn\u011b stalo.","how_to_play":"Hrajte sami nebo s p\u0159\u00e1teli, rodinou \u010di kolegy v t\u00fdmech a\u017e \u010dty\u0159 hr\u00e1\u010d\u016f na jedno za\u0159\u00edzen\u00ed. Po rezervaci obdr\u017e\u00edte e-mail s instrukcemi a v\u0161\u00edm, co pot\u0159ebujete.","start_location":"Ciudad Juarez, Cathedral of Ciudad Juarez","available_languages":["en","es","fr","de","it","nl"],"players_per_group":"1-4","duration":"1.5-2 hours","image_overlay_color_image":"https:\/\/testwebsite.citygame.com\/wp-content\/blogs.dir\/1\/files\/sites\/62\/2026\/01\/SherlockColor.svg","image_overlay_game_logo":"https:\/\/testwebsite.citygame.com\/wp-content\/blogs.dir\/1\/files\/sites\/62\/2026\/01\/SherlockLogo.png","city_page":6450,"woocommerce_general_content":null},"yoast_head":"<!-- This site is optimized with the Yoast SEO Premium plugin v26.2 (Yoast SEO v26.3) - https:\/\/yoast.com\/wordpress\/plugins\/seo\/ -->\n<title>Sherlock Holmes Ciudad Juarez - City Game<\/title>\n<meta name=\"description\" content=\"Sherlock Holmes Ciudad Juarez. Zahrajte si samostatn\u011b vedenou detektivn\u00ed hru na t\u00e9ma vra\u017edy, \u0159e\u0161te h\u00e1danky, sledujte stopy a odhalte vraha sv\u00fdm vlastn\u00edm tempem!\" \/>\n<meta name=\"robots\" content=\"noindex, follow, max-snippet:-1, max-image-preview:large, max-video-preview:-1\" \/>\n<meta property=\"og:locale\" content=\"cs_CZ\" \/>\n<meta property=\"og:type\" content=\"article\" \/>\n<meta property=\"og:title\" content=\"Sherlock Holmes Ciudad Juarez\" \/>\n<meta property=\"og:description\" content=\"Sherlock Holmes Ciudad Juarez. Zahrajte si samostatn\u011b vedenou detektivn\u00ed hru na t\u00e9ma vra\u017edy, \u0159e\u0161te h\u00e1danky, sledujte stopy a odhalte vraha sv\u00fdm vlastn\u00edm tempem!\" \/>\n<meta property=\"og:url\" content=\"https:\/\/testwebsite.citygame.com\/cs\/games\/ciudad-juarez\/sherlock-holmes-ciudad-juarez\/\" \/>\n<meta property=\"og:site_name\" content=\"City Game\" \/>\n<meta property=\"article:publisher\" content=\"https:\/\/www.facebook.com\/profile.php?id=100086426226253\" \/>\n<meta property=\"article:modified_time\" content=\"2026-04-08T00:25:46+00:00\" \/>\n<meta property=\"og:image\" content=\"https:\/\/testwebsite.citygame.com\/wp-content\/blogs.dir\/1\/files\/sites\/62\/2026\/02\/group-of-friends-playing-city-game-ciudad-juarez.jpg\" \/>\n\t<meta property=\"og:image:width\" content=\"1344\" \/>\n\t<meta property=\"og:image:height\" content=\"768\" \/>\n\t<meta property=\"og:image:type\" content=\"image\/jpeg\" \/>\n<meta name=\"twitter:card\" content=\"summary_large_image\" \/>\n<meta name=\"twitter:label1\" content=\"Odhadovan\u00e1 doba \u010dten\u00ed\" \/>\n\t<meta name=\"twitter:data1\" content=\"1 minuta\" \/>\n<script type=\"application\/ld+json\" class=\"yoast-schema-graph\">{\"@context\":\"https:\/\/schema.org\",\"@graph\":[{\"@type\":\"WebPage\",\"@id\":\"https:\/\/testwebsite.citygame.com\/cs\/games\/ciudad-juarez\/sherlock-holmes-ciudad-juarez\/\",\"url\":\"https:\/\/testwebsite.citygame.com\/cs\/games\/ciudad-juarez\/sherlock-holmes-ciudad-juarez\/\",\"name\":\"Sherlock Holmes Ciudad Juarez - City Game\",\"isPartOf\":{\"@id\":\"https:\/\/testwebsite.upevents.nl\/#website\"},\"primaryImageOfPage\":{\"@id\":\"https:\/\/testwebsite.citygame.com\/cs\/games\/ciudad-juarez\/sherlock-holmes-ciudad-juarez\/#primaryimage\"},\"image\":{\"@id\":\"https:\/\/testwebsite.citygame.com\/cs\/games\/ciudad-juarez\/sherlock-holmes-ciudad-juarez\/#primaryimage\"},\"thumbnailUrl\":\"https:\/\/testwebsite.citygame.com\/wp-content\/blogs.dir\/1\/files\/sites\/62\/2026\/02\/group-of-friends-playing-city-game-ciudad-juarez.jpg\",\"datePublished\":\"2026-02-04T16:43:20+00:00\",\"dateModified\":\"2026-04-08T00:25:46+00:00\",\"description\":\"Sherlock Holmes Ciudad Juarez. Zahrajte si samostatn\u011b vedenou detektivn\u00ed hru na t\u00e9ma vra\u017edy, \u0159e\u0161te h\u00e1danky, sledujte stopy a odhalte vraha sv\u00fdm vlastn\u00edm tempem!\",\"breadcrumb\":{\"@id\":\"https:\/\/testwebsite.citygame.com\/cs\/games\/ciudad-juarez\/sherlock-holmes-ciudad-juarez\/#breadcrumb\"},\"inLanguage\":\"cs\",\"potentialAction\":[{\"@type\":\"ReadAction\",\"target\":[\"https:\/\/testwebsite.citygame.com\/cs\/games\/ciudad-juarez\/sherlock-holmes-ciudad-juarez\/\"]}]},{\"@type\":\"ImageObject\",\"inLanguage\":\"cs\",\"@id\":\"https:\/\/testwebsite.citygame.com\/cs\/games\/ciudad-juarez\/sherlock-holmes-ciudad-juarez\/#primaryimage\",\"url\":\"https:\/\/testwebsite.citygame.com\/wp-content\/blogs.dir\/1\/files\/sites\/62\/2026\/02\/group-of-friends-playing-city-game-ciudad-juarez.jpg\",\"contentUrl\":\"https:\/\/testwebsite.citygame.com\/wp-content\/blogs.dir\/1\/files\/sites\/62\/2026\/02\/group-of-friends-playing-city-game-ciudad-juarez.jpg\",\"width\":1344,\"height\":768,\"caption\":\"A group of friends navigate the streets of a city with a mobile app. Photo: Pavel Danilyuk (Pexels)\"},{\"@type\":\"BreadcrumbList\",\"@id\":\"https:\/\/testwebsite.citygame.com\/cs\/games\/ciudad-juarez\/sherlock-holmes-ciudad-juarez\/#breadcrumb\",\"itemListElement\":[{\"@type\":\"ListItem\",\"position\":1,\"name\":\"Home\",\"item\":\"https:\/\/testwebsite.citygame.com\/cs\/\"},{\"@type\":\"ListItem\",\"position\":2,\"name\":\"Shop\",\"item\":\"https:\/\/testwebsite.citygame.com\/shop\/\"},{\"@type\":\"ListItem\",\"position\":3,\"name\":\"Sherlock Holmes Ciudad Juarez\"}]},{\"@type\":\"WebSite\",\"@id\":\"https:\/\/testwebsite.upevents.nl\/#website\",\"url\":\"https:\/\/testwebsite.upevents.nl\/\",\"name\":\"City Game\",\"description\":\"\",\"publisher\":{\"@id\":\"https:\/\/testwebsite.upevents.nl\/#organization\"},\"alternateName\":\"citygame.com\",\"potentialAction\":[{\"@type\":\"SearchAction\",\"target\":{\"@type\":\"EntryPoint\",\"urlTemplate\":\"https:\/\/testwebsite.upevents.nl\/?s={search_term_string}\"},\"query-input\":{\"@type\":\"PropertyValueSpecification\",\"valueRequired\":true,\"valueName\":\"search_term_string\"}}],\"inLanguage\":\"cs\"},{\"@type\":[\"Organization\",\"Place\"],\"@id\":\"https:\/\/testwebsite.upevents.nl\/#organization\",\"name\":\"City Game\",\"alternateName\":\"citygame.com\",\"url\":\"https:\/\/testwebsite.upevents.nl\/\",\"logo\":{\"@id\":\"https:\/\/testwebsite.citygame.com\/cs\/games\/ciudad-juarez\/sherlock-holmes-ciudad-juarez\/#local-main-organization-logo\"},\"image\":{\"@id\":\"https:\/\/testwebsite.citygame.com\/cs\/games\/ciudad-juarez\/sherlock-holmes-ciudad-juarez\/#local-main-organization-logo\"},\"sameAs\":[\"https:\/\/www.facebook.com\/profile.php?id=100086426226253\",\"https:\/\/www.instagram.com\/citygame_com\",\"https:\/\/www.tiktok.com\/@citygamecom\/\",\"https:\/\/www.linkedin.com\/company\/citygame-com\"],\"description\":\"Turn any city into a playground with our interactive City Games and self-guided tours. Fun, flexible, and ideal for groups and team building.\",\"telephone\":[],\"openingHoursSpecification\":[{\"@type\":\"OpeningHoursSpecification\",\"dayOfWeek\":[\"Monday\",\"Tuesday\",\"Wednesday\",\"Thursday\",\"Friday\",\"Saturday\",\"Sunday\"],\"opens\":\"09:00\",\"closes\":\"17:00\"}]},{\"@type\":\"ImageObject\",\"inLanguage\":\"cs\",\"@id\":\"https:\/\/testwebsite.citygame.com\/cs\/games\/ciudad-juarez\/sherlock-holmes-ciudad-juarez\/#local-main-organization-logo\",\"url\":\"https:\/\/testwebsite.citygame.com\/wp-content\/blogs.dir\/1\/files\/sites\/62\/2025\/10\/CG_LOGO-City-Game.png\",\"contentUrl\":\"https:\/\/testwebsite.citygame.com\/wp-content\/blogs.dir\/1\/files\/sites\/62\/2025\/10\/CG_LOGO-City-Game.png\",\"width\":351,\"height\":377,\"caption\":\"City Game\"}]}<\/script>\n<!-- \/ Yoast SEO Premium plugin. -->","yoast_head_json":{"title":"Sherlock Holmes Ciudad Juarez - City Game","description":"Sherlock Holmes Ciudad Juarez. Zahrajte si samostatn\u011b vedenou detektivn\u00ed hru na t\u00e9ma vra\u017edy, \u0159e\u0161te h\u00e1danky, sledujte stopy a odhalte vraha sv\u00fdm vlastn\u00edm tempem!","robots":{"index":"noindex","follow":"follow","max-snippet":"max-snippet:-1","max-image-preview":"max-image-preview:large","max-video-preview":"max-video-preview:-1"},"og_locale":"cs_CZ","og_type":"article","og_title":"Sherlock Holmes Ciudad Juarez","og_description":"Sherlock Holmes Ciudad Juarez. Zahrajte si samostatn\u011b vedenou detektivn\u00ed hru na t\u00e9ma vra\u017edy, \u0159e\u0161te h\u00e1danky, sledujte stopy a odhalte vraha sv\u00fdm vlastn\u00edm tempem!","og_url":"https:\/\/testwebsite.citygame.com\/cs\/games\/ciudad-juarez\/sherlock-holmes-ciudad-juarez\/","og_site_name":"City Game","article_publisher":"https:\/\/www.facebook.com\/profile.php?id=100086426226253","article_modified_time":"2026-04-08T00:25:46+00:00","og_image":[{"width":1344,"height":768,"url":"https:\/\/testwebsite.citygame.com\/wp-content\/blogs.dir\/1\/files\/sites\/62\/2026\/02\/group-of-friends-playing-city-game-ciudad-juarez.jpg","type":"image\/jpeg"}],"twitter_card":"summary_large_image","twitter_misc":{"Odhadovan\u00e1 doba \u010dten\u00ed":"1 minuta"},"schema":{"@context":"https:\/\/schema.org","@graph":[{"@type":"WebPage","@id":"https:\/\/testwebsite.citygame.com\/cs\/games\/ciudad-juarez\/sherlock-holmes-ciudad-juarez\/","url":"https:\/\/testwebsite.citygame.com\/cs\/games\/ciudad-juarez\/sherlock-holmes-ciudad-juarez\/","name":"Sherlock Holmes Ciudad Juarez - City Game","isPartOf":{"@id":"https:\/\/testwebsite.upevents.nl\/#website"},"primaryImageOfPage":{"@id":"https:\/\/testwebsite.citygame.com\/cs\/games\/ciudad-juarez\/sherlock-holmes-ciudad-juarez\/#primaryimage"},"image":{"@id":"https:\/\/testwebsite.citygame.com\/cs\/games\/ciudad-juarez\/sherlock-holmes-ciudad-juarez\/#primaryimage"},"thumbnailUrl":"https:\/\/testwebsite.citygame.com\/wp-content\/blogs.dir\/1\/files\/sites\/62\/2026\/02\/group-of-friends-playing-city-game-ciudad-juarez.jpg","datePublished":"2026-02-04T16:43:20+00:00","dateModified":"2026-04-08T00:25:46+00:00","description":"Sherlock Holmes Ciudad Juarez. Zahrajte si samostatn\u011b vedenou detektivn\u00ed hru na t\u00e9ma vra\u017edy, \u0159e\u0161te h\u00e1danky, sledujte stopy a odhalte vraha sv\u00fdm vlastn\u00edm tempem!","breadcrumb":{"@id":"https:\/\/testwebsite.citygame.com\/cs\/games\/ciudad-juarez\/sherlock-holmes-ciudad-juarez\/#breadcrumb"},"inLanguage":"cs","potentialAction":[{"@type":"ReadAction","target":["https:\/\/testwebsite.citygame.com\/cs\/games\/ciudad-juarez\/sherlock-holmes-ciudad-juarez\/"]}]},{"@type":"ImageObject","inLanguage":"cs","@id":"https:\/\/testwebsite.citygame.com\/cs\/games\/ciudad-juarez\/sherlock-holmes-ciudad-juarez\/#primaryimage","url":"https:\/\/testwebsite.citygame.com\/wp-content\/blogs.dir\/1\/files\/sites\/62\/2026\/02\/group-of-friends-playing-city-game-ciudad-juarez.jpg","contentUrl":"https:\/\/testwebsite.citygame.com\/wp-content\/blogs.dir\/1\/files\/sites\/62\/2026\/02\/group-of-friends-playing-city-game-ciudad-juarez.jpg","width":1344,"height":768,"caption":"A group of friends navigate the streets of a city with a mobile app. Photo: Pavel Danilyuk (Pexels)"},{"@type":"BreadcrumbList","@id":"https:\/\/testwebsite.citygame.com\/cs\/games\/ciudad-juarez\/sherlock-holmes-ciudad-juarez\/#breadcrumb","itemListElement":[{"@type":"ListItem","position":1,"name":"Home","item":"https:\/\/testwebsite.citygame.com\/cs\/"},{"@type":"ListItem","position":2,"name":"Shop","item":"https:\/\/testwebsite.citygame.com\/shop\/"},{"@type":"ListItem","position":3,"name":"Sherlock Holmes Ciudad Juarez"}]},{"@type":"WebSite","@id":"https:\/\/testwebsite.upevents.nl\/#website","url":"https:\/\/testwebsite.upevents.nl\/","name":"City Game","description":"","publisher":{"@id":"https:\/\/testwebsite.upevents.nl\/#organization"},"alternateName":"citygame.com","potentialAction":[{"@type":"SearchAction","target":{"@type":"EntryPoint","urlTemplate":"https:\/\/testwebsite.upevents.nl\/?s={search_term_string}"},"query-input":{"@type":"PropertyValueSpecification","valueRequired":true,"valueName":"search_term_string"}}],"inLanguage":"cs"},{"@type":["Organization","Place"],"@id":"https:\/\/testwebsite.upevents.nl\/#organization","name":"City Game","alternateName":"citygame.com","url":"https:\/\/testwebsite.upevents.nl\/","logo":{"@id":"https:\/\/testwebsite.citygame.com\/cs\/games\/ciudad-juarez\/sherlock-holmes-ciudad-juarez\/#local-main-organization-logo"},"image":{"@id":"https:\/\/testwebsite.citygame.com\/cs\/games\/ciudad-juarez\/sherlock-holmes-ciudad-juarez\/#local-main-organization-logo"},"sameAs":["https:\/\/www.facebook.com\/profile.php?id=100086426226253","https:\/\/www.instagram.com\/citygame_com","https:\/\/www.tiktok.com\/@citygamecom\/","https:\/\/www.linkedin.com\/company\/citygame-com"],"description":"Turn any city into a playground with our interactive City Games and self-guided tours. Fun, flexible, and ideal for groups and team building.","telephone":[],"openingHoursSpecification":[{"@type":"OpeningHoursSpecification","dayOfWeek":["Monday","Tuesday","Wednesday","Thursday","Friday","Saturday","Sunday"],"opens":"09:00","closes":"17:00"}]},{"@type":"ImageObject","inLanguage":"cs","@id":"https:\/\/testwebsite.citygame.com\/cs\/games\/ciudad-juarez\/sherlock-holmes-ciudad-juarez\/#local-main-organization-logo","url":"https:\/\/testwebsite.citygame.com\/wp-content\/blogs.dir\/1\/files\/sites\/62\/2025\/10\/CG_LOGO-City-Game.png","contentUrl":"https:\/\/testwebsite.citygame.com\/wp-content\/blogs.dir\/1\/files\/sites\/62\/2025\/10\/CG_LOGO-City-Game.png","width":351,"height":377,"caption":"City Game"}]}},"taxonomy_info":{"game-concept":[{"value":768,"label":"Sherlock"}],"location":[{"value":123,"label":"Ciudad Juarez"}],"product_cat":[{"value":27,"label":"Geen categorie"}]},"featured_image_src_large":["https:\/\/testwebsite.citygame.com\/wp-content\/blogs.dir\/1\/files\/sites\/62\/2026\/02\/group-of-friends-playing-city-game-ciudad-juarez-1024x585.jpg",1024,585,true],"author_info":[],"comment_info":"","_links":{"self":[{"href":"https:\/\/testwebsite.citygame.com\/cs\/wp-json\/wp\/v2\/product\/57410","targetHints":{"allow":["GET"]}}],"collection":[{"href":"https:\/\/testwebsite.citygame.com\/cs\/wp-json\/wp\/v2\/product"}],"about":[{"href":"https:\/\/testwebsite.citygame.com\/cs\/wp-json\/wp\/v2\/types\/product"}],"acf:post":[{"embeddable":true,"href":"https:\/\/testwebsite.citygame.com\/cs\/wp-json\/wp\/v2\/pages\/6450"}],"wp:featuredmedia":[{"embeddable":true,"href":"https:\/\/testwebsite.citygame.com\/cs\/wp-json\/wp\/v2\/media\/10378"}],"wp:attachment":[{"href":"https:\/\/testwebsite.citygame.com\/cs\/wp-json\/wp\/v2\/media?parent=57410"}],"wp:term":[{"taxonomy":"game-concept","embeddable":true,"href":"https:\/\/testwebsite.citygame.com\/cs\/wp-json\/wp\/v2\/game-concept?post=57410"},{"taxonomy":"location","embeddable":true,"href":"https:\/\/testwebsite.citygame.com\/cs\/wp-json\/wp\/v2\/location?post=57410"},{"taxonomy":"product_brand","embeddable":true,"href":"https:\/\/testwebsite.citygame.com\/cs\/wp-json\/wp\/v2\/product_brand?post=57410"},{"taxonomy":"product_cat","embeddable":true,"href":"https:\/\/testwebsite.citygame.com\/cs\/wp-json\/wp\/v2\/product_cat?post=57410"},{"taxonomy":"product_tag","embeddable":true,"href":"https:\/\/testwebsite.citygame.com\/cs\/wp-json\/wp\/v2\/product_tag?post=57410"}],"curies":[{"name":"wp","href":"https:\/\/api.w.org\/{rel}","templated":true}]}}