{"id":57403,"date":"2026-02-10T21:33:04","date_gmt":"2026-02-10T21:33:04","guid":{"rendered":"https:\/\/testwebsite.citygame.com\/games\/unknown-location\/sherlock-holmes-chisinau\/"},"modified":"2026-04-08T00:25:07","modified_gmt":"2026-04-08T00:25:07","slug":"sherlock-holmes-chisinau","status":"publish","type":"product","link":"https:\/\/testwebsite.citygame.com\/cs\/games\/chisinau\/sherlock-holmes-chisinau\/","title":{"rendered":"Sherlock Holmes Chisinau"},"content":{"rendered":"<p>Vstupte do sv\u011bta Sherlocka Holmese v centru Ki\u0161in\u011bva, kde na v\u00e1s \u010dek\u00e1 samostatn\u011b veden\u00e1, p\u0159\u00edb\u011bhem poh\u00e1n\u011bn\u00e1 detektivn\u00ed m\u011bstsk\u00e1 hra s vra\u017edou. Jako\u017eto aspiruj\u00edc\u00ed detektivov\u00e9 se hr\u00e1\u010di pohybuj\u00ed po m\u011bstsk\u00e9 krajin\u011b, odkr\u00fdvaj\u00ed stopy, \u0159e\u0161\u00ed slo\u017eit\u00e9 h\u00e1danky a vysl\u00fdchaj\u00ed digit\u00e1ln\u00ed podez\u0159el\u00e9, aby rozlu\u0161tili zlo\u010din, kter\u00fd se stal b\u011bhem festivalu svobody Liberty Festival. S rozv\u00edjej\u00edc\u00edm se p\u0159\u00edb\u011bhem, kter\u00fd v\u00e1s vede, m\u016f\u017eete objevovat sv\u00fdm vlastn\u00edm tempem a pono\u0159it se do nap\u00ednav\u00e9ho vy\u0161et\u0159ov\u00e1n\u00ed inspirovan\u00e9ho Holmesov\u00fdmi legend\u00e1rn\u00edmi metodami.<\/p>\n","protected":false},"excerpt":{"rendered":"<p>V\u017eijte se do fascinuj\u00edc\u00ed role Sherlocka Holmese a pono\u0159te se do samostatn\u011b veden\u00e9 z\u00e1hady vra\u017edy zasazen\u00e9 do srdce Ki\u0161in\u011bva. Sledujte zneklid\u0148uj\u00edc\u00ed stopy, rozlu\u0161t\u011bte ohromuj\u00edc\u00ed h\u00e1danky a se sv\u00fdm t\u00fdmem poskl\u00e1dejte pravdu dohromady uprost\u0159ed tikaj\u00edc\u00edch hodin m\u011bstsk\u00e9 z\u00e1hady!<\/p>\n","protected":false},"featured_media":12109,"template":"","meta":{"_acf_changed":false,"_yoast_wpseo_focuskw":"Sherlock Holmes Chisinau","_yoast_wpseo_metadesc":"Sherlock Holmes Chisinau. Zahrajte si samostatn\u011b vedenou m\u011bstskou hru s detektivn\u00ed z\u00e1hadou, \u0159e\u0161te h\u00e1danky, sledujte stopy a odhalte vraha sv\u00fdm vlastn\u00edm tempem!","_kad_blocks_custom_css":"","_kad_blocks_head_custom_js":"","_kad_blocks_body_custom_js":"","_kad_blocks_footer_custom_js":"","ghostkit_customizer_options":"","ghostkit_custom_css":"","ghostkit_custom_js_head":"","ghostkit_custom_js_foot":"","ghostkit_typography":"","_kad_post_transparent":"","_kad_post_title":"","_kad_post_layout":"","_kad_post_sidebar_id":"","_kad_post_content_style":"","_kad_post_vertical_padding":"","_kad_post_feature":"","_kad_post_feature_position":"","_kad_post_header":false,"_kad_post_footer":false,"_kad_post_classname":"","_links_to":"","_links_to_target":""},"game-concept":[768],"location":[120],"product_brand":[],"product_cat":[27],"product_tag":[],"class_list":{"0":"post-57403","1":"product","2":"type-product","3":"status-publish","4":"has-post-thumbnail","6":"game-concept-sherlock","7":"location-chisinau","8":"product_cat-geen-categorie","10":"first","11":"instock","12":"shipping-taxable","13":"purchasable","14":"product-type-simple","15":"entry","16":"content-bg","17":"loop-entry"},"acf":{"full_bokun_product_name":"Chisinau Self-Guided Sherlock Holmes Murder Mystery Game","location_name":"Chisinau","bokun_calendar_widget_code":"<script type=\"text\/javascript\" src=\"https:\/\/widgets.bokun.io\/assets\/javascripts\/apps\/build\/BokunWidgetsLoader.js?bookingChannelUUID=a1e93e96-5232-4734-a595-28405f4b5a31\" async><\/script>\n     \n    <div class=\"bokunWidget\" data-src=\"https:\/\/widgets.bokun.io\/online-sales\/a1e93e96-5232-4734-a595-28405f4b5a31\/experience-calendar\/771636\"><\/div>\n    <noscript>Please enable javascript in your browser to book<\/noscript>","bokun_button_widget_code":"<script type=\"text\/javascript\" src=\"https:\/\/widgets.bokun.io\/assets\/javascripts\/apps\/build\/BokunWidgetsLoader.js?bookingChannelUUID=a1e93e96-5232-4734-a595-28405f4b5a31\" async><\/script>\n      <style> #bokun_ed001e45_5927_4f62_b470_ca766338d083 { display: inline-block; padding: .4em 1em; background: #47b82e; border-radius: 999999px; box-shadow: none; font-weight: 600; font-size: 24px; text-decoration: none; text-align: center; color: #FFFFFF; border:none; cursor: pointer; transition: background .2s ease; } #bokun_ed001e45_5927_4f62_b470_ca766338d083:hover{ background: #2f7b1f; } #bokun_ed001e45_5927_4f62_b470_ca766338d083:active{ background: #378f24; } <\/style> <button class=\"bokunButton\" disabled id=bokun_ed001e45_5927_4f62_b470_ca766338d083 data-src=\"https:\/\/widgets.bokun.io\/online-sales\/a1e93e96-5232-4734-a595-28405f4b5a31\/experience-calendar\/771636?partialView=1\" data-testid=\"widget-book-button\" > Book now <\/button> ","what_you\u2019ll_experience_during_the_game":"Vstupte do strhuj\u00edc\u00edho detektivn\u00edho p\u0159\u00edb\u011bhu zasazen\u00e9ho do Ki\u0161in\u011bva, kde nic nen\u00ed tak, jak se zd\u00e1, a pravda \u010dek\u00e1 ve st\u00ednech. Jak se prod\u00edr\u00e1te ulicemi m\u011bsta, z\u00e1hada se s ka\u017ed\u00fdm krokem prohlubuje. Budete odkr\u00fdvat skryt\u00e9 stopy, \u0159e\u0161it slo\u017eit\u00e9 h\u00e1danky a \u010delit ne\u010dekan\u00fdm zvrat\u016fm, zat\u00edmco se vy\u0161et\u0159ov\u00e1n\u00ed odv\u00edj\u00ed v re\u00e1ln\u00e9m \u010dase. Vysl\u00fdchejte digit\u00e1ln\u00ed podez\u0159el\u00e9, zkoumejte jejich v\u00fdpov\u011bdi a analyzujte alibi, abyste odhalili rozpory, kter\u00e9 by v\u00e1s mohly p\u0159iv\u00e9st bl\u00ed\u017e k vrahovi.\n\nVa\u0161\u00edm \u00fakolem je odhalit pravdu za vra\u017edou, kter\u00e1 se stala b\u011bhem festivalu svobody Liberty Festival \u2014 ale ka\u017ed\u00e1 odpov\u011b\u010f vyvol\u00e1v\u00e1 nov\u00e9 ot\u00e1zky. Cel\u00fd z\u00e1\u017eitek je \u0159\u00edzen p\u0159\u00edb\u011bhem a vy\u017eaduje va\u0161e nejost\u0159ej\u0161\u00ed pozorov\u00e1n\u00ed, logick\u00e9 dedukce a bystr\u00e9 kritick\u00e9 my\u0161len\u00ed. M\u016f\u017eete kdykoli pozastavit, zamyslet se nad sv\u00fdmi zji\u0161t\u011bn\u00edmi a pokra\u010dovat, a\u017e budete p\u0159ipraveni. Pokud pracujete v t\u00fdmu, m\u016f\u017eete dokonce sout\u011b\u017eit o nejrychlej\u0161\u00ed \u0159e\u0161en\u00ed, ale a\u0165 u\u017e sami nebo s ostatn\u00edmi, z\u00e1hadu v Ki\u0161in\u011bv\u011b je na v\u00e1s vy\u0159e\u0161it.","how_to_play":"Pracujte sami nebo s p\u0159\u00e1teli, rodinou \u010di kolegy v t\u00fdmech a\u017e po \u010dty\u0159ech osob\u00e1ch na jedno za\u0159\u00edzen\u00ed. Po rezervaci obdr\u017e\u00edte e-mail s instrukcemi, kter\u00fd obsahuje v\u0161e, co pot\u0159ebujete.","start_location":"Chisinau, Catedrala Mitropolitan\u0103 Na\u0219terea Domnului","available_languages":["en","es","fr","de","it","nl"],"players_per_group":"1-4","duration":"1.5-2 hours","image_overlay_color_image":"https:\/\/testwebsite.citygame.com\/wp-content\/blogs.dir\/1\/files\/sites\/62\/2026\/01\/SherlockColor.svg","image_overlay_game_logo":"https:\/\/testwebsite.citygame.com\/wp-content\/blogs.dir\/1\/files\/sites\/62\/2026\/01\/SherlockLogo.png","city_page":12107,"woocommerce_general_content":null},"yoast_head":"<!-- This site is optimized with the Yoast SEO Premium plugin v26.2 (Yoast SEO v26.3) - https:\/\/yoast.com\/wordpress\/plugins\/seo\/ -->\n<title>Sherlock Holmes Chisinau - City Game<\/title>\n<meta name=\"description\" content=\"Sherlock Holmes Chisinau. Zahrajte si samostatn\u011b vedenou m\u011bstskou hru s detektivn\u00ed z\u00e1hadou, \u0159e\u0161te h\u00e1danky, sledujte stopy a odhalte vraha sv\u00fdm vlastn\u00edm tempem!\" \/>\n<meta name=\"robots\" content=\"noindex, follow, max-snippet:-1, max-image-preview:large, max-video-preview:-1\" \/>\n<meta property=\"og:locale\" content=\"cs_CZ\" \/>\n<meta property=\"og:type\" content=\"article\" \/>\n<meta property=\"og:title\" content=\"Sherlock Holmes Chisinau\" \/>\n<meta property=\"og:description\" content=\"Sherlock Holmes Chisinau. Zahrajte si samostatn\u011b vedenou m\u011bstskou hru s detektivn\u00ed z\u00e1hadou, \u0159e\u0161te h\u00e1danky, sledujte stopy a odhalte vraha sv\u00fdm vlastn\u00edm tempem!\" \/>\n<meta property=\"og:url\" content=\"https:\/\/testwebsite.citygame.com\/cs\/games\/chisinau\/sherlock-holmes-chisinau\/\" \/>\n<meta property=\"og:site_name\" content=\"City Game\" \/>\n<meta property=\"article:publisher\" content=\"https:\/\/www.facebook.com\/profile.php?id=100086426226253\" \/>\n<meta property=\"article:modified_time\" content=\"2026-04-08T00:25:07+00:00\" \/>\n<meta property=\"og:image\" content=\"https:\/\/testwebsite.citygame.com\/wp-content\/blogs.dir\/1\/files\/sites\/62\/2026\/02\/woman-playing-sherlock-city-game-on-phone-in-chisinau.jpg\" \/>\n\t<meta property=\"og:image:width\" content=\"1344\" \/>\n\t<meta property=\"og:image:height\" content=\"768\" \/>\n\t<meta property=\"og:image:type\" content=\"image\/jpeg\" \/>\n<meta name=\"twitter:card\" content=\"summary_large_image\" \/>\n<meta name=\"twitter:label1\" content=\"Odhadovan\u00e1 doba \u010dten\u00ed\" \/>\n\t<meta name=\"twitter:data1\" content=\"1 minuta\" \/>\n<script type=\"application\/ld+json\" class=\"yoast-schema-graph\">{\"@context\":\"https:\/\/schema.org\",\"@graph\":[{\"@type\":\"WebPage\",\"@id\":\"https:\/\/testwebsite.citygame.com\/cs\/games\/chisinau\/sherlock-holmes-chisinau\/\",\"url\":\"https:\/\/testwebsite.citygame.com\/cs\/games\/chisinau\/sherlock-holmes-chisinau\/\",\"name\":\"Sherlock Holmes Chisinau - City Game\",\"isPartOf\":{\"@id\":\"https:\/\/testwebsite.upevents.nl\/#website\"},\"primaryImageOfPage\":{\"@id\":\"https:\/\/testwebsite.citygame.com\/cs\/games\/chisinau\/sherlock-holmes-chisinau\/#primaryimage\"},\"image\":{\"@id\":\"https:\/\/testwebsite.citygame.com\/cs\/games\/chisinau\/sherlock-holmes-chisinau\/#primaryimage\"},\"thumbnailUrl\":\"https:\/\/testwebsite.citygame.com\/wp-content\/blogs.dir\/1\/files\/sites\/62\/2026\/02\/woman-playing-sherlock-city-game-on-phone-in-chisinau.jpg\",\"datePublished\":\"2026-02-10T21:33:04+00:00\",\"dateModified\":\"2026-04-08T00:25:07+00:00\",\"description\":\"Sherlock Holmes Chisinau. Zahrajte si samostatn\u011b vedenou m\u011bstskou hru s detektivn\u00ed z\u00e1hadou, \u0159e\u0161te h\u00e1danky, sledujte stopy a odhalte vraha sv\u00fdm vlastn\u00edm tempem!\",\"breadcrumb\":{\"@id\":\"https:\/\/testwebsite.citygame.com\/cs\/games\/chisinau\/sherlock-holmes-chisinau\/#breadcrumb\"},\"inLanguage\":\"cs\",\"potentialAction\":[{\"@type\":\"ReadAction\",\"target\":[\"https:\/\/testwebsite.citygame.com\/cs\/games\/chisinau\/sherlock-holmes-chisinau\/\"]}]},{\"@type\":\"ImageObject\",\"inLanguage\":\"cs\",\"@id\":\"https:\/\/testwebsite.citygame.com\/cs\/games\/chisinau\/sherlock-holmes-chisinau\/#primaryimage\",\"url\":\"https:\/\/testwebsite.citygame.com\/wp-content\/blogs.dir\/1\/files\/sites\/62\/2026\/02\/woman-playing-sherlock-city-game-on-phone-in-chisinau.jpg\",\"contentUrl\":\"https:\/\/testwebsite.citygame.com\/wp-content\/blogs.dir\/1\/files\/sites\/62\/2026\/02\/woman-playing-sherlock-city-game-on-phone-in-chisinau.jpg\",\"width\":1344,\"height\":768,\"caption\":\"A player explores the streets of Chisinau while solving challenges on her smartphone.\"},{\"@type\":\"BreadcrumbList\",\"@id\":\"https:\/\/testwebsite.citygame.com\/cs\/games\/chisinau\/sherlock-holmes-chisinau\/#breadcrumb\",\"itemListElement\":[{\"@type\":\"ListItem\",\"position\":1,\"name\":\"Home\",\"item\":\"https:\/\/testwebsite.citygame.com\/cs\/\"},{\"@type\":\"ListItem\",\"position\":2,\"name\":\"Shop\",\"item\":\"https:\/\/testwebsite.citygame.com\/shop\/\"},{\"@type\":\"ListItem\",\"position\":3,\"name\":\"Sherlock Holmes Chisinau\"}]},{\"@type\":\"WebSite\",\"@id\":\"https:\/\/testwebsite.upevents.nl\/#website\",\"url\":\"https:\/\/testwebsite.upevents.nl\/\",\"name\":\"City Game\",\"description\":\"\",\"publisher\":{\"@id\":\"https:\/\/testwebsite.upevents.nl\/#organization\"},\"alternateName\":\"citygame.com\",\"potentialAction\":[{\"@type\":\"SearchAction\",\"target\":{\"@type\":\"EntryPoint\",\"urlTemplate\":\"https:\/\/testwebsite.upevents.nl\/?s={search_term_string}\"},\"query-input\":{\"@type\":\"PropertyValueSpecification\",\"valueRequired\":true,\"valueName\":\"search_term_string\"}}],\"inLanguage\":\"cs\"},{\"@type\":[\"Organization\",\"Place\"],\"@id\":\"https:\/\/testwebsite.upevents.nl\/#organization\",\"name\":\"City Game\",\"alternateName\":\"citygame.com\",\"url\":\"https:\/\/testwebsite.upevents.nl\/\",\"logo\":{\"@id\":\"https:\/\/testwebsite.citygame.com\/cs\/games\/chisinau\/sherlock-holmes-chisinau\/#local-main-organization-logo\"},\"image\":{\"@id\":\"https:\/\/testwebsite.citygame.com\/cs\/games\/chisinau\/sherlock-holmes-chisinau\/#local-main-organization-logo\"},\"sameAs\":[\"https:\/\/www.facebook.com\/profile.php?id=100086426226253\",\"https:\/\/www.instagram.com\/citygame_com\",\"https:\/\/www.tiktok.com\/@citygamecom\/\",\"https:\/\/www.linkedin.com\/company\/citygame-com\"],\"description\":\"Turn any city into a playground with our interactive City Games and self-guided tours. Fun, flexible, and ideal for groups and team building.\",\"telephone\":[],\"openingHoursSpecification\":[{\"@type\":\"OpeningHoursSpecification\",\"dayOfWeek\":[\"Monday\",\"Tuesday\",\"Wednesday\",\"Thursday\",\"Friday\",\"Saturday\",\"Sunday\"],\"opens\":\"09:00\",\"closes\":\"17:00\"}]},{\"@type\":\"ImageObject\",\"inLanguage\":\"cs\",\"@id\":\"https:\/\/testwebsite.citygame.com\/cs\/games\/chisinau\/sherlock-holmes-chisinau\/#local-main-organization-logo\",\"url\":\"https:\/\/testwebsite.citygame.com\/wp-content\/blogs.dir\/1\/files\/sites\/62\/2025\/10\/CG_LOGO-City-Game.png\",\"contentUrl\":\"https:\/\/testwebsite.citygame.com\/wp-content\/blogs.dir\/1\/files\/sites\/62\/2025\/10\/CG_LOGO-City-Game.png\",\"width\":351,\"height\":377,\"caption\":\"City Game\"}]}<\/script>\n<!-- \/ Yoast SEO Premium plugin. -->","yoast_head_json":{"title":"Sherlock Holmes Chisinau - City Game","description":"Sherlock Holmes Chisinau. Zahrajte si samostatn\u011b vedenou m\u011bstskou hru s detektivn\u00ed z\u00e1hadou, \u0159e\u0161te h\u00e1danky, sledujte stopy a odhalte vraha sv\u00fdm vlastn\u00edm tempem!","robots":{"index":"noindex","follow":"follow","max-snippet":"max-snippet:-1","max-image-preview":"max-image-preview:large","max-video-preview":"max-video-preview:-1"},"og_locale":"cs_CZ","og_type":"article","og_title":"Sherlock Holmes Chisinau","og_description":"Sherlock Holmes Chisinau. Zahrajte si samostatn\u011b vedenou m\u011bstskou hru s detektivn\u00ed z\u00e1hadou, \u0159e\u0161te h\u00e1danky, sledujte stopy a odhalte vraha sv\u00fdm vlastn\u00edm tempem!","og_url":"https:\/\/testwebsite.citygame.com\/cs\/games\/chisinau\/sherlock-holmes-chisinau\/","og_site_name":"City Game","article_publisher":"https:\/\/www.facebook.com\/profile.php?id=100086426226253","article_modified_time":"2026-04-08T00:25:07+00:00","og_image":[{"width":1344,"height":768,"url":"https:\/\/testwebsite.citygame.com\/wp-content\/blogs.dir\/1\/files\/sites\/62\/2026\/02\/woman-playing-sherlock-city-game-on-phone-in-chisinau.jpg","type":"image\/jpeg"}],"twitter_card":"summary_large_image","twitter_misc":{"Odhadovan\u00e1 doba \u010dten\u00ed":"1 minuta"},"schema":{"@context":"https:\/\/schema.org","@graph":[{"@type":"WebPage","@id":"https:\/\/testwebsite.citygame.com\/cs\/games\/chisinau\/sherlock-holmes-chisinau\/","url":"https:\/\/testwebsite.citygame.com\/cs\/games\/chisinau\/sherlock-holmes-chisinau\/","name":"Sherlock Holmes Chisinau - City Game","isPartOf":{"@id":"https:\/\/testwebsite.upevents.nl\/#website"},"primaryImageOfPage":{"@id":"https:\/\/testwebsite.citygame.com\/cs\/games\/chisinau\/sherlock-holmes-chisinau\/#primaryimage"},"image":{"@id":"https:\/\/testwebsite.citygame.com\/cs\/games\/chisinau\/sherlock-holmes-chisinau\/#primaryimage"},"thumbnailUrl":"https:\/\/testwebsite.citygame.com\/wp-content\/blogs.dir\/1\/files\/sites\/62\/2026\/02\/woman-playing-sherlock-city-game-on-phone-in-chisinau.jpg","datePublished":"2026-02-10T21:33:04+00:00","dateModified":"2026-04-08T00:25:07+00:00","description":"Sherlock Holmes Chisinau. Zahrajte si samostatn\u011b vedenou m\u011bstskou hru s detektivn\u00ed z\u00e1hadou, \u0159e\u0161te h\u00e1danky, sledujte stopy a odhalte vraha sv\u00fdm vlastn\u00edm tempem!","breadcrumb":{"@id":"https:\/\/testwebsite.citygame.com\/cs\/games\/chisinau\/sherlock-holmes-chisinau\/#breadcrumb"},"inLanguage":"cs","potentialAction":[{"@type":"ReadAction","target":["https:\/\/testwebsite.citygame.com\/cs\/games\/chisinau\/sherlock-holmes-chisinau\/"]}]},{"@type":"ImageObject","inLanguage":"cs","@id":"https:\/\/testwebsite.citygame.com\/cs\/games\/chisinau\/sherlock-holmes-chisinau\/#primaryimage","url":"https:\/\/testwebsite.citygame.com\/wp-content\/blogs.dir\/1\/files\/sites\/62\/2026\/02\/woman-playing-sherlock-city-game-on-phone-in-chisinau.jpg","contentUrl":"https:\/\/testwebsite.citygame.com\/wp-content\/blogs.dir\/1\/files\/sites\/62\/2026\/02\/woman-playing-sherlock-city-game-on-phone-in-chisinau.jpg","width":1344,"height":768,"caption":"A player explores the streets of Chisinau while solving challenges on her smartphone."},{"@type":"BreadcrumbList","@id":"https:\/\/testwebsite.citygame.com\/cs\/games\/chisinau\/sherlock-holmes-chisinau\/#breadcrumb","itemListElement":[{"@type":"ListItem","position":1,"name":"Home","item":"https:\/\/testwebsite.citygame.com\/cs\/"},{"@type":"ListItem","position":2,"name":"Shop","item":"https:\/\/testwebsite.citygame.com\/shop\/"},{"@type":"ListItem","position":3,"name":"Sherlock Holmes Chisinau"}]},{"@type":"WebSite","@id":"https:\/\/testwebsite.upevents.nl\/#website","url":"https:\/\/testwebsite.upevents.nl\/","name":"City Game","description":"","publisher":{"@id":"https:\/\/testwebsite.upevents.nl\/#organization"},"alternateName":"citygame.com","potentialAction":[{"@type":"SearchAction","target":{"@type":"EntryPoint","urlTemplate":"https:\/\/testwebsite.upevents.nl\/?s={search_term_string}"},"query-input":{"@type":"PropertyValueSpecification","valueRequired":true,"valueName":"search_term_string"}}],"inLanguage":"cs"},{"@type":["Organization","Place"],"@id":"https:\/\/testwebsite.upevents.nl\/#organization","name":"City Game","alternateName":"citygame.com","url":"https:\/\/testwebsite.upevents.nl\/","logo":{"@id":"https:\/\/testwebsite.citygame.com\/cs\/games\/chisinau\/sherlock-holmes-chisinau\/#local-main-organization-logo"},"image":{"@id":"https:\/\/testwebsite.citygame.com\/cs\/games\/chisinau\/sherlock-holmes-chisinau\/#local-main-organization-logo"},"sameAs":["https:\/\/www.facebook.com\/profile.php?id=100086426226253","https:\/\/www.instagram.com\/citygame_com","https:\/\/www.tiktok.com\/@citygamecom\/","https:\/\/www.linkedin.com\/company\/citygame-com"],"description":"Turn any city into a playground with our interactive City Games and self-guided tours. Fun, flexible, and ideal for groups and team building.","telephone":[],"openingHoursSpecification":[{"@type":"OpeningHoursSpecification","dayOfWeek":["Monday","Tuesday","Wednesday","Thursday","Friday","Saturday","Sunday"],"opens":"09:00","closes":"17:00"}]},{"@type":"ImageObject","inLanguage":"cs","@id":"https:\/\/testwebsite.citygame.com\/cs\/games\/chisinau\/sherlock-holmes-chisinau\/#local-main-organization-logo","url":"https:\/\/testwebsite.citygame.com\/wp-content\/blogs.dir\/1\/files\/sites\/62\/2025\/10\/CG_LOGO-City-Game.png","contentUrl":"https:\/\/testwebsite.citygame.com\/wp-content\/blogs.dir\/1\/files\/sites\/62\/2025\/10\/CG_LOGO-City-Game.png","width":351,"height":377,"caption":"City Game"}]}},"taxonomy_info":{"game-concept":[{"value":768,"label":"Sherlock"}],"location":[{"value":120,"label":"Chisinau"}],"product_cat":[{"value":27,"label":"Geen categorie"}]},"featured_image_src_large":["https:\/\/testwebsite.citygame.com\/wp-content\/blogs.dir\/1\/files\/sites\/62\/2026\/02\/woman-playing-sherlock-city-game-on-phone-in-chisinau-1024x585.jpg",1024,585,true],"author_info":[],"comment_info":"","_links":{"self":[{"href":"https:\/\/testwebsite.citygame.com\/cs\/wp-json\/wp\/v2\/product\/57403","targetHints":{"allow":["GET"]}}],"collection":[{"href":"https:\/\/testwebsite.citygame.com\/cs\/wp-json\/wp\/v2\/product"}],"about":[{"href":"https:\/\/testwebsite.citygame.com\/cs\/wp-json\/wp\/v2\/types\/product"}],"acf:post":[{"embeddable":true,"href":"https:\/\/testwebsite.citygame.com\/cs\/wp-json\/wp\/v2\/pages\/12107"}],"wp:featuredmedia":[{"embeddable":true,"href":"https:\/\/testwebsite.citygame.com\/cs\/wp-json\/wp\/v2\/media\/12109"}],"wp:attachment":[{"href":"https:\/\/testwebsite.citygame.com\/cs\/wp-json\/wp\/v2\/media?parent=57403"}],"wp:term":[{"taxonomy":"game-concept","embeddable":true,"href":"https:\/\/testwebsite.citygame.com\/cs\/wp-json\/wp\/v2\/game-concept?post=57403"},{"taxonomy":"location","embeddable":true,"href":"https:\/\/testwebsite.citygame.com\/cs\/wp-json\/wp\/v2\/location?post=57403"},{"taxonomy":"product_brand","embeddable":true,"href":"https:\/\/testwebsite.citygame.com\/cs\/wp-json\/wp\/v2\/product_brand?post=57403"},{"taxonomy":"product_cat","embeddable":true,"href":"https:\/\/testwebsite.citygame.com\/cs\/wp-json\/wp\/v2\/product_cat?post=57403"},{"taxonomy":"product_tag","embeddable":true,"href":"https:\/\/testwebsite.citygame.com\/cs\/wp-json\/wp\/v2\/product_tag?post=57403"}],"curies":[{"name":"wp","href":"https:\/\/api.w.org\/{rel}","templated":true}]}}