{"id":55126,"date":"2026-02-26T15:20:30","date_gmt":"2026-02-26T15:20:30","guid":{"rendered":"https:\/\/testwebsite.citygame.com\/games\/unknown-location\/secrets-of-lisbon\/"},"modified":"2026-04-07T20:13:17","modified_gmt":"2026-04-07T20:13:17","slug":"secrets-of-lisbon","status":"publish","type":"product","link":"https:\/\/testwebsite.citygame.com\/cs\/games\/lisbon\/secrets-of-lisbon\/","title":{"rendered":"Secrets of Lisbon"},"content":{"rendered":"<p>Vydejte se na samostatnou, GPS-zalo\u017eenou pr\u016fzkumnou hru v historick\u00e9m centru Lisabonu s na\u0161\u00ed hrou City Game Lisbon. Pomoc\u00ed chytr\u00e9ho telefonu se budete pohybovat okouzluj\u00edc\u00edmi ulicemi m\u011bsta, \u0159e\u0161it h\u00e1danky, r\u00e9busy a zapojovat se do fotografick\u00fdch v\u00fdzev, kter\u00e9 odhal\u00ed bohatou historii, jedine\u010dnou kulturu a skryt\u00e9 zvl\u00e1\u0161tnosti Lisabonu. Tato pohlcuj\u00edc\u00ed hra je navr\u017eena pro ka\u017ed\u00e9ho \u2013 stejn\u011b tak oslov\u00ed n\u00e1v\u0161t\u011bvn\u00edky dycht\u00edc\u00ed po objeven\u00ed nezn\u00e1m\u00fdch z\u00e1kout\u00ed Lisabonu i m\u00edstn\u00ed, kte\u0159\u00ed cht\u011bj\u00ed znovu objevit sv\u00e9 n\u00e1dhern\u00e9 m\u011bsto. A\u0165 u\u017e jste s\u00f3lov\u00fd pr\u016fzkumn\u00edk nebo ve spole\u010dnosti sv\u00fdch obl\u00edben\u00fdch lid\u00ed \u2013 a\u0165 u\u017e je to v\u00e1\u0161 partner, rodina nebo skupina p\u0159\u00e1tel, City Game Lisbon zaru\u010duje z\u00e1bavn\u00fd a pou\u010dn\u00fd z\u00e1\u017eitek pro v\u0161echny.<\/p>\n","protected":false},"excerpt":{"rendered":"<p>Rozpoutejte legend\u00e1rn\u00edho ducha Lisabonu! Prozkoumejte sluncem zalit\u00e9 ulice a oce\u00e1nem pol\u00edben\u00e1 n\u00e1m\u011bst\u00ed, p\u0159ipojte se k v\u00fdprav\u011b Vasco da Gamy, abyste z\u00edskali zp\u011bt kompas, kter\u00fd n\u00e1sleduje skute\u010dn\u00e9 touhy srdce, p\u0159i\u010dem\u017e ka\u017ed\u00e1 stopa v\u00e1s vt\u00e1hne do \u017eiv\u00e9 sm\u011bsice historie a \u017eivota m\u011bsta!<\/p>\n","protected":false},"featured_media":16132,"template":"","meta":{"_acf_changed":false,"_yoast_wpseo_focuskw":"Secrets of Lisbon","_yoast_wpseo_metadesc":"Secrets of Lisbon. Zahrajte si samostatnou hru City Game a prozkoumejte m\u011bsto prost\u0159ednictv\u00edm h\u00e1danek, r\u00e9bus\u016f a v\u00fdzev. Hrajte vlastn\u00edm tempem a objevujte jako m\u00edstn\u00ed!","_kad_blocks_custom_css":"","_kad_blocks_head_custom_js":"","_kad_blocks_body_custom_js":"","_kad_blocks_footer_custom_js":"","ghostkit_customizer_options":"","ghostkit_custom_css":"","ghostkit_custom_js_head":"","ghostkit_custom_js_foot":"","ghostkit_typography":"","_kad_post_transparent":"default","_kad_post_title":"","_kad_post_layout":"default","_kad_post_sidebar_id":"","_kad_post_content_style":"default","_kad_post_vertical_padding":"default","_kad_post_feature":"","_kad_post_feature_position":"","_kad_post_header":false,"_kad_post_footer":false,"_kad_post_classname":"","_links_to":"","_links_to_target":""},"game-concept":[707],"location":[245],"product_brand":[],"product_cat":[27],"product_tag":[],"class_list":{"0":"post-55126","1":"product","2":"type-product","3":"status-publish","4":"has-post-thumbnail","6":"game-concept-secrets","7":"location-lisbon","8":"product_cat-geen-categorie","10":"first","11":"instock","12":"shipping-taxable","13":"purchasable","14":"product-type-simple","15":"entry","16":"content-bg","17":"loop-entry"},"acf":{"full_bokun_product_name":"Self-Guided Secrets of Lisbon Exploration Game","location_name":"Lisbon","bokun_calendar_widget_code":"<script type=\"text\/javascript\" src=\"https:\/\/widgets.bokun.io\/assets\/javascripts\/apps\/build\/BokunWidgetsLoader.js?bookingChannelUUID=a1e93e96-5232-4734-a595-28405f4b5a31\" async><\/script>\n     \n    <div class=\"bokunWidget\" data-src=\"https:\/\/widgets.bokun.io\/online-sales\/a1e93e96-5232-4734-a595-28405f4b5a31\/experience-calendar\/924234\"><\/div>\n    <noscript>Please enable javascript in your browser to book<\/noscript>","bokun_button_widget_code":"<script type=\"text\/javascript\" src=\"https:\/\/widgets.bokun.io\/assets\/javascripts\/apps\/build\/BokunWidgetsLoader.js?bookingChannelUUID=a1e93e96-5232-4734-a595-28405f4b5a31\" async><\/script>\n      <style> #bokun_ed001e45_5927_4f62_b470_ca766338d083 { display: inline-block; padding: .4em 1em; background: #47b82e; border-radius: 999999px; box-shadow: none; font-weight: 600; font-size: 24px; text-decoration: none; text-align: center; color: #FFFFFF; border:none; cursor: pointer; transition: background .2s ease; } #bokun_ed001e45_5927_4f62_b470_ca766338d083:hover{ background: #2f7b1f; } #bokun_ed001e45_5927_4f62_b470_ca766338d083:active{ background: #378f24; } <\/style> <button class=\"bokunButton\" disabled id=bokun_ed001e45_5927_4f62_b470_ca766338d083 data-src=\"https:\/\/widgets.bokun.io\/online-sales\/a1e93e96-5232-4734-a595-28405f4b5a31\/experience-calendar\/924234?partialView=1\" data-testid=\"widget-book-button\" > Book now <\/button> ","what_you\u2019ll_experience_during_the_game":"Za\u017eijte Lisabon zcela nov\u00fdm zp\u016fsobem prost\u0159ednictv\u00edm na\u0161\u00ed poutav\u00e9 a interaktivn\u00ed hry City Game. Ka\u017ed\u00e9 hran\u00ed kombinuje nejen vzru\u0161en\u00ed z objevov\u00e1n\u00ed, ale tak\u00e9 nap\u011bt\u00ed z \u0159e\u0161en\u00ed h\u00e1danek a v\u00fdzev. Jak se budete prod\u00edrat ikonick\u00fdm obloukem Rua Augusta Arch, pono\u0159\u00edte se do atmosf\u00e9ry tr\u017en\u00edho n\u00e1m\u011bst\u00ed u Historic Tram Viewpoint a vkro\u010d\u00edte na \u017eivou Pink Street, \u010dek\u00e1 na v\u00e1s tak\u00e9 nespo\u010det m\u00e9n\u011b zn\u00e1m\u00fdch m\u00edst po cel\u00e9m Lisabonu, z nich\u017e ka\u017ed\u00e9 odhaluje \u010d\u00e1sti pohlcuj\u00edc\u00edho p\u0159\u00edb\u011bhu, kter\u00fd definuje tuto pr\u016fzkumnou hru.\r\n\r\n\u0158e\u0161en\u00edm h\u00e1danek a \u00fa\u010dast\u00ed v kreativn\u00edch fotografick\u00fdch v\u00fdzv\u00e1ch odhal\u00edte tajemstv\u00ed Lisabonu. Tento poutav\u00fd proces v\u00e1m pom\u016f\u017ee z\u00edsk\u00e1vat body, odemykat u\u017eite\u010dn\u00e9 n\u00e1pov\u011bdy a postupovat k vy\u0159e\u0161en\u00ed z\u00e1v\u011bre\u010dn\u00e9 z\u00e1hady, kterou Lisabon skr\u00fdv\u00e1. Hru lze kdykoli pozastavit a obnovit, co\u017e v\u00e1m umo\u017en\u00ed v klidu nas\u00e1vat pam\u00e1tky a zvuky m\u00edst, jako jsou Waterfront Fish Spot a City Stairway. Pro sout\u011b\u017eiv\u00e9 jedince slou\u017e\u00ed vysok\u00e1 pozice v \u017eeb\u0159\u00ed\u010dku jako uzn\u00e1n\u00ed va\u0161eho mistrovstv\u00ed v \u0159e\u0161en\u00ed h\u00e1danek. Od ru\u0161n\u00e9ho Pra\u00e7a do Com\u00e9rcio po klidnou, sluncem zalitou vyhl\u00eddku Miradouro de S\u00e3o Pedro de Alc\u00e2ntara odhalte tajemstv\u00ed hry Secrets of Lisbon City Game sv\u00fdm tempem.","how_to_play":"","start_location":"Lisbon, Rua Augusta Arch","available_languages":"","players_per_group":"1-4","duration":"1.5-2 hours","image_overlay_color_image":"https:\/\/testwebsite.citygame.com\/wp-content\/blogs.dir\/1\/files\/sites\/62\/2026\/01\/SecretsColor.svg","image_overlay_game_logo":"https:\/\/testwebsite.citygame.com\/wp-content\/blogs.dir\/1\/files\/sites\/62\/2026\/01\/SecretsLogo.png","city_page":7366,"woocommerce_general_content":null},"yoast_head":"<!-- This site is optimized with the Yoast SEO Premium plugin v26.2 (Yoast SEO v26.3) - https:\/\/yoast.com\/wordpress\/plugins\/seo\/ -->\n<title>Secrets of Lisbon - City Game<\/title>\n<meta name=\"description\" content=\"Secrets of Lisbon. Zahrajte si samostatnou hru City Game a prozkoumejte m\u011bsto prost\u0159ednictv\u00edm h\u00e1danek, r\u00e9bus\u016f a v\u00fdzev. Hrajte vlastn\u00edm tempem a objevujte jako m\u00edstn\u00ed!\" \/>\n<meta name=\"robots\" content=\"noindex, follow, max-snippet:-1, max-image-preview:large, max-video-preview:-1\" \/>\n<meta property=\"og:locale\" content=\"cs_CZ\" \/>\n<meta property=\"og:type\" content=\"article\" \/>\n<meta property=\"og:title\" content=\"Secrets of Lisbon\" \/>\n<meta property=\"og:description\" content=\"Secrets of Lisbon. Zahrajte si samostatnou hru City Game a prozkoumejte m\u011bsto prost\u0159ednictv\u00edm h\u00e1danek, r\u00e9bus\u016f a v\u00fdzev. Hrajte vlastn\u00edm tempem a objevujte jako m\u00edstn\u00ed!\" \/>\n<meta property=\"og:url\" content=\"https:\/\/testwebsite.citygame.com\/cs\/games\/lisbon\/secrets-of-lisbon\/\" \/>\n<meta property=\"og:site_name\" content=\"City Game\" \/>\n<meta property=\"article:publisher\" content=\"https:\/\/www.facebook.com\/profile.php?id=100086426226253\" \/>\n<meta property=\"article:modified_time\" content=\"2026-04-07T20:13:17+00:00\" \/>\n<meta property=\"og:image\" content=\"https:\/\/testwebsite.citygame.com\/wp-content\/blogs.dir\/1\/files\/sites\/62\/2026\/02\/man-playing-city-game-praca-do-comercio-lisbon.jpg\" \/>\n\t<meta property=\"og:image:width\" content=\"1024\" \/>\n\t<meta property=\"og:image:height\" content=\"1024\" \/>\n\t<meta property=\"og:image:type\" content=\"image\/jpeg\" \/>\n<meta name=\"twitter:card\" content=\"summary_large_image\" \/>\n<meta name=\"twitter:label1\" content=\"Odhadovan\u00e1 doba \u010dten\u00ed\" \/>\n\t<meta name=\"twitter:data1\" content=\"1 minuta\" \/>\n<script type=\"application\/ld+json\" class=\"yoast-schema-graph\">{\"@context\":\"https:\/\/schema.org\",\"@graph\":[{\"@type\":\"WebPage\",\"@id\":\"https:\/\/testwebsite.citygame.com\/cs\/games\/lisbon\/secrets-of-lisbon\/\",\"url\":\"https:\/\/testwebsite.citygame.com\/cs\/games\/lisbon\/secrets-of-lisbon\/\",\"name\":\"Secrets of Lisbon - City Game\",\"isPartOf\":{\"@id\":\"https:\/\/testwebsite.upevents.nl\/#website\"},\"primaryImageOfPage\":{\"@id\":\"https:\/\/testwebsite.citygame.com\/cs\/games\/lisbon\/secrets-of-lisbon\/#primaryimage\"},\"image\":{\"@id\":\"https:\/\/testwebsite.citygame.com\/cs\/games\/lisbon\/secrets-of-lisbon\/#primaryimage\"},\"thumbnailUrl\":\"https:\/\/testwebsite.citygame.com\/wp-content\/blogs.dir\/1\/files\/sites\/62\/2026\/02\/man-playing-city-game-praca-do-comercio-lisbon.jpg\",\"datePublished\":\"2026-02-26T15:20:30+00:00\",\"dateModified\":\"2026-04-07T20:13:17+00:00\",\"description\":\"Secrets of Lisbon. Zahrajte si samostatnou hru City Game a prozkoumejte m\u011bsto prost\u0159ednictv\u00edm h\u00e1danek, r\u00e9bus\u016f a v\u00fdzev. Hrajte vlastn\u00edm tempem a objevujte jako m\u00edstn\u00ed!\",\"breadcrumb\":{\"@id\":\"https:\/\/testwebsite.citygame.com\/cs\/games\/lisbon\/secrets-of-lisbon\/#breadcrumb\"},\"inLanguage\":\"cs\",\"potentialAction\":[{\"@type\":\"ReadAction\",\"target\":[\"https:\/\/testwebsite.citygame.com\/cs\/games\/lisbon\/secrets-of-lisbon\/\"]}]},{\"@type\":\"ImageObject\",\"inLanguage\":\"cs\",\"@id\":\"https:\/\/testwebsite.citygame.com\/cs\/games\/lisbon\/secrets-of-lisbon\/#primaryimage\",\"url\":\"https:\/\/testwebsite.citygame.com\/wp-content\/blogs.dir\/1\/files\/sites\/62\/2026\/02\/man-playing-city-game-praca-do-comercio-lisbon.jpg\",\"contentUrl\":\"https:\/\/testwebsite.citygame.com\/wp-content\/blogs.dir\/1\/files\/sites\/62\/2026\/02\/man-playing-city-game-praca-do-comercio-lisbon.jpg\",\"width\":1024,\"height\":1024,\"caption\":\"A tourist explores Lisbon's Pra\u00e7a do Com\u00e9rcio with a city game app on his phone.\"},{\"@type\":\"BreadcrumbList\",\"@id\":\"https:\/\/testwebsite.citygame.com\/cs\/games\/lisbon\/secrets-of-lisbon\/#breadcrumb\",\"itemListElement\":[{\"@type\":\"ListItem\",\"position\":1,\"name\":\"Home\",\"item\":\"https:\/\/testwebsite.citygame.com\/cs\/\"},{\"@type\":\"ListItem\",\"position\":2,\"name\":\"Shop\",\"item\":\"https:\/\/testwebsite.citygame.com\/shop\/\"},{\"@type\":\"ListItem\",\"position\":3,\"name\":\"Secrets of Lisbon\"}]},{\"@type\":\"WebSite\",\"@id\":\"https:\/\/testwebsite.upevents.nl\/#website\",\"url\":\"https:\/\/testwebsite.upevents.nl\/\",\"name\":\"City Game\",\"description\":\"\",\"publisher\":{\"@id\":\"https:\/\/testwebsite.upevents.nl\/#organization\"},\"alternateName\":\"citygame.com\",\"potentialAction\":[{\"@type\":\"SearchAction\",\"target\":{\"@type\":\"EntryPoint\",\"urlTemplate\":\"https:\/\/testwebsite.upevents.nl\/?s={search_term_string}\"},\"query-input\":{\"@type\":\"PropertyValueSpecification\",\"valueRequired\":true,\"valueName\":\"search_term_string\"}}],\"inLanguage\":\"cs\"},{\"@type\":[\"Organization\",\"Place\"],\"@id\":\"https:\/\/testwebsite.upevents.nl\/#organization\",\"name\":\"City Game\",\"alternateName\":\"citygame.com\",\"url\":\"https:\/\/testwebsite.upevents.nl\/\",\"logo\":{\"@id\":\"https:\/\/testwebsite.citygame.com\/cs\/games\/lisbon\/secrets-of-lisbon\/#local-main-organization-logo\"},\"image\":{\"@id\":\"https:\/\/testwebsite.citygame.com\/cs\/games\/lisbon\/secrets-of-lisbon\/#local-main-organization-logo\"},\"sameAs\":[\"https:\/\/www.facebook.com\/profile.php?id=100086426226253\",\"https:\/\/www.instagram.com\/citygame_com\",\"https:\/\/www.tiktok.com\/@citygamecom\/\",\"https:\/\/www.linkedin.com\/company\/citygame-com\"],\"description\":\"Turn any city into a playground with our interactive City Games and self-guided tours. Fun, flexible, and ideal for groups and team building.\",\"telephone\":[],\"openingHoursSpecification\":[{\"@type\":\"OpeningHoursSpecification\",\"dayOfWeek\":[\"Monday\",\"Tuesday\",\"Wednesday\",\"Thursday\",\"Friday\",\"Saturday\",\"Sunday\"],\"opens\":\"09:00\",\"closes\":\"17:00\"}]},{\"@type\":\"ImageObject\",\"inLanguage\":\"cs\",\"@id\":\"https:\/\/testwebsite.citygame.com\/cs\/games\/lisbon\/secrets-of-lisbon\/#local-main-organization-logo\",\"url\":\"https:\/\/testwebsite.citygame.com\/wp-content\/blogs.dir\/1\/files\/sites\/62\/2025\/10\/CG_LOGO-City-Game.png\",\"contentUrl\":\"https:\/\/testwebsite.citygame.com\/wp-content\/blogs.dir\/1\/files\/sites\/62\/2025\/10\/CG_LOGO-City-Game.png\",\"width\":351,\"height\":377,\"caption\":\"City Game\"}]}<\/script>\n<!-- \/ Yoast SEO Premium plugin. -->","yoast_head_json":{"title":"Secrets of Lisbon - City Game","description":"Secrets of Lisbon. Zahrajte si samostatnou hru City Game a prozkoumejte m\u011bsto prost\u0159ednictv\u00edm h\u00e1danek, r\u00e9bus\u016f a v\u00fdzev. Hrajte vlastn\u00edm tempem a objevujte jako m\u00edstn\u00ed!","robots":{"index":"noindex","follow":"follow","max-snippet":"max-snippet:-1","max-image-preview":"max-image-preview:large","max-video-preview":"max-video-preview:-1"},"og_locale":"cs_CZ","og_type":"article","og_title":"Secrets of Lisbon","og_description":"Secrets of Lisbon. Zahrajte si samostatnou hru City Game a prozkoumejte m\u011bsto prost\u0159ednictv\u00edm h\u00e1danek, r\u00e9bus\u016f a v\u00fdzev. Hrajte vlastn\u00edm tempem a objevujte jako m\u00edstn\u00ed!","og_url":"https:\/\/testwebsite.citygame.com\/cs\/games\/lisbon\/secrets-of-lisbon\/","og_site_name":"City Game","article_publisher":"https:\/\/www.facebook.com\/profile.php?id=100086426226253","article_modified_time":"2026-04-07T20:13:17+00:00","og_image":[{"width":1024,"height":1024,"url":"https:\/\/testwebsite.citygame.com\/wp-content\/blogs.dir\/1\/files\/sites\/62\/2026\/02\/man-playing-city-game-praca-do-comercio-lisbon.jpg","type":"image\/jpeg"}],"twitter_card":"summary_large_image","twitter_misc":{"Odhadovan\u00e1 doba \u010dten\u00ed":"1 minuta"},"schema":{"@context":"https:\/\/schema.org","@graph":[{"@type":"WebPage","@id":"https:\/\/testwebsite.citygame.com\/cs\/games\/lisbon\/secrets-of-lisbon\/","url":"https:\/\/testwebsite.citygame.com\/cs\/games\/lisbon\/secrets-of-lisbon\/","name":"Secrets of Lisbon - City Game","isPartOf":{"@id":"https:\/\/testwebsite.upevents.nl\/#website"},"primaryImageOfPage":{"@id":"https:\/\/testwebsite.citygame.com\/cs\/games\/lisbon\/secrets-of-lisbon\/#primaryimage"},"image":{"@id":"https:\/\/testwebsite.citygame.com\/cs\/games\/lisbon\/secrets-of-lisbon\/#primaryimage"},"thumbnailUrl":"https:\/\/testwebsite.citygame.com\/wp-content\/blogs.dir\/1\/files\/sites\/62\/2026\/02\/man-playing-city-game-praca-do-comercio-lisbon.jpg","datePublished":"2026-02-26T15:20:30+00:00","dateModified":"2026-04-07T20:13:17+00:00","description":"Secrets of Lisbon. Zahrajte si samostatnou hru City Game a prozkoumejte m\u011bsto prost\u0159ednictv\u00edm h\u00e1danek, r\u00e9bus\u016f a v\u00fdzev. Hrajte vlastn\u00edm tempem a objevujte jako m\u00edstn\u00ed!","breadcrumb":{"@id":"https:\/\/testwebsite.citygame.com\/cs\/games\/lisbon\/secrets-of-lisbon\/#breadcrumb"},"inLanguage":"cs","potentialAction":[{"@type":"ReadAction","target":["https:\/\/testwebsite.citygame.com\/cs\/games\/lisbon\/secrets-of-lisbon\/"]}]},{"@type":"ImageObject","inLanguage":"cs","@id":"https:\/\/testwebsite.citygame.com\/cs\/games\/lisbon\/secrets-of-lisbon\/#primaryimage","url":"https:\/\/testwebsite.citygame.com\/wp-content\/blogs.dir\/1\/files\/sites\/62\/2026\/02\/man-playing-city-game-praca-do-comercio-lisbon.jpg","contentUrl":"https:\/\/testwebsite.citygame.com\/wp-content\/blogs.dir\/1\/files\/sites\/62\/2026\/02\/man-playing-city-game-praca-do-comercio-lisbon.jpg","width":1024,"height":1024,"caption":"A tourist explores Lisbon's Pra\u00e7a do Com\u00e9rcio with a city game app on his phone."},{"@type":"BreadcrumbList","@id":"https:\/\/testwebsite.citygame.com\/cs\/games\/lisbon\/secrets-of-lisbon\/#breadcrumb","itemListElement":[{"@type":"ListItem","position":1,"name":"Home","item":"https:\/\/testwebsite.citygame.com\/cs\/"},{"@type":"ListItem","position":2,"name":"Shop","item":"https:\/\/testwebsite.citygame.com\/shop\/"},{"@type":"ListItem","position":3,"name":"Secrets of Lisbon"}]},{"@type":"WebSite","@id":"https:\/\/testwebsite.upevents.nl\/#website","url":"https:\/\/testwebsite.upevents.nl\/","name":"City Game","description":"","publisher":{"@id":"https:\/\/testwebsite.upevents.nl\/#organization"},"alternateName":"citygame.com","potentialAction":[{"@type":"SearchAction","target":{"@type":"EntryPoint","urlTemplate":"https:\/\/testwebsite.upevents.nl\/?s={search_term_string}"},"query-input":{"@type":"PropertyValueSpecification","valueRequired":true,"valueName":"search_term_string"}}],"inLanguage":"cs"},{"@type":["Organization","Place"],"@id":"https:\/\/testwebsite.upevents.nl\/#organization","name":"City Game","alternateName":"citygame.com","url":"https:\/\/testwebsite.upevents.nl\/","logo":{"@id":"https:\/\/testwebsite.citygame.com\/cs\/games\/lisbon\/secrets-of-lisbon\/#local-main-organization-logo"},"image":{"@id":"https:\/\/testwebsite.citygame.com\/cs\/games\/lisbon\/secrets-of-lisbon\/#local-main-organization-logo"},"sameAs":["https:\/\/www.facebook.com\/profile.php?id=100086426226253","https:\/\/www.instagram.com\/citygame_com","https:\/\/www.tiktok.com\/@citygamecom\/","https:\/\/www.linkedin.com\/company\/citygame-com"],"description":"Turn any city into a playground with our interactive City Games and self-guided tours. Fun, flexible, and ideal for groups and team building.","telephone":[],"openingHoursSpecification":[{"@type":"OpeningHoursSpecification","dayOfWeek":["Monday","Tuesday","Wednesday","Thursday","Friday","Saturday","Sunday"],"opens":"09:00","closes":"17:00"}]},{"@type":"ImageObject","inLanguage":"cs","@id":"https:\/\/testwebsite.citygame.com\/cs\/games\/lisbon\/secrets-of-lisbon\/#local-main-organization-logo","url":"https:\/\/testwebsite.citygame.com\/wp-content\/blogs.dir\/1\/files\/sites\/62\/2025\/10\/CG_LOGO-City-Game.png","contentUrl":"https:\/\/testwebsite.citygame.com\/wp-content\/blogs.dir\/1\/files\/sites\/62\/2025\/10\/CG_LOGO-City-Game.png","width":351,"height":377,"caption":"City Game"}]}},"taxonomy_info":{"game-concept":[{"value":707,"label":"Secrets"}],"location":[{"value":245,"label":"Lisbon"}],"product_cat":[{"value":27,"label":"Geen categorie"}]},"featured_image_src_large":["https:\/\/testwebsite.citygame.com\/wp-content\/blogs.dir\/1\/files\/sites\/62\/2026\/02\/man-playing-city-game-praca-do-comercio-lisbon.jpg",1024,1024,false],"author_info":[],"comment_info":"","_links":{"self":[{"href":"https:\/\/testwebsite.citygame.com\/cs\/wp-json\/wp\/v2\/product\/55126","targetHints":{"allow":["GET"]}}],"collection":[{"href":"https:\/\/testwebsite.citygame.com\/cs\/wp-json\/wp\/v2\/product"}],"about":[{"href":"https:\/\/testwebsite.citygame.com\/cs\/wp-json\/wp\/v2\/types\/product"}],"acf:post":[{"embeddable":true,"href":"https:\/\/testwebsite.citygame.com\/cs\/wp-json\/wp\/v2\/pages\/7366"}],"wp:featuredmedia":[{"embeddable":true,"href":"https:\/\/testwebsite.citygame.com\/cs\/wp-json\/wp\/v2\/media\/16132"}],"wp:attachment":[{"href":"https:\/\/testwebsite.citygame.com\/cs\/wp-json\/wp\/v2\/media?parent=55126"}],"wp:term":[{"taxonomy":"game-concept","embeddable":true,"href":"https:\/\/testwebsite.citygame.com\/cs\/wp-json\/wp\/v2\/game-concept?post=55126"},{"taxonomy":"location","embeddable":true,"href":"https:\/\/testwebsite.citygame.com\/cs\/wp-json\/wp\/v2\/location?post=55126"},{"taxonomy":"product_brand","embeddable":true,"href":"https:\/\/testwebsite.citygame.com\/cs\/wp-json\/wp\/v2\/product_brand?post=55126"},{"taxonomy":"product_cat","embeddable":true,"href":"https:\/\/testwebsite.citygame.com\/cs\/wp-json\/wp\/v2\/product_cat?post=55126"},{"taxonomy":"product_tag","embeddable":true,"href":"https:\/\/testwebsite.citygame.com\/cs\/wp-json\/wp\/v2\/product_tag?post=55126"}],"curies":[{"name":"wp","href":"https:\/\/api.w.org\/{rel}","templated":true}]}}