{"id":54174,"date":"2026-02-04T09:07:25","date_gmt":"2026-02-04T09:07:25","guid":{"rendered":"https:\/\/testwebsite.citygame.com\/games\/unknown-location\/sherlock-holmes-nuremberg\/"},"modified":"2026-04-07T18:24:00","modified_gmt":"2026-04-07T18:24:00","slug":"sherlock-holmes-nuremberg","status":"publish","type":"product","link":"https:\/\/testwebsite.citygame.com\/cs\/games\/nuremberg\/sherlock-holmes-nuremberg\/","title":{"rendered":"Sherlock Holmes Nuremberg"},"content":{"rendered":"<p>Vstupte do sv\u011bta Sherlocka Holmese v historick\u00e9m centru Norimberku, kde na v\u00e1s \u010dek\u00e1 samostatn\u011b veden\u00e1, p\u0159\u00edb\u011bhov\u00e1 z\u00e1hada vra\u017edy. Jak se m\u011bsto prom\u011bn\u00ed v pozad\u00ed strhuj\u00edc\u00edho vy\u0161et\u0159ov\u00e1n\u00ed, budete sledovat spletit\u00fd p\u0159\u00edb\u011bh, kter\u00fd se rozpl\u00e9t\u00e1 s ka\u017ed\u00fdm krokem, odhaluj\u00edc\u00ed tajemstv\u00ed z\u00e1hadn\u00e9 vra\u017edy b\u011bhem Liberty Festival. Sb\u00edrejte stopy, \u0159e\u0161te slo\u017eit\u00e9 h\u00e1danky a vysl\u00fdchejte digit\u00e1ln\u00ed podez\u0159el\u00e9 sv\u00fdm vlastn\u00edm tempem, pln\u011b pono\u0159eni do role konzultuj\u00edc\u00edho detektiva.<\/p>\n","protected":false},"excerpt":{"rendered":"<p>V\u017eijte se do vzru\u0161uj\u00edc\u00ed role Sherlocka Holmese v samostatn\u011b veden\u00e9 z\u00e1had\u011b vra\u017edy zasazen\u00e9 do srdce Norimberku. Sledujte unikaj\u00edc\u00ed stopy a lu\u0161t\u011bte z\u00e1hadn\u00e9 h\u00e1danky, vy a v\u00e1\u0161 t\u00fdm odhal\u00edte tajemstv\u00ed vedouc\u00ed k pravd\u011b a p\u0159iprav\u00edte se na z\u00e1vod s \u010dasem!<\/p>\n","protected":false},"featured_media":10037,"template":"","meta":{"_acf_changed":false,"_yoast_wpseo_focuskw":"Sherlock Holmes Nuremberg","_yoast_wpseo_metadesc":"Sherlock Holmes Nuremberg. Hrajte samostatn\u011b vedenou detektivn\u00ed hru City Game, \u0159e\u0161te h\u00e1danky, sledujte stopy a odhalte vraha sv\u00fdm vlastn\u00edm tempem!","_kad_blocks_custom_css":"","_kad_blocks_head_custom_js":"","_kad_blocks_body_custom_js":"","_kad_blocks_footer_custom_js":"","ghostkit_customizer_options":"","ghostkit_custom_css":"","ghostkit_custom_js_head":"","ghostkit_custom_js_foot":"","ghostkit_typography":"","_kad_post_transparent":"","_kad_post_title":"","_kad_post_layout":"","_kad_post_sidebar_id":"","_kad_post_content_style":"","_kad_post_vertical_padding":"","_kad_post_feature":"","_kad_post_feature_position":"","_kad_post_header":false,"_kad_post_footer":false,"_kad_post_classname":"","_links_to":"","_links_to_target":""},"game-concept":[768],"location":[304],"product_brand":[],"product_cat":[27],"product_tag":[],"class_list":{"0":"post-54174","1":"product","2":"type-product","3":"status-publish","4":"has-post-thumbnail","6":"game-concept-sherlock","7":"location-nuremberg","8":"product_cat-geen-categorie","10":"first","11":"instock","12":"shipping-taxable","13":"purchasable","14":"product-type-simple","15":"entry","16":"content-bg","17":"loop-entry"},"acf":{"full_bokun_product_name":"Nuremberg Self-Guided Sherlock Holmes Murder Mystery Game","location_name":"Nuremberg","bokun_calendar_widget_code":"<script type=\"text\/javascript\" src=\"https:\/\/widgets.bokun.io\/assets\/javascripts\/apps\/build\/BokunWidgetsLoader.js?bookingChannelUUID=a1e93e96-5232-4734-a595-28405f4b5a31\" async><\/script>\n     \n    <div class=\"bokunWidget\" data-src=\"https:\/\/widgets.bokun.io\/online-sales\/a1e93e96-5232-4734-a595-28405f4b5a31\/experience-calendar\/726340\"><\/div>\n    <noscript>Please enable javascript in your browser to book<\/noscript>","bokun_button_widget_code":"<script type=\"text\/javascript\" src=\"https:\/\/widgets.bokun.io\/assets\/javascripts\/apps\/build\/BokunWidgetsLoader.js?bookingChannelUUID=a1e93e96-5232-4734-a595-28405f4b5a31\" async><\/script>\n      <style> #bokun_ed001e45_5927_4f62_b470_ca766338d083 { display: inline-block; padding: .4em 1em; background: #47b82e; border-radius: 999999px; box-shadow: none; font-weight: 600; font-size: 24px; text-decoration: none; text-align: center; color: #FFFFFF; border:none; cursor: pointer; transition: background .2s ease; } #bokun_ed001e45_5927_4f62_b470_ca766338d083:hover{ background: #2f7b1f; } #bokun_ed001e45_5927_4f62_b470_ca766338d083:active{ background: #378f24; } <\/style> <button class=\"bokunButton\" disabled id=bokun_ed001e45_5927_4f62_b470_ca766338d083 data-src=\"https:\/\/widgets.bokun.io\/online-sales\/a1e93e96-5232-4734-a595-28405f4b5a31\/experience-calendar\/726340?partialView=1\" data-testid=\"widget-book-button\" > Book now <\/button> ","what_you\u2019ll_experience_during_the_game":"Vstupujete do strhuj\u00edc\u00ed detektivn\u00ed hry zasazen\u00e9 do Norimberku, kde se ka\u017ed\u00e1 ulice st\u00e1v\u00e1 sou\u010d\u00e1st\u00ed rozv\u00edjej\u00edc\u00edho se tajemstv\u00ed. Jak proch\u00e1z\u00edte m\u011bstsk\u00fdmi uli\u010dkami a n\u00e1m\u011bst\u00edmi, vy\u0161et\u0159ov\u00e1n\u00ed se prohlubuje a vede v\u00e1s k ne\u010dekan\u00fdm zvrat\u016fm a skryt\u00fdm tajemstv\u00edm. Odhal\u00edte roztrou\u0161en\u00e9 stopy, vy\u0159e\u0161\u00edte vrstven\u00e9 h\u00e1danky a poskl\u00e1d\u00e1te \u00falomky d\u016fkaz\u016f, p\u0159i\u010dem\u017e ka\u017ed\u00fd z nich v\u00e1s p\u0159ibl\u00ed\u017e\u00ed k j\u00e1dru p\u0159\u00edpadu. Ka\u017ed\u00e1 volba m\u00e1 sv\u016fj v\u00fdznam, nebo\u0165 p\u0159\u00edb\u011bh se odhaluje postupn\u011b s ka\u017ed\u00fdm va\u0161\u00edm krokem.\n\nVysl\u00fdchejte digit\u00e1ln\u00ed podez\u0159el\u00e9, analyzujte alibi a odhalte rozpory, kter\u00e9 se tak \u00fapln\u011b neshoduj\u00ed. Va\u0161\u00edm \u00fakolem je rozpl\u00e9st pravdu za vra\u017edou, kter\u00e1 se stala b\u011bhem Liberty Festival, ani\u017e byste v\u011bd\u011bli, komu v\u011b\u0159it. Z\u00e1\u017eitek je pln\u011b \u0159\u00edzen p\u0159\u00edb\u011bhem a prov\u011b\u0159uje va\u0161e pozorovac\u00ed schopnosti, logick\u00e9 uva\u017eov\u00e1n\u00ed a deduk\u010dn\u00ed dovednosti. \u0158\u00edd\u00edte tempo, s volnost\u00ed kdykoli pozastavit a pokra\u010dovat. A\u0165 u\u017e pracujete sami, nebo sout\u011b\u017e\u00edte jako t\u00fdm, poc\u00edt\u00edte rostouc\u00ed tlak, jak se bl\u00ed\u017e\u00edte k vy\u0159e\u0161en\u00ed p\u0159\u00edpadu.","how_to_play":"Hrajte sami nebo s p\u0159\u00e1teli, rodinou \u010di kolegy v t\u00fdmech a\u017e \u010dty\u0159 osob na jedno za\u0159\u00edzen\u00ed. Po rezervaci obdr\u017e\u00edte e-mail s pokyny a v\u0161emi pot\u0159ebn\u00fdmi informacemi.","start_location":"Nuremberg, Hauptmarkt","available_languages":["en","es","fr","de","it","nl"],"players_per_group":"1-4","duration":"1.5-2 hours","image_overlay_color_image":"https:\/\/testwebsite.citygame.com\/wp-content\/blogs.dir\/1\/files\/sites\/62\/2026\/01\/SherlockColor.svg","image_overlay_game_logo":"https:\/\/testwebsite.citygame.com\/wp-content\/blogs.dir\/1\/files\/sites\/62\/2026\/01\/SherlockLogo.png","city_page":5999,"woocommerce_general_content":null},"yoast_head":"<!-- This site is optimized with the Yoast SEO Premium plugin v26.2 (Yoast SEO v26.3) - https:\/\/yoast.com\/wordpress\/plugins\/seo\/ -->\n<title>Sherlock Holmes Nuremberg - City Game<\/title>\n<meta name=\"description\" content=\"Sherlock Holmes Nuremberg. Hrajte samostatn\u011b vedenou detektivn\u00ed hru City Game, \u0159e\u0161te h\u00e1danky, sledujte stopy a odhalte vraha sv\u00fdm vlastn\u00edm tempem!\" \/>\n<meta name=\"robots\" content=\"noindex, follow, max-snippet:-1, max-image-preview:large, max-video-preview:-1\" \/>\n<meta property=\"og:locale\" content=\"cs_CZ\" \/>\n<meta property=\"og:type\" content=\"article\" \/>\n<meta property=\"og:title\" content=\"Sherlock Holmes Nuremberg\" \/>\n<meta property=\"og:description\" content=\"Sherlock Holmes Nuremberg. Hrajte samostatn\u011b vedenou detektivn\u00ed hru City Game, \u0159e\u0161te h\u00e1danky, sledujte stopy a odhalte vraha sv\u00fdm vlastn\u00edm tempem!\" \/>\n<meta property=\"og:url\" content=\"https:\/\/testwebsite.citygame.com\/cs\/games\/nuremberg\/sherlock-holmes-nuremberg\/\" \/>\n<meta property=\"og:site_name\" content=\"City Game\" \/>\n<meta property=\"article:publisher\" content=\"https:\/\/www.facebook.com\/profile.php?id=100086426226253\" \/>\n<meta property=\"article:modified_time\" content=\"2026-04-07T18:24:00+00:00\" \/>\n<meta property=\"og:image\" content=\"https:\/\/testwebsite.citygame.com\/wp-content\/blogs.dir\/1\/files\/sites\/62\/2026\/02\/nuremberg-group-of-friends-playing-city-game-on-phone.jpg\" \/>\n\t<meta property=\"og:image:width\" content=\"1344\" \/>\n\t<meta property=\"og:image:height\" content=\"768\" \/>\n\t<meta property=\"og:image:type\" content=\"image\/jpeg\" \/>\n<meta name=\"twitter:card\" content=\"summary_large_image\" \/>\n<script type=\"application\/ld+json\" class=\"yoast-schema-graph\">{\"@context\":\"https:\/\/schema.org\",\"@graph\":[{\"@type\":\"WebPage\",\"@id\":\"https:\/\/testwebsite.citygame.com\/cs\/games\/nuremberg\/sherlock-holmes-nuremberg\/\",\"url\":\"https:\/\/testwebsite.citygame.com\/cs\/games\/nuremberg\/sherlock-holmes-nuremberg\/\",\"name\":\"Sherlock Holmes Nuremberg - City Game\",\"isPartOf\":{\"@id\":\"https:\/\/testwebsite.upevents.nl\/#website\"},\"primaryImageOfPage\":{\"@id\":\"https:\/\/testwebsite.citygame.com\/cs\/games\/nuremberg\/sherlock-holmes-nuremberg\/#primaryimage\"},\"image\":{\"@id\":\"https:\/\/testwebsite.citygame.com\/cs\/games\/nuremberg\/sherlock-holmes-nuremberg\/#primaryimage\"},\"thumbnailUrl\":\"https:\/\/testwebsite.citygame.com\/wp-content\/blogs.dir\/1\/files\/sites\/62\/2026\/02\/nuremberg-group-of-friends-playing-city-game-on-phone.jpg\",\"datePublished\":\"2026-02-04T09:07:25+00:00\",\"dateModified\":\"2026-04-07T18:24:00+00:00\",\"description\":\"Sherlock Holmes Nuremberg. Hrajte samostatn\u011b vedenou detektivn\u00ed hru City Game, \u0159e\u0161te h\u00e1danky, sledujte stopy a odhalte vraha sv\u00fdm vlastn\u00edm tempem!\",\"breadcrumb\":{\"@id\":\"https:\/\/testwebsite.citygame.com\/cs\/games\/nuremberg\/sherlock-holmes-nuremberg\/#breadcrumb\"},\"inLanguage\":\"cs\",\"potentialAction\":[{\"@type\":\"ReadAction\",\"target\":[\"https:\/\/testwebsite.citygame.com\/cs\/games\/nuremberg\/sherlock-holmes-nuremberg\/\"]}]},{\"@type\":\"ImageObject\",\"inLanguage\":\"cs\",\"@id\":\"https:\/\/testwebsite.citygame.com\/cs\/games\/nuremberg\/sherlock-holmes-nuremberg\/#primaryimage\",\"url\":\"https:\/\/testwebsite.citygame.com\/wp-content\/blogs.dir\/1\/files\/sites\/62\/2026\/02\/nuremberg-group-of-friends-playing-city-game-on-phone.jpg\",\"contentUrl\":\"https:\/\/testwebsite.citygame.com\/wp-content\/blogs.dir\/1\/files\/sites\/62\/2026\/02\/nuremberg-group-of-friends-playing-city-game-on-phone.jpg\",\"width\":1344,\"height\":768,\"caption\":\"A group of friends enjoys a sunny day exploring the historic streets of Nuremberg.\"},{\"@type\":\"BreadcrumbList\",\"@id\":\"https:\/\/testwebsite.citygame.com\/cs\/games\/nuremberg\/sherlock-holmes-nuremberg\/#breadcrumb\",\"itemListElement\":[{\"@type\":\"ListItem\",\"position\":1,\"name\":\"Home\",\"item\":\"https:\/\/testwebsite.citygame.com\/cs\/\"},{\"@type\":\"ListItem\",\"position\":2,\"name\":\"Shop\",\"item\":\"https:\/\/testwebsite.citygame.com\/shop\/\"},{\"@type\":\"ListItem\",\"position\":3,\"name\":\"Sherlock Holmes Nuremberg\"}]},{\"@type\":\"WebSite\",\"@id\":\"https:\/\/testwebsite.upevents.nl\/#website\",\"url\":\"https:\/\/testwebsite.upevents.nl\/\",\"name\":\"City Game\",\"description\":\"\",\"publisher\":{\"@id\":\"https:\/\/testwebsite.upevents.nl\/#organization\"},\"alternateName\":\"citygame.com\",\"potentialAction\":[{\"@type\":\"SearchAction\",\"target\":{\"@type\":\"EntryPoint\",\"urlTemplate\":\"https:\/\/testwebsite.upevents.nl\/?s={search_term_string}\"},\"query-input\":{\"@type\":\"PropertyValueSpecification\",\"valueRequired\":true,\"valueName\":\"search_term_string\"}}],\"inLanguage\":\"cs\"},{\"@type\":[\"Organization\",\"Place\"],\"@id\":\"https:\/\/testwebsite.upevents.nl\/#organization\",\"name\":\"City Game\",\"alternateName\":\"citygame.com\",\"url\":\"https:\/\/testwebsite.upevents.nl\/\",\"logo\":{\"@id\":\"https:\/\/testwebsite.citygame.com\/cs\/games\/nuremberg\/sherlock-holmes-nuremberg\/#local-main-organization-logo\"},\"image\":{\"@id\":\"https:\/\/testwebsite.citygame.com\/cs\/games\/nuremberg\/sherlock-holmes-nuremberg\/#local-main-organization-logo\"},\"sameAs\":[\"https:\/\/www.facebook.com\/profile.php?id=100086426226253\",\"https:\/\/www.instagram.com\/citygame_com\",\"https:\/\/www.tiktok.com\/@citygamecom\/\",\"https:\/\/www.linkedin.com\/company\/citygame-com\"],\"description\":\"Turn any city into a playground with our interactive City Games and self-guided tours. Fun, flexible, and ideal for groups and team building.\",\"telephone\":[],\"openingHoursSpecification\":[{\"@type\":\"OpeningHoursSpecification\",\"dayOfWeek\":[\"Monday\",\"Tuesday\",\"Wednesday\",\"Thursday\",\"Friday\",\"Saturday\",\"Sunday\"],\"opens\":\"09:00\",\"closes\":\"17:00\"}]},{\"@type\":\"ImageObject\",\"inLanguage\":\"cs\",\"@id\":\"https:\/\/testwebsite.citygame.com\/cs\/games\/nuremberg\/sherlock-holmes-nuremberg\/#local-main-organization-logo\",\"url\":\"https:\/\/testwebsite.citygame.com\/wp-content\/blogs.dir\/1\/files\/sites\/62\/2025\/10\/CG_LOGO-City-Game.png\",\"contentUrl\":\"https:\/\/testwebsite.citygame.com\/wp-content\/blogs.dir\/1\/files\/sites\/62\/2025\/10\/CG_LOGO-City-Game.png\",\"width\":351,\"height\":377,\"caption\":\"City Game\"}]}<\/script>\n<!-- \/ Yoast SEO Premium plugin. -->","yoast_head_json":{"title":"Sherlock Holmes Nuremberg - City Game","description":"Sherlock Holmes Nuremberg. Hrajte samostatn\u011b vedenou detektivn\u00ed hru City Game, \u0159e\u0161te h\u00e1danky, sledujte stopy a odhalte vraha sv\u00fdm vlastn\u00edm tempem!","robots":{"index":"noindex","follow":"follow","max-snippet":"max-snippet:-1","max-image-preview":"max-image-preview:large","max-video-preview":"max-video-preview:-1"},"og_locale":"cs_CZ","og_type":"article","og_title":"Sherlock Holmes Nuremberg","og_description":"Sherlock Holmes Nuremberg. Hrajte samostatn\u011b vedenou detektivn\u00ed hru City Game, \u0159e\u0161te h\u00e1danky, sledujte stopy a odhalte vraha sv\u00fdm vlastn\u00edm tempem!","og_url":"https:\/\/testwebsite.citygame.com\/cs\/games\/nuremberg\/sherlock-holmes-nuremberg\/","og_site_name":"City Game","article_publisher":"https:\/\/www.facebook.com\/profile.php?id=100086426226253","article_modified_time":"2026-04-07T18:24:00+00:00","og_image":[{"width":1344,"height":768,"url":"https:\/\/testwebsite.citygame.com\/wp-content\/blogs.dir\/1\/files\/sites\/62\/2026\/02\/nuremberg-group-of-friends-playing-city-game-on-phone.jpg","type":"image\/jpeg"}],"twitter_card":"summary_large_image","schema":{"@context":"https:\/\/schema.org","@graph":[{"@type":"WebPage","@id":"https:\/\/testwebsite.citygame.com\/cs\/games\/nuremberg\/sherlock-holmes-nuremberg\/","url":"https:\/\/testwebsite.citygame.com\/cs\/games\/nuremberg\/sherlock-holmes-nuremberg\/","name":"Sherlock Holmes Nuremberg - City Game","isPartOf":{"@id":"https:\/\/testwebsite.upevents.nl\/#website"},"primaryImageOfPage":{"@id":"https:\/\/testwebsite.citygame.com\/cs\/games\/nuremberg\/sherlock-holmes-nuremberg\/#primaryimage"},"image":{"@id":"https:\/\/testwebsite.citygame.com\/cs\/games\/nuremberg\/sherlock-holmes-nuremberg\/#primaryimage"},"thumbnailUrl":"https:\/\/testwebsite.citygame.com\/wp-content\/blogs.dir\/1\/files\/sites\/62\/2026\/02\/nuremberg-group-of-friends-playing-city-game-on-phone.jpg","datePublished":"2026-02-04T09:07:25+00:00","dateModified":"2026-04-07T18:24:00+00:00","description":"Sherlock Holmes Nuremberg. Hrajte samostatn\u011b vedenou detektivn\u00ed hru City Game, \u0159e\u0161te h\u00e1danky, sledujte stopy a odhalte vraha sv\u00fdm vlastn\u00edm tempem!","breadcrumb":{"@id":"https:\/\/testwebsite.citygame.com\/cs\/games\/nuremberg\/sherlock-holmes-nuremberg\/#breadcrumb"},"inLanguage":"cs","potentialAction":[{"@type":"ReadAction","target":["https:\/\/testwebsite.citygame.com\/cs\/games\/nuremberg\/sherlock-holmes-nuremberg\/"]}]},{"@type":"ImageObject","inLanguage":"cs","@id":"https:\/\/testwebsite.citygame.com\/cs\/games\/nuremberg\/sherlock-holmes-nuremberg\/#primaryimage","url":"https:\/\/testwebsite.citygame.com\/wp-content\/blogs.dir\/1\/files\/sites\/62\/2026\/02\/nuremberg-group-of-friends-playing-city-game-on-phone.jpg","contentUrl":"https:\/\/testwebsite.citygame.com\/wp-content\/blogs.dir\/1\/files\/sites\/62\/2026\/02\/nuremberg-group-of-friends-playing-city-game-on-phone.jpg","width":1344,"height":768,"caption":"A group of friends enjoys a sunny day exploring the historic streets of Nuremberg."},{"@type":"BreadcrumbList","@id":"https:\/\/testwebsite.citygame.com\/cs\/games\/nuremberg\/sherlock-holmes-nuremberg\/#breadcrumb","itemListElement":[{"@type":"ListItem","position":1,"name":"Home","item":"https:\/\/testwebsite.citygame.com\/cs\/"},{"@type":"ListItem","position":2,"name":"Shop","item":"https:\/\/testwebsite.citygame.com\/shop\/"},{"@type":"ListItem","position":3,"name":"Sherlock Holmes Nuremberg"}]},{"@type":"WebSite","@id":"https:\/\/testwebsite.upevents.nl\/#website","url":"https:\/\/testwebsite.upevents.nl\/","name":"City Game","description":"","publisher":{"@id":"https:\/\/testwebsite.upevents.nl\/#organization"},"alternateName":"citygame.com","potentialAction":[{"@type":"SearchAction","target":{"@type":"EntryPoint","urlTemplate":"https:\/\/testwebsite.upevents.nl\/?s={search_term_string}"},"query-input":{"@type":"PropertyValueSpecification","valueRequired":true,"valueName":"search_term_string"}}],"inLanguage":"cs"},{"@type":["Organization","Place"],"@id":"https:\/\/testwebsite.upevents.nl\/#organization","name":"City Game","alternateName":"citygame.com","url":"https:\/\/testwebsite.upevents.nl\/","logo":{"@id":"https:\/\/testwebsite.citygame.com\/cs\/games\/nuremberg\/sherlock-holmes-nuremberg\/#local-main-organization-logo"},"image":{"@id":"https:\/\/testwebsite.citygame.com\/cs\/games\/nuremberg\/sherlock-holmes-nuremberg\/#local-main-organization-logo"},"sameAs":["https:\/\/www.facebook.com\/profile.php?id=100086426226253","https:\/\/www.instagram.com\/citygame_com","https:\/\/www.tiktok.com\/@citygamecom\/","https:\/\/www.linkedin.com\/company\/citygame-com"],"description":"Turn any city into a playground with our interactive City Games and self-guided tours. Fun, flexible, and ideal for groups and team building.","telephone":[],"openingHoursSpecification":[{"@type":"OpeningHoursSpecification","dayOfWeek":["Monday","Tuesday","Wednesday","Thursday","Friday","Saturday","Sunday"],"opens":"09:00","closes":"17:00"}]},{"@type":"ImageObject","inLanguage":"cs","@id":"https:\/\/testwebsite.citygame.com\/cs\/games\/nuremberg\/sherlock-holmes-nuremberg\/#local-main-organization-logo","url":"https:\/\/testwebsite.citygame.com\/wp-content\/blogs.dir\/1\/files\/sites\/62\/2025\/10\/CG_LOGO-City-Game.png","contentUrl":"https:\/\/testwebsite.citygame.com\/wp-content\/blogs.dir\/1\/files\/sites\/62\/2025\/10\/CG_LOGO-City-Game.png","width":351,"height":377,"caption":"City Game"}]}},"taxonomy_info":{"game-concept":[{"value":768,"label":"Sherlock"}],"location":[{"value":304,"label":"Nuremberg"}],"product_cat":[{"value":27,"label":"Geen categorie"}]},"featured_image_src_large":["https:\/\/testwebsite.citygame.com\/wp-content\/blogs.dir\/1\/files\/sites\/62\/2026\/02\/nuremberg-group-of-friends-playing-city-game-on-phone-1024x585.jpg",1024,585,true],"author_info":[],"comment_info":"","_links":{"self":[{"href":"https:\/\/testwebsite.citygame.com\/cs\/wp-json\/wp\/v2\/product\/54174","targetHints":{"allow":["GET"]}}],"collection":[{"href":"https:\/\/testwebsite.citygame.com\/cs\/wp-json\/wp\/v2\/product"}],"about":[{"href":"https:\/\/testwebsite.citygame.com\/cs\/wp-json\/wp\/v2\/types\/product"}],"acf:post":[{"embeddable":true,"href":"https:\/\/testwebsite.citygame.com\/cs\/wp-json\/wp\/v2\/pages\/5999"}],"wp:featuredmedia":[{"embeddable":true,"href":"https:\/\/testwebsite.citygame.com\/cs\/wp-json\/wp\/v2\/media\/10037"}],"wp:attachment":[{"href":"https:\/\/testwebsite.citygame.com\/cs\/wp-json\/wp\/v2\/media?parent=54174"}],"wp:term":[{"taxonomy":"game-concept","embeddable":true,"href":"https:\/\/testwebsite.citygame.com\/cs\/wp-json\/wp\/v2\/game-concept?post=54174"},{"taxonomy":"location","embeddable":true,"href":"https:\/\/testwebsite.citygame.com\/cs\/wp-json\/wp\/v2\/location?post=54174"},{"taxonomy":"product_brand","embeddable":true,"href":"https:\/\/testwebsite.citygame.com\/cs\/wp-json\/wp\/v2\/product_brand?post=54174"},{"taxonomy":"product_cat","embeddable":true,"href":"https:\/\/testwebsite.citygame.com\/cs\/wp-json\/wp\/v2\/product_cat?post=54174"},{"taxonomy":"product_tag","embeddable":true,"href":"https:\/\/testwebsite.citygame.com\/cs\/wp-json\/wp\/v2\/product_tag?post=54174"}],"curies":[{"name":"wp","href":"https:\/\/api.w.org\/{rel}","templated":true}]}}