{"id":53729,"date":"2026-02-04T08:18:56","date_gmt":"2026-02-04T08:18:56","guid":{"rendered":"https:\/\/testwebsite.citygame.com\/games\/unknown-location\/sherlock-holmes-frankfurt\/"},"modified":"2026-04-07T17:32:44","modified_gmt":"2026-04-07T17:32:44","slug":"sherlock-holmes-frankfurt","status":"publish","type":"product","link":"https:\/\/testwebsite.citygame.com\/cs\/games\/frankfurt\/sherlock-holmes-frankfurt\/","title":{"rendered":"Sherlock Holmes Frankfurt"},"content":{"rendered":"<p>M\u011bstsk\u00e1 hra Sherlock Holmes v centru Frankfurtu je samostatn\u011b hran\u00e1, p\u0159\u00edb\u011bhov\u00e1 detektivn\u00ed z\u00e1hada, kter\u00e1 prom\u011bn\u00ed m\u011bstskou krajinu ve sc\u00e9nu nap\u00ednav\u00e9ho detektivn\u00edho p\u0159\u00edpadu. Jak se vy\u0161et\u0159ov\u00e1n\u00ed rozv\u00edj\u00ed, hr\u00e1\u010di se pohybuj\u00ed srdcem Frankfurtu, shroma\u017e\u010fuj\u00ed stopy, \u0159e\u0161\u00ed h\u00e1danky a vysl\u00fdchaj\u00ed digit\u00e1ln\u00ed podez\u0159el\u00e9, aby odhalili pravdu za vra\u017edou, kter\u00e1 se stala b\u011bhem Liberty Festival. Pono\u0159eni do sv\u011bta Sherlocka Holmese, \u00fa\u010dastn\u00edci sleduj\u00ed klikat\u00fd p\u0159\u00edb\u011bh sv\u00fdm vlastn\u00edm tempem a pro\u017e\u00edvaj\u00ed vzru\u0161en\u00ed z dedukce a objevov\u00e1n\u00ed v modern\u00edm detektivn\u00edm dobrodru\u017estv\u00ed.<\/p>\n","protected":false},"excerpt":{"rendered":"<p>V\u017eijte se do legend\u00e1rn\u00edch bot Sherlocka Holmese v t\u00e9to nap\u00ednav\u00e9, samostatn\u011b hran\u00e9 detektivn\u00ed z\u00e1had\u011b zasazen\u00e9 do Frankfurtu. Sledujte stopy, lu\u0161t\u011bte z\u00e1hadn\u00e9 h\u00e1danky a spolupracujte se sv\u00fdm t\u00fdmem na odhalen\u00ed pravdy &#8211; je to z\u00e1vod s \u010dasem, tak se postavte v\u00fdzv\u011b!<\/p>\n","protected":false},"featured_media":9976,"template":"","meta":{"_acf_changed":false,"_yoast_wpseo_focuskw":"Sherlock Holmes Frankfurt","_yoast_wpseo_metadesc":"Sherlock Holmes Frankfurt. Zahrajte si samostatn\u011b \u0159\u00edzenou detektivn\u00ed M\u011bstskou hru, \u0159e\u0161te h\u00e1danky, sledujte stopy a odhalte vraha sv\u00fdm vlastn\u00edm tempem!","_kad_blocks_custom_css":"","_kad_blocks_head_custom_js":"","_kad_blocks_body_custom_js":"","_kad_blocks_footer_custom_js":"","ghostkit_customizer_options":"","ghostkit_custom_css":"","ghostkit_custom_js_head":"","ghostkit_custom_js_foot":"","ghostkit_typography":"","_kad_post_transparent":"","_kad_post_title":"","_kad_post_layout":"","_kad_post_sidebar_id":"","_kad_post_content_style":"","_kad_post_vertical_padding":"","_kad_post_feature":"","_kad_post_feature_position":"","_kad_post_header":false,"_kad_post_footer":false,"_kad_post_classname":"","_links_to":"","_links_to_target":""},"game-concept":[768],"location":[167],"product_brand":[],"product_cat":[27],"product_tag":[],"class_list":{"0":"post-53729","1":"product","2":"type-product","3":"status-publish","4":"has-post-thumbnail","6":"game-concept-sherlock","7":"location-frankfurt","8":"product_cat-geen-categorie","10":"first","11":"instock","12":"shipping-taxable","13":"purchasable","14":"product-type-simple","15":"entry","16":"content-bg","17":"loop-entry"},"acf":{"full_bokun_product_name":"Frankfurt Self-Guided Sherlock Holmes Murder Mystery Game","location_name":"Frankfurt","bokun_calendar_widget_code":"<script type=\"text\/javascript\" src=\"https:\/\/widgets.bokun.io\/assets\/javascripts\/apps\/build\/BokunWidgetsLoader.js?bookingChannelUUID=a1e93e96-5232-4734-a595-28405f4b5a31\" async><\/script>\n     \n    <div class=\"bokunWidget\" data-src=\"https:\/\/widgets.bokun.io\/online-sales\/a1e93e96-5232-4734-a595-28405f4b5a31\/experience-calendar\/726118\"><\/div>\n    <noscript>Please enable javascript in your browser to book<\/noscript>","bokun_button_widget_code":"<script type=\"text\/javascript\" src=\"https:\/\/widgets.bokun.io\/assets\/javascripts\/apps\/build\/BokunWidgetsLoader.js?bookingChannelUUID=a1e93e96-5232-4734-a595-28405f4b5a31\" async><\/script>\n      <style> #bokun_ed001e45_5927_4f62_b470_ca766338d083 { display: inline-block; padding: .4em 1em; background: #47b82e; border-radius: 999999px; box-shadow: none; font-weight: 600; font-size: 24px; text-decoration: none; text-align: center; color: #FFFFFF; border:none; cursor: pointer; transition: background .2s ease; } #bokun_ed001e45_5927_4f62_b470_ca766338d083:hover{ background: #2f7b1f; } #bokun_ed001e45_5927_4f62_b470_ca766338d083:active{ background: #378f24; } <\/style> <button class=\"bokunButton\" disabled id=bokun_ed001e45_5927_4f62_b470_ca766338d083 data-src=\"https:\/\/widgets.bokun.io\/online-sales\/a1e93e96-5232-4734-a595-28405f4b5a31\/experience-calendar\/726118?partialView=1\" data-testid=\"widget-book-button\" > Book now <\/button> ","what_you\u2019ll_experience_during_the_game":"Vstupte do nap\u00ednav\u00e9ho detektivn\u00edho p\u0159\u00edb\u011bhu zasazen\u00e9ho do Frankfurtu, kde mraziv\u00e1 vra\u017eda b\u011bhem Liberty Festival ot\u0159\u00e1sla m\u011bstem. Jak se pohybujete jeho klikat\u00fdmi uli\u010dkami, vy\u0161et\u0159ov\u00e1n\u00ed se odv\u00edj\u00ed v re\u00e1ln\u00e9m \u010dase, zcela \u0159\u00edzeno va\u0161imi volbami a stopami, kter\u00e9 sledujete. S ka\u017ed\u00fdm krokem odhalujete stopy, \u0159e\u0161\u00edte vrstven\u00e9 h\u00e1danky a \u010del\u00edte ne\u010dekan\u00fdm zvrat\u016fm, kter\u00e9 udr\u017euj\u00ed p\u0159\u00edpad otev\u0159en\u00fd. Va\u0161e cesta v\u00e1s zavede od teorie k podez\u0159en\u00ed, kdy\u017e budete vysl\u00fdchat digit\u00e1ln\u00ed podez\u0159el\u00e9, analyzovat \u010dasov\u00e9 osy a odhalovat rozpory v jejich alibi.\n\nKritick\u00e9 my\u0161len\u00ed, bystr\u00e9 pozorov\u00e1n\u00ed a ostr\u00e1 dedukce jsou va\u0161imi nejcenn\u011bj\u0161\u00edmi n\u00e1stroji v tomto pln\u011b p\u0159\u00edb\u011bhov\u00e9m z\u00e1\u017eitku. Z\u00e1hada se p\u0159izp\u016fsobuje va\u0161emu tempu, tak\u017ee si m\u016f\u017eete kdykoli zvolit pauzu a pokra\u010dovat. A\u0165 u\u017e pracujete sami nebo sout\u011b\u017e\u00edte jako sou\u010d\u00e1st t\u00fdmu, va\u0161e rozhodnut\u00ed ur\u010duj\u00ed, jak vyjde pravda najevo. V srdci Frankfurtu \u010dek\u00e1 odpov\u011b\u010f &#8211; pokud ji dok\u00e1\u017eete rozlu\u0161tit.","how_to_play":"Hrajte sami nebo s p\u0159\u00e1teli, rodinou \u010di kolegy v t\u00fdmech a\u017e \u010dty\u0159 osob na jedno za\u0159\u00edzen\u00ed. Po rezervaci obdr\u017e\u00edte e-mail s instrukcemi a v\u0161\u00edm, co pot\u0159ebujete.","start_location":"Frankfurt, Paulsplatz","available_languages":["en","es","fr","it","nl","de"],"players_per_group":"1-4","duration":"1.5-2 hours","image_overlay_color_image":"https:\/\/testwebsite.citygame.com\/wp-content\/blogs.dir\/1\/files\/sites\/62\/2026\/01\/SherlockColor.svg","image_overlay_game_logo":"https:\/\/testwebsite.citygame.com\/wp-content\/blogs.dir\/1\/files\/sites\/62\/2026\/01\/SherlockLogo.png","city_page":5939,"woocommerce_general_content":null},"yoast_head":"<!-- This site is optimized with the Yoast SEO Premium plugin v26.2 (Yoast SEO v26.3) - https:\/\/yoast.com\/wordpress\/plugins\/seo\/ -->\n<title>Sherlock Holmes Frankfurt - City Game<\/title>\n<meta name=\"description\" content=\"Sherlock Holmes Frankfurt. Zahrajte si samostatn\u011b \u0159\u00edzenou detektivn\u00ed M\u011bstskou hru, \u0159e\u0161te h\u00e1danky, sledujte stopy a odhalte vraha sv\u00fdm vlastn\u00edm tempem!\" \/>\n<meta name=\"robots\" content=\"noindex, follow, max-snippet:-1, max-image-preview:large, max-video-preview:-1\" \/>\n<meta property=\"og:locale\" content=\"cs_CZ\" \/>\n<meta property=\"og:type\" content=\"article\" \/>\n<meta property=\"og:title\" content=\"Sherlock Holmes Frankfurt\" \/>\n<meta property=\"og:description\" content=\"Sherlock Holmes Frankfurt. Zahrajte si samostatn\u011b \u0159\u00edzenou detektivn\u00ed M\u011bstskou hru, \u0159e\u0161te h\u00e1danky, sledujte stopy a odhalte vraha sv\u00fdm vlastn\u00edm tempem!\" \/>\n<meta property=\"og:url\" content=\"https:\/\/testwebsite.citygame.com\/cs\/games\/frankfurt\/sherlock-holmes-frankfurt\/\" \/>\n<meta property=\"og:site_name\" content=\"City Game\" \/>\n<meta property=\"article:publisher\" content=\"https:\/\/www.facebook.com\/profile.php?id=100086426226253\" \/>\n<meta property=\"article:modified_time\" content=\"2026-04-07T17:32:44+00:00\" \/>\n<meta property=\"og:image\" content=\"https:\/\/testwebsite.citygame.com\/wp-content\/blogs.dir\/1\/files\/sites\/62\/2026\/02\/frankfurt-player-gutenberg-monument-gameplay.jpg\" \/>\n\t<meta property=\"og:image:width\" content=\"1184\" \/>\n\t<meta property=\"og:image:height\" content=\"864\" \/>\n\t<meta property=\"og:image:type\" content=\"image\/jpeg\" \/>\n<meta name=\"twitter:card\" content=\"summary_large_image\" \/>\n<meta name=\"twitter:label1\" content=\"Odhadovan\u00e1 doba \u010dten\u00ed\" \/>\n\t<meta name=\"twitter:data1\" content=\"1 minuta\" \/>\n<script type=\"application\/ld+json\" class=\"yoast-schema-graph\">{\"@context\":\"https:\/\/schema.org\",\"@graph\":[{\"@type\":\"WebPage\",\"@id\":\"https:\/\/testwebsite.citygame.com\/cs\/games\/frankfurt\/sherlock-holmes-frankfurt\/\",\"url\":\"https:\/\/testwebsite.citygame.com\/cs\/games\/frankfurt\/sherlock-holmes-frankfurt\/\",\"name\":\"Sherlock Holmes Frankfurt - City Game\",\"isPartOf\":{\"@id\":\"https:\/\/testwebsite.upevents.nl\/#website\"},\"primaryImageOfPage\":{\"@id\":\"https:\/\/testwebsite.citygame.com\/cs\/games\/frankfurt\/sherlock-holmes-frankfurt\/#primaryimage\"},\"image\":{\"@id\":\"https:\/\/testwebsite.citygame.com\/cs\/games\/frankfurt\/sherlock-holmes-frankfurt\/#primaryimage\"},\"thumbnailUrl\":\"https:\/\/testwebsite.citygame.com\/wp-content\/blogs.dir\/1\/files\/sites\/62\/2026\/02\/frankfurt-player-gutenberg-monument-gameplay.jpg\",\"datePublished\":\"2026-02-04T08:18:56+00:00\",\"dateModified\":\"2026-04-07T17:32:44+00:00\",\"description\":\"Sherlock Holmes Frankfurt. Zahrajte si samostatn\u011b \u0159\u00edzenou detektivn\u00ed M\u011bstskou hru, \u0159e\u0161te h\u00e1danky, sledujte stopy a odhalte vraha sv\u00fdm vlastn\u00edm tempem!\",\"breadcrumb\":{\"@id\":\"https:\/\/testwebsite.citygame.com\/cs\/games\/frankfurt\/sherlock-holmes-frankfurt\/#breadcrumb\"},\"inLanguage\":\"cs\",\"potentialAction\":[{\"@type\":\"ReadAction\",\"target\":[\"https:\/\/testwebsite.citygame.com\/cs\/games\/frankfurt\/sherlock-holmes-frankfurt\/\"]}]},{\"@type\":\"ImageObject\",\"inLanguage\":\"cs\",\"@id\":\"https:\/\/testwebsite.citygame.com\/cs\/games\/frankfurt\/sherlock-holmes-frankfurt\/#primaryimage\",\"url\":\"https:\/\/testwebsite.citygame.com\/wp-content\/blogs.dir\/1\/files\/sites\/62\/2026\/02\/frankfurt-player-gutenberg-monument-gameplay.jpg\",\"contentUrl\":\"https:\/\/testwebsite.citygame.com\/wp-content\/blogs.dir\/1\/files\/sites\/62\/2026\/02\/frankfurt-player-gutenberg-monument-gameplay.jpg\",\"width\":1184,\"height\":864,\"caption\":\"A person plays an interactive city game on their phone in front of a historic monument in Frankfurt.\"},{\"@type\":\"BreadcrumbList\",\"@id\":\"https:\/\/testwebsite.citygame.com\/cs\/games\/frankfurt\/sherlock-holmes-frankfurt\/#breadcrumb\",\"itemListElement\":[{\"@type\":\"ListItem\",\"position\":1,\"name\":\"Home\",\"item\":\"https:\/\/testwebsite.citygame.com\/cs\/\"},{\"@type\":\"ListItem\",\"position\":2,\"name\":\"Shop\",\"item\":\"https:\/\/testwebsite.citygame.com\/shop\/\"},{\"@type\":\"ListItem\",\"position\":3,\"name\":\"Sherlock Holmes Frankfurt\"}]},{\"@type\":\"WebSite\",\"@id\":\"https:\/\/testwebsite.upevents.nl\/#website\",\"url\":\"https:\/\/testwebsite.upevents.nl\/\",\"name\":\"City Game\",\"description\":\"\",\"publisher\":{\"@id\":\"https:\/\/testwebsite.upevents.nl\/#organization\"},\"alternateName\":\"citygame.com\",\"potentialAction\":[{\"@type\":\"SearchAction\",\"target\":{\"@type\":\"EntryPoint\",\"urlTemplate\":\"https:\/\/testwebsite.upevents.nl\/?s={search_term_string}\"},\"query-input\":{\"@type\":\"PropertyValueSpecification\",\"valueRequired\":true,\"valueName\":\"search_term_string\"}}],\"inLanguage\":\"cs\"},{\"@type\":[\"Organization\",\"Place\"],\"@id\":\"https:\/\/testwebsite.upevents.nl\/#organization\",\"name\":\"City Game\",\"alternateName\":\"citygame.com\",\"url\":\"https:\/\/testwebsite.upevents.nl\/\",\"logo\":{\"@id\":\"https:\/\/testwebsite.citygame.com\/cs\/games\/frankfurt\/sherlock-holmes-frankfurt\/#local-main-organization-logo\"},\"image\":{\"@id\":\"https:\/\/testwebsite.citygame.com\/cs\/games\/frankfurt\/sherlock-holmes-frankfurt\/#local-main-organization-logo\"},\"sameAs\":[\"https:\/\/www.facebook.com\/profile.php?id=100086426226253\",\"https:\/\/www.instagram.com\/citygame_com\",\"https:\/\/www.tiktok.com\/@citygamecom\/\",\"https:\/\/www.linkedin.com\/company\/citygame-com\"],\"description\":\"Turn any city into a playground with our interactive City Games and self-guided tours. Fun, flexible, and ideal for groups and team building.\",\"telephone\":[],\"openingHoursSpecification\":[{\"@type\":\"OpeningHoursSpecification\",\"dayOfWeek\":[\"Monday\",\"Tuesday\",\"Wednesday\",\"Thursday\",\"Friday\",\"Saturday\",\"Sunday\"],\"opens\":\"09:00\",\"closes\":\"17:00\"}]},{\"@type\":\"ImageObject\",\"inLanguage\":\"cs\",\"@id\":\"https:\/\/testwebsite.citygame.com\/cs\/games\/frankfurt\/sherlock-holmes-frankfurt\/#local-main-organization-logo\",\"url\":\"https:\/\/testwebsite.citygame.com\/wp-content\/blogs.dir\/1\/files\/sites\/62\/2025\/10\/CG_LOGO-City-Game.png\",\"contentUrl\":\"https:\/\/testwebsite.citygame.com\/wp-content\/blogs.dir\/1\/files\/sites\/62\/2025\/10\/CG_LOGO-City-Game.png\",\"width\":351,\"height\":377,\"caption\":\"City Game\"}]}<\/script>\n<!-- \/ Yoast SEO Premium plugin. -->","yoast_head_json":{"title":"Sherlock Holmes Frankfurt - City Game","description":"Sherlock Holmes Frankfurt. Zahrajte si samostatn\u011b \u0159\u00edzenou detektivn\u00ed M\u011bstskou hru, \u0159e\u0161te h\u00e1danky, sledujte stopy a odhalte vraha sv\u00fdm vlastn\u00edm tempem!","robots":{"index":"noindex","follow":"follow","max-snippet":"max-snippet:-1","max-image-preview":"max-image-preview:large","max-video-preview":"max-video-preview:-1"},"og_locale":"cs_CZ","og_type":"article","og_title":"Sherlock Holmes Frankfurt","og_description":"Sherlock Holmes Frankfurt. Zahrajte si samostatn\u011b \u0159\u00edzenou detektivn\u00ed M\u011bstskou hru, \u0159e\u0161te h\u00e1danky, sledujte stopy a odhalte vraha sv\u00fdm vlastn\u00edm tempem!","og_url":"https:\/\/testwebsite.citygame.com\/cs\/games\/frankfurt\/sherlock-holmes-frankfurt\/","og_site_name":"City Game","article_publisher":"https:\/\/www.facebook.com\/profile.php?id=100086426226253","article_modified_time":"2026-04-07T17:32:44+00:00","og_image":[{"width":1184,"height":864,"url":"https:\/\/testwebsite.citygame.com\/wp-content\/blogs.dir\/1\/files\/sites\/62\/2026\/02\/frankfurt-player-gutenberg-monument-gameplay.jpg","type":"image\/jpeg"}],"twitter_card":"summary_large_image","twitter_misc":{"Odhadovan\u00e1 doba \u010dten\u00ed":"1 minuta"},"schema":{"@context":"https:\/\/schema.org","@graph":[{"@type":"WebPage","@id":"https:\/\/testwebsite.citygame.com\/cs\/games\/frankfurt\/sherlock-holmes-frankfurt\/","url":"https:\/\/testwebsite.citygame.com\/cs\/games\/frankfurt\/sherlock-holmes-frankfurt\/","name":"Sherlock Holmes Frankfurt - City Game","isPartOf":{"@id":"https:\/\/testwebsite.upevents.nl\/#website"},"primaryImageOfPage":{"@id":"https:\/\/testwebsite.citygame.com\/cs\/games\/frankfurt\/sherlock-holmes-frankfurt\/#primaryimage"},"image":{"@id":"https:\/\/testwebsite.citygame.com\/cs\/games\/frankfurt\/sherlock-holmes-frankfurt\/#primaryimage"},"thumbnailUrl":"https:\/\/testwebsite.citygame.com\/wp-content\/blogs.dir\/1\/files\/sites\/62\/2026\/02\/frankfurt-player-gutenberg-monument-gameplay.jpg","datePublished":"2026-02-04T08:18:56+00:00","dateModified":"2026-04-07T17:32:44+00:00","description":"Sherlock Holmes Frankfurt. Zahrajte si samostatn\u011b \u0159\u00edzenou detektivn\u00ed M\u011bstskou hru, \u0159e\u0161te h\u00e1danky, sledujte stopy a odhalte vraha sv\u00fdm vlastn\u00edm tempem!","breadcrumb":{"@id":"https:\/\/testwebsite.citygame.com\/cs\/games\/frankfurt\/sherlock-holmes-frankfurt\/#breadcrumb"},"inLanguage":"cs","potentialAction":[{"@type":"ReadAction","target":["https:\/\/testwebsite.citygame.com\/cs\/games\/frankfurt\/sherlock-holmes-frankfurt\/"]}]},{"@type":"ImageObject","inLanguage":"cs","@id":"https:\/\/testwebsite.citygame.com\/cs\/games\/frankfurt\/sherlock-holmes-frankfurt\/#primaryimage","url":"https:\/\/testwebsite.citygame.com\/wp-content\/blogs.dir\/1\/files\/sites\/62\/2026\/02\/frankfurt-player-gutenberg-monument-gameplay.jpg","contentUrl":"https:\/\/testwebsite.citygame.com\/wp-content\/blogs.dir\/1\/files\/sites\/62\/2026\/02\/frankfurt-player-gutenberg-monument-gameplay.jpg","width":1184,"height":864,"caption":"A person plays an interactive city game on their phone in front of a historic monument in Frankfurt."},{"@type":"BreadcrumbList","@id":"https:\/\/testwebsite.citygame.com\/cs\/games\/frankfurt\/sherlock-holmes-frankfurt\/#breadcrumb","itemListElement":[{"@type":"ListItem","position":1,"name":"Home","item":"https:\/\/testwebsite.citygame.com\/cs\/"},{"@type":"ListItem","position":2,"name":"Shop","item":"https:\/\/testwebsite.citygame.com\/shop\/"},{"@type":"ListItem","position":3,"name":"Sherlock Holmes Frankfurt"}]},{"@type":"WebSite","@id":"https:\/\/testwebsite.upevents.nl\/#website","url":"https:\/\/testwebsite.upevents.nl\/","name":"City Game","description":"","publisher":{"@id":"https:\/\/testwebsite.upevents.nl\/#organization"},"alternateName":"citygame.com","potentialAction":[{"@type":"SearchAction","target":{"@type":"EntryPoint","urlTemplate":"https:\/\/testwebsite.upevents.nl\/?s={search_term_string}"},"query-input":{"@type":"PropertyValueSpecification","valueRequired":true,"valueName":"search_term_string"}}],"inLanguage":"cs"},{"@type":["Organization","Place"],"@id":"https:\/\/testwebsite.upevents.nl\/#organization","name":"City Game","alternateName":"citygame.com","url":"https:\/\/testwebsite.upevents.nl\/","logo":{"@id":"https:\/\/testwebsite.citygame.com\/cs\/games\/frankfurt\/sherlock-holmes-frankfurt\/#local-main-organization-logo"},"image":{"@id":"https:\/\/testwebsite.citygame.com\/cs\/games\/frankfurt\/sherlock-holmes-frankfurt\/#local-main-organization-logo"},"sameAs":["https:\/\/www.facebook.com\/profile.php?id=100086426226253","https:\/\/www.instagram.com\/citygame_com","https:\/\/www.tiktok.com\/@citygamecom\/","https:\/\/www.linkedin.com\/company\/citygame-com"],"description":"Turn any city into a playground with our interactive City Games and self-guided tours. Fun, flexible, and ideal for groups and team building.","telephone":[],"openingHoursSpecification":[{"@type":"OpeningHoursSpecification","dayOfWeek":["Monday","Tuesday","Wednesday","Thursday","Friday","Saturday","Sunday"],"opens":"09:00","closes":"17:00"}]},{"@type":"ImageObject","inLanguage":"cs","@id":"https:\/\/testwebsite.citygame.com\/cs\/games\/frankfurt\/sherlock-holmes-frankfurt\/#local-main-organization-logo","url":"https:\/\/testwebsite.citygame.com\/wp-content\/blogs.dir\/1\/files\/sites\/62\/2025\/10\/CG_LOGO-City-Game.png","contentUrl":"https:\/\/testwebsite.citygame.com\/wp-content\/blogs.dir\/1\/files\/sites\/62\/2025\/10\/CG_LOGO-City-Game.png","width":351,"height":377,"caption":"City Game"}]}},"taxonomy_info":{"game-concept":[{"value":768,"label":"Sherlock"}],"location":[{"value":167,"label":"Frankfurt"}],"product_cat":[{"value":27,"label":"Geen categorie"}]},"featured_image_src_large":["https:\/\/testwebsite.citygame.com\/wp-content\/blogs.dir\/1\/files\/sites\/62\/2026\/02\/frankfurt-player-gutenberg-monument-gameplay-1024x747.jpg",1024,747,true],"author_info":[],"comment_info":"","_links":{"self":[{"href":"https:\/\/testwebsite.citygame.com\/cs\/wp-json\/wp\/v2\/product\/53729","targetHints":{"allow":["GET"]}}],"collection":[{"href":"https:\/\/testwebsite.citygame.com\/cs\/wp-json\/wp\/v2\/product"}],"about":[{"href":"https:\/\/testwebsite.citygame.com\/cs\/wp-json\/wp\/v2\/types\/product"}],"acf:post":[{"embeddable":true,"href":"https:\/\/testwebsite.citygame.com\/cs\/wp-json\/wp\/v2\/pages\/5939"}],"wp:featuredmedia":[{"embeddable":true,"href":"https:\/\/testwebsite.citygame.com\/cs\/wp-json\/wp\/v2\/media\/9976"}],"wp:attachment":[{"href":"https:\/\/testwebsite.citygame.com\/cs\/wp-json\/wp\/v2\/media?parent=53729"}],"wp:term":[{"taxonomy":"game-concept","embeddable":true,"href":"https:\/\/testwebsite.citygame.com\/cs\/wp-json\/wp\/v2\/game-concept?post=53729"},{"taxonomy":"location","embeddable":true,"href":"https:\/\/testwebsite.citygame.com\/cs\/wp-json\/wp\/v2\/location?post=53729"},{"taxonomy":"product_brand","embeddable":true,"href":"https:\/\/testwebsite.citygame.com\/cs\/wp-json\/wp\/v2\/product_brand?post=53729"},{"taxonomy":"product_cat","embeddable":true,"href":"https:\/\/testwebsite.citygame.com\/cs\/wp-json\/wp\/v2\/product_cat?post=53729"},{"taxonomy":"product_tag","embeddable":true,"href":"https:\/\/testwebsite.citygame.com\/cs\/wp-json\/wp\/v2\/product_tag?post=53729"}],"curies":[{"name":"wp","href":"https:\/\/api.w.org\/{rel}","templated":true}]}}