{"id":53404,"date":"2026-02-26T14:51:53","date_gmt":"2026-02-26T14:51:53","guid":{"rendered":"https:\/\/testwebsite.citygame.com\/games\/unknown-location\/secrets-of-kandy\/"},"modified":"2026-04-07T16:49:16","modified_gmt":"2026-04-07T16:49:16","slug":"secrets-of-kandy","status":"publish","type":"product","link":"https:\/\/testwebsite.citygame.com\/cs\/games\/kandy\/secrets-of-kandy\/","title":{"rendered":"Secrets of Kandy"},"content":{"rendered":"<p>Pono\u0159te se do poutav\u00e9ho dobrodru\u017estv\u00ed se samoobslu\u017enou, GPS-zalo\u017eenou hrou &#8218;Secrets of Kandy&#8216; City Game, kter\u00e1 se nach\u00e1z\u00ed v centru m\u011bsta Kandy. Tato pr\u016fzkumn\u00e1 hra umo\u017e\u0148uje hr\u00e1\u010d\u016fm proch\u00e1zet m\u011bstem pomoc\u00ed sv\u00fdch chytr\u00fdch telefon\u016f a \u0159e\u0161it sm\u011bs h\u00e1danek, zaj\u00edmav\u00fdch r\u00e9bus\u016f a fotografick\u00fdch v\u00fdzev. Poskytuje jedine\u010dn\u00fd interaktivn\u00ed zp\u016fsob, jak se dozv\u011bd\u011bt o historii, kultu\u0159e a skryt\u00fdch detailech Kandy. Hra je ide\u00e1ln\u00ed jak pro n\u00e1v\u0161t\u011bvn\u00edky, kte\u0159\u00ed cht\u011bj\u00ed prozkoumat m\u011bsto v jin\u00e9m sv\u011btle, tak pro m\u00edstn\u00ed obyvatele, kte\u0159\u00ed tou\u017e\u00ed objevit m\u00e9n\u011b zn\u00e1m\u00e9 aspekty sv\u00e9ho rodn\u00e9ho m\u011bsta. A\u0165 u\u017e hled\u00e1te aktivitu pro jednoho, z\u00e1bavu s partnerem, poutav\u00fd rodinn\u00fd v\u00fdlet nebo jin\u00fd den venku s p\u0159\u00e1teli, tato m\u011bstsk\u00e1 hra v Kandy je \u017eivou volbou.<\/p>\n","protected":false},"excerpt":{"rendered":"<p>Odhalte posv\u00e1tn\u00e1 tajemstv\u00ed Kandy! P\u0159ipojte se k Maha Adigarovi na vzru\u0161uj\u00edc\u00ed v\u00fdprav\u011b chr\u00e1my, jezery a skryt\u00fdmi uli\u010dkami, abyste z\u00edskali zp\u011bt ukraden\u00fd Posv\u00e1tn\u00fd zub, kter\u00fd st\u0159e\u017e\u00ed ducha m\u011bsta.<\/p>\n","protected":false},"featured_media":16110,"template":"","meta":{"_acf_changed":false,"_yoast_wpseo_focuskw":"Secrets of Kandy","_yoast_wpseo_metadesc":"Secrets of Kandy. Zahrajte si samoobslu\u017enou m\u011bstskou hru a prozkoumejte m\u011bsto prost\u0159ednictv\u00edm h\u00e1danek, r\u00e9bus\u016f a v\u00fdzev. Hrajte vlastn\u00edm tempem a objevujte jako m\u00edstn\u00ed!","_kad_blocks_custom_css":"","_kad_blocks_head_custom_js":"","_kad_blocks_body_custom_js":"","_kad_blocks_footer_custom_js":"","ghostkit_customizer_options":"","ghostkit_custom_css":"","ghostkit_custom_js_head":"","ghostkit_custom_js_foot":"","ghostkit_typography":"","_kad_post_transparent":"default","_kad_post_title":"","_kad_post_layout":"default","_kad_post_sidebar_id":"","_kad_post_content_style":"default","_kad_post_vertical_padding":"default","_kad_post_feature":"","_kad_post_feature_position":"","_kad_post_header":false,"_kad_post_footer":false,"_kad_post_classname":"","_links_to":"","_links_to_target":""},"game-concept":[707],"location":[613],"product_brand":[],"product_cat":[27],"product_tag":[],"class_list":{"0":"post-53404","1":"product","2":"type-product","3":"status-publish","4":"has-post-thumbnail","6":"game-concept-secrets","7":"location-kandy","8":"product_cat-geen-categorie","10":"first","11":"instock","12":"shipping-taxable","13":"purchasable","14":"product-type-simple","15":"entry","16":"content-bg","17":"loop-entry"},"acf":{"full_bokun_product_name":"Self-Guided Secrets of Kandy Exploration Game","location_name":"Kandy","bokun_calendar_widget_code":"\r\n     \r\n    <div class=\"bokunWidget\" data-src=\"https:\/\/widgets.bokun.io\/online-sales\/a1e93e96-5232-4734-a595-28405f4b5a31\/experience-calendar\/1096742\"><\/div>\r\n    Please enable javascript in your browser to book","bokun_button_widget_code":"\r\n       #bokun_ed001e45_5927_4f62_b470_ca766338d083 { display: inline-block; padding: .4em 1em; background: #47b82e; border-radius: 999999px; box-shadow: none; font-weight: 600; font-size: 24px; text-decoration: none; text-align: center; color: #FFFFFF; border:none; cursor: pointer; transition: background .2s ease; } #bokun_ed001e45_5927_4f62_b470_ca766338d083:hover{ background: #2f7b1f; } #bokun_ed001e45_5927_4f62_b470_ca766338d083:active{ background: #378f24; }  <button class=\"bokunButton\" disabled id=\"bokun_ed001e45_5927_4f62_b470_ca766338d083\" data-src=\"https:\/\/widgets.bokun.io\/online-sales\/a1e93e96-5232-4734-a595-28405f4b5a31\/experience-calendar\/1096742?partialView=1\" data-testid=\"widget-book-button\"> Book now <\/button> ","what_you\u2019ll_experience_during_the_game":"Pono\u0159te se do okouzluj\u00edc\u00ed atmosf\u00e9ry Kandy prost\u0159ednictv\u00edm na\u0161\u00ed m\u011bstsk\u00e9 hry. Hra spojuje historick\u00e9 pam\u00e1tky s poutav\u00fdm p\u0159\u00edb\u011bhem a interaktivn\u00edmi v\u00fdzvami, co\u017e v\u00e1m umo\u017en\u00ed prozkoumat jak ikonick\u00e1, tak m\u00e9n\u011b zn\u00e1m\u00e1 m\u00edsta ve m\u011bst\u011b. Projd\u011bte se kolem velkolep\u00e9ho Chr\u00e1mu posv\u00e1tn\u00e9 relikvie zubu, uct\u00edvan\u00e9ho buddhistick\u00e9ho chr\u00e1mu. Ud\u011blejte si odbo\u010dku p\u0159es Caf\u00e9 1886, kter\u00e9 spojuje minulost a sou\u010dasnost Kandy ve v\u00edru chut\u00ed. Odhalte barevn\u00e9 slo\u017eitosti Kathiresan Kovil, hinduistick\u00e9ho chr\u00e1mu zasv\u011bcen\u00e9ho P\u00e1nu Muruganovi, a nechte se uchv\u00e1tit architektonickou f\u00faz\u00ed Giragama Walawwa, sm\u011bsice kandsk\u00e9 a koloni\u00e1ln\u00ed architektury.\r\n\r\nB\u011bhem proch\u00e1zky Kandy se zapoj\u00edte do jedine\u010dn\u00fdch h\u00e1danek, r\u00e9bus\u016f a zaj\u00edmav\u00fdch ot\u00e1zek, propleten\u00fdch s kreativn\u00edmi fotografick\u00fdmi v\u00fdzvami. Tyto poutav\u00e9 \u00fakoly nejen\u017ee pom\u00e1haj\u00ed odhalit tajemstv\u00ed m\u011bsta, ale tak\u00e9 v\u00e1m z\u00edsk\u00e1vaj\u00ed body a odemykaj\u00ed u\u017eite\u010dn\u00e9 n\u00e1pov\u011bdy. Kone\u010dn\u00fdm \u00fa\u010delem je vy\u0159e\u0161it z\u00e1v\u011bre\u010dnou z\u00e1hadu, kter\u00e1 zavr\u0161uje va\u0161e dobrodru\u017estv\u00ed v tomto kr\u00e1sn\u00e9m m\u011bst\u011b. Nebudete omezeni \u010dasem: hru lze snadno pozastavit a pokra\u010dovat podle va\u0161ich preferenc\u00ed. Pro sout\u011b\u017eiv\u00e9 hr\u00e1\u010de nebo t\u00fdmy je tu v\u00edc. Po vy\u0159e\u0161en\u00ed z\u00e1v\u011bre\u010dn\u00e9 z\u00e1hady by se va\u0161e jm\u00e9no mohlo objevit vysoko na \u017eeb\u0159\u00ed\u010dku v na\u0161\u00ed pr\u016fzkumn\u00e9 City Game.","how_to_play":"Po rezervaci obdr\u017e\u00edte e-mail s p\u0159\u00edm\u00fdm odkazem ke h\u0159e. Jednodu\u0161e se vydejte k Chr\u00e1mu posv\u00e1tn\u00e9 relikvie zubu, v\u00fdchoz\u00edmu bodu va\u0161\u00ed cesty, a za\u010dn\u011bte, kdykoli budete p\u0159ipraveni. Hru 'Secrets of Kandy' City Game lze kdykoli pozastavit a znovu spustit, tak\u017ee si m\u016f\u017eete ud\u011blat p\u0159est\u00e1vky, vychutnat si m\u00edstn\u00ed kav\u00e1rny nebo prozkoum\u00e1vat dle libosti.","start_location":"Kandy,  Temple of the Sacred Tooth Relic","available_languages":"","players_per_group":"1-4","duration":"1.5-2 hours","image_overlay_color_image":"https:\/\/testwebsite.citygame.com\/wp-content\/blogs.dir\/1\/files\/sites\/62\/2026\/01\/SecretsColor.svg","image_overlay_game_logo":"https:\/\/testwebsite.citygame.com\/wp-content\/blogs.dir\/1\/files\/sites\/62\/2026\/01\/SecretsLogo.png","city_page":15758,"woocommerce_general_content":null},"yoast_head":"<!-- This site is optimized with the Yoast SEO Premium plugin v26.2 (Yoast SEO v26.3) - https:\/\/yoast.com\/wordpress\/plugins\/seo\/ -->\n<title>Secrets of Kandy - City Game<\/title>\n<meta name=\"description\" content=\"Secrets of Kandy. Zahrajte si samoobslu\u017enou m\u011bstskou hru a prozkoumejte m\u011bsto prost\u0159ednictv\u00edm h\u00e1danek, r\u00e9bus\u016f a v\u00fdzev. Hrajte vlastn\u00edm tempem a objevujte jako m\u00edstn\u00ed!\" \/>\n<meta name=\"robots\" content=\"noindex, follow, max-snippet:-1, max-image-preview:large, max-video-preview:-1\" \/>\n<meta property=\"og:locale\" content=\"cs_CZ\" \/>\n<meta property=\"og:type\" content=\"article\" \/>\n<meta property=\"og:title\" content=\"Secrets of Kandy\" \/>\n<meta property=\"og:description\" content=\"Secrets of Kandy. Zahrajte si samoobslu\u017enou m\u011bstskou hru a prozkoumejte m\u011bsto prost\u0159ednictv\u00edm h\u00e1danek, r\u00e9bus\u016f a v\u00fdzev. Hrajte vlastn\u00edm tempem a objevujte jako m\u00edstn\u00ed!\" \/>\n<meta property=\"og:url\" content=\"https:\/\/testwebsite.citygame.com\/cs\/games\/kandy\/secrets-of-kandy\/\" \/>\n<meta property=\"og:site_name\" content=\"City Game\" \/>\n<meta property=\"article:publisher\" content=\"https:\/\/www.facebook.com\/profile.php?id=100086426226253\" \/>\n<meta property=\"article:modified_time\" content=\"2026-04-07T16:49:16+00:00\" \/>\n<meta property=\"og:image\" content=\"https:\/\/testwebsite.citygame.com\/wp-content\/blogs.dir\/1\/files\/sites\/62\/2026\/02\/group-of-friends-playing-city-game-kandy.jpg\" \/>\n\t<meta property=\"og:image:width\" content=\"1024\" \/>\n\t<meta property=\"og:image:height\" content=\"1024\" \/>\n\t<meta property=\"og:image:type\" content=\"image\/jpeg\" \/>\n<meta name=\"twitter:card\" content=\"summary_large_image\" \/>\n<meta name=\"twitter:label1\" content=\"Odhadovan\u00e1 doba \u010dten\u00ed\" \/>\n\t<meta name=\"twitter:data1\" content=\"1 minuta\" \/>\n<script type=\"application\/ld+json\" class=\"yoast-schema-graph\">{\"@context\":\"https:\/\/schema.org\",\"@graph\":[{\"@type\":\"WebPage\",\"@id\":\"https:\/\/testwebsite.citygame.com\/cs\/games\/kandy\/secrets-of-kandy\/\",\"url\":\"https:\/\/testwebsite.citygame.com\/cs\/games\/kandy\/secrets-of-kandy\/\",\"name\":\"Secrets of Kandy - City Game\",\"isPartOf\":{\"@id\":\"https:\/\/testwebsite.upevents.nl\/#website\"},\"primaryImageOfPage\":{\"@id\":\"https:\/\/testwebsite.citygame.com\/cs\/games\/kandy\/secrets-of-kandy\/#primaryimage\"},\"image\":{\"@id\":\"https:\/\/testwebsite.citygame.com\/cs\/games\/kandy\/secrets-of-kandy\/#primaryimage\"},\"thumbnailUrl\":\"https:\/\/testwebsite.citygame.com\/wp-content\/blogs.dir\/1\/files\/sites\/62\/2026\/02\/group-of-friends-playing-city-game-kandy.jpg\",\"datePublished\":\"2026-02-26T14:51:53+00:00\",\"dateModified\":\"2026-04-07T16:49:16+00:00\",\"description\":\"Secrets of Kandy. Zahrajte si samoobslu\u017enou m\u011bstskou hru a prozkoumejte m\u011bsto prost\u0159ednictv\u00edm h\u00e1danek, r\u00e9bus\u016f a v\u00fdzev. Hrajte vlastn\u00edm tempem a objevujte jako m\u00edstn\u00ed!\",\"breadcrumb\":{\"@id\":\"https:\/\/testwebsite.citygame.com\/cs\/games\/kandy\/secrets-of-kandy\/#breadcrumb\"},\"inLanguage\":\"cs\",\"potentialAction\":[{\"@type\":\"ReadAction\",\"target\":[\"https:\/\/testwebsite.citygame.com\/cs\/games\/kandy\/secrets-of-kandy\/\"]}]},{\"@type\":\"ImageObject\",\"inLanguage\":\"cs\",\"@id\":\"https:\/\/testwebsite.citygame.com\/cs\/games\/kandy\/secrets-of-kandy\/#primaryimage\",\"url\":\"https:\/\/testwebsite.citygame.com\/wp-content\/blogs.dir\/1\/files\/sites\/62\/2026\/02\/group-of-friends-playing-city-game-kandy.jpg\",\"contentUrl\":\"https:\/\/testwebsite.citygame.com\/wp-content\/blogs.dir\/1\/files\/sites\/62\/2026\/02\/group-of-friends-playing-city-game-kandy.jpg\",\"width\":1024,\"height\":1024,\"caption\":\"A group of young friends exploring the historic city of Kandy with a smartphone game.\"},{\"@type\":\"BreadcrumbList\",\"@id\":\"https:\/\/testwebsite.citygame.com\/cs\/games\/kandy\/secrets-of-kandy\/#breadcrumb\",\"itemListElement\":[{\"@type\":\"ListItem\",\"position\":1,\"name\":\"Home\",\"item\":\"https:\/\/testwebsite.citygame.com\/cs\/\"},{\"@type\":\"ListItem\",\"position\":2,\"name\":\"Shop\",\"item\":\"https:\/\/testwebsite.citygame.com\/shop\/\"},{\"@type\":\"ListItem\",\"position\":3,\"name\":\"Secrets of Kandy\"}]},{\"@type\":\"WebSite\",\"@id\":\"https:\/\/testwebsite.upevents.nl\/#website\",\"url\":\"https:\/\/testwebsite.upevents.nl\/\",\"name\":\"City Game\",\"description\":\"\",\"publisher\":{\"@id\":\"https:\/\/testwebsite.upevents.nl\/#organization\"},\"alternateName\":\"citygame.com\",\"potentialAction\":[{\"@type\":\"SearchAction\",\"target\":{\"@type\":\"EntryPoint\",\"urlTemplate\":\"https:\/\/testwebsite.upevents.nl\/?s={search_term_string}\"},\"query-input\":{\"@type\":\"PropertyValueSpecification\",\"valueRequired\":true,\"valueName\":\"search_term_string\"}}],\"inLanguage\":\"cs\"},{\"@type\":[\"Organization\",\"Place\"],\"@id\":\"https:\/\/testwebsite.upevents.nl\/#organization\",\"name\":\"City Game\",\"alternateName\":\"citygame.com\",\"url\":\"https:\/\/testwebsite.upevents.nl\/\",\"logo\":{\"@id\":\"https:\/\/testwebsite.citygame.com\/cs\/games\/kandy\/secrets-of-kandy\/#local-main-organization-logo\"},\"image\":{\"@id\":\"https:\/\/testwebsite.citygame.com\/cs\/games\/kandy\/secrets-of-kandy\/#local-main-organization-logo\"},\"sameAs\":[\"https:\/\/www.facebook.com\/profile.php?id=100086426226253\",\"https:\/\/www.instagram.com\/citygame_com\",\"https:\/\/www.tiktok.com\/@citygamecom\/\",\"https:\/\/www.linkedin.com\/company\/citygame-com\"],\"description\":\"Turn any city into a playground with our interactive City Games and self-guided tours. Fun, flexible, and ideal for groups and team building.\",\"telephone\":[],\"openingHoursSpecification\":[{\"@type\":\"OpeningHoursSpecification\",\"dayOfWeek\":[\"Monday\",\"Tuesday\",\"Wednesday\",\"Thursday\",\"Friday\",\"Saturday\",\"Sunday\"],\"opens\":\"09:00\",\"closes\":\"17:00\"}]},{\"@type\":\"ImageObject\",\"inLanguage\":\"cs\",\"@id\":\"https:\/\/testwebsite.citygame.com\/cs\/games\/kandy\/secrets-of-kandy\/#local-main-organization-logo\",\"url\":\"https:\/\/testwebsite.citygame.com\/wp-content\/blogs.dir\/1\/files\/sites\/62\/2025\/10\/CG_LOGO-City-Game.png\",\"contentUrl\":\"https:\/\/testwebsite.citygame.com\/wp-content\/blogs.dir\/1\/files\/sites\/62\/2025\/10\/CG_LOGO-City-Game.png\",\"width\":351,\"height\":377,\"caption\":\"City Game\"}]}<\/script>\n<!-- \/ Yoast SEO Premium plugin. -->","yoast_head_json":{"title":"Secrets of Kandy - City Game","description":"Secrets of Kandy. Zahrajte si samoobslu\u017enou m\u011bstskou hru a prozkoumejte m\u011bsto prost\u0159ednictv\u00edm h\u00e1danek, r\u00e9bus\u016f a v\u00fdzev. Hrajte vlastn\u00edm tempem a objevujte jako m\u00edstn\u00ed!","robots":{"index":"noindex","follow":"follow","max-snippet":"max-snippet:-1","max-image-preview":"max-image-preview:large","max-video-preview":"max-video-preview:-1"},"og_locale":"cs_CZ","og_type":"article","og_title":"Secrets of Kandy","og_description":"Secrets of Kandy. Zahrajte si samoobslu\u017enou m\u011bstskou hru a prozkoumejte m\u011bsto prost\u0159ednictv\u00edm h\u00e1danek, r\u00e9bus\u016f a v\u00fdzev. Hrajte vlastn\u00edm tempem a objevujte jako m\u00edstn\u00ed!","og_url":"https:\/\/testwebsite.citygame.com\/cs\/games\/kandy\/secrets-of-kandy\/","og_site_name":"City Game","article_publisher":"https:\/\/www.facebook.com\/profile.php?id=100086426226253","article_modified_time":"2026-04-07T16:49:16+00:00","og_image":[{"width":1024,"height":1024,"url":"https:\/\/testwebsite.citygame.com\/wp-content\/blogs.dir\/1\/files\/sites\/62\/2026\/02\/group-of-friends-playing-city-game-kandy.jpg","type":"image\/jpeg"}],"twitter_card":"summary_large_image","twitter_misc":{"Odhadovan\u00e1 doba \u010dten\u00ed":"1 minuta"},"schema":{"@context":"https:\/\/schema.org","@graph":[{"@type":"WebPage","@id":"https:\/\/testwebsite.citygame.com\/cs\/games\/kandy\/secrets-of-kandy\/","url":"https:\/\/testwebsite.citygame.com\/cs\/games\/kandy\/secrets-of-kandy\/","name":"Secrets of Kandy - City Game","isPartOf":{"@id":"https:\/\/testwebsite.upevents.nl\/#website"},"primaryImageOfPage":{"@id":"https:\/\/testwebsite.citygame.com\/cs\/games\/kandy\/secrets-of-kandy\/#primaryimage"},"image":{"@id":"https:\/\/testwebsite.citygame.com\/cs\/games\/kandy\/secrets-of-kandy\/#primaryimage"},"thumbnailUrl":"https:\/\/testwebsite.citygame.com\/wp-content\/blogs.dir\/1\/files\/sites\/62\/2026\/02\/group-of-friends-playing-city-game-kandy.jpg","datePublished":"2026-02-26T14:51:53+00:00","dateModified":"2026-04-07T16:49:16+00:00","description":"Secrets of Kandy. Zahrajte si samoobslu\u017enou m\u011bstskou hru a prozkoumejte m\u011bsto prost\u0159ednictv\u00edm h\u00e1danek, r\u00e9bus\u016f a v\u00fdzev. Hrajte vlastn\u00edm tempem a objevujte jako m\u00edstn\u00ed!","breadcrumb":{"@id":"https:\/\/testwebsite.citygame.com\/cs\/games\/kandy\/secrets-of-kandy\/#breadcrumb"},"inLanguage":"cs","potentialAction":[{"@type":"ReadAction","target":["https:\/\/testwebsite.citygame.com\/cs\/games\/kandy\/secrets-of-kandy\/"]}]},{"@type":"ImageObject","inLanguage":"cs","@id":"https:\/\/testwebsite.citygame.com\/cs\/games\/kandy\/secrets-of-kandy\/#primaryimage","url":"https:\/\/testwebsite.citygame.com\/wp-content\/blogs.dir\/1\/files\/sites\/62\/2026\/02\/group-of-friends-playing-city-game-kandy.jpg","contentUrl":"https:\/\/testwebsite.citygame.com\/wp-content\/blogs.dir\/1\/files\/sites\/62\/2026\/02\/group-of-friends-playing-city-game-kandy.jpg","width":1024,"height":1024,"caption":"A group of young friends exploring the historic city of Kandy with a smartphone game."},{"@type":"BreadcrumbList","@id":"https:\/\/testwebsite.citygame.com\/cs\/games\/kandy\/secrets-of-kandy\/#breadcrumb","itemListElement":[{"@type":"ListItem","position":1,"name":"Home","item":"https:\/\/testwebsite.citygame.com\/cs\/"},{"@type":"ListItem","position":2,"name":"Shop","item":"https:\/\/testwebsite.citygame.com\/shop\/"},{"@type":"ListItem","position":3,"name":"Secrets of Kandy"}]},{"@type":"WebSite","@id":"https:\/\/testwebsite.upevents.nl\/#website","url":"https:\/\/testwebsite.upevents.nl\/","name":"City Game","description":"","publisher":{"@id":"https:\/\/testwebsite.upevents.nl\/#organization"},"alternateName":"citygame.com","potentialAction":[{"@type":"SearchAction","target":{"@type":"EntryPoint","urlTemplate":"https:\/\/testwebsite.upevents.nl\/?s={search_term_string}"},"query-input":{"@type":"PropertyValueSpecification","valueRequired":true,"valueName":"search_term_string"}}],"inLanguage":"cs"},{"@type":["Organization","Place"],"@id":"https:\/\/testwebsite.upevents.nl\/#organization","name":"City Game","alternateName":"citygame.com","url":"https:\/\/testwebsite.upevents.nl\/","logo":{"@id":"https:\/\/testwebsite.citygame.com\/cs\/games\/kandy\/secrets-of-kandy\/#local-main-organization-logo"},"image":{"@id":"https:\/\/testwebsite.citygame.com\/cs\/games\/kandy\/secrets-of-kandy\/#local-main-organization-logo"},"sameAs":["https:\/\/www.facebook.com\/profile.php?id=100086426226253","https:\/\/www.instagram.com\/citygame_com","https:\/\/www.tiktok.com\/@citygamecom\/","https:\/\/www.linkedin.com\/company\/citygame-com"],"description":"Turn any city into a playground with our interactive City Games and self-guided tours. Fun, flexible, and ideal for groups and team building.","telephone":[],"openingHoursSpecification":[{"@type":"OpeningHoursSpecification","dayOfWeek":["Monday","Tuesday","Wednesday","Thursday","Friday","Saturday","Sunday"],"opens":"09:00","closes":"17:00"}]},{"@type":"ImageObject","inLanguage":"cs","@id":"https:\/\/testwebsite.citygame.com\/cs\/games\/kandy\/secrets-of-kandy\/#local-main-organization-logo","url":"https:\/\/testwebsite.citygame.com\/wp-content\/blogs.dir\/1\/files\/sites\/62\/2025\/10\/CG_LOGO-City-Game.png","contentUrl":"https:\/\/testwebsite.citygame.com\/wp-content\/blogs.dir\/1\/files\/sites\/62\/2025\/10\/CG_LOGO-City-Game.png","width":351,"height":377,"caption":"City Game"}]}},"taxonomy_info":{"game-concept":[{"value":707,"label":"Secrets"}],"location":[{"value":613,"label":"Kandy"}],"product_cat":[{"value":27,"label":"Geen categorie"}]},"featured_image_src_large":["https:\/\/testwebsite.citygame.com\/wp-content\/blogs.dir\/1\/files\/sites\/62\/2026\/02\/group-of-friends-playing-city-game-kandy.jpg",1024,1024,false],"author_info":[],"comment_info":"","_links":{"self":[{"href":"https:\/\/testwebsite.citygame.com\/cs\/wp-json\/wp\/v2\/product\/53404","targetHints":{"allow":["GET"]}}],"collection":[{"href":"https:\/\/testwebsite.citygame.com\/cs\/wp-json\/wp\/v2\/product"}],"about":[{"href":"https:\/\/testwebsite.citygame.com\/cs\/wp-json\/wp\/v2\/types\/product"}],"acf:post":[{"embeddable":true,"href":"https:\/\/testwebsite.citygame.com\/cs\/wp-json\/wp\/v2\/pages\/15758"}],"wp:featuredmedia":[{"embeddable":true,"href":"https:\/\/testwebsite.citygame.com\/cs\/wp-json\/wp\/v2\/media\/16110"}],"wp:attachment":[{"href":"https:\/\/testwebsite.citygame.com\/cs\/wp-json\/wp\/v2\/media?parent=53404"}],"wp:term":[{"taxonomy":"game-concept","embeddable":true,"href":"https:\/\/testwebsite.citygame.com\/cs\/wp-json\/wp\/v2\/game-concept?post=53404"},{"taxonomy":"location","embeddable":true,"href":"https:\/\/testwebsite.citygame.com\/cs\/wp-json\/wp\/v2\/location?post=53404"},{"taxonomy":"product_brand","embeddable":true,"href":"https:\/\/testwebsite.citygame.com\/cs\/wp-json\/wp\/v2\/product_brand?post=53404"},{"taxonomy":"product_cat","embeddable":true,"href":"https:\/\/testwebsite.citygame.com\/cs\/wp-json\/wp\/v2\/product_cat?post=53404"},{"taxonomy":"product_tag","embeddable":true,"href":"https:\/\/testwebsite.citygame.com\/cs\/wp-json\/wp\/v2\/product_tag?post=53404"}],"curies":[{"name":"wp","href":"https:\/\/api.w.org\/{rel}","templated":true}]}}