{"id":53204,"date":"2026-01-13T15:27:27","date_gmt":"2026-01-13T15:27:27","guid":{"rendered":"https:\/\/testwebsite.citygame.com\/games\/unknown-location\/secrets-of-pisa\/"},"modified":"2026-04-07T16:24:24","modified_gmt":"2026-04-07T16:24:24","slug":"secrets-of-pisa","status":"publish","type":"product","link":"https:\/\/testwebsite.citygame.com\/cs\/games\/pisa\/secrets-of-pisa\/","title":{"rendered":"Secrets of Pisa"},"content":{"rendered":"<p>City Game Pisa je samostatn\u00e1 hra zalo\u017een\u00e1 na GPS, kter\u00e1 se odehr\u00e1v\u00e1 v historick\u00e9m centru Pisy. Pomoc\u00ed chytr\u00e9ho telefonu budete prozkoum\u00e1vat m\u011bsto a \u0159e\u0161it h\u00e1danky, r\u00e9busy a fotografick\u00e9 v\u00fdzvy, kter\u00e9 odhaluj\u00ed podrobnosti o historii, kultu\u0159e a skryt\u00fdch z\u00e1kout\u00edch Pisy. Tato samostatn\u00e1 m\u011bstsk\u00e1 hra nab\u00edz\u00ed z\u00e1bavn\u00fd a informativn\u00ed zp\u016fsob, jak se vlastn\u00edm tempem zapojit do prozkoum\u00e1v\u00e1n\u00ed m\u011bstsk\u00fdch pam\u00e1tek i m\u00e9n\u011b zn\u00e1m\u00fdch m\u00edst. Jedn\u00e1 se o pr\u016fzkumnou hru vhodnou pro n\u00e1v\u0161t\u011bvn\u00edky i m\u00edstn\u00ed, a skv\u011ble funguje pro jednotlivce, p\u00e1ry, rodiny nebo skupiny p\u0159\u00e1tel. Objevte Pisu nov\u00fdm zp\u016fsobem d\u00edky tomuto pohlcuj\u00edc\u00edmu hern\u00edmu z\u00e1\u017eitku zalo\u017een\u00e9mu na GPS.<\/p>\n","protected":false},"excerpt":{"rendered":"<p>Odhalte tajemstv\u00ed v\u011bdy a kamene v Pise! Vstupte do m\u011bsta, kde se mramorov\u00e9 v\u011b\u017ee nakl\u00e1n\u011bj\u00ed k nebi a Galileiho g\u00e9nius st\u00e1le osv\u011btluje ulice, zat\u00edmco z\u00e1vod\u00edte o z\u00edsk\u00e1n\u00ed jeho legend\u00e1rn\u00edho dalekohledu a odemknut\u00ed z\u00e1had zapsan\u00fdch ve hv\u011bzd\u00e1ch.<\/p>\n","protected":false},"featured_media":3810,"template":"","meta":{"_acf_changed":false,"_yoast_wpseo_focuskw":"Secrets of Pisa","_yoast_wpseo_metadesc":"Secrets of Pisa. Zahrajte si samostatn\u00fd City Game a prozkoumejte m\u011bsto pomoc\u00ed h\u00e1danek, r\u00e9bus\u016f a v\u00fdzev. Hrajte sv\u00fdm vlastn\u00edm tempem a objevujte jako m\u00edstn\u00ed!","_kad_blocks_custom_css":"","_kad_blocks_head_custom_js":"","_kad_blocks_body_custom_js":"","_kad_blocks_footer_custom_js":"","ghostkit_customizer_options":"","ghostkit_custom_css":"","ghostkit_custom_js_head":"","ghostkit_custom_js_foot":"","ghostkit_typography":"","_kad_post_transparent":"default","_kad_post_title":"","_kad_post_layout":"default","_kad_post_sidebar_id":"","_kad_post_content_style":"default","_kad_post_vertical_padding":"default","_kad_post_feature":"","_kad_post_feature_position":"","_kad_post_header":false,"_kad_post_footer":false,"_kad_post_classname":"","_links_to":"","_links_to_target":""},"game-concept":[707],"location":[323],"product_brand":[],"product_cat":[27],"product_tag":[],"class_list":{"0":"post-53204","1":"product","2":"type-product","3":"status-publish","4":"has-post-thumbnail","6":"game-concept-secrets","7":"location-pisa","8":"product_cat-geen-categorie","10":"first","11":"instock","12":"shipping-taxable","13":"purchasable","14":"product-type-simple","15":"entry","16":"content-bg","17":"loop-entry"},"acf":{"full_bokun_product_name":"Self-Guided Secrets of Pisa Exploration Game","location_name":"Pisa","bokun_calendar_widget_code":"<script type=\"text\/javascript\" src=\"https:\/\/widgets.bokun.io\/assets\/javascripts\/apps\/build\/BokunWidgetsLoader.js?bookingChannelUUID=a1e93e96-5232-4734-a595-28405f4b5a31\" async><\/script>\n     \n    <div class=\"bokunWidget\" data-src=\"https:\/\/widgets.bokun.io\/online-sales\/a1e93e96-5232-4734-a595-28405f4b5a31\/experience-calendar\/1106458\"><\/div>\n    <noscript>Please enable javascript in your browser to book<\/noscript>","bokun_button_widget_code":"<script type=\"text\/javascript\" src=\"https:\/\/widgets.bokun.io\/assets\/javascripts\/apps\/build\/BokunWidgetsLoader.js?bookingChannelUUID=a1e93e96-5232-4734-a595-28405f4b5a31\" async><\/script>\n      <style> #bokun_ed001e45_5927_4f62_b470_ca766338d083 { display: inline-block; padding: .4em 1em; background: #47b82e; border-radius: 999999px; box-shadow: none; font-weight: 600; font-size: 24px; text-decoration: none; text-align: center; color: #FFFFFF; border:none; cursor: pointer; transition: background .2s ease; } #bokun_ed001e45_5927_4f62_b470_ca766338d083:hover{ background: #2f7b1f; } #bokun_ed001e45_5927_4f62_b470_ca766338d083:active{ background: #378f24; } <\/style> <button class=\"bokunButton\" disabled id=bokun_ed001e45_5927_4f62_b470_ca766338d083 data-src=\"https:\/\/widgets.bokun.io\/online-sales\/a1e93e96-5232-4734-a595-28405f4b5a31\/experience-calendar\/1106458?partialView=1\" data-testid=\"widget-book-button\" > Book now <\/button> ","what_you\u2019ll_experience_during_the_game":"B\u011bhem hry Secrets of Pisa City Game prozkoum\u00e1te m\u011bsto prost\u0159ednictv\u00edm kombinace vypr\u00e1v\u011bn\u00ed p\u0159\u00edb\u011bh\u016f a objevov\u00e1n\u00ed, spojuj\u00edc\u00ed zn\u00e1m\u00e9 pam\u00e1tky se skryt\u00fdmi z\u00e1kout\u00edmi. Trasa v\u00e1s provede n\u011bkter\u00fdmi z pozoruhodn\u00fdch pam\u00e1tek Pisy, jako je Leaning Tower, bohat\u011b zdoben\u00e1 Pisa Cathedral a v\u00fdmluvn\u00e1 Piazza dei Cavalieri. Setk\u00e1te se tak\u00e9 s m\u00edsty, kter\u00e1 odr\u00e1\u017eej\u00ed vrstvenou historii m\u011bsta, jako jsou Bagni di Nerone a univerzitn\u00ed Gipsoteca di Arte Antica. Pohlcuj\u00edc\u00ed vypr\u00e1v\u011bn\u00ed dod\u00e1v\u00e1 ka\u017ed\u00e9mu m\u00edstu kontext a intriky a povzbuzuje v\u00e1s, abyste se na m\u011bsto pod\u00edvali nov\u00fdma o\u010dima.\r\n\r\nB\u011bhem cesty Pisy budete \u0159e\u0161it r\u016fzn\u00e9 h\u00e1danky, r\u00e9busy a interaktivn\u00ed fotografick\u00e9 v\u00fdzvy, kter\u00e9 pom\u00e1haj\u00ed odemknout stopy, sb\u00edrat body a p\u0159ibl\u00ed\u017eit se k vy\u0159e\u0161en\u00ed z\u00e1v\u011bre\u010dn\u00e9 z\u00e1hady. Hra je navr\u017eena tak, aby byla flexibiln\u00ed\u2014m\u016f\u017eete ji kdykoli pozastavit a pokra\u010dovat, kdy\u017e se v\u00e1m to hod\u00ed. A\u0165 u\u017e hrajete sami nebo ve skupin\u011b, m\u016f\u017eete si zvolit, zda si z\u00e1\u017eitek u\u017eijete sv\u00fdm vlastn\u00edm tempem, nebo se utk\u00e1te o m\u00edsto v \u017eeb\u0159\u00ed\u010dku. Tato City Game nab\u00edz\u00ed dynamick\u00fd zp\u016fsob, jak se zapojit do prozkoum\u00e1v\u00e1n\u00ed Pisy a odhalit jej\u00ed vrstvy prost\u0159ednictv\u00edm praktick\u00e9ho dobrodru\u017estv\u00ed.","how_to_play":"Po rezervaci obdr\u017e\u00edte e-mail s va\u0161\u00edm osobn\u00edm odkazem na hru. Jednodu\u0161e se vydejte na startovn\u00ed m\u00edsto u Gipsoteca di Arte Antica, otev\u0159ete odkaz na sv\u00e9m chytr\u00e9m telefonu a za\u010dn\u011bte sv\u00e9 dobrodru\u017estv\u00ed. Hru m\u016f\u017eete kdykoli pozastavit a obnovit, co\u017e v\u00e1m d\u00e1v\u00e1 plnou kontrolu nad va\u0161\u00edm pr\u016fzkumem.","start_location":"Pisa, Gipsoteca di Arte Antica","available_languages":"","players_per_group":"1-4","duration":"1.5-2 hours","image_overlay_color_image":"https:\/\/testwebsite.citygame.com\/wp-content\/blogs.dir\/1\/files\/sites\/62\/2026\/01\/SecretsColor.svg","image_overlay_game_logo":"https:\/\/testwebsite.citygame.com\/wp-content\/blogs.dir\/1\/files\/sites\/62\/2026\/01\/SecretsLogo.png","city_page":7450,"woocommerce_general_content":null},"yoast_head":"<!-- This site is optimized with the Yoast SEO Premium plugin v26.2 (Yoast SEO v26.3) - https:\/\/yoast.com\/wordpress\/plugins\/seo\/ -->\n<title>Secrets of Pisa - City Game<\/title>\n<meta name=\"description\" content=\"Secrets of Pisa. Zahrajte si samostatn\u00fd City Game a prozkoumejte m\u011bsto pomoc\u00ed h\u00e1danek, r\u00e9bus\u016f a v\u00fdzev. Hrajte sv\u00fdm vlastn\u00edm tempem a objevujte jako m\u00edstn\u00ed!\" \/>\n<meta name=\"robots\" content=\"noindex, follow, max-snippet:-1, max-image-preview:large, max-video-preview:-1\" \/>\n<meta property=\"og:locale\" content=\"cs_CZ\" \/>\n<meta property=\"og:type\" content=\"article\" \/>\n<meta property=\"og:title\" content=\"Secrets of Pisa\" \/>\n<meta property=\"og:description\" content=\"Secrets of Pisa. Zahrajte si samostatn\u00fd City Game a prozkoumejte m\u011bsto pomoc\u00ed h\u00e1danek, r\u00e9bus\u016f a v\u00fdzev. Hrajte sv\u00fdm vlastn\u00edm tempem a objevujte jako m\u00edstn\u00ed!\" \/>\n<meta property=\"og:url\" content=\"https:\/\/testwebsite.citygame.com\/cs\/games\/pisa\/secrets-of-pisa\/\" \/>\n<meta property=\"og:site_name\" content=\"City Game\" \/>\n<meta property=\"article:publisher\" content=\"https:\/\/www.facebook.com\/profile.php?id=100086426226253\" \/>\n<meta property=\"article:modified_time\" content=\"2026-04-07T16:24:24+00:00\" \/>\n<meta property=\"og:image\" content=\"https:\/\/testwebsite.citygame.com\/wp-content\/blogs.dir\/1\/files\/sites\/62\/2026\/01\/group-of-friends-playing-city-game-leaning-tower-of-pisa.jpg\" \/>\n\t<meta property=\"og:image:width\" content=\"1248\" \/>\n\t<meta property=\"og:image:height\" content=\"832\" \/>\n\t<meta property=\"og:image:type\" content=\"image\/jpeg\" \/>\n<meta name=\"twitter:card\" content=\"summary_large_image\" \/>\n<meta name=\"twitter:label1\" content=\"Odhadovan\u00e1 doba \u010dten\u00ed\" \/>\n\t<meta name=\"twitter:data1\" content=\"1 minuta\" \/>\n<script type=\"application\/ld+json\" class=\"yoast-schema-graph\">{\"@context\":\"https:\/\/schema.org\",\"@graph\":[{\"@type\":\"WebPage\",\"@id\":\"https:\/\/testwebsite.citygame.com\/cs\/games\/pisa\/secrets-of-pisa\/\",\"url\":\"https:\/\/testwebsite.citygame.com\/cs\/games\/pisa\/secrets-of-pisa\/\",\"name\":\"Secrets of Pisa - City Game\",\"isPartOf\":{\"@id\":\"https:\/\/testwebsite.upevents.nl\/#website\"},\"primaryImageOfPage\":{\"@id\":\"https:\/\/testwebsite.citygame.com\/cs\/games\/pisa\/secrets-of-pisa\/#primaryimage\"},\"image\":{\"@id\":\"https:\/\/testwebsite.citygame.com\/cs\/games\/pisa\/secrets-of-pisa\/#primaryimage\"},\"thumbnailUrl\":\"https:\/\/testwebsite.citygame.com\/wp-content\/blogs.dir\/1\/files\/sites\/62\/2026\/01\/group-of-friends-playing-city-game-leaning-tower-of-pisa.jpg\",\"datePublished\":\"2026-01-13T15:27:27+00:00\",\"dateModified\":\"2026-04-07T16:24:24+00:00\",\"description\":\"Secrets of Pisa. Zahrajte si samostatn\u00fd City Game a prozkoumejte m\u011bsto pomoc\u00ed h\u00e1danek, r\u00e9bus\u016f a v\u00fdzev. Hrajte sv\u00fdm vlastn\u00edm tempem a objevujte jako m\u00edstn\u00ed!\",\"breadcrumb\":{\"@id\":\"https:\/\/testwebsite.citygame.com\/cs\/games\/pisa\/secrets-of-pisa\/#breadcrumb\"},\"inLanguage\":\"cs\",\"potentialAction\":[{\"@type\":\"ReadAction\",\"target\":[\"https:\/\/testwebsite.citygame.com\/cs\/games\/pisa\/secrets-of-pisa\/\"]}]},{\"@type\":\"ImageObject\",\"inLanguage\":\"cs\",\"@id\":\"https:\/\/testwebsite.citygame.com\/cs\/games\/pisa\/secrets-of-pisa\/#primaryimage\",\"url\":\"https:\/\/testwebsite.citygame.com\/wp-content\/blogs.dir\/1\/files\/sites\/62\/2026\/01\/group-of-friends-playing-city-game-leaning-tower-of-pisa.jpg\",\"contentUrl\":\"https:\/\/testwebsite.citygame.com\/wp-content\/blogs.dir\/1\/files\/sites\/62\/2026\/01\/group-of-friends-playing-city-game-leaning-tower-of-pisa.jpg\",\"width\":1248,\"height\":832,\"caption\":\"A group of friends collaborates on a challenge while exploring Pisa with a smartphone.\"},{\"@type\":\"BreadcrumbList\",\"@id\":\"https:\/\/testwebsite.citygame.com\/cs\/games\/pisa\/secrets-of-pisa\/#breadcrumb\",\"itemListElement\":[{\"@type\":\"ListItem\",\"position\":1,\"name\":\"Home\",\"item\":\"https:\/\/testwebsite.citygame.com\/cs\/\"},{\"@type\":\"ListItem\",\"position\":2,\"name\":\"Shop\",\"item\":\"https:\/\/testwebsite.citygame.com\/shop\/\"},{\"@type\":\"ListItem\",\"position\":3,\"name\":\"Secrets of Pisa\"}]},{\"@type\":\"WebSite\",\"@id\":\"https:\/\/testwebsite.upevents.nl\/#website\",\"url\":\"https:\/\/testwebsite.upevents.nl\/\",\"name\":\"City Game\",\"description\":\"\",\"publisher\":{\"@id\":\"https:\/\/testwebsite.upevents.nl\/#organization\"},\"alternateName\":\"citygame.com\",\"potentialAction\":[{\"@type\":\"SearchAction\",\"target\":{\"@type\":\"EntryPoint\",\"urlTemplate\":\"https:\/\/testwebsite.upevents.nl\/?s={search_term_string}\"},\"query-input\":{\"@type\":\"PropertyValueSpecification\",\"valueRequired\":true,\"valueName\":\"search_term_string\"}}],\"inLanguage\":\"cs\"},{\"@type\":[\"Organization\",\"Place\"],\"@id\":\"https:\/\/testwebsite.upevents.nl\/#organization\",\"name\":\"City Game\",\"alternateName\":\"citygame.com\",\"url\":\"https:\/\/testwebsite.upevents.nl\/\",\"logo\":{\"@id\":\"https:\/\/testwebsite.citygame.com\/cs\/games\/pisa\/secrets-of-pisa\/#local-main-organization-logo\"},\"image\":{\"@id\":\"https:\/\/testwebsite.citygame.com\/cs\/games\/pisa\/secrets-of-pisa\/#local-main-organization-logo\"},\"sameAs\":[\"https:\/\/www.facebook.com\/profile.php?id=100086426226253\",\"https:\/\/www.instagram.com\/citygame_com\",\"https:\/\/www.tiktok.com\/@citygamecom\/\",\"https:\/\/www.linkedin.com\/company\/citygame-com\"],\"description\":\"Turn any city into a playground with our interactive City Games and self-guided tours. Fun, flexible, and ideal for groups and team building.\",\"telephone\":[],\"openingHoursSpecification\":[{\"@type\":\"OpeningHoursSpecification\",\"dayOfWeek\":[\"Monday\",\"Tuesday\",\"Wednesday\",\"Thursday\",\"Friday\",\"Saturday\",\"Sunday\"],\"opens\":\"09:00\",\"closes\":\"17:00\"}]},{\"@type\":\"ImageObject\",\"inLanguage\":\"cs\",\"@id\":\"https:\/\/testwebsite.citygame.com\/cs\/games\/pisa\/secrets-of-pisa\/#local-main-organization-logo\",\"url\":\"https:\/\/testwebsite.citygame.com\/wp-content\/blogs.dir\/1\/files\/sites\/62\/2025\/10\/CG_LOGO-City-Game.png\",\"contentUrl\":\"https:\/\/testwebsite.citygame.com\/wp-content\/blogs.dir\/1\/files\/sites\/62\/2025\/10\/CG_LOGO-City-Game.png\",\"width\":351,\"height\":377,\"caption\":\"City Game\"}]}<\/script>\n<!-- \/ Yoast SEO Premium plugin. -->","yoast_head_json":{"title":"Secrets of Pisa - City Game","description":"Secrets of Pisa. Zahrajte si samostatn\u00fd City Game a prozkoumejte m\u011bsto pomoc\u00ed h\u00e1danek, r\u00e9bus\u016f a v\u00fdzev. Hrajte sv\u00fdm vlastn\u00edm tempem a objevujte jako m\u00edstn\u00ed!","robots":{"index":"noindex","follow":"follow","max-snippet":"max-snippet:-1","max-image-preview":"max-image-preview:large","max-video-preview":"max-video-preview:-1"},"og_locale":"cs_CZ","og_type":"article","og_title":"Secrets of Pisa","og_description":"Secrets of Pisa. Zahrajte si samostatn\u00fd City Game a prozkoumejte m\u011bsto pomoc\u00ed h\u00e1danek, r\u00e9bus\u016f a v\u00fdzev. Hrajte sv\u00fdm vlastn\u00edm tempem a objevujte jako m\u00edstn\u00ed!","og_url":"https:\/\/testwebsite.citygame.com\/cs\/games\/pisa\/secrets-of-pisa\/","og_site_name":"City Game","article_publisher":"https:\/\/www.facebook.com\/profile.php?id=100086426226253","article_modified_time":"2026-04-07T16:24:24+00:00","og_image":[{"width":1248,"height":832,"url":"https:\/\/testwebsite.citygame.com\/wp-content\/blogs.dir\/1\/files\/sites\/62\/2026\/01\/group-of-friends-playing-city-game-leaning-tower-of-pisa.jpg","type":"image\/jpeg"}],"twitter_card":"summary_large_image","twitter_misc":{"Odhadovan\u00e1 doba \u010dten\u00ed":"1 minuta"},"schema":{"@context":"https:\/\/schema.org","@graph":[{"@type":"WebPage","@id":"https:\/\/testwebsite.citygame.com\/cs\/games\/pisa\/secrets-of-pisa\/","url":"https:\/\/testwebsite.citygame.com\/cs\/games\/pisa\/secrets-of-pisa\/","name":"Secrets of Pisa - City Game","isPartOf":{"@id":"https:\/\/testwebsite.upevents.nl\/#website"},"primaryImageOfPage":{"@id":"https:\/\/testwebsite.citygame.com\/cs\/games\/pisa\/secrets-of-pisa\/#primaryimage"},"image":{"@id":"https:\/\/testwebsite.citygame.com\/cs\/games\/pisa\/secrets-of-pisa\/#primaryimage"},"thumbnailUrl":"https:\/\/testwebsite.citygame.com\/wp-content\/blogs.dir\/1\/files\/sites\/62\/2026\/01\/group-of-friends-playing-city-game-leaning-tower-of-pisa.jpg","datePublished":"2026-01-13T15:27:27+00:00","dateModified":"2026-04-07T16:24:24+00:00","description":"Secrets of Pisa. Zahrajte si samostatn\u00fd City Game a prozkoumejte m\u011bsto pomoc\u00ed h\u00e1danek, r\u00e9bus\u016f a v\u00fdzev. Hrajte sv\u00fdm vlastn\u00edm tempem a objevujte jako m\u00edstn\u00ed!","breadcrumb":{"@id":"https:\/\/testwebsite.citygame.com\/cs\/games\/pisa\/secrets-of-pisa\/#breadcrumb"},"inLanguage":"cs","potentialAction":[{"@type":"ReadAction","target":["https:\/\/testwebsite.citygame.com\/cs\/games\/pisa\/secrets-of-pisa\/"]}]},{"@type":"ImageObject","inLanguage":"cs","@id":"https:\/\/testwebsite.citygame.com\/cs\/games\/pisa\/secrets-of-pisa\/#primaryimage","url":"https:\/\/testwebsite.citygame.com\/wp-content\/blogs.dir\/1\/files\/sites\/62\/2026\/01\/group-of-friends-playing-city-game-leaning-tower-of-pisa.jpg","contentUrl":"https:\/\/testwebsite.citygame.com\/wp-content\/blogs.dir\/1\/files\/sites\/62\/2026\/01\/group-of-friends-playing-city-game-leaning-tower-of-pisa.jpg","width":1248,"height":832,"caption":"A group of friends collaborates on a challenge while exploring Pisa with a smartphone."},{"@type":"BreadcrumbList","@id":"https:\/\/testwebsite.citygame.com\/cs\/games\/pisa\/secrets-of-pisa\/#breadcrumb","itemListElement":[{"@type":"ListItem","position":1,"name":"Home","item":"https:\/\/testwebsite.citygame.com\/cs\/"},{"@type":"ListItem","position":2,"name":"Shop","item":"https:\/\/testwebsite.citygame.com\/shop\/"},{"@type":"ListItem","position":3,"name":"Secrets of Pisa"}]},{"@type":"WebSite","@id":"https:\/\/testwebsite.upevents.nl\/#website","url":"https:\/\/testwebsite.upevents.nl\/","name":"City Game","description":"","publisher":{"@id":"https:\/\/testwebsite.upevents.nl\/#organization"},"alternateName":"citygame.com","potentialAction":[{"@type":"SearchAction","target":{"@type":"EntryPoint","urlTemplate":"https:\/\/testwebsite.upevents.nl\/?s={search_term_string}"},"query-input":{"@type":"PropertyValueSpecification","valueRequired":true,"valueName":"search_term_string"}}],"inLanguage":"cs"},{"@type":["Organization","Place"],"@id":"https:\/\/testwebsite.upevents.nl\/#organization","name":"City Game","alternateName":"citygame.com","url":"https:\/\/testwebsite.upevents.nl\/","logo":{"@id":"https:\/\/testwebsite.citygame.com\/cs\/games\/pisa\/secrets-of-pisa\/#local-main-organization-logo"},"image":{"@id":"https:\/\/testwebsite.citygame.com\/cs\/games\/pisa\/secrets-of-pisa\/#local-main-organization-logo"},"sameAs":["https:\/\/www.facebook.com\/profile.php?id=100086426226253","https:\/\/www.instagram.com\/citygame_com","https:\/\/www.tiktok.com\/@citygamecom\/","https:\/\/www.linkedin.com\/company\/citygame-com"],"description":"Turn any city into a playground with our interactive City Games and self-guided tours. Fun, flexible, and ideal for groups and team building.","telephone":[],"openingHoursSpecification":[{"@type":"OpeningHoursSpecification","dayOfWeek":["Monday","Tuesday","Wednesday","Thursday","Friday","Saturday","Sunday"],"opens":"09:00","closes":"17:00"}]},{"@type":"ImageObject","inLanguage":"cs","@id":"https:\/\/testwebsite.citygame.com\/cs\/games\/pisa\/secrets-of-pisa\/#local-main-organization-logo","url":"https:\/\/testwebsite.citygame.com\/wp-content\/blogs.dir\/1\/files\/sites\/62\/2025\/10\/CG_LOGO-City-Game.png","contentUrl":"https:\/\/testwebsite.citygame.com\/wp-content\/blogs.dir\/1\/files\/sites\/62\/2025\/10\/CG_LOGO-City-Game.png","width":351,"height":377,"caption":"City Game"}]}},"taxonomy_info":{"game-concept":[{"value":707,"label":"Secrets"}],"location":[{"value":323,"label":"Pisa"}],"product_cat":[{"value":27,"label":"Geen categorie"}]},"featured_image_src_large":["https:\/\/testwebsite.citygame.com\/wp-content\/blogs.dir\/1\/files\/sites\/62\/2026\/01\/group-of-friends-playing-city-game-leaning-tower-of-pisa-1024x683.jpg",1024,683,true],"author_info":[],"comment_info":"","_links":{"self":[{"href":"https:\/\/testwebsite.citygame.com\/cs\/wp-json\/wp\/v2\/product\/53204","targetHints":{"allow":["GET"]}}],"collection":[{"href":"https:\/\/testwebsite.citygame.com\/cs\/wp-json\/wp\/v2\/product"}],"about":[{"href":"https:\/\/testwebsite.citygame.com\/cs\/wp-json\/wp\/v2\/types\/product"}],"acf:post":[{"embeddable":true,"href":"https:\/\/testwebsite.citygame.com\/cs\/wp-json\/wp\/v2\/pages\/7450"}],"wp:featuredmedia":[{"embeddable":true,"href":"https:\/\/testwebsite.citygame.com\/cs\/wp-json\/wp\/v2\/media\/3810"}],"wp:attachment":[{"href":"https:\/\/testwebsite.citygame.com\/cs\/wp-json\/wp\/v2\/media?parent=53204"}],"wp:term":[{"taxonomy":"game-concept","embeddable":true,"href":"https:\/\/testwebsite.citygame.com\/cs\/wp-json\/wp\/v2\/game-concept?post=53204"},{"taxonomy":"location","embeddable":true,"href":"https:\/\/testwebsite.citygame.com\/cs\/wp-json\/wp\/v2\/location?post=53204"},{"taxonomy":"product_brand","embeddable":true,"href":"https:\/\/testwebsite.citygame.com\/cs\/wp-json\/wp\/v2\/product_brand?post=53204"},{"taxonomy":"product_cat","embeddable":true,"href":"https:\/\/testwebsite.citygame.com\/cs\/wp-json\/wp\/v2\/product_cat?post=53204"},{"taxonomy":"product_tag","embeddable":true,"href":"https:\/\/testwebsite.citygame.com\/cs\/wp-json\/wp\/v2\/product_tag?post=53204"}],"curies":[{"name":"wp","href":"https:\/\/api.w.org\/{rel}","templated":true}]}}