{"id":53165,"date":"2026-02-06T16:55:51","date_gmt":"2026-02-06T16:55:51","guid":{"rendered":"https:\/\/testwebsite.citygame.com\/games\/unknown-location\/sherlock-holmes-kuta\/"},"modified":"2026-04-07T16:20:05","modified_gmt":"2026-04-07T16:20:05","slug":"sherlock-holmes-kuta","status":"publish","type":"product","link":"https:\/\/testwebsite.citygame.com\/cs\/games\/kuta-bali\/sherlock-holmes-kuta\/","title":{"rendered":"Sherlock Holmes Kuta"},"content":{"rendered":"<p>Vstupte do sv\u011bta Sherlocka Holmese ve specifick\u00e9 oblasti Kuty, konkr\u00e9tn\u011b v Kut\u011b, kde samo\u0159\u00edzen\u00e1, p\u0159\u00edb\u011bhem \u0159\u00edzen\u00e1 murder mystery City Game p\u0159ipravuje p\u016fdu pro va\u0161e vlastn\u00ed detektivn\u00ed vy\u0161et\u0159ov\u00e1n\u00ed. Kdy\u017e jsou klidn\u00e9 oslavy Liberty Festivalu naru\u0161eny \u0161okuj\u00edc\u00ed vra\u017edou, budete sledovat rozv\u00edjej\u00edc\u00ed se p\u0159\u00edb\u011bh proch\u00e1zen\u00edm oblasti, shroma\u017e\u010fov\u00e1n\u00edm d\u016fkaz\u016f, \u0159e\u0161en\u00edm h\u00e1danek a konfrontac\u00ed s virtu\u00e1ln\u00edmi podez\u0159el\u00fdmi, v\u0161e sv\u00fdm vlastn\u00edm tempem. S ka\u017edou stopou, kterou odhal\u00edte, se pohlcuj\u00edc\u00ed z\u00e1\u017eitek prohlubuje \u2013 vyz\u00fdv\u00e1 va\u0161i intuici a logiku, kdy\u017e pracujete na vy\u0159e\u0161en\u00ed p\u0159\u00edpadu p\u0159esn\u011b tak, jak by to ud\u011blal Holmes.<\/p>\n","protected":false},"excerpt":{"rendered":"<p>Pono\u0159te se do sv\u011bta nap\u00ednav\u00e9 detektivn\u00ed pr\u00e1ce jako Sherlock Holmes, v poutav\u00e9, samo\u0159\u00edzen\u00e9 z\u00e1had\u011b vra\u017edy odehr\u00e1vaj\u00edc\u00ed se v Kut\u011b. Projd\u011bte s\u00edt\u00ed stop, rozlouskn\u011bte slo\u017eit\u00e9 h\u00e1danky a spolupracujte se sv\u00fdm t\u00fdmem na odhalen\u00ed kone\u010dn\u00e9 pravdy. \u010cas b\u011b\u017e\u00ed, p\u0159ijm\u011bte v\u00fdzvu!<\/p>\n","protected":false},"featured_media":11464,"template":"","meta":{"_acf_changed":false,"_yoast_wpseo_focuskw":"Sherlock Holmes Kuta","_yoast_wpseo_metadesc":"Sherlock Holmes Kuta. Zahrajte si samo\u0159\u00edzenou murder mystery City Game, \u0159e\u0161te h\u00e1danky, sledujte stopy a odhalte vraha sv\u00fdm vlastn\u00edm tempem!","_kad_blocks_custom_css":"","_kad_blocks_head_custom_js":"","_kad_blocks_body_custom_js":"","_kad_blocks_footer_custom_js":"","ghostkit_customizer_options":"","ghostkit_custom_css":"","ghostkit_custom_js_head":"","ghostkit_custom_js_foot":"","ghostkit_typography":"","_kad_post_transparent":"","_kad_post_title":"","_kad_post_layout":"","_kad_post_sidebar_id":"","_kad_post_content_style":"","_kad_post_vertical_padding":"","_kad_post_feature":"","_kad_post_feature_position":"","_kad_post_header":false,"_kad_post_footer":false,"_kad_post_classname":"","_links_to":"","_links_to_target":""},"game-concept":[768],"location":[232],"product_brand":[],"product_cat":[27],"product_tag":[],"class_list":{"0":"post-53165","1":"product","2":"type-product","3":"status-publish","4":"has-post-thumbnail","6":"game-concept-sherlock","7":"location-kuta-bali","8":"product_cat-geen-categorie","10":"first","11":"instock","12":"shipping-taxable","13":"purchasable","14":"product-type-simple","15":"entry","16":"content-bg","17":"loop-entry"},"acf":{"full_bokun_product_name":"Kuta Self-Guided Sherlock Holmes Murder Mystery Game","location_name":"Kuta","bokun_calendar_widget_code":"<script type=\"text\/javascript\" src=\"https:\/\/widgets.bokun.io\/assets\/javascripts\/apps\/build\/BokunWidgetsLoader.js?bookingChannelUUID=a1e93e96-5232-4734-a595-28405f4b5a31\" async><\/script>\n     \n    <div class=\"bokunWidget\" data-src=\"https:\/\/widgets.bokun.io\/online-sales\/a1e93e96-5232-4734-a595-28405f4b5a31\/experience-calendar\/763546\"><\/div>\n    <noscript>Please enable javascript in your browser to book<\/noscript>","bokun_button_widget_code":"<script type=\"text\/javascript\" src=\"https:\/\/widgets.bokun.io\/assets\/javascripts\/apps\/build\/BokunWidgetsLoader.js?bookingChannelUUID=a1e93e96-5232-4734-a595-28405f4b5a31\" async><\/script>\n      <style> #bokun_ed001e45_5927_4f62_b470_ca766338d083 { display: inline-block; padding: .4em 1em; background: #47b82e; border-radius: 999999px; box-shadow: none; font-weight: 600; font-size: 24px; text-decoration: none; text-align: center; color: #FFFFFF; border:none; cursor: pointer; transition: background .2s ease; } #bokun_ed001e45_5927_4f62_b470_ca766338d083:hover{ background: #2f7b1f; } #bokun_ed001e45_5927_4f62_b470_ca766338d083:active{ background: #378f24; } <\/style> <button class=\"bokunButton\" disabled id=bokun_ed001e45_5927_4f62_b470_ca766338d083 data-src=\"https:\/\/widgets.bokun.io\/online-sales\/a1e93e96-5232-4734-a595-28405f4b5a31\/experience-calendar\/763546?partialView=1\" data-testid=\"widget-book-button\" > Book now <\/button> ","what_you\u2019ll_experience_during_the_game":"Vstoup\u00edte do poutav\u00e9ho detektivn\u00edho p\u0159\u00edb\u011bhu odehr\u00e1vaj\u00edc\u00edho se v srdci Kuty, kde z\u00e1hadn\u00e1 vra\u017eda b\u011bhem Liberty Festivalu ot\u0159\u00e1sla m\u011bstem. Jak se vy\u0161et\u0159ov\u00e1n\u00ed odv\u00edj\u00ed, pohybujete se \u017eiv\u00fdmi ulicemi, shroma\u017e\u010fujete stopy a \u0159e\u0161\u00edte slo\u017eit\u00e9 h\u00e1danky, kter\u00e9 v\u00e1s zavedou hloub\u011bji do tajemstv\u00ed \u010d\u00edhaj\u00edc\u00edch pod povrchem. Ka\u017ed\u00e9 rozhodnut\u00ed je d\u016fle\u017eit\u00e9, kdy\u017e sledujete stopu, ka\u017ed\u00e1 v\u00fdzva zost\u0159uje va\u0161e deduk\u010dn\u00ed schopnosti a pozorovac\u00ed smysl.\n\nBudete vysl\u00fdchat digit\u00e1ln\u00ed podez\u0159el\u00e9, analyzovat nesrovnalosti v jejich p\u0159\u00edb\u011bz\u00edch a skl\u00e1dat dohromady alibi, kter\u00e1 tak docela nesed\u00ed. Pohlcuj\u00edc\u00ed, pln\u011b p\u0159\u00edb\u011bhem \u0159\u00edzen\u00fd z\u00e1\u017eitek v\u00e1s nut\u00ed myslet jako skute\u010dn\u00fd detektiv, tla\u010d\u00ed v\u00e1s k odhalen\u00ed pravdy za zlo\u010dinem. M\u016f\u017eete hr\u00e1t sv\u00fdm vlastn\u00edm tempem, pozastavit vy\u0161et\u0159ov\u00e1n\u00ed, kdykoli se v\u00e1m zachce, a znovu se k n\u011bmu vr\u00e1tit, a\u017e budete p\u0159ipraveni. Pokud pracujete v t\u00fdmu, existuje tak\u00e9 jemn\u00e1 vrstva konkurence, kter\u00e1 p\u0159id\u00e1v\u00e1 nap\u011bt\u00ed do va\u0161\u00ed mise.","how_to_play":"Hrajte sami nebo s p\u0159\u00e1teli, rodinou \u010di kolegy v t\u00fdmech a\u017e \u010dty\u0159 osob na jedno za\u0159\u00edzen\u00ed. Po rezervaci obdr\u017e\u00edte e-mail s instrukcemi, kter\u00fd obsahuje v\u0161e, co pot\u0159ebujete.","start_location":"Kuta, Bali Bomb Memorial","available_languages":["en","fr","de","es","nl","it"],"players_per_group":"1-4","duration":"1.5-2 hours","image_overlay_color_image":"https:\/\/testwebsite.citygame.com\/wp-content\/blogs.dir\/1\/files\/sites\/62\/2026\/01\/SherlockColor.svg","image_overlay_game_logo":"https:\/\/testwebsite.citygame.com\/wp-content\/blogs.dir\/1\/files\/sites\/62\/2026\/01\/SherlockLogo.png","city_page":8370,"woocommerce_general_content":null},"yoast_head":"<!-- This site is optimized with the Yoast SEO Premium plugin v26.2 (Yoast SEO v26.3) - https:\/\/yoast.com\/wordpress\/plugins\/seo\/ -->\n<title>Sherlock Holmes Kuta - City Game<\/title>\n<meta name=\"description\" content=\"Sherlock Holmes Kuta. Zahrajte si samo\u0159\u00edzenou murder mystery City Game, \u0159e\u0161te h\u00e1danky, sledujte stopy a odhalte vraha sv\u00fdm vlastn\u00edm tempem!\" \/>\n<meta name=\"robots\" content=\"noindex, follow, max-snippet:-1, max-image-preview:large, max-video-preview:-1\" \/>\n<meta property=\"og:locale\" content=\"cs_CZ\" \/>\n<meta property=\"og:type\" content=\"article\" \/>\n<meta property=\"og:title\" content=\"Sherlock Holmes Kuta\" \/>\n<meta property=\"og:description\" content=\"Sherlock Holmes Kuta. Zahrajte si samo\u0159\u00edzenou murder mystery City Game, \u0159e\u0161te h\u00e1danky, sledujte stopy a odhalte vraha sv\u00fdm vlastn\u00edm tempem!\" \/>\n<meta property=\"og:url\" content=\"https:\/\/testwebsite.citygame.com\/cs\/games\/kuta-bali\/sherlock-holmes-kuta\/\" \/>\n<meta property=\"og:site_name\" content=\"City Game\" \/>\n<meta property=\"article:publisher\" content=\"https:\/\/www.facebook.com\/profile.php?id=100086426226253\" \/>\n<meta property=\"article:modified_time\" content=\"2026-04-07T16:20:05+00:00\" \/>\n<meta property=\"og:image\" content=\"https:\/\/testwebsite.citygame.com\/wp-content\/blogs.dir\/1\/files\/sites\/62\/2026\/02\/kuta-woman-playing-sherlock-city-game-on-phone-in-narrow-street.jpg\" \/>\n\t<meta property=\"og:image:width\" content=\"1344\" \/>\n\t<meta property=\"og:image:height\" content=\"768\" \/>\n\t<meta property=\"og:image:type\" content=\"image\/jpeg\" \/>\n<meta name=\"twitter:card\" content=\"summary_large_image\" \/>\n<meta name=\"twitter:label1\" content=\"Odhadovan\u00e1 doba \u010dten\u00ed\" \/>\n\t<meta name=\"twitter:data1\" content=\"1 minuta\" \/>\n<script type=\"application\/ld+json\" class=\"yoast-schema-graph\">{\"@context\":\"https:\/\/schema.org\",\"@graph\":[{\"@type\":\"WebPage\",\"@id\":\"https:\/\/testwebsite.citygame.com\/cs\/games\/kuta-bali\/sherlock-holmes-kuta\/\",\"url\":\"https:\/\/testwebsite.citygame.com\/cs\/games\/kuta-bali\/sherlock-holmes-kuta\/\",\"name\":\"Sherlock Holmes Kuta - City Game\",\"isPartOf\":{\"@id\":\"https:\/\/testwebsite.upevents.nl\/#website\"},\"primaryImageOfPage\":{\"@id\":\"https:\/\/testwebsite.citygame.com\/cs\/games\/kuta-bali\/sherlock-holmes-kuta\/#primaryimage\"},\"image\":{\"@id\":\"https:\/\/testwebsite.citygame.com\/cs\/games\/kuta-bali\/sherlock-holmes-kuta\/#primaryimage\"},\"thumbnailUrl\":\"https:\/\/testwebsite.citygame.com\/wp-content\/blogs.dir\/1\/files\/sites\/62\/2026\/02\/kuta-woman-playing-sherlock-city-game-on-phone-in-narrow-street.jpg\",\"datePublished\":\"2026-02-06T16:55:51+00:00\",\"dateModified\":\"2026-04-07T16:20:05+00:00\",\"description\":\"Sherlock Holmes Kuta. Zahrajte si samo\u0159\u00edzenou murder mystery City Game, \u0159e\u0161te h\u00e1danky, sledujte stopy a odhalte vraha sv\u00fdm vlastn\u00edm tempem!\",\"breadcrumb\":{\"@id\":\"https:\/\/testwebsite.citygame.com\/cs\/games\/kuta-bali\/sherlock-holmes-kuta\/#breadcrumb\"},\"inLanguage\":\"cs\",\"potentialAction\":[{\"@type\":\"ReadAction\",\"target\":[\"https:\/\/testwebsite.citygame.com\/cs\/games\/kuta-bali\/sherlock-holmes-kuta\/\"]}]},{\"@type\":\"ImageObject\",\"inLanguage\":\"cs\",\"@id\":\"https:\/\/testwebsite.citygame.com\/cs\/games\/kuta-bali\/sherlock-holmes-kuta\/#primaryimage\",\"url\":\"https:\/\/testwebsite.citygame.com\/wp-content\/blogs.dir\/1\/files\/sites\/62\/2026\/02\/kuta-woman-playing-sherlock-city-game-on-phone-in-narrow-street.jpg\",\"contentUrl\":\"https:\/\/testwebsite.citygame.com\/wp-content\/blogs.dir\/1\/files\/sites\/62\/2026\/02\/kuta-woman-playing-sherlock-city-game-on-phone-in-narrow-street.jpg\",\"width\":1344,\"height\":768,\"caption\":\"A player uses her smartphone to navigate a narrow city street while playing a game.\"},{\"@type\":\"BreadcrumbList\",\"@id\":\"https:\/\/testwebsite.citygame.com\/cs\/games\/kuta-bali\/sherlock-holmes-kuta\/#breadcrumb\",\"itemListElement\":[{\"@type\":\"ListItem\",\"position\":1,\"name\":\"Home\",\"item\":\"https:\/\/testwebsite.citygame.com\/cs\/\"},{\"@type\":\"ListItem\",\"position\":2,\"name\":\"Shop\",\"item\":\"https:\/\/testwebsite.citygame.com\/shop\/\"},{\"@type\":\"ListItem\",\"position\":3,\"name\":\"Sherlock Holmes Kuta\"}]},{\"@type\":\"WebSite\",\"@id\":\"https:\/\/testwebsite.upevents.nl\/#website\",\"url\":\"https:\/\/testwebsite.upevents.nl\/\",\"name\":\"City Game\",\"description\":\"\",\"publisher\":{\"@id\":\"https:\/\/testwebsite.upevents.nl\/#organization\"},\"alternateName\":\"citygame.com\",\"potentialAction\":[{\"@type\":\"SearchAction\",\"target\":{\"@type\":\"EntryPoint\",\"urlTemplate\":\"https:\/\/testwebsite.upevents.nl\/?s={search_term_string}\"},\"query-input\":{\"@type\":\"PropertyValueSpecification\",\"valueRequired\":true,\"valueName\":\"search_term_string\"}}],\"inLanguage\":\"cs\"},{\"@type\":[\"Organization\",\"Place\"],\"@id\":\"https:\/\/testwebsite.upevents.nl\/#organization\",\"name\":\"City Game\",\"alternateName\":\"citygame.com\",\"url\":\"https:\/\/testwebsite.upevents.nl\/\",\"logo\":{\"@id\":\"https:\/\/testwebsite.citygame.com\/cs\/games\/kuta-bali\/sherlock-holmes-kuta\/#local-main-organization-logo\"},\"image\":{\"@id\":\"https:\/\/testwebsite.citygame.com\/cs\/games\/kuta-bali\/sherlock-holmes-kuta\/#local-main-organization-logo\"},\"sameAs\":[\"https:\/\/www.facebook.com\/profile.php?id=100086426226253\",\"https:\/\/www.instagram.com\/citygame_com\",\"https:\/\/www.tiktok.com\/@citygamecom\/\",\"https:\/\/www.linkedin.com\/company\/citygame-com\"],\"description\":\"Turn any city into a playground with our interactive City Games and self-guided tours. Fun, flexible, and ideal for groups and team building.\",\"telephone\":[],\"openingHoursSpecification\":[{\"@type\":\"OpeningHoursSpecification\",\"dayOfWeek\":[\"Monday\",\"Tuesday\",\"Wednesday\",\"Thursday\",\"Friday\",\"Saturday\",\"Sunday\"],\"opens\":\"09:00\",\"closes\":\"17:00\"}]},{\"@type\":\"ImageObject\",\"inLanguage\":\"cs\",\"@id\":\"https:\/\/testwebsite.citygame.com\/cs\/games\/kuta-bali\/sherlock-holmes-kuta\/#local-main-organization-logo\",\"url\":\"https:\/\/testwebsite.citygame.com\/wp-content\/blogs.dir\/1\/files\/sites\/62\/2025\/10\/CG_LOGO-City-Game.png\",\"contentUrl\":\"https:\/\/testwebsite.citygame.com\/wp-content\/blogs.dir\/1\/files\/sites\/62\/2025\/10\/CG_LOGO-City-Game.png\",\"width\":351,\"height\":377,\"caption\":\"City Game\"}]}<\/script>\n<!-- \/ Yoast SEO Premium plugin. -->","yoast_head_json":{"title":"Sherlock Holmes Kuta - City Game","description":"Sherlock Holmes Kuta. Zahrajte si samo\u0159\u00edzenou murder mystery City Game, \u0159e\u0161te h\u00e1danky, sledujte stopy a odhalte vraha sv\u00fdm vlastn\u00edm tempem!","robots":{"index":"noindex","follow":"follow","max-snippet":"max-snippet:-1","max-image-preview":"max-image-preview:large","max-video-preview":"max-video-preview:-1"},"og_locale":"cs_CZ","og_type":"article","og_title":"Sherlock Holmes Kuta","og_description":"Sherlock Holmes Kuta. Zahrajte si samo\u0159\u00edzenou murder mystery City Game, \u0159e\u0161te h\u00e1danky, sledujte stopy a odhalte vraha sv\u00fdm vlastn\u00edm tempem!","og_url":"https:\/\/testwebsite.citygame.com\/cs\/games\/kuta-bali\/sherlock-holmes-kuta\/","og_site_name":"City Game","article_publisher":"https:\/\/www.facebook.com\/profile.php?id=100086426226253","article_modified_time":"2026-04-07T16:20:05+00:00","og_image":[{"width":1344,"height":768,"url":"https:\/\/testwebsite.citygame.com\/wp-content\/blogs.dir\/1\/files\/sites\/62\/2026\/02\/kuta-woman-playing-sherlock-city-game-on-phone-in-narrow-street.jpg","type":"image\/jpeg"}],"twitter_card":"summary_large_image","twitter_misc":{"Odhadovan\u00e1 doba \u010dten\u00ed":"1 minuta"},"schema":{"@context":"https:\/\/schema.org","@graph":[{"@type":"WebPage","@id":"https:\/\/testwebsite.citygame.com\/cs\/games\/kuta-bali\/sherlock-holmes-kuta\/","url":"https:\/\/testwebsite.citygame.com\/cs\/games\/kuta-bali\/sherlock-holmes-kuta\/","name":"Sherlock Holmes Kuta - City Game","isPartOf":{"@id":"https:\/\/testwebsite.upevents.nl\/#website"},"primaryImageOfPage":{"@id":"https:\/\/testwebsite.citygame.com\/cs\/games\/kuta-bali\/sherlock-holmes-kuta\/#primaryimage"},"image":{"@id":"https:\/\/testwebsite.citygame.com\/cs\/games\/kuta-bali\/sherlock-holmes-kuta\/#primaryimage"},"thumbnailUrl":"https:\/\/testwebsite.citygame.com\/wp-content\/blogs.dir\/1\/files\/sites\/62\/2026\/02\/kuta-woman-playing-sherlock-city-game-on-phone-in-narrow-street.jpg","datePublished":"2026-02-06T16:55:51+00:00","dateModified":"2026-04-07T16:20:05+00:00","description":"Sherlock Holmes Kuta. Zahrajte si samo\u0159\u00edzenou murder mystery City Game, \u0159e\u0161te h\u00e1danky, sledujte stopy a odhalte vraha sv\u00fdm vlastn\u00edm tempem!","breadcrumb":{"@id":"https:\/\/testwebsite.citygame.com\/cs\/games\/kuta-bali\/sherlock-holmes-kuta\/#breadcrumb"},"inLanguage":"cs","potentialAction":[{"@type":"ReadAction","target":["https:\/\/testwebsite.citygame.com\/cs\/games\/kuta-bali\/sherlock-holmes-kuta\/"]}]},{"@type":"ImageObject","inLanguage":"cs","@id":"https:\/\/testwebsite.citygame.com\/cs\/games\/kuta-bali\/sherlock-holmes-kuta\/#primaryimage","url":"https:\/\/testwebsite.citygame.com\/wp-content\/blogs.dir\/1\/files\/sites\/62\/2026\/02\/kuta-woman-playing-sherlock-city-game-on-phone-in-narrow-street.jpg","contentUrl":"https:\/\/testwebsite.citygame.com\/wp-content\/blogs.dir\/1\/files\/sites\/62\/2026\/02\/kuta-woman-playing-sherlock-city-game-on-phone-in-narrow-street.jpg","width":1344,"height":768,"caption":"A player uses her smartphone to navigate a narrow city street while playing a game."},{"@type":"BreadcrumbList","@id":"https:\/\/testwebsite.citygame.com\/cs\/games\/kuta-bali\/sherlock-holmes-kuta\/#breadcrumb","itemListElement":[{"@type":"ListItem","position":1,"name":"Home","item":"https:\/\/testwebsite.citygame.com\/cs\/"},{"@type":"ListItem","position":2,"name":"Shop","item":"https:\/\/testwebsite.citygame.com\/shop\/"},{"@type":"ListItem","position":3,"name":"Sherlock Holmes Kuta"}]},{"@type":"WebSite","@id":"https:\/\/testwebsite.upevents.nl\/#website","url":"https:\/\/testwebsite.upevents.nl\/","name":"City Game","description":"","publisher":{"@id":"https:\/\/testwebsite.upevents.nl\/#organization"},"alternateName":"citygame.com","potentialAction":[{"@type":"SearchAction","target":{"@type":"EntryPoint","urlTemplate":"https:\/\/testwebsite.upevents.nl\/?s={search_term_string}"},"query-input":{"@type":"PropertyValueSpecification","valueRequired":true,"valueName":"search_term_string"}}],"inLanguage":"cs"},{"@type":["Organization","Place"],"@id":"https:\/\/testwebsite.upevents.nl\/#organization","name":"City Game","alternateName":"citygame.com","url":"https:\/\/testwebsite.upevents.nl\/","logo":{"@id":"https:\/\/testwebsite.citygame.com\/cs\/games\/kuta-bali\/sherlock-holmes-kuta\/#local-main-organization-logo"},"image":{"@id":"https:\/\/testwebsite.citygame.com\/cs\/games\/kuta-bali\/sherlock-holmes-kuta\/#local-main-organization-logo"},"sameAs":["https:\/\/www.facebook.com\/profile.php?id=100086426226253","https:\/\/www.instagram.com\/citygame_com","https:\/\/www.tiktok.com\/@citygamecom\/","https:\/\/www.linkedin.com\/company\/citygame-com"],"description":"Turn any city into a playground with our interactive City Games and self-guided tours. Fun, flexible, and ideal for groups and team building.","telephone":[],"openingHoursSpecification":[{"@type":"OpeningHoursSpecification","dayOfWeek":["Monday","Tuesday","Wednesday","Thursday","Friday","Saturday","Sunday"],"opens":"09:00","closes":"17:00"}]},{"@type":"ImageObject","inLanguage":"cs","@id":"https:\/\/testwebsite.citygame.com\/cs\/games\/kuta-bali\/sherlock-holmes-kuta\/#local-main-organization-logo","url":"https:\/\/testwebsite.citygame.com\/wp-content\/blogs.dir\/1\/files\/sites\/62\/2025\/10\/CG_LOGO-City-Game.png","contentUrl":"https:\/\/testwebsite.citygame.com\/wp-content\/blogs.dir\/1\/files\/sites\/62\/2025\/10\/CG_LOGO-City-Game.png","width":351,"height":377,"caption":"City Game"}]}},"taxonomy_info":{"game-concept":[{"value":768,"label":"Sherlock"}],"location":[{"value":232,"label":"Kuta"}],"product_cat":[{"value":27,"label":"Geen categorie"}]},"featured_image_src_large":["https:\/\/testwebsite.citygame.com\/wp-content\/blogs.dir\/1\/files\/sites\/62\/2026\/02\/kuta-woman-playing-sherlock-city-game-on-phone-in-narrow-street-1024x585.jpg",1024,585,true],"author_info":[],"comment_info":"","_links":{"self":[{"href":"https:\/\/testwebsite.citygame.com\/cs\/wp-json\/wp\/v2\/product\/53165","targetHints":{"allow":["GET"]}}],"collection":[{"href":"https:\/\/testwebsite.citygame.com\/cs\/wp-json\/wp\/v2\/product"}],"about":[{"href":"https:\/\/testwebsite.citygame.com\/cs\/wp-json\/wp\/v2\/types\/product"}],"acf:post":[{"embeddable":true,"href":"https:\/\/testwebsite.citygame.com\/cs\/wp-json\/wp\/v2\/pages\/8370"}],"wp:featuredmedia":[{"embeddable":true,"href":"https:\/\/testwebsite.citygame.com\/cs\/wp-json\/wp\/v2\/media\/11464"}],"wp:attachment":[{"href":"https:\/\/testwebsite.citygame.com\/cs\/wp-json\/wp\/v2\/media?parent=53165"}],"wp:term":[{"taxonomy":"game-concept","embeddable":true,"href":"https:\/\/testwebsite.citygame.com\/cs\/wp-json\/wp\/v2\/game-concept?post=53165"},{"taxonomy":"location","embeddable":true,"href":"https:\/\/testwebsite.citygame.com\/cs\/wp-json\/wp\/v2\/location?post=53165"},{"taxonomy":"product_brand","embeddable":true,"href":"https:\/\/testwebsite.citygame.com\/cs\/wp-json\/wp\/v2\/product_brand?post=53165"},{"taxonomy":"product_cat","embeddable":true,"href":"https:\/\/testwebsite.citygame.com\/cs\/wp-json\/wp\/v2\/product_cat?post=53165"},{"taxonomy":"product_tag","embeddable":true,"href":"https:\/\/testwebsite.citygame.com\/cs\/wp-json\/wp\/v2\/product_tag?post=53165"}],"curies":[{"name":"wp","href":"https:\/\/api.w.org\/{rel}","templated":true}]}}