{"id":52909,"date":"2026-02-03T16:01:16","date_gmt":"2026-02-03T16:01:16","guid":{"rendered":"https:\/\/testwebsite.citygame.com\/games\/unknown-location\/sherlock-holmes-utrecht\/"},"modified":"2026-04-07T15:46:27","modified_gmt":"2026-04-07T15:46:27","slug":"sherlock-holmes-utrecht","status":"publish","type":"product","link":"https:\/\/testwebsite.citygame.com\/cs\/games\/utrecht\/sherlock-holmes-utrecht\/","title":{"rendered":"Sherlock Holmes Utrecht"},"content":{"rendered":"<p>Vstupte do sv\u011bta Sherlocka Holmese s touto samostatnou, p\u0159\u00edb\u011bhovou detektivn\u00ed hrou s vra\u017edou (City Game) zasazenou do historick\u00e9ho centra Utrechtu. Kdy\u017e se b\u011bhem Festivalu svobody stane hr\u016fzn\u00fd zlo\u010din, je na v\u00e1s, abyste odhalili pravdu sledov\u00e1n\u00edm spletit\u00e9ho p\u0159\u00edb\u011bhu ulicemi, sb\u00edr\u00e1n\u00edm stop, \u0159e\u0161en\u00edm z\u00e1hadn\u00fdch h\u00e1danek a v\u00fdslechem digit\u00e1ln\u00edch podez\u0159el\u00fdch. Tato hra je navr\u017eena pro ty, kte\u0159\u00ed miluj\u00ed pohlcuj\u00edc\u00ed detektivn\u00ed v\u00fdzvy, a d\u00e1v\u00e1 v\u00e1m svobodu hr\u00e1t si vlastn\u00edm tempem, zat\u00edmco za\u017eijete Utrecht jako jevi\u0161t\u011b pro nezapomenuteln\u00fd p\u0159\u00edpad.<\/p>\n","protected":false},"excerpt":{"rendered":"<p>V\u017eijte se do role Sherlocka Holmese a pono\u0159te se do podmaniv\u00e9, samostatn\u00e9 detektivn\u00ed hry s vra\u017edou zasazen\u00e9 do srdce Utrechtu. Z\u00e1vodte s \u010dasem, sledujte z\u00e1hadn\u00e9 stopy, rozlu\u0161t\u011bte slo\u017eit\u00e9 h\u00e1danky a odhalte pravdu se sv\u00fdm t\u00fdmem, m\u011bsto Utrecht \u010dek\u00e1 na va\u0161e deduk\u010dn\u00ed schopnosti!<\/p>\n","protected":false},"featured_media":9864,"template":"","meta":{"_acf_changed":false,"_yoast_wpseo_focuskw":"Sherlock Holmes Utrecht","_yoast_wpseo_metadesc":"Sherlock Holmes Utrecht. Zahrajte si samostatnou detektivn\u00ed hru s vra\u017edou (City Game), \u0159e\u0161te h\u00e1danky, sledujte stopy a odhalte vraha sv\u00fdm vlastn\u00edm tempem!","_kad_blocks_custom_css":"","_kad_blocks_head_custom_js":"","_kad_blocks_body_custom_js":"","_kad_blocks_footer_custom_js":"","ghostkit_customizer_options":"","ghostkit_custom_css":"","ghostkit_custom_js_head":"","ghostkit_custom_js_foot":"","ghostkit_typography":"","_kad_post_transparent":"","_kad_post_title":"","_kad_post_layout":"","_kad_post_sidebar_id":"","_kad_post_content_style":"","_kad_post_vertical_padding":"","_kad_post_feature":"","_kad_post_feature_position":"","_kad_post_header":false,"_kad_post_footer":false,"_kad_post_classname":"","_links_to":"","_links_to_target":""},"game-concept":[768],"location":[410],"product_brand":[],"product_cat":[27],"product_tag":[],"class_list":{"0":"post-52909","1":"product","2":"type-product","3":"status-publish","4":"has-post-thumbnail","6":"game-concept-sherlock","7":"location-utrecht","8":"product_cat-geen-categorie","10":"first","11":"instock","12":"shipping-taxable","13":"purchasable","14":"product-type-simple","15":"entry","16":"content-bg","17":"loop-entry"},"acf":{"full_bokun_product_name":"Utrecht Self-Guided Sherlock Holmes Murder Mystery Game","location_name":"Utrecht","bokun_calendar_widget_code":"<script type=\"text\/javascript\" src=\"https:\/\/widgets.bokun.io\/assets\/javascripts\/apps\/build\/BokunWidgetsLoader.js?bookingChannelUUID=a1e93e96-5232-4734-a595-28405f4b5a31\" async><\/script>\n     \n    <div class=\"bokunWidget\" data-src=\"https:\/\/widgets.bokun.io\/online-sales\/a1e93e96-5232-4734-a595-28405f4b5a31\/experience-calendar\/723207\"><\/div>\n    <noscript>Please enable javascript in your browser to book<\/noscript>","bokun_button_widget_code":"<script type=\"text\/javascript\" src=\"https:\/\/widgets.bokun.io\/assets\/javascripts\/apps\/build\/BokunWidgetsLoader.js?bookingChannelUUID=a1e93e96-5232-4734-a595-28405f4b5a31\" async><\/script>\n      <style> #bokun_ed001e45_5927_4f62_b470_ca766338d083 { display: inline-block; padding: .4em 1em; background: #47b82e; border-radius: 999999px; box-shadow: none; font-weight: 600; font-size: 24px; text-decoration: none; text-align: center; color: #FFFFFF; border:none; cursor: pointer; transition: background .2s ease; } #bokun_ed001e45_5927_4f62_b470_ca766338d083:hover{ background: #2f7b1f; } #bokun_ed001e45_5927_4f62_b470_ca766338d083:active{ background: #378f24; } <\/style> <button class=\"bokunButton\" disabled id=bokun_ed001e45_5927_4f62_b470_ca766338d083 data-src=\"https:\/\/widgets.bokun.io\/online-sales\/a1e93e96-5232-4734-a595-28405f4b5a31\/experience-calendar\/723207?partialView=1\" data-testid=\"widget-book-button\" > Book now <\/button> ","what_you\u2019ll_experience_during_the_game":"Vstoup\u00edte do poutav\u00e9ho detektivn\u00edho p\u0159\u00edb\u011bhu zasazen\u00e9ho do Utrechtu, kde \u0161okuj\u00edc\u00ed vra\u017eda b\u011bhem Festivalu svobody ot\u0159\u00e1sla m\u011bstem. Jak se pohybujete jeho ulicemi, p\u0159\u00edb\u011bh se rozv\u00edj\u00ed kousek po kousku a s ka\u017ed\u00fdm nav\u0161t\u00edven\u00fdm m\u00edstem v\u00e1s vtahuje hloub\u011bji do vy\u0161et\u0159ov\u00e1n\u00ed. Va\u0161e cesta je pln\u011b \u0159\u00edzena p\u0159\u00edb\u011bhem, pono\u0159\u00ed v\u00e1s do sv\u011bta tajemstv\u00ed, podez\u0159el\u00fdch a m\u011bn\u00edc\u00edch se motiv\u016f, kter\u00e9 vy\u017eaduj\u00ed v\u00edce ne\u017e jen pozornost\u2014vy\u017eaduj\u00ed vhled.\n\nOdhal\u00edte skryt\u00e9 stopy, vy\u0159e\u0161\u00edte vrstven\u00e9 h\u00e1danky a \u010del\u00edte neo\u010dek\u00e1van\u00fdm zvrat\u016fm, kter\u00e9 zpochyb\u0148uj\u00ed ka\u017ed\u00fd p\u0159edpoklad. P\u0159i v\u00fdslechu digit\u00e1ln\u00edch podez\u0159el\u00fdch a anal\u00fdze jejich alibi na rozpory budete pot\u0159ebovat bystr\u00fd post\u0159eh a kritick\u00e9 my\u0161len\u00ed, abyste odd\u011blili fakta od fikce. Pracujte sami nebo s t\u00fdmem, a pokud se c\u00edt\u00edte sout\u011b\u017eiv\u011b, sledujte sv\u016fj pokrok. \u0158\u00edd\u00edte tempo z\u00e1\u017eitku, s volnost\u00ed kdykoli si d\u00e1t pauzu a pokra\u010dovat. Ka\u017ed\u00e9 va\u0161e rozhodnut\u00ed v\u00e1s p\u0159ibl\u00ed\u017e\u00ed k pravd\u011b, kter\u00e1 se skr\u00fdv\u00e1 pod klidn\u00fdm povrchem Utrechtu.","how_to_play":"Hrajte sami nebo s p\u0159\u00e1teli, rodinou \u010di kolegy v t\u00fdmech a\u017e \u010dty\u0159 osob na jedno za\u0159\u00edzen\u00ed. Po rezervaci obdr\u017e\u00edte e-mail s pokyny a v\u0161\u00edm, co pot\u0159ebujete.","start_location":"Utrecht, Stadhuisplein","available_languages":["en","es","fr","de","it","nl"],"players_per_group":"1-4","duration":"1.5-2 hours","image_overlay_color_image":"https:\/\/testwebsite.citygame.com\/wp-content\/blogs.dir\/1\/files\/sites\/62\/2026\/01\/SherlockColor.svg","image_overlay_game_logo":"https:\/\/testwebsite.citygame.com\/wp-content\/blogs.dir\/1\/files\/sites\/62\/2026\/01\/SherlockLogo.png","city_page":4438,"woocommerce_general_content":null},"yoast_head":"<!-- This site is optimized with the Yoast SEO Premium plugin v26.2 (Yoast SEO v26.3) - https:\/\/yoast.com\/wordpress\/plugins\/seo\/ -->\n<title>Sherlock Holmes Utrecht - City Game<\/title>\n<meta name=\"description\" content=\"Sherlock Holmes Utrecht. Zahrajte si samostatnou detektivn\u00ed hru s vra\u017edou (City Game), \u0159e\u0161te h\u00e1danky, sledujte stopy a odhalte vraha sv\u00fdm vlastn\u00edm tempem!\" \/>\n<meta name=\"robots\" content=\"noindex, follow, max-snippet:-1, max-image-preview:large, max-video-preview:-1\" \/>\n<meta property=\"og:locale\" content=\"cs_CZ\" \/>\n<meta property=\"og:type\" content=\"article\" \/>\n<meta property=\"og:title\" content=\"Sherlock Holmes Utrecht\" \/>\n<meta property=\"og:description\" content=\"Sherlock Holmes Utrecht. Zahrajte si samostatnou detektivn\u00ed hru s vra\u017edou (City Game), \u0159e\u0161te h\u00e1danky, sledujte stopy a odhalte vraha sv\u00fdm vlastn\u00edm tempem!\" \/>\n<meta property=\"og:url\" content=\"https:\/\/testwebsite.citygame.com\/cs\/games\/utrecht\/sherlock-holmes-utrecht\/\" \/>\n<meta property=\"og:site_name\" content=\"City Game\" \/>\n<meta property=\"article:publisher\" content=\"https:\/\/www.facebook.com\/profile.php?id=100086426226253\" \/>\n<meta property=\"article:modified_time\" content=\"2026-04-07T15:46:27+00:00\" \/>\n<meta property=\"og:image\" content=\"https:\/\/testwebsite.citygame.com\/wp-content\/blogs.dir\/1\/files\/sites\/62\/2026\/02\/utrecht-sherlock-city-game-players-smartphone.jpg\" \/>\n\t<meta property=\"og:image:width\" content=\"1344\" \/>\n\t<meta property=\"og:image:height\" content=\"768\" \/>\n\t<meta property=\"og:image:type\" content=\"image\/jpeg\" \/>\n<meta name=\"twitter:card\" content=\"summary_large_image\" \/>\n<meta name=\"twitter:label1\" content=\"Odhadovan\u00e1 doba \u010dten\u00ed\" \/>\n\t<meta name=\"twitter:data1\" content=\"1 minuta\" \/>\n<script type=\"application\/ld+json\" class=\"yoast-schema-graph\">{\"@context\":\"https:\/\/schema.org\",\"@graph\":[{\"@type\":\"WebPage\",\"@id\":\"https:\/\/testwebsite.citygame.com\/cs\/games\/utrecht\/sherlock-holmes-utrecht\/\",\"url\":\"https:\/\/testwebsite.citygame.com\/cs\/games\/utrecht\/sherlock-holmes-utrecht\/\",\"name\":\"Sherlock Holmes Utrecht - City Game\",\"isPartOf\":{\"@id\":\"https:\/\/testwebsite.upevents.nl\/#website\"},\"primaryImageOfPage\":{\"@id\":\"https:\/\/testwebsite.citygame.com\/cs\/games\/utrecht\/sherlock-holmes-utrecht\/#primaryimage\"},\"image\":{\"@id\":\"https:\/\/testwebsite.citygame.com\/cs\/games\/utrecht\/sherlock-holmes-utrecht\/#primaryimage\"},\"thumbnailUrl\":\"https:\/\/testwebsite.citygame.com\/wp-content\/blogs.dir\/1\/files\/sites\/62\/2026\/02\/utrecht-sherlock-city-game-players-smartphone.jpg\",\"datePublished\":\"2026-02-03T16:01:16+00:00\",\"dateModified\":\"2026-04-07T15:46:27+00:00\",\"description\":\"Sherlock Holmes Utrecht. Zahrajte si samostatnou detektivn\u00ed hru s vra\u017edou (City Game), \u0159e\u0161te h\u00e1danky, sledujte stopy a odhalte vraha sv\u00fdm vlastn\u00edm tempem!\",\"breadcrumb\":{\"@id\":\"https:\/\/testwebsite.citygame.com\/cs\/games\/utrecht\/sherlock-holmes-utrecht\/#breadcrumb\"},\"inLanguage\":\"cs\",\"potentialAction\":[{\"@type\":\"ReadAction\",\"target\":[\"https:\/\/testwebsite.citygame.com\/cs\/games\/utrecht\/sherlock-holmes-utrecht\/\"]}]},{\"@type\":\"ImageObject\",\"inLanguage\":\"cs\",\"@id\":\"https:\/\/testwebsite.citygame.com\/cs\/games\/utrecht\/sherlock-holmes-utrecht\/#primaryimage\",\"url\":\"https:\/\/testwebsite.citygame.com\/wp-content\/blogs.dir\/1\/files\/sites\/62\/2026\/02\/utrecht-sherlock-city-game-players-smartphone.jpg\",\"contentUrl\":\"https:\/\/testwebsite.citygame.com\/wp-content\/blogs.dir\/1\/files\/sites\/62\/2026\/02\/utrecht-sherlock-city-game-players-smartphone.jpg\",\"width\":1344,\"height\":768,\"caption\":\"A group of young adults huddle together to solve a puzzle on a smartphone in Utrecht.\"},{\"@type\":\"BreadcrumbList\",\"@id\":\"https:\/\/testwebsite.citygame.com\/cs\/games\/utrecht\/sherlock-holmes-utrecht\/#breadcrumb\",\"itemListElement\":[{\"@type\":\"ListItem\",\"position\":1,\"name\":\"Home\",\"item\":\"https:\/\/testwebsite.citygame.com\/cs\/\"},{\"@type\":\"ListItem\",\"position\":2,\"name\":\"Shop\",\"item\":\"https:\/\/testwebsite.citygame.com\/shop\/\"},{\"@type\":\"ListItem\",\"position\":3,\"name\":\"Sherlock Holmes Utrecht\"}]},{\"@type\":\"WebSite\",\"@id\":\"https:\/\/testwebsite.upevents.nl\/#website\",\"url\":\"https:\/\/testwebsite.upevents.nl\/\",\"name\":\"City Game\",\"description\":\"\",\"publisher\":{\"@id\":\"https:\/\/testwebsite.upevents.nl\/#organization\"},\"alternateName\":\"citygame.com\",\"potentialAction\":[{\"@type\":\"SearchAction\",\"target\":{\"@type\":\"EntryPoint\",\"urlTemplate\":\"https:\/\/testwebsite.upevents.nl\/?s={search_term_string}\"},\"query-input\":{\"@type\":\"PropertyValueSpecification\",\"valueRequired\":true,\"valueName\":\"search_term_string\"}}],\"inLanguage\":\"cs\"},{\"@type\":[\"Organization\",\"Place\"],\"@id\":\"https:\/\/testwebsite.upevents.nl\/#organization\",\"name\":\"City Game\",\"alternateName\":\"citygame.com\",\"url\":\"https:\/\/testwebsite.upevents.nl\/\",\"logo\":{\"@id\":\"https:\/\/testwebsite.citygame.com\/cs\/games\/utrecht\/sherlock-holmes-utrecht\/#local-main-organization-logo\"},\"image\":{\"@id\":\"https:\/\/testwebsite.citygame.com\/cs\/games\/utrecht\/sherlock-holmes-utrecht\/#local-main-organization-logo\"},\"sameAs\":[\"https:\/\/www.facebook.com\/profile.php?id=100086426226253\",\"https:\/\/www.instagram.com\/citygame_com\",\"https:\/\/www.tiktok.com\/@citygamecom\/\",\"https:\/\/www.linkedin.com\/company\/citygame-com\"],\"description\":\"Turn any city into a playground with our interactive City Games and self-guided tours. Fun, flexible, and ideal for groups and team building.\",\"telephone\":[],\"openingHoursSpecification\":[{\"@type\":\"OpeningHoursSpecification\",\"dayOfWeek\":[\"Monday\",\"Tuesday\",\"Wednesday\",\"Thursday\",\"Friday\",\"Saturday\",\"Sunday\"],\"opens\":\"09:00\",\"closes\":\"17:00\"}]},{\"@type\":\"ImageObject\",\"inLanguage\":\"cs\",\"@id\":\"https:\/\/testwebsite.citygame.com\/cs\/games\/utrecht\/sherlock-holmes-utrecht\/#local-main-organization-logo\",\"url\":\"https:\/\/testwebsite.citygame.com\/wp-content\/blogs.dir\/1\/files\/sites\/62\/2025\/10\/CG_LOGO-City-Game.png\",\"contentUrl\":\"https:\/\/testwebsite.citygame.com\/wp-content\/blogs.dir\/1\/files\/sites\/62\/2025\/10\/CG_LOGO-City-Game.png\",\"width\":351,\"height\":377,\"caption\":\"City Game\"}]}<\/script>\n<!-- \/ Yoast SEO Premium plugin. -->","yoast_head_json":{"title":"Sherlock Holmes Utrecht - City Game","description":"Sherlock Holmes Utrecht. Zahrajte si samostatnou detektivn\u00ed hru s vra\u017edou (City Game), \u0159e\u0161te h\u00e1danky, sledujte stopy a odhalte vraha sv\u00fdm vlastn\u00edm tempem!","robots":{"index":"noindex","follow":"follow","max-snippet":"max-snippet:-1","max-image-preview":"max-image-preview:large","max-video-preview":"max-video-preview:-1"},"og_locale":"cs_CZ","og_type":"article","og_title":"Sherlock Holmes Utrecht","og_description":"Sherlock Holmes Utrecht. Zahrajte si samostatnou detektivn\u00ed hru s vra\u017edou (City Game), \u0159e\u0161te h\u00e1danky, sledujte stopy a odhalte vraha sv\u00fdm vlastn\u00edm tempem!","og_url":"https:\/\/testwebsite.citygame.com\/cs\/games\/utrecht\/sherlock-holmes-utrecht\/","og_site_name":"City Game","article_publisher":"https:\/\/www.facebook.com\/profile.php?id=100086426226253","article_modified_time":"2026-04-07T15:46:27+00:00","og_image":[{"width":1344,"height":768,"url":"https:\/\/testwebsite.citygame.com\/wp-content\/blogs.dir\/1\/files\/sites\/62\/2026\/02\/utrecht-sherlock-city-game-players-smartphone.jpg","type":"image\/jpeg"}],"twitter_card":"summary_large_image","twitter_misc":{"Odhadovan\u00e1 doba \u010dten\u00ed":"1 minuta"},"schema":{"@context":"https:\/\/schema.org","@graph":[{"@type":"WebPage","@id":"https:\/\/testwebsite.citygame.com\/cs\/games\/utrecht\/sherlock-holmes-utrecht\/","url":"https:\/\/testwebsite.citygame.com\/cs\/games\/utrecht\/sherlock-holmes-utrecht\/","name":"Sherlock Holmes Utrecht - City Game","isPartOf":{"@id":"https:\/\/testwebsite.upevents.nl\/#website"},"primaryImageOfPage":{"@id":"https:\/\/testwebsite.citygame.com\/cs\/games\/utrecht\/sherlock-holmes-utrecht\/#primaryimage"},"image":{"@id":"https:\/\/testwebsite.citygame.com\/cs\/games\/utrecht\/sherlock-holmes-utrecht\/#primaryimage"},"thumbnailUrl":"https:\/\/testwebsite.citygame.com\/wp-content\/blogs.dir\/1\/files\/sites\/62\/2026\/02\/utrecht-sherlock-city-game-players-smartphone.jpg","datePublished":"2026-02-03T16:01:16+00:00","dateModified":"2026-04-07T15:46:27+00:00","description":"Sherlock Holmes Utrecht. Zahrajte si samostatnou detektivn\u00ed hru s vra\u017edou (City Game), \u0159e\u0161te h\u00e1danky, sledujte stopy a odhalte vraha sv\u00fdm vlastn\u00edm tempem!","breadcrumb":{"@id":"https:\/\/testwebsite.citygame.com\/cs\/games\/utrecht\/sherlock-holmes-utrecht\/#breadcrumb"},"inLanguage":"cs","potentialAction":[{"@type":"ReadAction","target":["https:\/\/testwebsite.citygame.com\/cs\/games\/utrecht\/sherlock-holmes-utrecht\/"]}]},{"@type":"ImageObject","inLanguage":"cs","@id":"https:\/\/testwebsite.citygame.com\/cs\/games\/utrecht\/sherlock-holmes-utrecht\/#primaryimage","url":"https:\/\/testwebsite.citygame.com\/wp-content\/blogs.dir\/1\/files\/sites\/62\/2026\/02\/utrecht-sherlock-city-game-players-smartphone.jpg","contentUrl":"https:\/\/testwebsite.citygame.com\/wp-content\/blogs.dir\/1\/files\/sites\/62\/2026\/02\/utrecht-sherlock-city-game-players-smartphone.jpg","width":1344,"height":768,"caption":"A group of young adults huddle together to solve a puzzle on a smartphone in Utrecht."},{"@type":"BreadcrumbList","@id":"https:\/\/testwebsite.citygame.com\/cs\/games\/utrecht\/sherlock-holmes-utrecht\/#breadcrumb","itemListElement":[{"@type":"ListItem","position":1,"name":"Home","item":"https:\/\/testwebsite.citygame.com\/cs\/"},{"@type":"ListItem","position":2,"name":"Shop","item":"https:\/\/testwebsite.citygame.com\/shop\/"},{"@type":"ListItem","position":3,"name":"Sherlock Holmes Utrecht"}]},{"@type":"WebSite","@id":"https:\/\/testwebsite.upevents.nl\/#website","url":"https:\/\/testwebsite.upevents.nl\/","name":"City Game","description":"","publisher":{"@id":"https:\/\/testwebsite.upevents.nl\/#organization"},"alternateName":"citygame.com","potentialAction":[{"@type":"SearchAction","target":{"@type":"EntryPoint","urlTemplate":"https:\/\/testwebsite.upevents.nl\/?s={search_term_string}"},"query-input":{"@type":"PropertyValueSpecification","valueRequired":true,"valueName":"search_term_string"}}],"inLanguage":"cs"},{"@type":["Organization","Place"],"@id":"https:\/\/testwebsite.upevents.nl\/#organization","name":"City Game","alternateName":"citygame.com","url":"https:\/\/testwebsite.upevents.nl\/","logo":{"@id":"https:\/\/testwebsite.citygame.com\/cs\/games\/utrecht\/sherlock-holmes-utrecht\/#local-main-organization-logo"},"image":{"@id":"https:\/\/testwebsite.citygame.com\/cs\/games\/utrecht\/sherlock-holmes-utrecht\/#local-main-organization-logo"},"sameAs":["https:\/\/www.facebook.com\/profile.php?id=100086426226253","https:\/\/www.instagram.com\/citygame_com","https:\/\/www.tiktok.com\/@citygamecom\/","https:\/\/www.linkedin.com\/company\/citygame-com"],"description":"Turn any city into a playground with our interactive City Games and self-guided tours. Fun, flexible, and ideal for groups and team building.","telephone":[],"openingHoursSpecification":[{"@type":"OpeningHoursSpecification","dayOfWeek":["Monday","Tuesday","Wednesday","Thursday","Friday","Saturday","Sunday"],"opens":"09:00","closes":"17:00"}]},{"@type":"ImageObject","inLanguage":"cs","@id":"https:\/\/testwebsite.citygame.com\/cs\/games\/utrecht\/sherlock-holmes-utrecht\/#local-main-organization-logo","url":"https:\/\/testwebsite.citygame.com\/wp-content\/blogs.dir\/1\/files\/sites\/62\/2025\/10\/CG_LOGO-City-Game.png","contentUrl":"https:\/\/testwebsite.citygame.com\/wp-content\/blogs.dir\/1\/files\/sites\/62\/2025\/10\/CG_LOGO-City-Game.png","width":351,"height":377,"caption":"City Game"}]}},"taxonomy_info":{"game-concept":[{"value":768,"label":"Sherlock"}],"location":[{"value":410,"label":"Utrecht"}],"product_cat":[{"value":27,"label":"Geen categorie"}]},"featured_image_src_large":["https:\/\/testwebsite.citygame.com\/wp-content\/blogs.dir\/1\/files\/sites\/62\/2026\/02\/utrecht-sherlock-city-game-players-smartphone-1024x585.jpg",1024,585,true],"author_info":[],"comment_info":"","_links":{"self":[{"href":"https:\/\/testwebsite.citygame.com\/cs\/wp-json\/wp\/v2\/product\/52909","targetHints":{"allow":["GET"]}}],"collection":[{"href":"https:\/\/testwebsite.citygame.com\/cs\/wp-json\/wp\/v2\/product"}],"about":[{"href":"https:\/\/testwebsite.citygame.com\/cs\/wp-json\/wp\/v2\/types\/product"}],"acf:post":[{"embeddable":true,"href":"https:\/\/testwebsite.citygame.com\/cs\/wp-json\/wp\/v2\/pages\/4438"}],"wp:featuredmedia":[{"embeddable":true,"href":"https:\/\/testwebsite.citygame.com\/cs\/wp-json\/wp\/v2\/media\/9864"}],"wp:attachment":[{"href":"https:\/\/testwebsite.citygame.com\/cs\/wp-json\/wp\/v2\/media?parent=52909"}],"wp:term":[{"taxonomy":"game-concept","embeddable":true,"href":"https:\/\/testwebsite.citygame.com\/cs\/wp-json\/wp\/v2\/game-concept?post=52909"},{"taxonomy":"location","embeddable":true,"href":"https:\/\/testwebsite.citygame.com\/cs\/wp-json\/wp\/v2\/location?post=52909"},{"taxonomy":"product_brand","embeddable":true,"href":"https:\/\/testwebsite.citygame.com\/cs\/wp-json\/wp\/v2\/product_brand?post=52909"},{"taxonomy":"product_cat","embeddable":true,"href":"https:\/\/testwebsite.citygame.com\/cs\/wp-json\/wp\/v2\/product_cat?post=52909"},{"taxonomy":"product_tag","embeddable":true,"href":"https:\/\/testwebsite.citygame.com\/cs\/wp-json\/wp\/v2\/product_tag?post=52909"}],"curies":[{"name":"wp","href":"https:\/\/api.w.org\/{rel}","templated":true}]}}