{"id":52907,"date":"2026-02-20T12:12:16","date_gmt":"2026-02-20T12:12:16","guid":{"rendered":"https:\/\/testwebsite.citygame.com\/games\/unknown-location\/sherlock-holmes-galway\/"},"modified":"2026-04-07T15:46:19","modified_gmt":"2026-04-07T15:46:19","slug":"sherlock-holmes-galway","status":"publish","type":"product","link":"https:\/\/testwebsite.citygame.com\/cs\/games\/galway\/sherlock-holmes-galway\/","title":{"rendered":"Sherlock Holmes Galway"},"content":{"rendered":"<p>Pono\u0159te se do hry Sherlock Holmes City Game, samostatn\u00e9 detektivn\u00ed z\u00e1hady odehr\u00e1vaj\u00edc\u00ed se v historick\u00e9m centru Galway. Jako detektiv sledujete strhuj\u00edc\u00ed p\u0159\u00edb\u011bh zasazen\u00fd do atmosf\u00e9rick\u00e9ho prost\u0159ed\u00ed m\u011bsta, \u017e\u00e1dn\u00e9 pl\u00e1tno nen\u00ed vhodn\u011bj\u0161\u00ed pro Va\u0161e vy\u0161et\u0159ov\u00e1n\u00ed vra\u017edy, kter\u00e1 se stala b\u011bhem Liberty Festival. Tento detektivn\u00ed z\u00e1\u017eitek, poskytuj\u00edc\u00ed intelektu\u00e1ln\u00ed stimulaci, vy\u017eaduje, abyste sb\u00edrali stopy, \u0159e\u0161ili h\u00e1danky a vysl\u00fdchali digit\u00e1ln\u00ed podez\u0159el\u00e9, zat\u00edmco se pohybujete po m\u011bst\u011b, p\u0159i\u010dem\u017e V\u00e1m d\u00e1v\u00e1 svobodu hr\u00e1t vlastn\u00edm tempem a hluboce se pono\u0159it do bohat\u00e9ho sv\u011bta Sherlocka Holmese.<\/p>\n","protected":false},"excerpt":{"rendered":"<p>V\u017eijte se do sv\u011btozn\u00e1m\u00e9 role Sherlocka Holmese a vydejte se na samostatnou detektivn\u00ed z\u00e1hadu zasazenou do intrikuj\u00edc\u00edho m\u011bsta Galway. Sledujte unikav\u00e9 stopy, spolehn\u011bte se na sv\u016fj t\u00fdm, abyste rozlu\u0161tili slo\u017eit\u00e9 h\u00e1danky, a odhalte pravdu skrytou hluboko v k\u0159ivolak\u00fdch uli\u010dk\u00e1ch Galway \u2013 Va\u0161e v\u00fdzva \u010dek\u00e1!<\/p>\n","protected":false},"featured_media":15299,"template":"","meta":{"_acf_changed":false,"_yoast_wpseo_focuskw":"Sherlock Holmes Galway","_yoast_wpseo_metadesc":"Sherlock Holmes Galway. Zahrajte si samostatnou detektivn\u00ed hru s vra\u017edou, \u0159e\u0161te h\u00e1danky, sledujte stopy a odhalte vraha sv\u00fdm vlastn\u00edm tempem!","_kad_blocks_custom_css":"","_kad_blocks_head_custom_js":"","_kad_blocks_body_custom_js":"","_kad_blocks_footer_custom_js":"","ghostkit_customizer_options":"","ghostkit_custom_css":"","ghostkit_custom_js_head":"","ghostkit_custom_js_foot":"","ghostkit_typography":"","_kad_post_transparent":"default","_kad_post_title":"","_kad_post_layout":"default","_kad_post_sidebar_id":"","_kad_post_content_style":"default","_kad_post_vertical_padding":"default","_kad_post_feature":"","_kad_post_feature_position":"","_kad_post_header":false,"_kad_post_footer":false,"_kad_post_classname":"","_links_to":"","_links_to_target":""},"game-concept":[768],"location":[170],"product_brand":[],"product_cat":[27],"product_tag":[],"class_list":{"0":"post-52907","1":"product","2":"type-product","3":"status-publish","4":"has-post-thumbnail","6":"game-concept-sherlock","7":"location-galway","8":"product_cat-geen-categorie","10":"first","11":"instock","12":"shipping-taxable","13":"purchasable","14":"product-type-simple","15":"entry","16":"content-bg","17":"loop-entry"},"acf":{"full_bokun_product_name":"Galway Self-Guided Sherlock Holmes Murder Mystery Game","location_name":"Galway","bokun_calendar_widget_code":"<script type=\"text\/javascript\" src=\"https:\/\/widgets.bokun.io\/assets\/javascripts\/apps\/build\/BokunWidgetsLoader.js?bookingChannelUUID=a1e93e96-5232-4734-a595-28405f4b5a31\" async><\/script>\n     \n    <div class=\"bokunWidget\" data-src=\"https:\/\/widgets.bokun.io\/online-sales\/a1e93e96-5232-4734-a595-28405f4b5a31\/experience-calendar\/845775\"><\/div>\n    <noscript>Please enable javascript in your browser to book<\/noscript>","bokun_button_widget_code":"<script type=\"text\/javascript\" src=\"https:\/\/widgets.bokun.io\/assets\/javascripts\/apps\/build\/BokunWidgetsLoader.js?bookingChannelUUID=a1e93e96-5232-4734-a595-28405f4b5a31\" async><\/script>\n      <style> #bokun_ed001e45_5927_4f62_b470_ca766338d083 { display: inline-block; padding: .4em 1em; background: #47b82e; border-radius: 999999px; box-shadow: none; font-weight: 600; font-size: 24px; text-decoration: none; text-align: center; color: #FFFFFF; border:none; cursor: pointer; transition: background .2s ease; } #bokun_ed001e45_5927_4f62_b470_ca766338d083:hover{ background: #2f7b1f; } #bokun_ed001e45_5927_4f62_b470_ca766338d083:active{ background: #378f24; } <\/style> <button class=\"bokunButton\" disabled id=bokun_ed001e45_5927_4f62_b470_ca766338d083 data-src=\"https:\/\/widgets.bokun.io\/online-sales\/a1e93e96-5232-4734-a595-28405f4b5a31\/experience-calendar\/845775?partialView=1\" data-testid=\"widget-book-button\" > Book now <\/button> ","what_you\u2019ll_experience_during_the_game":"Jakmile vstoup\u00edte do podmaniv\u00e9ho sv\u011bta hry Sherlock Holmes City Game v Galway, okam\u017eit\u011b se pono\u0159\u00edte do strhuj\u00edc\u00ed detektivn\u00ed z\u00e1hady. P\u0159\u00edb\u011bh se odv\u00edj\u00ed, zat\u00edmco proch\u00e1z\u00edte ulicemi m\u011bsta, pe\u010dliv\u011b skl\u00e1d\u00e1te stopy, lu\u0161t\u00edte slo\u017eit\u00e9 h\u00e1danky a za\u017e\u00edv\u00e1te ne\u010dekan\u00e9 zvraty ve sv\u00e9m vy\u0161et\u0159ov\u00e1n\u00ed. Setk\u00e1te se s digit\u00e1ln\u00edm podsv\u011bt\u00edm, budete vysl\u00fdchat virtu\u00e1ln\u00ed podez\u0159el\u00e9, analyzovat jejich alibi a rozpory, zat\u00edmco se budete sna\u017eit odhalit pravdu za \u0161okuj\u00edc\u00ed vra\u017edou, kter\u00e1 se stala b\u011bhem Liberty Festival.\r\n\r\nTento pln\u011b p\u0159\u00edb\u011bhov\u011b orientovan\u00fd z\u00e1\u017eitek vy\u017eaduje kritick\u00e9 my\u0161len\u00ed, bystr\u00e9 pozorov\u00e1n\u00ed a pronikav\u00e9 deduk\u010dn\u00ed schopnosti. Jako Sherlock z Galway se pono\u0159\u00edte do sv\u011bta podvod\u016f a intrik, abyste odhalili pravdu. Pamatujte, \u017e\u00e1dn\u00e9 v\u00edt\u011bzstv\u00ed nep\u0159ich\u00e1z\u00ed bez boje. Ale nebojte se, a\u0165 u\u017e jste zku\u0161en\u00fd hr\u00e1\u010d nebo p\u0159\u00edle\u017eitostn\u00fd hr\u00e1\u010d, m\u016f\u017eete si tuto intrikuj\u00edc\u00ed hru u\u017e\u00edt vlastn\u00edm tempem, kdykoli si budete p\u0159\u00e1t ud\u011blat p\u0159est\u00e1vku. A pokud tou\u017e\u00edte po mal\u00e9 p\u0159\u00e1telsk\u00e9 sout\u011b\u017ei, shrom\u00e1\u017ed\u011bte t\u00fdm a zjist\u011bte, kdo dok\u00e1\u017ee z\u00e1hadu vy\u0159e\u0161it jako prvn\u00ed.","how_to_play":"Hrajte sami nebo s p\u0159\u00e1teli, rodinou \u010di kolegy v t\u00fdmech a\u017e \u010dty\u0159 osob na jedno za\u0159\u00edzen\u00ed. Po rezervaci obdr\u017e\u00edte e-mail s pokyny a v\u0161\u00edm, co pot\u0159ebujete.","start_location":"Galway, County Council","available_languages":["nl","en","fr","de","it","es"],"players_per_group":"1-4","duration":"1.5-2 hours","image_overlay_color_image":"https:\/\/testwebsite.citygame.com\/wp-content\/blogs.dir\/1\/files\/sites\/62\/2026\/01\/SherlockColor.svg","image_overlay_game_logo":"https:\/\/testwebsite.citygame.com\/wp-content\/blogs.dir\/1\/files\/sites\/62\/2026\/01\/SherlockLogo.png","city_page":13324,"woocommerce_general_content":null},"yoast_head":"<!-- This site is optimized with the Yoast SEO Premium plugin v26.2 (Yoast SEO v26.3) - https:\/\/yoast.com\/wordpress\/plugins\/seo\/ -->\n<title>Sherlock Holmes Galway - City Game<\/title>\n<meta name=\"description\" content=\"Sherlock Holmes Galway. Zahrajte si samostatnou detektivn\u00ed hru s vra\u017edou, \u0159e\u0161te h\u00e1danky, sledujte stopy a odhalte vraha sv\u00fdm vlastn\u00edm tempem!\" \/>\n<meta name=\"robots\" content=\"noindex, follow, max-snippet:-1, max-image-preview:large, max-video-preview:-1\" \/>\n<meta property=\"og:locale\" content=\"cs_CZ\" \/>\n<meta property=\"og:type\" content=\"article\" \/>\n<meta property=\"og:title\" content=\"Sherlock Holmes Galway\" \/>\n<meta property=\"og:description\" content=\"Sherlock Holmes Galway. Zahrajte si samostatnou detektivn\u00ed hru s vra\u017edou, \u0159e\u0161te h\u00e1danky, sledujte stopy a odhalte vraha sv\u00fdm vlastn\u00edm tempem!\" \/>\n<meta property=\"og:url\" content=\"https:\/\/testwebsite.citygame.com\/cs\/games\/galway\/sherlock-holmes-galway\/\" \/>\n<meta property=\"og:site_name\" content=\"City Game\" \/>\n<meta property=\"article:publisher\" content=\"https:\/\/www.facebook.com\/profile.php?id=100086426226253\" \/>\n<meta property=\"article:modified_time\" content=\"2026-04-07T15:46:19+00:00\" \/>\n<meta property=\"og:image\" content=\"https:\/\/testwebsite.citygame.com\/wp-content\/blogs.dir\/1\/files\/sites\/62\/2026\/02\/galway-group-of-five-playing-city-game-on-smartphone.jpg\" \/>\n\t<meta property=\"og:image:width\" content=\"1024\" \/>\n\t<meta property=\"og:image:height\" content=\"1024\" \/>\n\t<meta property=\"og:image:type\" content=\"image\/jpeg\" \/>\n<meta name=\"twitter:card\" content=\"summary_large_image\" \/>\n<meta name=\"twitter:label1\" content=\"Odhadovan\u00e1 doba \u010dten\u00ed\" \/>\n\t<meta name=\"twitter:data1\" content=\"1 minuta\" \/>\n<script type=\"application\/ld+json\" class=\"yoast-schema-graph\">{\"@context\":\"https:\/\/schema.org\",\"@graph\":[{\"@type\":\"WebPage\",\"@id\":\"https:\/\/testwebsite.citygame.com\/cs\/games\/galway\/sherlock-holmes-galway\/\",\"url\":\"https:\/\/testwebsite.citygame.com\/cs\/games\/galway\/sherlock-holmes-galway\/\",\"name\":\"Sherlock Holmes Galway - City Game\",\"isPartOf\":{\"@id\":\"https:\/\/testwebsite.upevents.nl\/#website\"},\"primaryImageOfPage\":{\"@id\":\"https:\/\/testwebsite.citygame.com\/cs\/games\/galway\/sherlock-holmes-galway\/#primaryimage\"},\"image\":{\"@id\":\"https:\/\/testwebsite.citygame.com\/cs\/games\/galway\/sherlock-holmes-galway\/#primaryimage\"},\"thumbnailUrl\":\"https:\/\/testwebsite.citygame.com\/wp-content\/blogs.dir\/1\/files\/sites\/62\/2026\/02\/galway-group-of-five-playing-city-game-on-smartphone.jpg\",\"datePublished\":\"2026-02-20T12:12:16+00:00\",\"dateModified\":\"2026-04-07T15:46:19+00:00\",\"description\":\"Sherlock Holmes Galway. Zahrajte si samostatnou detektivn\u00ed hru s vra\u017edou, \u0159e\u0161te h\u00e1danky, sledujte stopy a odhalte vraha sv\u00fdm vlastn\u00edm tempem!\",\"breadcrumb\":{\"@id\":\"https:\/\/testwebsite.citygame.com\/cs\/games\/galway\/sherlock-holmes-galway\/#breadcrumb\"},\"inLanguage\":\"cs\",\"potentialAction\":[{\"@type\":\"ReadAction\",\"target\":[\"https:\/\/testwebsite.citygame.com\/cs\/games\/galway\/sherlock-holmes-galway\/\"]}]},{\"@type\":\"ImageObject\",\"inLanguage\":\"cs\",\"@id\":\"https:\/\/testwebsite.citygame.com\/cs\/games\/galway\/sherlock-holmes-galway\/#primaryimage\",\"url\":\"https:\/\/testwebsite.citygame.com\/wp-content\/blogs.dir\/1\/files\/sites\/62\/2026\/02\/galway-group-of-five-playing-city-game-on-smartphone.jpg\",\"contentUrl\":\"https:\/\/testwebsite.citygame.com\/wp-content\/blogs.dir\/1\/files\/sites\/62\/2026\/02\/galway-group-of-five-playing-city-game-on-smartphone.jpg\",\"width\":1024,\"height\":1024,\"caption\":\"A group of friends collaborates on a puzzle during an outdoor city game in Galway.\"},{\"@type\":\"BreadcrumbList\",\"@id\":\"https:\/\/testwebsite.citygame.com\/cs\/games\/galway\/sherlock-holmes-galway\/#breadcrumb\",\"itemListElement\":[{\"@type\":\"ListItem\",\"position\":1,\"name\":\"Home\",\"item\":\"https:\/\/testwebsite.citygame.com\/cs\/\"},{\"@type\":\"ListItem\",\"position\":2,\"name\":\"Shop\",\"item\":\"https:\/\/testwebsite.citygame.com\/shop\/\"},{\"@type\":\"ListItem\",\"position\":3,\"name\":\"Sherlock Holmes Galway\"}]},{\"@type\":\"WebSite\",\"@id\":\"https:\/\/testwebsite.upevents.nl\/#website\",\"url\":\"https:\/\/testwebsite.upevents.nl\/\",\"name\":\"City Game\",\"description\":\"\",\"publisher\":{\"@id\":\"https:\/\/testwebsite.upevents.nl\/#organization\"},\"alternateName\":\"citygame.com\",\"potentialAction\":[{\"@type\":\"SearchAction\",\"target\":{\"@type\":\"EntryPoint\",\"urlTemplate\":\"https:\/\/testwebsite.upevents.nl\/?s={search_term_string}\"},\"query-input\":{\"@type\":\"PropertyValueSpecification\",\"valueRequired\":true,\"valueName\":\"search_term_string\"}}],\"inLanguage\":\"cs\"},{\"@type\":[\"Organization\",\"Place\"],\"@id\":\"https:\/\/testwebsite.upevents.nl\/#organization\",\"name\":\"City Game\",\"alternateName\":\"citygame.com\",\"url\":\"https:\/\/testwebsite.upevents.nl\/\",\"logo\":{\"@id\":\"https:\/\/testwebsite.citygame.com\/cs\/games\/galway\/sherlock-holmes-galway\/#local-main-organization-logo\"},\"image\":{\"@id\":\"https:\/\/testwebsite.citygame.com\/cs\/games\/galway\/sherlock-holmes-galway\/#local-main-organization-logo\"},\"sameAs\":[\"https:\/\/www.facebook.com\/profile.php?id=100086426226253\",\"https:\/\/www.instagram.com\/citygame_com\",\"https:\/\/www.tiktok.com\/@citygamecom\/\",\"https:\/\/www.linkedin.com\/company\/citygame-com\"],\"description\":\"Turn any city into a playground with our interactive City Games and self-guided tours. Fun, flexible, and ideal for groups and team building.\",\"telephone\":[],\"openingHoursSpecification\":[{\"@type\":\"OpeningHoursSpecification\",\"dayOfWeek\":[\"Monday\",\"Tuesday\",\"Wednesday\",\"Thursday\",\"Friday\",\"Saturday\",\"Sunday\"],\"opens\":\"09:00\",\"closes\":\"17:00\"}]},{\"@type\":\"ImageObject\",\"inLanguage\":\"cs\",\"@id\":\"https:\/\/testwebsite.citygame.com\/cs\/games\/galway\/sherlock-holmes-galway\/#local-main-organization-logo\",\"url\":\"https:\/\/testwebsite.citygame.com\/wp-content\/blogs.dir\/1\/files\/sites\/62\/2025\/10\/CG_LOGO-City-Game.png\",\"contentUrl\":\"https:\/\/testwebsite.citygame.com\/wp-content\/blogs.dir\/1\/files\/sites\/62\/2025\/10\/CG_LOGO-City-Game.png\",\"width\":351,\"height\":377,\"caption\":\"City Game\"}]}<\/script>\n<!-- \/ Yoast SEO Premium plugin. -->","yoast_head_json":{"title":"Sherlock Holmes Galway - City Game","description":"Sherlock Holmes Galway. Zahrajte si samostatnou detektivn\u00ed hru s vra\u017edou, \u0159e\u0161te h\u00e1danky, sledujte stopy a odhalte vraha sv\u00fdm vlastn\u00edm tempem!","robots":{"index":"noindex","follow":"follow","max-snippet":"max-snippet:-1","max-image-preview":"max-image-preview:large","max-video-preview":"max-video-preview:-1"},"og_locale":"cs_CZ","og_type":"article","og_title":"Sherlock Holmes Galway","og_description":"Sherlock Holmes Galway. Zahrajte si samostatnou detektivn\u00ed hru s vra\u017edou, \u0159e\u0161te h\u00e1danky, sledujte stopy a odhalte vraha sv\u00fdm vlastn\u00edm tempem!","og_url":"https:\/\/testwebsite.citygame.com\/cs\/games\/galway\/sherlock-holmes-galway\/","og_site_name":"City Game","article_publisher":"https:\/\/www.facebook.com\/profile.php?id=100086426226253","article_modified_time":"2026-04-07T15:46:19+00:00","og_image":[{"width":1024,"height":1024,"url":"https:\/\/testwebsite.citygame.com\/wp-content\/blogs.dir\/1\/files\/sites\/62\/2026\/02\/galway-group-of-five-playing-city-game-on-smartphone.jpg","type":"image\/jpeg"}],"twitter_card":"summary_large_image","twitter_misc":{"Odhadovan\u00e1 doba \u010dten\u00ed":"1 minuta"},"schema":{"@context":"https:\/\/schema.org","@graph":[{"@type":"WebPage","@id":"https:\/\/testwebsite.citygame.com\/cs\/games\/galway\/sherlock-holmes-galway\/","url":"https:\/\/testwebsite.citygame.com\/cs\/games\/galway\/sherlock-holmes-galway\/","name":"Sherlock Holmes Galway - City Game","isPartOf":{"@id":"https:\/\/testwebsite.upevents.nl\/#website"},"primaryImageOfPage":{"@id":"https:\/\/testwebsite.citygame.com\/cs\/games\/galway\/sherlock-holmes-galway\/#primaryimage"},"image":{"@id":"https:\/\/testwebsite.citygame.com\/cs\/games\/galway\/sherlock-holmes-galway\/#primaryimage"},"thumbnailUrl":"https:\/\/testwebsite.citygame.com\/wp-content\/blogs.dir\/1\/files\/sites\/62\/2026\/02\/galway-group-of-five-playing-city-game-on-smartphone.jpg","datePublished":"2026-02-20T12:12:16+00:00","dateModified":"2026-04-07T15:46:19+00:00","description":"Sherlock Holmes Galway. Zahrajte si samostatnou detektivn\u00ed hru s vra\u017edou, \u0159e\u0161te h\u00e1danky, sledujte stopy a odhalte vraha sv\u00fdm vlastn\u00edm tempem!","breadcrumb":{"@id":"https:\/\/testwebsite.citygame.com\/cs\/games\/galway\/sherlock-holmes-galway\/#breadcrumb"},"inLanguage":"cs","potentialAction":[{"@type":"ReadAction","target":["https:\/\/testwebsite.citygame.com\/cs\/games\/galway\/sherlock-holmes-galway\/"]}]},{"@type":"ImageObject","inLanguage":"cs","@id":"https:\/\/testwebsite.citygame.com\/cs\/games\/galway\/sherlock-holmes-galway\/#primaryimage","url":"https:\/\/testwebsite.citygame.com\/wp-content\/blogs.dir\/1\/files\/sites\/62\/2026\/02\/galway-group-of-five-playing-city-game-on-smartphone.jpg","contentUrl":"https:\/\/testwebsite.citygame.com\/wp-content\/blogs.dir\/1\/files\/sites\/62\/2026\/02\/galway-group-of-five-playing-city-game-on-smartphone.jpg","width":1024,"height":1024,"caption":"A group of friends collaborates on a puzzle during an outdoor city game in Galway."},{"@type":"BreadcrumbList","@id":"https:\/\/testwebsite.citygame.com\/cs\/games\/galway\/sherlock-holmes-galway\/#breadcrumb","itemListElement":[{"@type":"ListItem","position":1,"name":"Home","item":"https:\/\/testwebsite.citygame.com\/cs\/"},{"@type":"ListItem","position":2,"name":"Shop","item":"https:\/\/testwebsite.citygame.com\/shop\/"},{"@type":"ListItem","position":3,"name":"Sherlock Holmes Galway"}]},{"@type":"WebSite","@id":"https:\/\/testwebsite.upevents.nl\/#website","url":"https:\/\/testwebsite.upevents.nl\/","name":"City Game","description":"","publisher":{"@id":"https:\/\/testwebsite.upevents.nl\/#organization"},"alternateName":"citygame.com","potentialAction":[{"@type":"SearchAction","target":{"@type":"EntryPoint","urlTemplate":"https:\/\/testwebsite.upevents.nl\/?s={search_term_string}"},"query-input":{"@type":"PropertyValueSpecification","valueRequired":true,"valueName":"search_term_string"}}],"inLanguage":"cs"},{"@type":["Organization","Place"],"@id":"https:\/\/testwebsite.upevents.nl\/#organization","name":"City Game","alternateName":"citygame.com","url":"https:\/\/testwebsite.upevents.nl\/","logo":{"@id":"https:\/\/testwebsite.citygame.com\/cs\/games\/galway\/sherlock-holmes-galway\/#local-main-organization-logo"},"image":{"@id":"https:\/\/testwebsite.citygame.com\/cs\/games\/galway\/sherlock-holmes-galway\/#local-main-organization-logo"},"sameAs":["https:\/\/www.facebook.com\/profile.php?id=100086426226253","https:\/\/www.instagram.com\/citygame_com","https:\/\/www.tiktok.com\/@citygamecom\/","https:\/\/www.linkedin.com\/company\/citygame-com"],"description":"Turn any city into a playground with our interactive City Games and self-guided tours. Fun, flexible, and ideal for groups and team building.","telephone":[],"openingHoursSpecification":[{"@type":"OpeningHoursSpecification","dayOfWeek":["Monday","Tuesday","Wednesday","Thursday","Friday","Saturday","Sunday"],"opens":"09:00","closes":"17:00"}]},{"@type":"ImageObject","inLanguage":"cs","@id":"https:\/\/testwebsite.citygame.com\/cs\/games\/galway\/sherlock-holmes-galway\/#local-main-organization-logo","url":"https:\/\/testwebsite.citygame.com\/wp-content\/blogs.dir\/1\/files\/sites\/62\/2025\/10\/CG_LOGO-City-Game.png","contentUrl":"https:\/\/testwebsite.citygame.com\/wp-content\/blogs.dir\/1\/files\/sites\/62\/2025\/10\/CG_LOGO-City-Game.png","width":351,"height":377,"caption":"City Game"}]}},"taxonomy_info":{"game-concept":[{"value":768,"label":"Sherlock"}],"location":[{"value":170,"label":"Galway"}],"product_cat":[{"value":27,"label":"Geen categorie"}]},"featured_image_src_large":["https:\/\/testwebsite.citygame.com\/wp-content\/blogs.dir\/1\/files\/sites\/62\/2026\/02\/galway-group-of-five-playing-city-game-on-smartphone.jpg",1024,1024,false],"author_info":[],"comment_info":"","_links":{"self":[{"href":"https:\/\/testwebsite.citygame.com\/cs\/wp-json\/wp\/v2\/product\/52907","targetHints":{"allow":["GET"]}}],"collection":[{"href":"https:\/\/testwebsite.citygame.com\/cs\/wp-json\/wp\/v2\/product"}],"about":[{"href":"https:\/\/testwebsite.citygame.com\/cs\/wp-json\/wp\/v2\/types\/product"}],"acf:post":[{"embeddable":true,"href":"https:\/\/testwebsite.citygame.com\/cs\/wp-json\/wp\/v2\/pages\/13324"}],"wp:featuredmedia":[{"embeddable":true,"href":"https:\/\/testwebsite.citygame.com\/cs\/wp-json\/wp\/v2\/media\/15299"}],"wp:attachment":[{"href":"https:\/\/testwebsite.citygame.com\/cs\/wp-json\/wp\/v2\/media?parent=52907"}],"wp:term":[{"taxonomy":"game-concept","embeddable":true,"href":"https:\/\/testwebsite.citygame.com\/cs\/wp-json\/wp\/v2\/game-concept?post=52907"},{"taxonomy":"location","embeddable":true,"href":"https:\/\/testwebsite.citygame.com\/cs\/wp-json\/wp\/v2\/location?post=52907"},{"taxonomy":"product_brand","embeddable":true,"href":"https:\/\/testwebsite.citygame.com\/cs\/wp-json\/wp\/v2\/product_brand?post=52907"},{"taxonomy":"product_cat","embeddable":true,"href":"https:\/\/testwebsite.citygame.com\/cs\/wp-json\/wp\/v2\/product_cat?post=52907"},{"taxonomy":"product_tag","embeddable":true,"href":"https:\/\/testwebsite.citygame.com\/cs\/wp-json\/wp\/v2\/product_tag?post=52907"}],"curies":[{"name":"wp","href":"https:\/\/api.w.org\/{rel}","templated":true}]}}