{"id":49757,"date":"2026-03-13T10:07:49","date_gmt":"2026-03-13T10:07:49","guid":{"rendered":"https:\/\/testwebsite.citygame.com\/games\/unknown-location\/produkt-487\/"},"modified":"2026-04-03T23:30:43","modified_gmt":"2026-04-03T23:30:43","slug":"produkt-487","status":"publish","type":"product","link":"https:\/\/testwebsite.citygame.com\/cs\/games\/unknown-location\/produkt-487\/","title":{"rendered":"Produkt"},"content":{"rendered":"","protected":false},"excerpt":{"rendered":"","protected":false},"featured_media":18448,"template":"","meta":{"_acf_changed":false,"_yoast_wpseo_focuskw":"Secrets of Copenhagen","_yoast_wpseo_metadesc":"Secrets of Copenhagen. Zahrajte si samostatnou M\u011bstskou hru a prozkoumejte m\u011bsto prost\u0159ednictv\u00edm h\u00e1danek, hlavolam\u016f a v\u00fdzev. Hrajte sv\u00fdm vlastn\u00edm tempem a objevujte jako m\u00edstn\u00ed!","_kad_blocks_custom_css":"","_kad_blocks_head_custom_js":"","_kad_blocks_body_custom_js":"","_kad_blocks_footer_custom_js":"","ghostkit_customizer_options":"","ghostkit_custom_css":"","ghostkit_custom_js_head":"","ghostkit_custom_js_foot":"","ghostkit_typography":"","_kad_post_transparent":"","_kad_post_title":"","_kad_post_layout":"","_kad_post_sidebar_id":"","_kad_post_content_style":"","_kad_post_vertical_padding":"","_kad_post_feature":"","_kad_post_feature_position":"","_kad_post_header":false,"_kad_post_footer":false,"_kad_post_classname":"","_links_to":"","_links_to_target":""},"game-concept":[36],"location":[],"product_brand":[],"product_cat":[27],"product_tag":[],"class_list":{"0":"post-49757","1":"product","2":"type-product","3":"status-publish","4":"has-post-thumbnail","6":"game-concept-secrets","7":"product_cat-geen-categorie","9":"first","10":"instock","11":"shipping-taxable","12":"purchasable","13":"product-type-simple","14":"entry","15":"content-bg","16":"loop-entry"},"acf":{"full_bokun_product_name":"Self-Guided Secrets of Copenhagen Exploration Game","location_name":"Copenhagen","bokun_calendar_widget_code":"<script type=\"text\/javascript\" src=\"https:\/\/widgets.bokun.io\/assets\/javascripts\/apps\/build\/BokunWidgetsLoader.js?bookingChannelUUID=a1e93e96-5232-4734-a595-28405f4b5a31\" async><\/script>\n     \n    <div class=\"bokunWidget\" data-src=\"https:\/\/widgets.bokun.io\/online-sales\/a1e93e96-5232-4734-a595-28405f4b5a31\/experience-calendar\/872761\"><\/div>\n    <noscript>Please enable javascript in your browser to book<\/noscript>","bokun_button_widget_code":"<script type=\"text\/javascript\" src=\"https:\/\/widgets.bokun.io\/assets\/javascripts\/apps\/build\/BokunWidgetsLoader.js?bookingChannelUUID=a1e93e96-5232-4734-a595-28405f4b5a31\" async><\/script>\n      <style> #bokun_ed001e45_5927_4f62_b470_ca766338d083 { display: inline-block; padding: .4em 1em; background: #47b82e; border-radius: 999999px; box-shadow: none; font-weight: 600; font-size: 24px; text-decoration: none; text-align: center; color: #FFFFFF; border:none; cursor: pointer; transition: background .2s ease; } #bokun_ed001e45_5927_4f62_b470_ca766338d083:hover{ background: #2f7b1f; } #bokun_ed001e45_5927_4f62_b470_ca766338d083:active{ background: #378f24; } <\/style> <button class=\"bokunButton\" disabled id=bokun_ed001e45_5927_4f62_b470_ca766338d083 data-src=\"https:\/\/widgets.bokun.io\/online-sales\/a1e93e96-5232-4734-a595-28405f4b5a31\/experience-calendar\/872761?partialView=1\" data-testid=\"widget-book-button\" > Book now <\/button> ","what_you\u2019ll_experience_during_the_game":"Hra 'Secrets of Copenhagen City Game' v\u00e1s zve, abyste se pono\u0159ili do bou\u0159liv\u00e9 sm\u011bsi prohl\u00eddek pam\u00e1tek, interaktivn\u00edch v\u00fdzev a podmaniv\u00e9ho vypr\u00e1v\u011bn\u00ed. Projd\u011bte se historick\u00fdmi ulicemi, objevte jak zn\u00e1m\u00e9, tak skryt\u00e9 poklady m\u011bsta a pono\u0159te se hloub\u011bji do l\u00e1kav\u00fdch p\u0159\u00edb\u011bh\u016f m\u011bsta. Nechte svou zv\u011bdavost v\u00e9st v\u00e1s od ty\u010d\u00edc\u00edch se v\u011b\u017e\u00ed kostela Spasitele (Our Savior's Church) k barevn\u00fdm dom\u016fm Nyhavn, prozkoum\u00e1vaj\u00edc ka\u017edou z\u00e1krutu labyrintov\u00fdch kan\u00e1l\u016f Christianshavnu. A\u0165 u\u017e jste m\u00edstn\u00ed, hledaj\u00edc\u00ed nov\u00fd pohled na sv\u016fj domov, nebo cestovatel tou\u017e\u00edc\u00ed odhalit mnoh\u00e1 tajemstv\u00ed Kodan\u011b, tato m\u011bstsk\u00e1 hra nab\u00eddne z\u00e1\u017eitek z pr\u016fzkumu jako \u017e\u00e1dn\u00e1 jin\u00e1.\n\nZat\u00edmco budete vta\u017eeni do sv\u011bta, kde va\u0161e zv\u011bdavost bude poh\u00e1n\u011bt v\u00e1\u0161 pokrok, budete tak\u00e9 \u010delit intrikuj\u00edc\u00edm h\u00e1dank\u00e1m, strhuj\u00edc\u00edm hlavolam\u016fm a nes\u010detn\u00fdm intelektu\u00e1ln\u00edm bitv\u00e1m navr\u017een\u00fdm k otestov\u00e1n\u00ed va\u0161ich analytick\u00fdch a kreativn\u00edch schopnost\u00ed. Va\u0161\u00edm \u00fakolem v t\u00e9to expedici po Kodani je z\u00edsk\u00e1vat body, kter\u00e9 odemknou n\u00e1pov\u011bdy, co\u017e v\u00e1s v\u0161e posune bl\u00ed\u017ee k vy\u0159e\u0161en\u00ed z\u00e1hadn\u00e9ho z\u00e1v\u011bre\u010dn\u00e9ho hlavolamu. Pro ty s vysoce sout\u011b\u017eiv\u00fdm duchem l\u00e1k\u00e1 vzru\u0161en\u00ed z dosa\u017een\u00ed vysok\u00e9 pozice v \u017eeb\u0159\u00ed\u010dku. P\u0159esto hra vyhovuje i t\u011bm, kte\u0159\u00ed tou\u017e\u00ed po klidn\u011bj\u0161\u00edm tempu; lze ji kdykoli zastavit a pokra\u010dovat, kdykoli si p\u0159ejete. Bez ohledu na v\u00e1\u0161 styl, 'Secrets of Copenhagen City Game' slibuje poutav\u00e9 spojen\u00ed objevov\u00e1n\u00ed a intelektu\u00e1ln\u00ed v\u00fdzvy.","how_to_play":"Zarezervujte si Pr\u016fzkumnou hru, zkontrolujte e-mail, kter\u00fd v\u00e1m za\u0161leme s jednoduch\u00fdmi pokyny, st\u00e1hn\u011bte si aplikaci Loquiz App, spus\u0165te Pr\u016fzkumnou hru a jste p\u0159ipraveni za\u010d\u00edt sv\u016fj hern\u00ed z\u00e1\u017eitek!","start_location":"Copenhagen, Radhuspladsen","available_languages":["en"],"players_per_group":"1-4","duration":"1.5-2 hours","image_overlay_color_image":"https:\/\/testwebsite.citygame.com\/wp-content\/blogs.dir\/1\/files\/sites\/62\/2026\/01\/SecretsColor.svg","image_overlay_game_logo":"https:\/\/testwebsite.citygame.com\/wp-content\/blogs.dir\/1\/files\/sites\/62\/2026\/01\/SecretsLogo.png","city_page":7710,"woocommerce_general_content":null,"the_story":"","name_main_character":"","photo_main_character":null,"loquiz_or_kokimoki":"Loquiz"},"yoast_head":"<!-- This site is optimized with the Yoast SEO Premium plugin v26.2 (Yoast SEO v26.3) - https:\/\/yoast.com\/wordpress\/plugins\/seo\/ -->\n<title>Produkt - City Game<\/title>\n<meta name=\"description\" content=\"Secrets of Copenhagen. Zahrajte si samostatnou M\u011bstskou hru a prozkoumejte m\u011bsto prost\u0159ednictv\u00edm h\u00e1danek, hlavolam\u016f a v\u00fdzev. Hrajte sv\u00fdm vlastn\u00edm tempem a objevujte jako m\u00edstn\u00ed!\" \/>\n<meta name=\"robots\" content=\"noindex, follow, max-snippet:-1, max-image-preview:large, max-video-preview:-1\" \/>\n<meta property=\"og:locale\" content=\"cs_CZ\" \/>\n<meta property=\"og:type\" content=\"article\" \/>\n<meta property=\"og:title\" content=\"Produkt\" \/>\n<meta property=\"og:description\" content=\"Secrets of Copenhagen. Zahrajte si samostatnou M\u011bstskou hru a prozkoumejte m\u011bsto prost\u0159ednictv\u00edm h\u00e1danek, hlavolam\u016f a v\u00fdzev. Hrajte sv\u00fdm vlastn\u00edm tempem a objevujte jako m\u00edstn\u00ed!\" \/>\n<meta property=\"og:url\" content=\"https:\/\/testwebsite.citygame.com\/cs\/games\/unknown-location\/produkt-487\/\" \/>\n<meta property=\"og:site_name\" content=\"City Game\" \/>\n<meta property=\"article:publisher\" content=\"https:\/\/www.facebook.com\/profile.php?id=100086426226253\" \/>\n<meta property=\"article:modified_time\" content=\"2026-04-03T23:30:43+00:00\" \/>\n<meta property=\"og:image\" content=\"https:\/\/testwebsite.citygame.com\/wp-content\/blogs.dir\/1\/files\/sites\/62\/2026\/03\/copenhagen-player-christiansborg-palace-view.jpg\" \/>\n\t<meta property=\"og:image:width\" content=\"1024\" \/>\n\t<meta property=\"og:image:height\" content=\"1024\" \/>\n\t<meta property=\"og:image:type\" content=\"image\/jpeg\" \/>\n<meta name=\"twitter:card\" content=\"summary_large_image\" \/>\n<script type=\"application\/ld+json\" class=\"yoast-schema-graph\">{\"@context\":\"https:\/\/schema.org\",\"@graph\":[{\"@type\":\"WebPage\",\"@id\":\"https:\/\/testwebsite.citygame.com\/cs\/games\/unknown-location\/produkt-487\/\",\"url\":\"https:\/\/testwebsite.citygame.com\/cs\/games\/unknown-location\/produkt-487\/\",\"name\":\"Produkt - City Game\",\"isPartOf\":{\"@id\":\"https:\/\/testwebsite.upevents.nl\/#website\"},\"primaryImageOfPage\":{\"@id\":\"https:\/\/testwebsite.citygame.com\/cs\/games\/unknown-location\/produkt-487\/#primaryimage\"},\"image\":{\"@id\":\"https:\/\/testwebsite.citygame.com\/cs\/games\/unknown-location\/produkt-487\/#primaryimage\"},\"thumbnailUrl\":\"https:\/\/testwebsite.citygame.com\/wp-content\/blogs.dir\/1\/files\/sites\/62\/2026\/03\/copenhagen-player-christiansborg-palace-view.jpg\",\"datePublished\":\"2026-03-13T10:07:49+00:00\",\"dateModified\":\"2026-04-03T23:30:43+00:00\",\"description\":\"Secrets of Copenhagen. Zahrajte si samostatnou M\u011bstskou hru a prozkoumejte m\u011bsto prost\u0159ednictv\u00edm h\u00e1danek, hlavolam\u016f a v\u00fdzev. Hrajte sv\u00fdm vlastn\u00edm tempem a objevujte jako m\u00edstn\u00ed!\",\"breadcrumb\":{\"@id\":\"https:\/\/testwebsite.citygame.com\/cs\/games\/unknown-location\/produkt-487\/#breadcrumb\"},\"inLanguage\":\"cs\",\"potentialAction\":[{\"@type\":\"ReadAction\",\"target\":[\"https:\/\/testwebsite.citygame.com\/cs\/games\/unknown-location\/produkt-487\/\"]}]},{\"@type\":\"ImageObject\",\"inLanguage\":\"cs\",\"@id\":\"https:\/\/testwebsite.citygame.com\/cs\/games\/unknown-location\/produkt-487\/#primaryimage\",\"url\":\"https:\/\/testwebsite.citygame.com\/wp-content\/blogs.dir\/1\/files\/sites\/62\/2026\/03\/copenhagen-player-christiansborg-palace-view.jpg\",\"contentUrl\":\"https:\/\/testwebsite.citygame.com\/wp-content\/blogs.dir\/1\/files\/sites\/62\/2026\/03\/copenhagen-player-christiansborg-palace-view.jpg\",\"width\":1024,\"height\":1024,\"caption\":\"A player stands on a cobblestone path looking towards Christiansborg Palace in Copenhagen.\"},{\"@type\":\"BreadcrumbList\",\"@id\":\"https:\/\/testwebsite.citygame.com\/cs\/games\/unknown-location\/produkt-487\/#breadcrumb\",\"itemListElement\":[{\"@type\":\"ListItem\",\"position\":1,\"name\":\"Home\",\"item\":\"https:\/\/testwebsite.citygame.com\/cs\/\"},{\"@type\":\"ListItem\",\"position\":2,\"name\":\"Shop\",\"item\":\"https:\/\/testwebsite.citygame.com\/shop\/\"},{\"@type\":\"ListItem\",\"position\":3,\"name\":\"Produkt\"}]},{\"@type\":\"WebSite\",\"@id\":\"https:\/\/testwebsite.upevents.nl\/#website\",\"url\":\"https:\/\/testwebsite.upevents.nl\/\",\"name\":\"City Game\",\"description\":\"\",\"publisher\":{\"@id\":\"https:\/\/testwebsite.upevents.nl\/#organization\"},\"alternateName\":\"citygame.com\",\"potentialAction\":[{\"@type\":\"SearchAction\",\"target\":{\"@type\":\"EntryPoint\",\"urlTemplate\":\"https:\/\/testwebsite.upevents.nl\/?s={search_term_string}\"},\"query-input\":{\"@type\":\"PropertyValueSpecification\",\"valueRequired\":true,\"valueName\":\"search_term_string\"}}],\"inLanguage\":\"cs\"},{\"@type\":[\"Organization\",\"Place\"],\"@id\":\"https:\/\/testwebsite.upevents.nl\/#organization\",\"name\":\"City Game\",\"alternateName\":\"citygame.com\",\"url\":\"https:\/\/testwebsite.upevents.nl\/\",\"logo\":{\"@id\":\"https:\/\/testwebsite.citygame.com\/cs\/games\/unknown-location\/produkt-487\/#local-main-organization-logo\"},\"image\":{\"@id\":\"https:\/\/testwebsite.citygame.com\/cs\/games\/unknown-location\/produkt-487\/#local-main-organization-logo\"},\"sameAs\":[\"https:\/\/www.facebook.com\/profile.php?id=100086426226253\",\"https:\/\/www.instagram.com\/citygame_com\",\"https:\/\/www.tiktok.com\/@citygamecom\/\",\"https:\/\/www.linkedin.com\/company\/citygame-com\"],\"description\":\"Turn any city into a playground with our interactive City Games and self-guided tours. Fun, flexible, and ideal for groups and team building.\",\"telephone\":[],\"openingHoursSpecification\":[{\"@type\":\"OpeningHoursSpecification\",\"dayOfWeek\":[\"Monday\",\"Tuesday\",\"Wednesday\",\"Thursday\",\"Friday\",\"Saturday\",\"Sunday\"],\"opens\":\"09:00\",\"closes\":\"17:00\"}]},{\"@type\":\"ImageObject\",\"inLanguage\":\"cs\",\"@id\":\"https:\/\/testwebsite.citygame.com\/cs\/games\/unknown-location\/produkt-487\/#local-main-organization-logo\",\"url\":\"https:\/\/testwebsite.citygame.com\/wp-content\/blogs.dir\/1\/files\/sites\/62\/2025\/10\/CG_LOGO-City-Game.png\",\"contentUrl\":\"https:\/\/testwebsite.citygame.com\/wp-content\/blogs.dir\/1\/files\/sites\/62\/2025\/10\/CG_LOGO-City-Game.png\",\"width\":351,\"height\":377,\"caption\":\"City Game\"}]}<\/script>\n<!-- \/ Yoast SEO Premium plugin. -->","yoast_head_json":{"title":"Produkt - City Game","description":"Secrets of Copenhagen. Zahrajte si samostatnou M\u011bstskou hru a prozkoumejte m\u011bsto prost\u0159ednictv\u00edm h\u00e1danek, hlavolam\u016f a v\u00fdzev. Hrajte sv\u00fdm vlastn\u00edm tempem a objevujte jako m\u00edstn\u00ed!","robots":{"index":"noindex","follow":"follow","max-snippet":"max-snippet:-1","max-image-preview":"max-image-preview:large","max-video-preview":"max-video-preview:-1"},"og_locale":"cs_CZ","og_type":"article","og_title":"Produkt","og_description":"Secrets of Copenhagen. Zahrajte si samostatnou M\u011bstskou hru a prozkoumejte m\u011bsto prost\u0159ednictv\u00edm h\u00e1danek, hlavolam\u016f a v\u00fdzev. Hrajte sv\u00fdm vlastn\u00edm tempem a objevujte jako m\u00edstn\u00ed!","og_url":"https:\/\/testwebsite.citygame.com\/cs\/games\/unknown-location\/produkt-487\/","og_site_name":"City Game","article_publisher":"https:\/\/www.facebook.com\/profile.php?id=100086426226253","article_modified_time":"2026-04-03T23:30:43+00:00","og_image":[{"width":1024,"height":1024,"url":"https:\/\/testwebsite.citygame.com\/wp-content\/blogs.dir\/1\/files\/sites\/62\/2026\/03\/copenhagen-player-christiansborg-palace-view.jpg","type":"image\/jpeg"}],"twitter_card":"summary_large_image","schema":{"@context":"https:\/\/schema.org","@graph":[{"@type":"WebPage","@id":"https:\/\/testwebsite.citygame.com\/cs\/games\/unknown-location\/produkt-487\/","url":"https:\/\/testwebsite.citygame.com\/cs\/games\/unknown-location\/produkt-487\/","name":"Produkt - City Game","isPartOf":{"@id":"https:\/\/testwebsite.upevents.nl\/#website"},"primaryImageOfPage":{"@id":"https:\/\/testwebsite.citygame.com\/cs\/games\/unknown-location\/produkt-487\/#primaryimage"},"image":{"@id":"https:\/\/testwebsite.citygame.com\/cs\/games\/unknown-location\/produkt-487\/#primaryimage"},"thumbnailUrl":"https:\/\/testwebsite.citygame.com\/wp-content\/blogs.dir\/1\/files\/sites\/62\/2026\/03\/copenhagen-player-christiansborg-palace-view.jpg","datePublished":"2026-03-13T10:07:49+00:00","dateModified":"2026-04-03T23:30:43+00:00","description":"Secrets of Copenhagen. Zahrajte si samostatnou M\u011bstskou hru a prozkoumejte m\u011bsto prost\u0159ednictv\u00edm h\u00e1danek, hlavolam\u016f a v\u00fdzev. Hrajte sv\u00fdm vlastn\u00edm tempem a objevujte jako m\u00edstn\u00ed!","breadcrumb":{"@id":"https:\/\/testwebsite.citygame.com\/cs\/games\/unknown-location\/produkt-487\/#breadcrumb"},"inLanguage":"cs","potentialAction":[{"@type":"ReadAction","target":["https:\/\/testwebsite.citygame.com\/cs\/games\/unknown-location\/produkt-487\/"]}]},{"@type":"ImageObject","inLanguage":"cs","@id":"https:\/\/testwebsite.citygame.com\/cs\/games\/unknown-location\/produkt-487\/#primaryimage","url":"https:\/\/testwebsite.citygame.com\/wp-content\/blogs.dir\/1\/files\/sites\/62\/2026\/03\/copenhagen-player-christiansborg-palace-view.jpg","contentUrl":"https:\/\/testwebsite.citygame.com\/wp-content\/blogs.dir\/1\/files\/sites\/62\/2026\/03\/copenhagen-player-christiansborg-palace-view.jpg","width":1024,"height":1024,"caption":"A player stands on a cobblestone path looking towards Christiansborg Palace in Copenhagen."},{"@type":"BreadcrumbList","@id":"https:\/\/testwebsite.citygame.com\/cs\/games\/unknown-location\/produkt-487\/#breadcrumb","itemListElement":[{"@type":"ListItem","position":1,"name":"Home","item":"https:\/\/testwebsite.citygame.com\/cs\/"},{"@type":"ListItem","position":2,"name":"Shop","item":"https:\/\/testwebsite.citygame.com\/shop\/"},{"@type":"ListItem","position":3,"name":"Produkt"}]},{"@type":"WebSite","@id":"https:\/\/testwebsite.upevents.nl\/#website","url":"https:\/\/testwebsite.upevents.nl\/","name":"City Game","description":"","publisher":{"@id":"https:\/\/testwebsite.upevents.nl\/#organization"},"alternateName":"citygame.com","potentialAction":[{"@type":"SearchAction","target":{"@type":"EntryPoint","urlTemplate":"https:\/\/testwebsite.upevents.nl\/?s={search_term_string}"},"query-input":{"@type":"PropertyValueSpecification","valueRequired":true,"valueName":"search_term_string"}}],"inLanguage":"cs"},{"@type":["Organization","Place"],"@id":"https:\/\/testwebsite.upevents.nl\/#organization","name":"City Game","alternateName":"citygame.com","url":"https:\/\/testwebsite.upevents.nl\/","logo":{"@id":"https:\/\/testwebsite.citygame.com\/cs\/games\/unknown-location\/produkt-487\/#local-main-organization-logo"},"image":{"@id":"https:\/\/testwebsite.citygame.com\/cs\/games\/unknown-location\/produkt-487\/#local-main-organization-logo"},"sameAs":["https:\/\/www.facebook.com\/profile.php?id=100086426226253","https:\/\/www.instagram.com\/citygame_com","https:\/\/www.tiktok.com\/@citygamecom\/","https:\/\/www.linkedin.com\/company\/citygame-com"],"description":"Turn any city into a playground with our interactive City Games and self-guided tours. Fun, flexible, and ideal for groups and team building.","telephone":[],"openingHoursSpecification":[{"@type":"OpeningHoursSpecification","dayOfWeek":["Monday","Tuesday","Wednesday","Thursday","Friday","Saturday","Sunday"],"opens":"09:00","closes":"17:00"}]},{"@type":"ImageObject","inLanguage":"cs","@id":"https:\/\/testwebsite.citygame.com\/cs\/games\/unknown-location\/produkt-487\/#local-main-organization-logo","url":"https:\/\/testwebsite.citygame.com\/wp-content\/blogs.dir\/1\/files\/sites\/62\/2025\/10\/CG_LOGO-City-Game.png","contentUrl":"https:\/\/testwebsite.citygame.com\/wp-content\/blogs.dir\/1\/files\/sites\/62\/2025\/10\/CG_LOGO-City-Game.png","width":351,"height":377,"caption":"City Game"}]}},"taxonomy_info":{"game-concept":[{"value":36,"label":"Secrets"}],"product_cat":[{"value":27,"label":"Geen categorie"}]},"featured_image_src_large":["https:\/\/testwebsite.citygame.com\/wp-content\/blogs.dir\/1\/files\/sites\/62\/2026\/03\/copenhagen-player-christiansborg-palace-view.jpg",1024,1024,false],"author_info":[],"comment_info":"","_links":{"self":[{"href":"https:\/\/testwebsite.citygame.com\/cs\/wp-json\/wp\/v2\/product\/49757","targetHints":{"allow":["GET"]}}],"collection":[{"href":"https:\/\/testwebsite.citygame.com\/cs\/wp-json\/wp\/v2\/product"}],"about":[{"href":"https:\/\/testwebsite.citygame.com\/cs\/wp-json\/wp\/v2\/types\/product"}],"acf:post":[{"embeddable":true,"href":"https:\/\/testwebsite.citygame.com\/cs\/wp-json\/wp\/v2\/pages\/7710"}],"wp:featuredmedia":[{"embeddable":true,"href":"https:\/\/testwebsite.citygame.com\/cs\/wp-json\/wp\/v2\/media\/18448"}],"wp:attachment":[{"href":"https:\/\/testwebsite.citygame.com\/cs\/wp-json\/wp\/v2\/media?parent=49757"}],"wp:term":[{"taxonomy":"game-concept","embeddable":true,"href":"https:\/\/testwebsite.citygame.com\/cs\/wp-json\/wp\/v2\/game-concept?post=49757"},{"taxonomy":"location","embeddable":true,"href":"https:\/\/testwebsite.citygame.com\/cs\/wp-json\/wp\/v2\/location?post=49757"},{"taxonomy":"product_brand","embeddable":true,"href":"https:\/\/testwebsite.citygame.com\/cs\/wp-json\/wp\/v2\/product_brand?post=49757"},{"taxonomy":"product_cat","embeddable":true,"href":"https:\/\/testwebsite.citygame.com\/cs\/wp-json\/wp\/v2\/product_cat?post=49757"},{"taxonomy":"product_tag","embeddable":true,"href":"https:\/\/testwebsite.citygame.com\/cs\/wp-json\/wp\/v2\/product_tag?post=49757"}],"curies":[{"name":"wp","href":"https:\/\/api.w.org\/{rel}","templated":true}]}}