{"id":41089,"date":"2026-01-13T10:38:15","date_gmt":"2026-01-13T10:38:15","guid":{"rendered":"https:\/\/testwebsite.citygame.com\/games\/unknown-location\/produkt-363\/"},"modified":"2026-04-02T14:41:35","modified_gmt":"2026-04-02T14:41:35","slug":"produkt-363","status":"publish","type":"product","link":"https:\/\/testwebsite.citygame.com\/cs\/games\/unknown-location\/produkt-363\/","title":{"rendered":"Produkt"},"content":{"rendered":"","protected":false},"excerpt":{"rendered":"","protected":false},"featured_media":3627,"template":"","meta":{"_acf_changed":false,"_yoast_wpseo_focuskw":"Secrets of Ferrara","_yoast_wpseo_metadesc":"Secrets of Ferrara. Zahrajte si samostatnou City Game a prozkoumejte m\u011bsto prost\u0159ednictv\u00edm h\u00e1danek, r\u00e9bus\u016f a v\u00fdzev. Hrajte sv\u00fdm vlastn\u00edm tempem a objevujte jako m\u00edstn\u00ed!","_kad_blocks_custom_css":"","_kad_blocks_head_custom_js":"","_kad_blocks_body_custom_js":"","_kad_blocks_footer_custom_js":"","ghostkit_customizer_options":"","ghostkit_custom_css":"","ghostkit_custom_js_head":"","ghostkit_custom_js_foot":"","ghostkit_typography":"","_kad_post_transparent":"default","_kad_post_title":"","_kad_post_layout":"default","_kad_post_sidebar_id":"","_kad_post_content_style":"default","_kad_post_vertical_padding":"default","_kad_post_feature":"","_kad_post_feature_position":"","_kad_post_header":false,"_kad_post_footer":false,"_kad_post_classname":"","_links_to":"","_links_to_target":""},"game-concept":[36],"location":[],"product_brand":[],"product_cat":[27],"product_tag":[],"class_list":{"0":"post-41089","1":"product","2":"type-product","3":"status-publish","4":"has-post-thumbnail","6":"game-concept-secrets","7":"product_cat-geen-categorie","9":"first","10":"instock","11":"shipping-taxable","12":"purchasable","13":"product-type-simple","14":"entry","15":"content-bg","16":"loop-entry"},"acf":{"full_bokun_product_name":"Self-Guided Secrets of Ferrara Exploration Game","location_name":"Ferrara","bokun_calendar_widget_code":"<script type=\"text\/javascript\" src=\"https:\/\/widgets.bokun.io\/assets\/javascripts\/apps\/build\/BokunWidgetsLoader.js?bookingChannelUUID=a1e93e96-5232-4734-a595-28405f4b5a31\" async><\/script>\n     \n    <div class=\"bokunWidget\" data-src=\"https:\/\/widgets.bokun.io\/online-sales\/a1e93e96-5232-4734-a595-28405f4b5a31\/experience-calendar\/1102823\"><\/div>\n    <noscript>Please enable javascript in your browser to book<\/noscript>","bokun_button_widget_code":"<script type=\"text\/javascript\" src=\"https:\/\/widgets.bokun.io\/assets\/javascripts\/apps\/build\/BokunWidgetsLoader.js?bookingChannelUUID=a1e93e96-5232-4734-a595-28405f4b5a31\" async><\/script>\n      <style> #bokun_ed001e45_5927_4f62_b470_ca766338d083 { display: inline-block; padding: .4em 1em; background: #47b82e; border-radius: 999999px; box-shadow: none; font-weight: 600; font-size: 24px; text-decoration: none; text-align: center; color: #FFFFFF; border:none; cursor: pointer; transition: background .2s ease; } #bokun_ed001e45_5927_4f62_b470_ca766338d083:hover{ background: #2f7b1f; } #bokun_ed001e45_5927_4f62_b470_ca766338d083:active{ background: #378f24; } <\/style> <button class=\"bokunButton\" disabled id=bokun_ed001e45_5927_4f62_b470_ca766338d083 data-src=\"https:\/\/widgets.bokun.io\/online-sales\/a1e93e96-5232-4734-a595-28405f4b5a31\/experience-calendar\/1102823?partialView=1\" data-testid=\"widget-book-button\" > Book now <\/button> ","what_you\u2019ll_experience_during_the_game":"Kdy\u017e hrajete Secrets of Ferrara City Game, prozkoum\u00e1te m\u011bsto prost\u0159ednictv\u00edm p\u0159\u00edb\u011bhu, kter\u00fd m\u00eds\u00ed historii a tajemstv\u00ed s interaktivn\u00edm objevov\u00e1n\u00edm. Trasa v\u00e1s zavede historick\u00fdm srdcem Ferrary, provede v\u00e1s nejen k p\u016fsobiv\u00e9 Cattedrale di San Giorgio a majest\u00e1tn\u00edmu Castello Estense, ale tak\u00e9 k m\u00e9n\u011b zn\u00e1m\u00fdm m\u00edst\u016fm, jako je b\u00fdval\u00fd sirot\u010dinec u Chiesa di Santa Maria dei Bastardini a evokativn\u00ed Cela Torquata Tassa. Cestou za\u017eijete vrstvenou atmosf\u00e9ru Ferrary, od velkolep\u00fdch renesan\u010dn\u00edch fas\u00e1d po tich\u00e1, zastr\u010den\u00e1 n\u00e1dvo\u0159\u00ed. Hra odhaluje jak majest\u00e1tnost, tak i jemn\u00e9 nuance m\u011bsta, co\u017e v\u00e1m umo\u017en\u00ed pozorovat ho z nov\u00e9 perspektivy.\r\n\r\nB\u011bhem pr\u016fzkumu budete \u0159e\u0161it sm\u011bs h\u00e1danek, r\u00e9bus\u016f a kreativn\u00edch \u00fakol\u016f, kter\u00e9 \u010din\u00ed ka\u017edou zast\u00e1vku sou\u010d\u00e1st\u00ed v\u011bt\u0161\u00edho tajemstv\u00ed. Tyto v\u00fdzvy v\u00e1m pomohou sb\u00edrat stopy, z\u00edsk\u00e1vat body a odemykat n\u00e1pov\u011bdy, \u010d\u00edm\u017e v\u00e1s vt\u00e1hnou hloub\u011bji do rozv\u00edjej\u00edc\u00edho se p\u0159\u00edb\u011bhu. City Game m\u016f\u017eete kdykoli pozastavit, co\u017e v\u00e1m usnadn\u00ed u\u017e\u00edt si Ferraru vlastn\u00edm tempem. Pro ty, kte\u0159\u00ed si u\u017e\u00edvaj\u00ed sout\u011b\u017een\u00ed, mohou t\u00fdmy nebo jednotlivci sout\u011b\u017eit o nejvy\u0161\u0161\u00ed sk\u00f3re v \u017eeb\u0159\u00ed\u010dku.","how_to_play":"Po rezervaci obdr\u017e\u00edte e-mail s p\u0159\u00edm\u00fdm odkazem ke h\u0159e. Jednodu\u0161e jd\u011bte k Cattedrale di San Giorgio (port\u00e1l), otev\u0159ete odkaz na sv\u00e9m chytr\u00e9m telefonu a za\u010dn\u011bte svou cestu ferrarsk\u00fdmi tajemstv\u00edmi. Hru m\u016f\u017eete kdykoli pozastavit a pokra\u010dovat ve sv\u00e9m dobrodru\u017estv\u00ed, kdykoli budete cht\u00edt.","start_location":"Ferrara, Cattedrale di San Giorgio (Portal)","available_languages":"","players_per_group":"1-4","duration":"1.5-2 hours","image_overlay_color_image":"https:\/\/testwebsite.citygame.com\/wp-content\/blogs.dir\/1\/files\/sites\/62\/2026\/01\/SecretsColor.svg","image_overlay_game_logo":"https:\/\/testwebsite.citygame.com\/wp-content\/blogs.dir\/1\/files\/sites\/62\/2026\/01\/SecretsLogo.png","city_page":15734,"woocommerce_general_content":null,"the_story":"<strong>Ferrara nos\u00ed svou historii s eleganc\u00ed, cihlov\u00e9 zdi, skryt\u00e1 n\u00e1dvo\u0159\u00ed, \u0161epot moci na ka\u017ed\u00e9m n\u00e1m\u011bst\u00ed. Ale \u017e\u00e1dn\u00fd \u0161epot nen\u00ed hlasit\u011bj\u0161\u00ed ne\u017e ten, kter\u00fd pr\u00e1v\u011b zavolal va\u0161e jm\u00e9no. Je to Niccol\u00f2 III d\u2019Este, vl\u00e1dce, romantik a mistr dramatick\u00fdch vstup\u016f. A pr\u00e1v\u011b te\u010f mu chyb\u00ed n\u011bco \u017eivotn\u011b d\u016fle\u017eit\u00e9ho: jeho me\u010d. Symbol velen\u00ed. Maj\u00e1k sebev\u011bdom\u00ed. Bez n\u011bj je jen\u2026 no, kr\u00e1sn\u011b oble\u010den\u00fd.<\/strong><br><br>Jak budete sledovat Niccol\u00f2 skrz spletit\u00e9 uli\u010dky a vzne\u0161en\u00e9 fas\u00e1dy Ferrary, odhal\u00edte m\u011bsto pln\u00e9 skand\u00e1l\u016f, tajemstv\u00ed a renesan\u010dn\u00ed drzosti. To je v\u00edc ne\u017e \u0161lechtick\u00fd z\u00e1chvat vzteku, je to v\u00fdprava za znovuz\u00edsk\u00e1n\u00edm odkazu a p\u0159ipomenut\u00edm Ferra\u0159e, kdo kdysi vl\u00e1dl jej\u00edmu p\u0159\u00edb\u011bhu.<br><br><strong>P\u0159i\u0161li jste prozkoum\u00e1vat. Z\u016fstali jste, abyste zachr\u00e1nili p\u0159\u00edb\u011bh.<\/strong>","name_main_character":"Niccol\u00f3 III d\u2019Este","photo_main_character":41090,"loquiz_or_kokimoki":"Kokimoki"},"yoast_head":"<!-- This site is optimized with the Yoast SEO Premium plugin v26.2 (Yoast SEO v26.3) - https:\/\/yoast.com\/wordpress\/plugins\/seo\/ -->\n<title>Produkt - City Game<\/title>\n<meta name=\"description\" content=\"Secrets of Ferrara. Zahrajte si samostatnou City Game a prozkoumejte m\u011bsto prost\u0159ednictv\u00edm h\u00e1danek, r\u00e9bus\u016f a v\u00fdzev. Hrajte sv\u00fdm vlastn\u00edm tempem a objevujte jako m\u00edstn\u00ed!\" \/>\n<meta name=\"robots\" content=\"noindex, follow, max-snippet:-1, max-image-preview:large, max-video-preview:-1\" \/>\n<meta property=\"og:locale\" content=\"cs_CZ\" \/>\n<meta property=\"og:type\" content=\"article\" \/>\n<meta property=\"og:title\" content=\"Produkt\" \/>\n<meta property=\"og:description\" content=\"Secrets of Ferrara. Zahrajte si samostatnou City Game a prozkoumejte m\u011bsto prost\u0159ednictv\u00edm h\u00e1danek, r\u00e9bus\u016f a v\u00fdzev. Hrajte sv\u00fdm vlastn\u00edm tempem a objevujte jako m\u00edstn\u00ed!\" \/>\n<meta property=\"og:url\" content=\"https:\/\/testwebsite.citygame.com\/cs\/games\/unknown-location\/produkt-363\/\" \/>\n<meta property=\"og:site_name\" content=\"City Game\" \/>\n<meta property=\"article:publisher\" content=\"https:\/\/www.facebook.com\/profile.php?id=100086426226253\" \/>\n<meta property=\"article:modified_time\" content=\"2026-04-02T14:41:35+00:00\" \/>\n<meta property=\"og:image\" content=\"https:\/\/testwebsite.citygame.com\/wp-content\/blogs.dir\/1\/files\/sites\/62\/2026\/01\/ferrara-player-giuseppe-garibaldi-monument.jpg\" \/>\n\t<meta property=\"og:image:width\" content=\"1248\" \/>\n\t<meta property=\"og:image:height\" content=\"832\" \/>\n\t<meta property=\"og:image:type\" content=\"image\/jpeg\" \/>\n<meta name=\"twitter:card\" content=\"summary_large_image\" \/>\n<script type=\"application\/ld+json\" class=\"yoast-schema-graph\">{\"@context\":\"https:\/\/schema.org\",\"@graph\":[{\"@type\":\"WebPage\",\"@id\":\"https:\/\/testwebsite.citygame.com\/cs\/games\/unknown-location\/produkt-363\/\",\"url\":\"https:\/\/testwebsite.citygame.com\/cs\/games\/unknown-location\/produkt-363\/\",\"name\":\"Produkt - City Game\",\"isPartOf\":{\"@id\":\"https:\/\/testwebsite.upevents.nl\/#website\"},\"primaryImageOfPage\":{\"@id\":\"https:\/\/testwebsite.citygame.com\/cs\/games\/unknown-location\/produkt-363\/#primaryimage\"},\"image\":{\"@id\":\"https:\/\/testwebsite.citygame.com\/cs\/games\/unknown-location\/produkt-363\/#primaryimage\"},\"thumbnailUrl\":\"https:\/\/testwebsite.citygame.com\/wp-content\/blogs.dir\/1\/files\/sites\/62\/2026\/01\/ferrara-player-giuseppe-garibaldi-monument.jpg\",\"datePublished\":\"2026-01-13T10:38:15+00:00\",\"dateModified\":\"2026-04-02T14:41:35+00:00\",\"description\":\"Secrets of Ferrara. Zahrajte si samostatnou City Game a prozkoumejte m\u011bsto prost\u0159ednictv\u00edm h\u00e1danek, r\u00e9bus\u016f a v\u00fdzev. Hrajte sv\u00fdm vlastn\u00edm tempem a objevujte jako m\u00edstn\u00ed!\",\"breadcrumb\":{\"@id\":\"https:\/\/testwebsite.citygame.com\/cs\/games\/unknown-location\/produkt-363\/#breadcrumb\"},\"inLanguage\":\"cs\",\"potentialAction\":[{\"@type\":\"ReadAction\",\"target\":[\"https:\/\/testwebsite.citygame.com\/cs\/games\/unknown-location\/produkt-363\/\"]}]},{\"@type\":\"ImageObject\",\"inLanguage\":\"cs\",\"@id\":\"https:\/\/testwebsite.citygame.com\/cs\/games\/unknown-location\/produkt-363\/#primaryimage\",\"url\":\"https:\/\/testwebsite.citygame.com\/wp-content\/blogs.dir\/1\/files\/sites\/62\/2026\/01\/ferrara-player-giuseppe-garibaldi-monument.jpg\",\"contentUrl\":\"https:\/\/testwebsite.citygame.com\/wp-content\/blogs.dir\/1\/files\/sites\/62\/2026\/01\/ferrara-player-giuseppe-garibaldi-monument.jpg\",\"width\":1248,\"height\":832,\"caption\":\"A visitor uses a mobile app to learn about the Giuseppe Garibaldi monument in Ferrara.\"},{\"@type\":\"BreadcrumbList\",\"@id\":\"https:\/\/testwebsite.citygame.com\/cs\/games\/unknown-location\/produkt-363\/#breadcrumb\",\"itemListElement\":[{\"@type\":\"ListItem\",\"position\":1,\"name\":\"Home\",\"item\":\"https:\/\/testwebsite.citygame.com\/cs\/\"},{\"@type\":\"ListItem\",\"position\":2,\"name\":\"Shop\",\"item\":\"https:\/\/testwebsite.citygame.com\/shop\/\"},{\"@type\":\"ListItem\",\"position\":3,\"name\":\"Produkt\"}]},{\"@type\":\"WebSite\",\"@id\":\"https:\/\/testwebsite.upevents.nl\/#website\",\"url\":\"https:\/\/testwebsite.upevents.nl\/\",\"name\":\"City Game\",\"description\":\"\",\"publisher\":{\"@id\":\"https:\/\/testwebsite.upevents.nl\/#organization\"},\"alternateName\":\"citygame.com\",\"potentialAction\":[{\"@type\":\"SearchAction\",\"target\":{\"@type\":\"EntryPoint\",\"urlTemplate\":\"https:\/\/testwebsite.upevents.nl\/?s={search_term_string}\"},\"query-input\":{\"@type\":\"PropertyValueSpecification\",\"valueRequired\":true,\"valueName\":\"search_term_string\"}}],\"inLanguage\":\"cs\"},{\"@type\":[\"Organization\",\"Place\"],\"@id\":\"https:\/\/testwebsite.upevents.nl\/#organization\",\"name\":\"City Game\",\"alternateName\":\"citygame.com\",\"url\":\"https:\/\/testwebsite.upevents.nl\/\",\"logo\":{\"@id\":\"https:\/\/testwebsite.citygame.com\/cs\/games\/unknown-location\/produkt-363\/#local-main-organization-logo\"},\"image\":{\"@id\":\"https:\/\/testwebsite.citygame.com\/cs\/games\/unknown-location\/produkt-363\/#local-main-organization-logo\"},\"sameAs\":[\"https:\/\/www.facebook.com\/profile.php?id=100086426226253\",\"https:\/\/www.instagram.com\/citygame_com\",\"https:\/\/www.tiktok.com\/@citygamecom\/\",\"https:\/\/www.linkedin.com\/company\/citygame-com\"],\"description\":\"Turn any city into a playground with our interactive City Games and self-guided tours. Fun, flexible, and ideal for groups and team building.\",\"telephone\":[],\"openingHoursSpecification\":[{\"@type\":\"OpeningHoursSpecification\",\"dayOfWeek\":[\"Monday\",\"Tuesday\",\"Wednesday\",\"Thursday\",\"Friday\",\"Saturday\",\"Sunday\"],\"opens\":\"09:00\",\"closes\":\"17:00\"}]},{\"@type\":\"ImageObject\",\"inLanguage\":\"cs\",\"@id\":\"https:\/\/testwebsite.citygame.com\/cs\/games\/unknown-location\/produkt-363\/#local-main-organization-logo\",\"url\":\"https:\/\/testwebsite.citygame.com\/wp-content\/blogs.dir\/1\/files\/sites\/62\/2025\/10\/CG_LOGO-City-Game.png\",\"contentUrl\":\"https:\/\/testwebsite.citygame.com\/wp-content\/blogs.dir\/1\/files\/sites\/62\/2025\/10\/CG_LOGO-City-Game.png\",\"width\":351,\"height\":377,\"caption\":\"City Game\"}]}<\/script>\n<!-- \/ Yoast SEO Premium plugin. -->","yoast_head_json":{"title":"Produkt - City Game","description":"Secrets of Ferrara. Zahrajte si samostatnou City Game a prozkoumejte m\u011bsto prost\u0159ednictv\u00edm h\u00e1danek, r\u00e9bus\u016f a v\u00fdzev. Hrajte sv\u00fdm vlastn\u00edm tempem a objevujte jako m\u00edstn\u00ed!","robots":{"index":"noindex","follow":"follow","max-snippet":"max-snippet:-1","max-image-preview":"max-image-preview:large","max-video-preview":"max-video-preview:-1"},"og_locale":"cs_CZ","og_type":"article","og_title":"Produkt","og_description":"Secrets of Ferrara. Zahrajte si samostatnou City Game a prozkoumejte m\u011bsto prost\u0159ednictv\u00edm h\u00e1danek, r\u00e9bus\u016f a v\u00fdzev. Hrajte sv\u00fdm vlastn\u00edm tempem a objevujte jako m\u00edstn\u00ed!","og_url":"https:\/\/testwebsite.citygame.com\/cs\/games\/unknown-location\/produkt-363\/","og_site_name":"City Game","article_publisher":"https:\/\/www.facebook.com\/profile.php?id=100086426226253","article_modified_time":"2026-04-02T14:41:35+00:00","og_image":[{"width":1248,"height":832,"url":"https:\/\/testwebsite.citygame.com\/wp-content\/blogs.dir\/1\/files\/sites\/62\/2026\/01\/ferrara-player-giuseppe-garibaldi-monument.jpg","type":"image\/jpeg"}],"twitter_card":"summary_large_image","schema":{"@context":"https:\/\/schema.org","@graph":[{"@type":"WebPage","@id":"https:\/\/testwebsite.citygame.com\/cs\/games\/unknown-location\/produkt-363\/","url":"https:\/\/testwebsite.citygame.com\/cs\/games\/unknown-location\/produkt-363\/","name":"Produkt - City Game","isPartOf":{"@id":"https:\/\/testwebsite.upevents.nl\/#website"},"primaryImageOfPage":{"@id":"https:\/\/testwebsite.citygame.com\/cs\/games\/unknown-location\/produkt-363\/#primaryimage"},"image":{"@id":"https:\/\/testwebsite.citygame.com\/cs\/games\/unknown-location\/produkt-363\/#primaryimage"},"thumbnailUrl":"https:\/\/testwebsite.citygame.com\/wp-content\/blogs.dir\/1\/files\/sites\/62\/2026\/01\/ferrara-player-giuseppe-garibaldi-monument.jpg","datePublished":"2026-01-13T10:38:15+00:00","dateModified":"2026-04-02T14:41:35+00:00","description":"Secrets of Ferrara. Zahrajte si samostatnou City Game a prozkoumejte m\u011bsto prost\u0159ednictv\u00edm h\u00e1danek, r\u00e9bus\u016f a v\u00fdzev. Hrajte sv\u00fdm vlastn\u00edm tempem a objevujte jako m\u00edstn\u00ed!","breadcrumb":{"@id":"https:\/\/testwebsite.citygame.com\/cs\/games\/unknown-location\/produkt-363\/#breadcrumb"},"inLanguage":"cs","potentialAction":[{"@type":"ReadAction","target":["https:\/\/testwebsite.citygame.com\/cs\/games\/unknown-location\/produkt-363\/"]}]},{"@type":"ImageObject","inLanguage":"cs","@id":"https:\/\/testwebsite.citygame.com\/cs\/games\/unknown-location\/produkt-363\/#primaryimage","url":"https:\/\/testwebsite.citygame.com\/wp-content\/blogs.dir\/1\/files\/sites\/62\/2026\/01\/ferrara-player-giuseppe-garibaldi-monument.jpg","contentUrl":"https:\/\/testwebsite.citygame.com\/wp-content\/blogs.dir\/1\/files\/sites\/62\/2026\/01\/ferrara-player-giuseppe-garibaldi-monument.jpg","width":1248,"height":832,"caption":"A visitor uses a mobile app to learn about the Giuseppe Garibaldi monument in Ferrara."},{"@type":"BreadcrumbList","@id":"https:\/\/testwebsite.citygame.com\/cs\/games\/unknown-location\/produkt-363\/#breadcrumb","itemListElement":[{"@type":"ListItem","position":1,"name":"Home","item":"https:\/\/testwebsite.citygame.com\/cs\/"},{"@type":"ListItem","position":2,"name":"Shop","item":"https:\/\/testwebsite.citygame.com\/shop\/"},{"@type":"ListItem","position":3,"name":"Produkt"}]},{"@type":"WebSite","@id":"https:\/\/testwebsite.upevents.nl\/#website","url":"https:\/\/testwebsite.upevents.nl\/","name":"City Game","description":"","publisher":{"@id":"https:\/\/testwebsite.upevents.nl\/#organization"},"alternateName":"citygame.com","potentialAction":[{"@type":"SearchAction","target":{"@type":"EntryPoint","urlTemplate":"https:\/\/testwebsite.upevents.nl\/?s={search_term_string}"},"query-input":{"@type":"PropertyValueSpecification","valueRequired":true,"valueName":"search_term_string"}}],"inLanguage":"cs"},{"@type":["Organization","Place"],"@id":"https:\/\/testwebsite.upevents.nl\/#organization","name":"City Game","alternateName":"citygame.com","url":"https:\/\/testwebsite.upevents.nl\/","logo":{"@id":"https:\/\/testwebsite.citygame.com\/cs\/games\/unknown-location\/produkt-363\/#local-main-organization-logo"},"image":{"@id":"https:\/\/testwebsite.citygame.com\/cs\/games\/unknown-location\/produkt-363\/#local-main-organization-logo"},"sameAs":["https:\/\/www.facebook.com\/profile.php?id=100086426226253","https:\/\/www.instagram.com\/citygame_com","https:\/\/www.tiktok.com\/@citygamecom\/","https:\/\/www.linkedin.com\/company\/citygame-com"],"description":"Turn any city into a playground with our interactive City Games and self-guided tours. Fun, flexible, and ideal for groups and team building.","telephone":[],"openingHoursSpecification":[{"@type":"OpeningHoursSpecification","dayOfWeek":["Monday","Tuesday","Wednesday","Thursday","Friday","Saturday","Sunday"],"opens":"09:00","closes":"17:00"}]},{"@type":"ImageObject","inLanguage":"cs","@id":"https:\/\/testwebsite.citygame.com\/cs\/games\/unknown-location\/produkt-363\/#local-main-organization-logo","url":"https:\/\/testwebsite.citygame.com\/wp-content\/blogs.dir\/1\/files\/sites\/62\/2025\/10\/CG_LOGO-City-Game.png","contentUrl":"https:\/\/testwebsite.citygame.com\/wp-content\/blogs.dir\/1\/files\/sites\/62\/2025\/10\/CG_LOGO-City-Game.png","width":351,"height":377,"caption":"City Game"}]}},"taxonomy_info":{"game-concept":[{"value":36,"label":"Secrets"}],"product_cat":[{"value":27,"label":"Geen categorie"}]},"featured_image_src_large":["https:\/\/testwebsite.citygame.com\/wp-content\/blogs.dir\/1\/files\/sites\/62\/2026\/01\/ferrara-player-giuseppe-garibaldi-monument-1024x683.jpg",1024,683,true],"author_info":[],"comment_info":"","_links":{"self":[{"href":"https:\/\/testwebsite.citygame.com\/cs\/wp-json\/wp\/v2\/product\/41089","targetHints":{"allow":["GET"]}}],"collection":[{"href":"https:\/\/testwebsite.citygame.com\/cs\/wp-json\/wp\/v2\/product"}],"about":[{"href":"https:\/\/testwebsite.citygame.com\/cs\/wp-json\/wp\/v2\/types\/product"}],"acf:post":[{"embeddable":true,"href":"https:\/\/testwebsite.citygame.com\/cs\/wp-json\/wp\/v2\/pages\/15734"}],"wp:featuredmedia":[{"embeddable":true,"href":"https:\/\/testwebsite.citygame.com\/cs\/wp-json\/wp\/v2\/media\/3627"}],"wp:attachment":[{"href":"https:\/\/testwebsite.citygame.com\/cs\/wp-json\/wp\/v2\/media?parent=41089"}],"wp:term":[{"taxonomy":"game-concept","embeddable":true,"href":"https:\/\/testwebsite.citygame.com\/cs\/wp-json\/wp\/v2\/game-concept?post=41089"},{"taxonomy":"location","embeddable":true,"href":"https:\/\/testwebsite.citygame.com\/cs\/wp-json\/wp\/v2\/location?post=41089"},{"taxonomy":"product_brand","embeddable":true,"href":"https:\/\/testwebsite.citygame.com\/cs\/wp-json\/wp\/v2\/product_brand?post=41089"},{"taxonomy":"product_cat","embeddable":true,"href":"https:\/\/testwebsite.citygame.com\/cs\/wp-json\/wp\/v2\/product_cat?post=41089"},{"taxonomy":"product_tag","embeddable":true,"href":"https:\/\/testwebsite.citygame.com\/cs\/wp-json\/wp\/v2\/product_tag?post=41089"}],"curies":[{"name":"wp","href":"https:\/\/api.w.org\/{rel}","templated":true}]}}