{"id":40221,"date":"2026-01-13T11:48:27","date_gmt":"2026-01-13T11:48:27","guid":{"rendered":"https:\/\/testwebsite.citygame.com\/games\/unknown-location\/produkt-353\/"},"modified":"2026-04-02T12:19:05","modified_gmt":"2026-04-02T12:19:05","slug":"produkt-353","status":"publish","type":"product","link":"https:\/\/testwebsite.citygame.com\/cs\/games\/unknown-location\/produkt-353\/","title":{"rendered":"Produkt"},"content":{"rendered":"","protected":false},"excerpt":{"rendered":"","protected":false},"featured_media":3686,"template":"","meta":{"_acf_changed":false,"_yoast_wpseo_focuskw":"Secrets of Athens","_yoast_wpseo_metadesc":"Secrets of Athens. Zahrajte si samo\u0159\u00edzenou m\u011bstskou hru a prozkoumejte m\u011bsto prost\u0159ednictv\u00edm h\u00e1danek, r\u00e9bus\u016f a v\u00fdzev. Hrajte sv\u00fdm vlastn\u00edm tempem a objevujte jako m\u00edstn\u00ed!","_kad_blocks_custom_css":"","_kad_blocks_head_custom_js":"","_kad_blocks_body_custom_js":"","_kad_blocks_footer_custom_js":"","ghostkit_customizer_options":"","ghostkit_custom_css":"","ghostkit_custom_js_head":"","ghostkit_custom_js_foot":"","ghostkit_typography":"","_kad_post_transparent":"default","_kad_post_title":"","_kad_post_layout":"default","_kad_post_sidebar_id":"","_kad_post_content_style":"default","_kad_post_vertical_padding":"default","_kad_post_feature":"","_kad_post_feature_position":"","_kad_post_header":false,"_kad_post_footer":false,"_kad_post_classname":"","_links_to":"","_links_to_target":""},"game-concept":[36],"location":[],"product_brand":[],"product_cat":[27],"product_tag":[],"class_list":{"0":"post-40221","1":"product","2":"type-product","3":"status-publish","4":"has-post-thumbnail","6":"game-concept-secrets","7":"product_cat-geen-categorie","9":"first","10":"instock","11":"shipping-taxable","12":"purchasable","13":"product-type-simple","14":"entry","15":"content-bg","16":"loop-entry"},"acf":{"full_bokun_product_name":"Self-Guided Secrets of Athens Exploration Game","location_name":"Athens","bokun_calendar_widget_code":"<script type=\"text\/javascript\" src=\"https:\/\/widgets.bokun.io\/assets\/javascripts\/apps\/build\/BokunWidgetsLoader.js?bookingChannelUUID=a1e93e96-5232-4734-a595-28405f4b5a31\" async><\/script>\n     \n    <div class=\"bokunWidget\" data-src=\"https:\/\/widgets.bokun.io\/online-sales\/a1e93e96-5232-4734-a595-28405f4b5a31\/experience-calendar\/1082839\"><\/div>\n    <noscript>Please enable javascript in your browser to book<\/noscript>","bokun_button_widget_code":"<script type=\"text\/javascript\" src=\"https:\/\/widgets.bokun.io\/assets\/javascripts\/apps\/build\/BokunWidgetsLoader.js?bookingChannelUUID=a1e93e96-5232-4734-a595-28405f4b5a31\" async><\/script>\n      <style> #bokun_ed001e45_5927_4f62_b470_ca766338d083 { display: inline-block; padding: .4em 1em; background: #47b82e; border-radius: 999999px; box-shadow: none; font-weight: 600; font-size: 24px; text-decoration: none; text-align: center; color: #FFFFFF; border:none; cursor: pointer; transition: background .2s ease; } #bokun_ed001e45_5927_4f62_b470_ca766338d083:hover{ background: #2f7b1f; } #bokun_ed001e45_5927_4f62_b470_ca766338d083:active{ background: #378f24; } <\/style> <button class=\"bokunButton\" disabled id=bokun_ed001e45_5927_4f62_b470_ca766338d083 data-src=\"https:\/\/widgets.bokun.io\/online-sales\/a1e93e96-5232-4734-a595-28405f4b5a31\/experience-calendar\/1082839?partialView=1\" data-testid=\"widget-book-button\" > Book now <\/button> ","what_you\u2019ll_experience_during_the_game":"Jak budete prozkoum\u00e1vat Ath\u00e9ny prost\u0159ednictv\u00edm t\u00e9to City Game, budete sledovat pohlcuj\u00edc\u00ed p\u0159\u00edb\u011bh, kter\u00fd se rozv\u00edj\u00ed, kdy\u017e se budete pohybovat mezi pam\u00e1tkami, skryt\u00fdmi z\u00e1kout\u00edmi a p\u0159ekvapiv\u00fdmi objevy. Trasa kombinuje ikonick\u00e9 lokality jako Akropole a n\u00e1m\u011bst\u00ed Syntagma s m\u00e9n\u011b zn\u00e1m\u00fdmi klenoty, jako je Stoa Emporon a kostel spojen\u00fd s Agia Filothei. Po cest\u011b za\u017eijete klidn\u00e9 historick\u00e9 pas\u00e1\u017ee, \u017eiv\u00e9 n\u00e1m\u011bst\u00ed a zelen\u00e9 \u00faniky, jako je klidn\u00e1 zahrada zalo\u017een\u00e1 kr\u00e1lovnou Am\u00e1li\u00ed. Ka\u017ed\u00e1 zast\u00e1vka odhaluje jinou vrstvu charakteru Ath\u00e9n\u2014od starov\u011bk\u00fdch z\u00e1klad\u016f po sou\u010dasn\u00e1 kulturn\u00ed m\u00edsta.\r\n\r\nB\u011bhem hry budete \u0159e\u0161it r\u016fzn\u00e9 v\u00fdzvy v\u010detn\u011b h\u00e1danek, r\u00e9bus\u016f, ot\u00e1zek zalo\u017een\u00fdch na poloze a fotografick\u00fdch \u00fakol\u016f, kter\u00e9 o\u017eiv\u00ed okol\u00ed. Dokon\u010den\u00ed t\u011bchto v\u00fdzev v\u00e1m pom\u016f\u017ee z\u00edskat body, odemknout n\u00e1pov\u011bdy a p\u0159ibl\u00ed\u017eit se k vy\u0159e\u0161en\u00ed z\u00e1v\u011bre\u010dn\u00e9 z\u00e1hady, kter\u00e1 je srdcem z\u00e1\u017eitku. City Game lze kdykoli pozastavit a obnovit, co\u017e v\u00e1m umo\u017en\u00ed prozkoum\u00e1vat Ath\u00e9ny vlastn\u00edm tempem. Pro ty, kte\u0159\u00ed si u\u017e\u00edvaj\u00ed sout\u011b\u017eivou v\u00fdhodu, \u017eeb\u0159\u00ed\u010dek umo\u017e\u0148uje jednotlivc\u016fm nebo t\u00fdm\u016fm vid\u011bt, jak si vedou mezi ostatn\u00edmi hr\u00e1\u010di.","how_to_play":"Po rezervaci obdr\u017e\u00edte e-mail s p\u0159\u00edm\u00fdm odkazem ke h\u0159e. Jednodu\u0161e se vydejte na startovn\u00ed m\u00edsto na n\u00e1m\u011bst\u00ed Syntagma a za\u010dn\u011bte sv\u00e9 dobrodru\u017estv\u00ed, kdykoli budete p\u0159ipraveni. Hra b\u011b\u017e\u00ed na va\u0161em smartphonu, tak\u017ee ji m\u016f\u017eete kdykoli pozastavit a pokra\u010dovat pozd\u011bji, jak se v\u00e1m to hod\u00ed.","start_location":"Athens, Syntagma Square","available_languages":"","players_per_group":"1-4","duration":"1.5-2 hours","image_overlay_color_image":"https:\/\/testwebsite.citygame.com\/wp-content\/blogs.dir\/1\/files\/sites\/62\/2026\/01\/SecretsColor.svg","image_overlay_game_logo":"https:\/\/testwebsite.citygame.com\/wp-content\/blogs.dir\/1\/files\/sites\/62\/2026\/01\/SecretsLogo.png","city_page":8286,"woocommerce_general_content":null,"the_story":"<strong>M\u00fdty byly jen za\u010d\u00e1tek. Theseus, hrdina Ath\u00e9n a p\u0159emo\u017eitel Minotaura, se vr\u00e1til do sv\u00e9ho m\u011bsta, jen aby se ocitl chycen v nov\u00e9m druhu labyrintu. V labyrintu stvo\u0159en\u00e9m z pam\u011bti, z\u00e1had a \u010dasu. Jeho magick\u00e9 klubko, darovan\u00e9 Ariadnou k \u00fat\u011bku z p\u016fvodn\u00edho bludi\u0161t\u011b, chyb\u00ed. A bez n\u011bj ani hrdina nem\u016f\u017ee naj\u00edt cestu ven.<\/strong><br><br>Va\u0161e cesta vede sluncem zalit\u00fdmi ruinami, stinn\u00fdmi uli\u010dkami a ozv\u011bnami d\u00e1vno zmizel\u00fdch boh\u016f. Vy\u0159e\u0161te starov\u011bk\u00e9 h\u00e1danky, sledujte zapomenut\u00e9 cesty a pomozte Theseovi z\u00edskat zp\u011bt klubko, ne\u017e se nit\u011b osudu zcela rozpletou. To, co za\u010d\u00edn\u00e1 jako p\u00e1tr\u00e1n\u00ed, se stane legendou, a budoucnost m\u011bsta m\u016f\u017ee z\u00e1viset na v\u00e1s.<br><br><strong>Nen\u00ed to jen hra. M\u011bsto. Tajemstv\u00ed. P\u0159\u00edb\u011bh, kter\u00fd m\u016f\u017eete dokon\u010dit jen vy.<\/strong>","name_main_character":"Theseus","photo_main_character":40222,"loquiz_or_kokimoki":"Kokimoki"},"yoast_head":"<!-- This site is optimized with the Yoast SEO Premium plugin v26.2 (Yoast SEO v26.3) - https:\/\/yoast.com\/wordpress\/plugins\/seo\/ -->\n<title>Produkt - City Game<\/title>\n<meta name=\"description\" content=\"Secrets of Athens. Zahrajte si samo\u0159\u00edzenou m\u011bstskou hru a prozkoumejte m\u011bsto prost\u0159ednictv\u00edm h\u00e1danek, r\u00e9bus\u016f a v\u00fdzev. Hrajte sv\u00fdm vlastn\u00edm tempem a objevujte jako m\u00edstn\u00ed!\" \/>\n<meta name=\"robots\" content=\"noindex, follow, max-snippet:-1, max-image-preview:large, max-video-preview:-1\" \/>\n<meta property=\"og:locale\" content=\"cs_CZ\" \/>\n<meta property=\"og:type\" content=\"article\" \/>\n<meta property=\"og:title\" content=\"Produkt\" \/>\n<meta property=\"og:description\" content=\"Secrets of Athens. Zahrajte si samo\u0159\u00edzenou m\u011bstskou hru a prozkoumejte m\u011bsto prost\u0159ednictv\u00edm h\u00e1danek, r\u00e9bus\u016f a v\u00fdzev. Hrajte sv\u00fdm vlastn\u00edm tempem a objevujte jako m\u00edstn\u00ed!\" \/>\n<meta property=\"og:url\" content=\"https:\/\/testwebsite.citygame.com\/cs\/games\/unknown-location\/produkt-353\/\" \/>\n<meta property=\"og:site_name\" content=\"City Game\" \/>\n<meta property=\"article:publisher\" content=\"https:\/\/www.facebook.com\/profile.php?id=100086426226253\" \/>\n<meta property=\"article:modified_time\" content=\"2026-04-02T12:19:05+00:00\" \/>\n<meta property=\"og:image\" content=\"https:\/\/testwebsite.citygame.com\/wp-content\/blogs.dir\/1\/files\/sites\/62\/2026\/01\/woman-using-phone-athens-view-philopappos-hill.jpg\" \/>\n\t<meta property=\"og:image:width\" content=\"1024\" \/>\n\t<meta property=\"og:image:height\" content=\"1024\" \/>\n\t<meta property=\"og:image:type\" content=\"image\/jpeg\" \/>\n<meta name=\"twitter:card\" content=\"summary_large_image\" \/>\n<script type=\"application\/ld+json\" class=\"yoast-schema-graph\">{\"@context\":\"https:\/\/schema.org\",\"@graph\":[{\"@type\":\"WebPage\",\"@id\":\"https:\/\/testwebsite.citygame.com\/cs\/games\/unknown-location\/produkt-353\/\",\"url\":\"https:\/\/testwebsite.citygame.com\/cs\/games\/unknown-location\/produkt-353\/\",\"name\":\"Produkt - City Game\",\"isPartOf\":{\"@id\":\"https:\/\/testwebsite.upevents.nl\/#website\"},\"primaryImageOfPage\":{\"@id\":\"https:\/\/testwebsite.citygame.com\/cs\/games\/unknown-location\/produkt-353\/#primaryimage\"},\"image\":{\"@id\":\"https:\/\/testwebsite.citygame.com\/cs\/games\/unknown-location\/produkt-353\/#primaryimage\"},\"thumbnailUrl\":\"https:\/\/testwebsite.citygame.com\/wp-content\/blogs.dir\/1\/files\/sites\/62\/2026\/01\/woman-using-phone-athens-view-philopappos-hill.jpg\",\"datePublished\":\"2026-01-13T11:48:27+00:00\",\"dateModified\":\"2026-04-02T12:19:05+00:00\",\"description\":\"Secrets of Athens. Zahrajte si samo\u0159\u00edzenou m\u011bstskou hru a prozkoumejte m\u011bsto prost\u0159ednictv\u00edm h\u00e1danek, r\u00e9bus\u016f a v\u00fdzev. Hrajte sv\u00fdm vlastn\u00edm tempem a objevujte jako m\u00edstn\u00ed!\",\"breadcrumb\":{\"@id\":\"https:\/\/testwebsite.citygame.com\/cs\/games\/unknown-location\/produkt-353\/#breadcrumb\"},\"inLanguage\":\"cs\",\"potentialAction\":[{\"@type\":\"ReadAction\",\"target\":[\"https:\/\/testwebsite.citygame.com\/cs\/games\/unknown-location\/produkt-353\/\"]}]},{\"@type\":\"ImageObject\",\"inLanguage\":\"cs\",\"@id\":\"https:\/\/testwebsite.citygame.com\/cs\/games\/unknown-location\/produkt-353\/#primaryimage\",\"url\":\"https:\/\/testwebsite.citygame.com\/wp-content\/blogs.dir\/1\/files\/sites\/62\/2026\/01\/woman-using-phone-athens-view-philopappos-hill.jpg\",\"contentUrl\":\"https:\/\/testwebsite.citygame.com\/wp-content\/blogs.dir\/1\/files\/sites\/62\/2026\/01\/woman-using-phone-athens-view-philopappos-hill.jpg\",\"width\":1024,\"height\":1024,\"caption\":\"A tourist enjoys the sunny view over Athens from a rocky outcrop while looking at her smartphone.\"},{\"@type\":\"BreadcrumbList\",\"@id\":\"https:\/\/testwebsite.citygame.com\/cs\/games\/unknown-location\/produkt-353\/#breadcrumb\",\"itemListElement\":[{\"@type\":\"ListItem\",\"position\":1,\"name\":\"Home\",\"item\":\"https:\/\/testwebsite.citygame.com\/cs\/\"},{\"@type\":\"ListItem\",\"position\":2,\"name\":\"Shop\",\"item\":\"https:\/\/testwebsite.citygame.com\/shop\/\"},{\"@type\":\"ListItem\",\"position\":3,\"name\":\"Produkt\"}]},{\"@type\":\"WebSite\",\"@id\":\"https:\/\/testwebsite.upevents.nl\/#website\",\"url\":\"https:\/\/testwebsite.upevents.nl\/\",\"name\":\"City Game\",\"description\":\"\",\"publisher\":{\"@id\":\"https:\/\/testwebsite.upevents.nl\/#organization\"},\"alternateName\":\"citygame.com\",\"potentialAction\":[{\"@type\":\"SearchAction\",\"target\":{\"@type\":\"EntryPoint\",\"urlTemplate\":\"https:\/\/testwebsite.upevents.nl\/?s={search_term_string}\"},\"query-input\":{\"@type\":\"PropertyValueSpecification\",\"valueRequired\":true,\"valueName\":\"search_term_string\"}}],\"inLanguage\":\"cs\"},{\"@type\":[\"Organization\",\"Place\"],\"@id\":\"https:\/\/testwebsite.upevents.nl\/#organization\",\"name\":\"City Game\",\"alternateName\":\"citygame.com\",\"url\":\"https:\/\/testwebsite.upevents.nl\/\",\"logo\":{\"@id\":\"https:\/\/testwebsite.citygame.com\/cs\/games\/unknown-location\/produkt-353\/#local-main-organization-logo\"},\"image\":{\"@id\":\"https:\/\/testwebsite.citygame.com\/cs\/games\/unknown-location\/produkt-353\/#local-main-organization-logo\"},\"sameAs\":[\"https:\/\/www.facebook.com\/profile.php?id=100086426226253\",\"https:\/\/www.instagram.com\/citygame_com\",\"https:\/\/www.tiktok.com\/@citygamecom\/\",\"https:\/\/www.linkedin.com\/company\/citygame-com\"],\"description\":\"Turn any city into a playground with our interactive City Games and self-guided tours. Fun, flexible, and ideal for groups and team building.\",\"telephone\":[],\"openingHoursSpecification\":[{\"@type\":\"OpeningHoursSpecification\",\"dayOfWeek\":[\"Monday\",\"Tuesday\",\"Wednesday\",\"Thursday\",\"Friday\",\"Saturday\",\"Sunday\"],\"opens\":\"09:00\",\"closes\":\"17:00\"}]},{\"@type\":\"ImageObject\",\"inLanguage\":\"cs\",\"@id\":\"https:\/\/testwebsite.citygame.com\/cs\/games\/unknown-location\/produkt-353\/#local-main-organization-logo\",\"url\":\"https:\/\/testwebsite.citygame.com\/wp-content\/blogs.dir\/1\/files\/sites\/62\/2025\/10\/CG_LOGO-City-Game.png\",\"contentUrl\":\"https:\/\/testwebsite.citygame.com\/wp-content\/blogs.dir\/1\/files\/sites\/62\/2025\/10\/CG_LOGO-City-Game.png\",\"width\":351,\"height\":377,\"caption\":\"City Game\"}]}<\/script>\n<!-- \/ Yoast SEO Premium plugin. -->","yoast_head_json":{"title":"Produkt - City Game","description":"Secrets of Athens. Zahrajte si samo\u0159\u00edzenou m\u011bstskou hru a prozkoumejte m\u011bsto prost\u0159ednictv\u00edm h\u00e1danek, r\u00e9bus\u016f a v\u00fdzev. Hrajte sv\u00fdm vlastn\u00edm tempem a objevujte jako m\u00edstn\u00ed!","robots":{"index":"noindex","follow":"follow","max-snippet":"max-snippet:-1","max-image-preview":"max-image-preview:large","max-video-preview":"max-video-preview:-1"},"og_locale":"cs_CZ","og_type":"article","og_title":"Produkt","og_description":"Secrets of Athens. Zahrajte si samo\u0159\u00edzenou m\u011bstskou hru a prozkoumejte m\u011bsto prost\u0159ednictv\u00edm h\u00e1danek, r\u00e9bus\u016f a v\u00fdzev. Hrajte sv\u00fdm vlastn\u00edm tempem a objevujte jako m\u00edstn\u00ed!","og_url":"https:\/\/testwebsite.citygame.com\/cs\/games\/unknown-location\/produkt-353\/","og_site_name":"City Game","article_publisher":"https:\/\/www.facebook.com\/profile.php?id=100086426226253","article_modified_time":"2026-04-02T12:19:05+00:00","og_image":[{"width":1024,"height":1024,"url":"https:\/\/testwebsite.citygame.com\/wp-content\/blogs.dir\/1\/files\/sites\/62\/2026\/01\/woman-using-phone-athens-view-philopappos-hill.jpg","type":"image\/jpeg"}],"twitter_card":"summary_large_image","schema":{"@context":"https:\/\/schema.org","@graph":[{"@type":"WebPage","@id":"https:\/\/testwebsite.citygame.com\/cs\/games\/unknown-location\/produkt-353\/","url":"https:\/\/testwebsite.citygame.com\/cs\/games\/unknown-location\/produkt-353\/","name":"Produkt - City Game","isPartOf":{"@id":"https:\/\/testwebsite.upevents.nl\/#website"},"primaryImageOfPage":{"@id":"https:\/\/testwebsite.citygame.com\/cs\/games\/unknown-location\/produkt-353\/#primaryimage"},"image":{"@id":"https:\/\/testwebsite.citygame.com\/cs\/games\/unknown-location\/produkt-353\/#primaryimage"},"thumbnailUrl":"https:\/\/testwebsite.citygame.com\/wp-content\/blogs.dir\/1\/files\/sites\/62\/2026\/01\/woman-using-phone-athens-view-philopappos-hill.jpg","datePublished":"2026-01-13T11:48:27+00:00","dateModified":"2026-04-02T12:19:05+00:00","description":"Secrets of Athens. Zahrajte si samo\u0159\u00edzenou m\u011bstskou hru a prozkoumejte m\u011bsto prost\u0159ednictv\u00edm h\u00e1danek, r\u00e9bus\u016f a v\u00fdzev. Hrajte sv\u00fdm vlastn\u00edm tempem a objevujte jako m\u00edstn\u00ed!","breadcrumb":{"@id":"https:\/\/testwebsite.citygame.com\/cs\/games\/unknown-location\/produkt-353\/#breadcrumb"},"inLanguage":"cs","potentialAction":[{"@type":"ReadAction","target":["https:\/\/testwebsite.citygame.com\/cs\/games\/unknown-location\/produkt-353\/"]}]},{"@type":"ImageObject","inLanguage":"cs","@id":"https:\/\/testwebsite.citygame.com\/cs\/games\/unknown-location\/produkt-353\/#primaryimage","url":"https:\/\/testwebsite.citygame.com\/wp-content\/blogs.dir\/1\/files\/sites\/62\/2026\/01\/woman-using-phone-athens-view-philopappos-hill.jpg","contentUrl":"https:\/\/testwebsite.citygame.com\/wp-content\/blogs.dir\/1\/files\/sites\/62\/2026\/01\/woman-using-phone-athens-view-philopappos-hill.jpg","width":1024,"height":1024,"caption":"A tourist enjoys the sunny view over Athens from a rocky outcrop while looking at her smartphone."},{"@type":"BreadcrumbList","@id":"https:\/\/testwebsite.citygame.com\/cs\/games\/unknown-location\/produkt-353\/#breadcrumb","itemListElement":[{"@type":"ListItem","position":1,"name":"Home","item":"https:\/\/testwebsite.citygame.com\/cs\/"},{"@type":"ListItem","position":2,"name":"Shop","item":"https:\/\/testwebsite.citygame.com\/shop\/"},{"@type":"ListItem","position":3,"name":"Produkt"}]},{"@type":"WebSite","@id":"https:\/\/testwebsite.upevents.nl\/#website","url":"https:\/\/testwebsite.upevents.nl\/","name":"City Game","description":"","publisher":{"@id":"https:\/\/testwebsite.upevents.nl\/#organization"},"alternateName":"citygame.com","potentialAction":[{"@type":"SearchAction","target":{"@type":"EntryPoint","urlTemplate":"https:\/\/testwebsite.upevents.nl\/?s={search_term_string}"},"query-input":{"@type":"PropertyValueSpecification","valueRequired":true,"valueName":"search_term_string"}}],"inLanguage":"cs"},{"@type":["Organization","Place"],"@id":"https:\/\/testwebsite.upevents.nl\/#organization","name":"City Game","alternateName":"citygame.com","url":"https:\/\/testwebsite.upevents.nl\/","logo":{"@id":"https:\/\/testwebsite.citygame.com\/cs\/games\/unknown-location\/produkt-353\/#local-main-organization-logo"},"image":{"@id":"https:\/\/testwebsite.citygame.com\/cs\/games\/unknown-location\/produkt-353\/#local-main-organization-logo"},"sameAs":["https:\/\/www.facebook.com\/profile.php?id=100086426226253","https:\/\/www.instagram.com\/citygame_com","https:\/\/www.tiktok.com\/@citygamecom\/","https:\/\/www.linkedin.com\/company\/citygame-com"],"description":"Turn any city into a playground with our interactive City Games and self-guided tours. Fun, flexible, and ideal for groups and team building.","telephone":[],"openingHoursSpecification":[{"@type":"OpeningHoursSpecification","dayOfWeek":["Monday","Tuesday","Wednesday","Thursday","Friday","Saturday","Sunday"],"opens":"09:00","closes":"17:00"}]},{"@type":"ImageObject","inLanguage":"cs","@id":"https:\/\/testwebsite.citygame.com\/cs\/games\/unknown-location\/produkt-353\/#local-main-organization-logo","url":"https:\/\/testwebsite.citygame.com\/wp-content\/blogs.dir\/1\/files\/sites\/62\/2025\/10\/CG_LOGO-City-Game.png","contentUrl":"https:\/\/testwebsite.citygame.com\/wp-content\/blogs.dir\/1\/files\/sites\/62\/2025\/10\/CG_LOGO-City-Game.png","width":351,"height":377,"caption":"City Game"}]}},"taxonomy_info":{"game-concept":[{"value":36,"label":"Secrets"}],"product_cat":[{"value":27,"label":"Geen categorie"}]},"featured_image_src_large":["https:\/\/testwebsite.citygame.com\/wp-content\/blogs.dir\/1\/files\/sites\/62\/2026\/01\/woman-using-phone-athens-view-philopappos-hill.jpg",1024,1024,false],"author_info":[],"comment_info":"","_links":{"self":[{"href":"https:\/\/testwebsite.citygame.com\/cs\/wp-json\/wp\/v2\/product\/40221","targetHints":{"allow":["GET"]}}],"collection":[{"href":"https:\/\/testwebsite.citygame.com\/cs\/wp-json\/wp\/v2\/product"}],"about":[{"href":"https:\/\/testwebsite.citygame.com\/cs\/wp-json\/wp\/v2\/types\/product"}],"acf:post":[{"embeddable":true,"href":"https:\/\/testwebsite.citygame.com\/cs\/wp-json\/wp\/v2\/pages\/8286"}],"wp:featuredmedia":[{"embeddable":true,"href":"https:\/\/testwebsite.citygame.com\/cs\/wp-json\/wp\/v2\/media\/3686"}],"wp:attachment":[{"href":"https:\/\/testwebsite.citygame.com\/cs\/wp-json\/wp\/v2\/media?parent=40221"}],"wp:term":[{"taxonomy":"game-concept","embeddable":true,"href":"https:\/\/testwebsite.citygame.com\/cs\/wp-json\/wp\/v2\/game-concept?post=40221"},{"taxonomy":"location","embeddable":true,"href":"https:\/\/testwebsite.citygame.com\/cs\/wp-json\/wp\/v2\/location?post=40221"},{"taxonomy":"product_brand","embeddable":true,"href":"https:\/\/testwebsite.citygame.com\/cs\/wp-json\/wp\/v2\/product_brand?post=40221"},{"taxonomy":"product_cat","embeddable":true,"href":"https:\/\/testwebsite.citygame.com\/cs\/wp-json\/wp\/v2\/product_cat?post=40221"},{"taxonomy":"product_tag","embeddable":true,"href":"https:\/\/testwebsite.citygame.com\/cs\/wp-json\/wp\/v2\/product_tag?post=40221"}],"curies":[{"name":"wp","href":"https:\/\/api.w.org\/{rel}","templated":true}]}}