{"id":13161,"date":"2026-02-12T17:35:32","date_gmt":"2026-02-12T17:35:32","guid":{"rendered":"https:\/\/testwebsite.citygame.com\/locations\/singapore\/city-game-singapore-singapore\/"},"modified":"2026-03-19T08:44:08","modified_gmt":"2026-03-19T08:44:08","slug":"city-game-singapore-singapore","status":"publish","type":"page","link":"https:\/\/testwebsite.citygame.com\/cs\/locations\/singapore\/city-game-singapore-singapore\/","title":{"rendered":"City Game Singapore"},"content":{"rendered":"","protected":false},"excerpt":{"rendered":"<p>Singapore is a city-state located in Southeast Asia at the southern tip of the Malay Peninsula. Known for its modern skyline and diverse cultural heritage, the city is characterized by landmarks such as Marina Bay Sands and historic districts like Chinatown and Little India. Its reputation as a global financial hub and its blend of Malay, Chinese, Indian, and Western influences give it a unique cosmopolitan character.<\/p>\n","protected":false},"author":78,"featured_media":13150,"parent":13160,"menu_order":0,"comment_status":"closed","ping_status":"closed","template":"","meta":{"_acf_changed":false,"_yoast_wpseo_focuskw":"City Game Singapore","_yoast_wpseo_metadesc":"City Game Singapore. Explore the city with interactive City Games. Solve puzzles, complete challenges and play at your own pace with a self-guided City Game experience!","_kad_blocks_custom_css":"","_kad_blocks_head_custom_js":"","_kad_blocks_body_custom_js":"","_kad_blocks_footer_custom_js":"","ghostkit_customizer_options":"","ghostkit_custom_css":"","ghostkit_custom_js_head":"","ghostkit_custom_js_foot":"","ghostkit_typography":"","_kad_post_transparent":"","_kad_post_title":"","_kad_post_layout":"","_kad_post_sidebar_id":"","_kad_post_content_style":"","_kad_post_vertical_padding":"","_kad_post_feature":"","_kad_post_feature_position":"","_kad_post_header":false,"_kad_post_footer":false,"_kad_post_classname":"","footnotes":"","_links_to":"","_links_to_target":""},"cities-only-parent-location":[545],"countries-only-parent-locations":[],"seo_keyword":[],"cg_page_type":[45],"class_list":["post-13161","page","type-page","status-publish","has-post-thumbnail","hentry","cities-only-parent-location-singapore","cg_page_type-city-overview-page"],"acf":{"latitude":1.2846129,"longitude":103.8466747,"country":545,"map_enabled":true},"yoast_head":"<!-- This site is optimized with the Yoast SEO Premium plugin v26.2 (Yoast SEO v26.3) - https:\/\/yoast.com\/wordpress\/plugins\/seo\/ -->\n<title>City Game Singapore - City Game<\/title>\n<meta name=\"description\" content=\"City Game Singapore. Explore the city with interactive City Games. Solve puzzles, complete challenges and play at your own pace with a self-guided City Game experience!\" \/>\n<meta name=\"robots\" content=\"noindex, follow, max-snippet:-1, max-image-preview:large, max-video-preview:-1\" \/>\n<meta property=\"og:locale\" content=\"cs_CZ\" \/>\n<meta property=\"og:type\" content=\"article\" \/>\n<meta property=\"og:title\" content=\"City Game Singapore\" \/>\n<meta property=\"og:description\" content=\"City Game Singapore. Explore the city with interactive City Games. Solve puzzles, complete challenges and play at your own pace with a self-guided City Game experience!\" \/>\n<meta property=\"og:url\" content=\"https:\/\/testwebsite.citygame.com\/cs\/locations\/singapore\/city-game-singapore-singapore\/\" \/>\n<meta property=\"og:site_name\" content=\"City Game\" \/>\n<meta property=\"article:publisher\" content=\"https:\/\/www.facebook.com\/profile.php?id=100086426226253\" \/>\n<meta property=\"article:modified_time\" content=\"2026-03-19T08:44:08+00:00\" \/>\n<meta property=\"og:image\" content=\"https:\/\/testwebsite.citygame.com\/wp-content\/blogs.dir\/1\/files\/sites\/62\/2026\/02\/singapore-marina-bay-sands-sunset.jpg\" \/>\n\t<meta property=\"og:image:width\" content=\"1376\" \/>\n\t<meta property=\"og:image:height\" content=\"768\" \/>\n\t<meta property=\"og:image:type\" content=\"image\/jpeg\" \/>\n<meta name=\"twitter:card\" content=\"summary_large_image\" \/>\n<meta name=\"twitter:label1\" content=\"Odhadovan\u00e1 doba \u010dten\u00ed\" \/>\n\t<meta name=\"twitter:data1\" content=\"2 minuty\" \/>\n<script type=\"application\/ld+json\" class=\"yoast-schema-graph\">{\"@context\":\"https:\/\/schema.org\",\"@graph\":[{\"@type\":\"WebPage\",\"@id\":\"https:\/\/testwebsite.citygame.com\/cs\/locations\/singapore\/city-game-singapore-singapore\/\",\"url\":\"https:\/\/testwebsite.citygame.com\/cs\/locations\/singapore\/city-game-singapore-singapore\/\",\"name\":\"City Game Singapore - City Game\",\"isPartOf\":{\"@id\":\"https:\/\/testwebsite.upevents.nl\/#website\"},\"primaryImageOfPage\":{\"@id\":\"https:\/\/testwebsite.citygame.com\/cs\/locations\/singapore\/city-game-singapore-singapore\/#primaryimage\"},\"image\":{\"@id\":\"https:\/\/testwebsite.citygame.com\/cs\/locations\/singapore\/city-game-singapore-singapore\/#primaryimage\"},\"thumbnailUrl\":\"https:\/\/testwebsite.citygame.com\/wp-content\/blogs.dir\/1\/files\/sites\/62\/2026\/02\/singapore-marina-bay-sands-sunset.jpg\",\"datePublished\":\"2026-02-12T17:35:32+00:00\",\"dateModified\":\"2026-03-19T08:44:08+00:00\",\"description\":\"City Game Singapore. Explore the city with interactive City Games. Solve puzzles, complete challenges and play at your own pace with a self-guided City Game experience!\",\"breadcrumb\":{\"@id\":\"https:\/\/testwebsite.citygame.com\/cs\/locations\/singapore\/city-game-singapore-singapore\/#breadcrumb\"},\"inLanguage\":\"cs\",\"potentialAction\":[{\"@type\":\"ReadAction\",\"target\":[\"https:\/\/testwebsite.citygame.com\/cs\/locations\/singapore\/city-game-singapore-singapore\/\"]}]},{\"@type\":\"ImageObject\",\"inLanguage\":\"cs\",\"@id\":\"https:\/\/testwebsite.citygame.com\/cs\/locations\/singapore\/city-game-singapore-singapore\/#primaryimage\",\"url\":\"https:\/\/testwebsite.citygame.com\/wp-content\/blogs.dir\/1\/files\/sites\/62\/2026\/02\/singapore-marina-bay-sands-sunset.jpg\",\"contentUrl\":\"https:\/\/testwebsite.citygame.com\/wp-content\/blogs.dir\/1\/files\/sites\/62\/2026\/02\/singapore-marina-bay-sands-sunset.jpg\",\"width\":1376,\"height\":768,\"caption\":\"The iconic Marina Bay Sands hotel and the modern Singapore skyline viewed across the water at sunset.\"},{\"@type\":\"BreadcrumbList\",\"@id\":\"https:\/\/testwebsite.citygame.com\/cs\/locations\/singapore\/city-game-singapore-singapore\/#breadcrumb\",\"itemListElement\":[{\"@type\":\"ListItem\",\"position\":1,\"name\":\"Home\",\"item\":\"https:\/\/testwebsite.citygame.com\/cs\/\"},{\"@type\":\"ListItem\",\"position\":2,\"name\":\"Locations\",\"item\":\"https:\/\/testwebsite.citygame.com\/cs\/locations\/\"},{\"@type\":\"ListItem\",\"position\":3,\"name\":\"City Game Singapore\",\"item\":\"https:\/\/testwebsite.citygame.com\/cs\/locations\/singapore\/\"},{\"@type\":\"ListItem\",\"position\":4,\"name\":\"City Game Singapore\"}]},{\"@type\":\"WebSite\",\"@id\":\"https:\/\/testwebsite.upevents.nl\/#website\",\"url\":\"https:\/\/testwebsite.upevents.nl\/\",\"name\":\"City Game\",\"description\":\"\",\"publisher\":{\"@id\":\"https:\/\/testwebsite.upevents.nl\/#organization\"},\"alternateName\":\"citygame.com\",\"potentialAction\":[{\"@type\":\"SearchAction\",\"target\":{\"@type\":\"EntryPoint\",\"urlTemplate\":\"https:\/\/testwebsite.upevents.nl\/?s={search_term_string}\"},\"query-input\":{\"@type\":\"PropertyValueSpecification\",\"valueRequired\":true,\"valueName\":\"search_term_string\"}}],\"inLanguage\":\"cs\"},{\"@type\":[\"Organization\",\"Place\"],\"@id\":\"https:\/\/testwebsite.upevents.nl\/#organization\",\"name\":\"City Game\",\"alternateName\":\"citygame.com\",\"url\":\"https:\/\/testwebsite.upevents.nl\/\",\"logo\":{\"@id\":\"https:\/\/testwebsite.citygame.com\/cs\/locations\/singapore\/city-game-singapore-singapore\/#local-main-organization-logo\"},\"image\":{\"@id\":\"https:\/\/testwebsite.citygame.com\/cs\/locations\/singapore\/city-game-singapore-singapore\/#local-main-organization-logo\"},\"sameAs\":[\"https:\/\/www.facebook.com\/profile.php?id=100086426226253\",\"https:\/\/www.instagram.com\/citygame_com\",\"https:\/\/www.tiktok.com\/@citygamecom\/\",\"https:\/\/www.linkedin.com\/company\/citygame-com\"],\"description\":\"Turn any city into a playground with our interactive City Games and self-guided tours. Fun, flexible, and ideal for groups and team building.\",\"telephone\":[],\"openingHoursSpecification\":[{\"@type\":\"OpeningHoursSpecification\",\"dayOfWeek\":[\"Monday\",\"Tuesday\",\"Wednesday\",\"Thursday\",\"Friday\",\"Saturday\",\"Sunday\"],\"opens\":\"09:00\",\"closes\":\"17:00\"}]},{\"@type\":\"ImageObject\",\"inLanguage\":\"cs\",\"@id\":\"https:\/\/testwebsite.citygame.com\/cs\/locations\/singapore\/city-game-singapore-singapore\/#local-main-organization-logo\",\"url\":\"https:\/\/testwebsite.citygame.com\/wp-content\/blogs.dir\/1\/files\/sites\/62\/2025\/10\/CG_LOGO-City-Game.png\",\"contentUrl\":\"https:\/\/testwebsite.citygame.com\/wp-content\/blogs.dir\/1\/files\/sites\/62\/2025\/10\/CG_LOGO-City-Game.png\",\"width\":351,\"height\":377,\"caption\":\"City Game\"}]}<\/script>\n<!-- \/ Yoast SEO Premium plugin. -->","yoast_head_json":{"title":"City Game Singapore - City Game","description":"City Game Singapore. Explore the city with interactive City Games. Solve puzzles, complete challenges and play at your own pace with a self-guided City Game experience!","robots":{"index":"noindex","follow":"follow","max-snippet":"max-snippet:-1","max-image-preview":"max-image-preview:large","max-video-preview":"max-video-preview:-1"},"og_locale":"cs_CZ","og_type":"article","og_title":"City Game Singapore","og_description":"City Game Singapore. Explore the city with interactive City Games. Solve puzzles, complete challenges and play at your own pace with a self-guided City Game experience!","og_url":"https:\/\/testwebsite.citygame.com\/cs\/locations\/singapore\/city-game-singapore-singapore\/","og_site_name":"City Game","article_publisher":"https:\/\/www.facebook.com\/profile.php?id=100086426226253","article_modified_time":"2026-03-19T08:44:08+00:00","og_image":[{"width":1376,"height":768,"url":"https:\/\/testwebsite.citygame.com\/wp-content\/blogs.dir\/1\/files\/sites\/62\/2026\/02\/singapore-marina-bay-sands-sunset.jpg","type":"image\/jpeg"}],"twitter_card":"summary_large_image","twitter_misc":{"Odhadovan\u00e1 doba \u010dten\u00ed":"2 minuty"},"schema":{"@context":"https:\/\/schema.org","@graph":[{"@type":"WebPage","@id":"https:\/\/testwebsite.citygame.com\/cs\/locations\/singapore\/city-game-singapore-singapore\/","url":"https:\/\/testwebsite.citygame.com\/cs\/locations\/singapore\/city-game-singapore-singapore\/","name":"City Game Singapore - City Game","isPartOf":{"@id":"https:\/\/testwebsite.upevents.nl\/#website"},"primaryImageOfPage":{"@id":"https:\/\/testwebsite.citygame.com\/cs\/locations\/singapore\/city-game-singapore-singapore\/#primaryimage"},"image":{"@id":"https:\/\/testwebsite.citygame.com\/cs\/locations\/singapore\/city-game-singapore-singapore\/#primaryimage"},"thumbnailUrl":"https:\/\/testwebsite.citygame.com\/wp-content\/blogs.dir\/1\/files\/sites\/62\/2026\/02\/singapore-marina-bay-sands-sunset.jpg","datePublished":"2026-02-12T17:35:32+00:00","dateModified":"2026-03-19T08:44:08+00:00","description":"City Game Singapore. Explore the city with interactive City Games. Solve puzzles, complete challenges and play at your own pace with a self-guided City Game experience!","breadcrumb":{"@id":"https:\/\/testwebsite.citygame.com\/cs\/locations\/singapore\/city-game-singapore-singapore\/#breadcrumb"},"inLanguage":"cs","potentialAction":[{"@type":"ReadAction","target":["https:\/\/testwebsite.citygame.com\/cs\/locations\/singapore\/city-game-singapore-singapore\/"]}]},{"@type":"ImageObject","inLanguage":"cs","@id":"https:\/\/testwebsite.citygame.com\/cs\/locations\/singapore\/city-game-singapore-singapore\/#primaryimage","url":"https:\/\/testwebsite.citygame.com\/wp-content\/blogs.dir\/1\/files\/sites\/62\/2026\/02\/singapore-marina-bay-sands-sunset.jpg","contentUrl":"https:\/\/testwebsite.citygame.com\/wp-content\/blogs.dir\/1\/files\/sites\/62\/2026\/02\/singapore-marina-bay-sands-sunset.jpg","width":1376,"height":768,"caption":"The iconic Marina Bay Sands hotel and the modern Singapore skyline viewed across the water at sunset."},{"@type":"BreadcrumbList","@id":"https:\/\/testwebsite.citygame.com\/cs\/locations\/singapore\/city-game-singapore-singapore\/#breadcrumb","itemListElement":[{"@type":"ListItem","position":1,"name":"Home","item":"https:\/\/testwebsite.citygame.com\/cs\/"},{"@type":"ListItem","position":2,"name":"Locations","item":"https:\/\/testwebsite.citygame.com\/cs\/locations\/"},{"@type":"ListItem","position":3,"name":"City Game Singapore","item":"https:\/\/testwebsite.citygame.com\/cs\/locations\/singapore\/"},{"@type":"ListItem","position":4,"name":"City Game Singapore"}]},{"@type":"WebSite","@id":"https:\/\/testwebsite.upevents.nl\/#website","url":"https:\/\/testwebsite.upevents.nl\/","name":"City Game","description":"","publisher":{"@id":"https:\/\/testwebsite.upevents.nl\/#organization"},"alternateName":"citygame.com","potentialAction":[{"@type":"SearchAction","target":{"@type":"EntryPoint","urlTemplate":"https:\/\/testwebsite.upevents.nl\/?s={search_term_string}"},"query-input":{"@type":"PropertyValueSpecification","valueRequired":true,"valueName":"search_term_string"}}],"inLanguage":"cs"},{"@type":["Organization","Place"],"@id":"https:\/\/testwebsite.upevents.nl\/#organization","name":"City Game","alternateName":"citygame.com","url":"https:\/\/testwebsite.upevents.nl\/","logo":{"@id":"https:\/\/testwebsite.citygame.com\/cs\/locations\/singapore\/city-game-singapore-singapore\/#local-main-organization-logo"},"image":{"@id":"https:\/\/testwebsite.citygame.com\/cs\/locations\/singapore\/city-game-singapore-singapore\/#local-main-organization-logo"},"sameAs":["https:\/\/www.facebook.com\/profile.php?id=100086426226253","https:\/\/www.instagram.com\/citygame_com","https:\/\/www.tiktok.com\/@citygamecom\/","https:\/\/www.linkedin.com\/company\/citygame-com"],"description":"Turn any city into a playground with our interactive City Games and self-guided tours. Fun, flexible, and ideal for groups and team building.","telephone":[],"openingHoursSpecification":[{"@type":"OpeningHoursSpecification","dayOfWeek":["Monday","Tuesday","Wednesday","Thursday","Friday","Saturday","Sunday"],"opens":"09:00","closes":"17:00"}]},{"@type":"ImageObject","inLanguage":"cs","@id":"https:\/\/testwebsite.citygame.com\/cs\/locations\/singapore\/city-game-singapore-singapore\/#local-main-organization-logo","url":"https:\/\/testwebsite.citygame.com\/wp-content\/blogs.dir\/1\/files\/sites\/62\/2025\/10\/CG_LOGO-City-Game.png","contentUrl":"https:\/\/testwebsite.citygame.com\/wp-content\/blogs.dir\/1\/files\/sites\/62\/2025\/10\/CG_LOGO-City-Game.png","width":351,"height":377,"caption":"City Game"}]}},"taxonomy_info":{"cities-only-parent-location":[{"value":545,"label":"Singapore"}],"cg_page_type":[{"value":45,"label":"City overview page"}]},"featured_image_src_large":["https:\/\/testwebsite.citygame.com\/wp-content\/blogs.dir\/1\/files\/sites\/62\/2026\/02\/singapore-marina-bay-sands-sunset-1024x572.jpg",1024,572,true],"author_info":{"display_name":"Philip","author_link":"https:\/\/testwebsite.citygame.com\/cs\/blog\/author\/sophi2\/"},"comment_info":0,"_links":{"self":[{"href":"https:\/\/testwebsite.citygame.com\/cs\/wp-json\/wp\/v2\/pages\/13161","targetHints":{"allow":["GET"]}}],"collection":[{"href":"https:\/\/testwebsite.citygame.com\/cs\/wp-json\/wp\/v2\/pages"}],"about":[{"href":"https:\/\/testwebsite.citygame.com\/cs\/wp-json\/wp\/v2\/types\/page"}],"author":[{"embeddable":true,"href":"https:\/\/testwebsite.citygame.com\/cs\/wp-json\/wp\/v2\/users\/78"}],"replies":[{"embeddable":true,"href":"https:\/\/testwebsite.citygame.com\/cs\/wp-json\/wp\/v2\/comments?post=13161"}],"version-history":[{"count":2,"href":"https:\/\/testwebsite.citygame.com\/cs\/wp-json\/wp\/v2\/pages\/13161\/revisions"}],"predecessor-version":[{"id":19249,"href":"https:\/\/testwebsite.citygame.com\/cs\/wp-json\/wp\/v2\/pages\/13161\/revisions\/19249"}],"up":[{"embeddable":true,"href":"https:\/\/testwebsite.citygame.com\/cs\/wp-json\/wp\/v2\/pages\/13160"}],"acf:term":[{"embeddable":true,"taxonomy":"cities-only-parent-location","href":"https:\/\/testwebsite.citygame.com\/cs\/wp-json\/wp\/v2\/cities-only-parent-location\/545"}],"wp:featuredmedia":[{"embeddable":true,"href":"https:\/\/testwebsite.citygame.com\/cs\/wp-json\/wp\/v2\/media\/13150"}],"wp:attachment":[{"href":"https:\/\/testwebsite.citygame.com\/cs\/wp-json\/wp\/v2\/media?parent=13161"}],"wp:term":[{"taxonomy":"cities-only-parent-location","embeddable":true,"href":"https:\/\/testwebsite.citygame.com\/cs\/wp-json\/wp\/v2\/cities-only-parent-location?post=13161"},{"taxonomy":"countries-only-parent-locations","embeddable":true,"href":"https:\/\/testwebsite.citygame.com\/cs\/wp-json\/wp\/v2\/countries-only-parent-locations?post=13161"},{"taxonomy":"seo_keyword","embeddable":true,"href":"https:\/\/testwebsite.citygame.com\/cs\/wp-json\/wp\/v2\/seo_keyword?post=13161"},{"taxonomy":"cg_page_type","embeddable":true,"href":"https:\/\/testwebsite.citygame.com\/cs\/wp-json\/wp\/v2\/cg_page_type?post=13161"}],"curies":[{"name":"wp","href":"https:\/\/api.w.org\/{rel}","templated":true}]}}